{"id":7395,"date":"2024-12-18T11:03:44","date_gmt":"2024-12-18T10:03:44","guid":{"rendered":"http:\/\/bedrock.local\/product\/manual\/"},"modified":"2025-02-05T14:42:48","modified_gmt":"2025-02-05T13:42:48","slug":"sistemas-ligeros-manual","status":"publish","type":"product","link":"https:\/\/www.omis.net\/es-es\/producto\/sistemas-ligeros-manual\/","title":{"rendered":"Sistemas ligeros manual"},"content":{"rendered":"","protected":false},"featured_media":14066,"parent":0,"template":"","caratteristica-prodotto":[],"tipologia-prodotto":[709,751],"class_list":["post-7395","product","type-product","status-publish","has-post-thumbnail","hentry","tipologia-prodotto-gruas-para-puestos-de-trabajo","tipologia-prodotto-sistemas-ligeros"],"acf":{"import_csv_id":"40","prodotto_generale_sku":"GSM","prodotto_listing_card_descrizione":"Gr\u00faa suspendida manual, pr\u00e1ctica y f\u00e1cil de usar para manipular las cargas peque\u00f1as. Modular y personalizable seg\u00fan las necesidades.","prodotto_listing_card_caratteristiche":null,"prodotto_page_gradient_hero":false,"prodotto_page_titolo_hero":"La soluci\u00f3n m\u00e1s r\u00e1pida y c\u00f3moda hasta 1.000 kg","prodotto_page_gallery_hero":[14038],"prodotto_page_descrizione_3_colonne_posizione":false,"prodotto_page_descrizione_3_colonne":[{"valore":"125","unita_di_misura":"kg","etichetta":"Capacidad m\u00edn."},{"valore":"1.000","unita_di_misura":"kg","etichetta":"Capacidad m\u00e1x."},{"valore":"8","unita_di_misura":"m","etichetta":"Anchura m\u00e1x."}],"prodotto_page_descrizione_titolo":"Sistemas ligeros manuales con capacidad hasta 1.000 kg","prodotto_page_descrizione_3_colonne_testo":"<strong>Para satisfacer las necesidades cotidianas de las empresas de la mayor\u00eda de los sectores, OMIS ofrece una gama est\u00e1ndar de equipos de elevaci\u00f3n suspendidos de canaleta. Las gr\u00faas cuentan con carriles para el deslizamiento manual del puente, de perfiles en omega, que asegurar a las estructuras de cubierta superiores o sostener mediante portales con columnas ancladas al suelo.<\/strong>\r\n\r\nLos equipos de elevaci\u00f3n suspendidos de canaleta est\u00e1ndar, de accionamiento manual, son la herramienta ideal para manipular cargas peque\u00f1as de hasta 1.000 kg. La gr\u00faa manual suspendida es f\u00e1cil y pr\u00e1ctica de montar y modificar, modular y personalizable seg\u00fan las necesidades del cliente. Estos sistemas de manipulaci\u00f3n tienen una distancia entre las suspensiones de hasta 7 m y carriles para el deslizamiento del puente de perfiles en omega, que anclar a las estructuras de la cubierta de la nave, con suspensiones de r\u00f3tula espec\u00edficas, o que sostener con portales met\u00e1licos estudiados a posta seg\u00fan las exigencias de instalaci\u00f3n.","prodotto_page_descrizione_titolo_vantaggi":"Ventajas de la gr\u00faa  ligeros manual","prodotto_page_descrizione_vantaggi":[{"titolo":"Sistema modular","testo":"","link":"","archivio_prodotti":null},{"titolo":"F\u00e1cil de instalar, modificar y ampliar","testo":"","link":"","archivio_prodotti":null},{"titolo":"Personalizable","testo":"","link":"","archivio_prodotti":null},{"titolo":"F\u00e1cil de usar","testo":"","link":"","archivio_prodotti":null},{"titolo":"M\u00ednimo espacio ocupado en el suelo","testo":"","link":"","archivio_prodotti":null},{"titolo":"Aumento de la productividad y seguridad","testo":"","link":"","archivio_prodotti":null}],"prodotto_page_tabs_dati_tecnici":[{"etichetta":"Capacidad","valore":"125 kg - 1.000 kg"},{"etichetta":"Anchura m\u00e1x.","valore":"8 m"},{"etichetta":"Perfil del puente","valore":"Perfil en omega"},{"etichetta":"Perfil carriles","valore":"Perfil en omega"},{"etichetta":"Anclaje","valore":"A la estructura existente o con estructuras met\u00e1licas de soporte personalizadas"},{"etichetta":"Deslizamiento","valore":"Manual y m\u00e1s f\u00e1cil sobre carros deslizantes dentro del perfil de la viga"}],"prodotto_page_tabs_optionals":[{"titolo":"Pintura personalizada","testo":"Se puede personalizar el color de la pintura para satisfacer necesidades espec\u00edficas, exigencias de dise\u00f1o o de marca.","immagine":null},{"titolo":"Estructuras met\u00e1licas de soporte personalizadas","testo":"Bajo pedido se pueden dise\u00f1ar estructuras met\u00e1licas de soporte personalizadas o soluciones a medida y garantizar que cualquier necesidad espec\u00edfica se satisfaga con precisi\u00f3n y calidad.","immagine":null}],"prodotto_page_tabs_downloads":null,"prodotto_page_gallery":[14024,14031,14017,13989,13996,14003,14010],"prodotto_page_customer_story_titolo":"","prodotto_page_customer_story_list":null,"prodotto_page_applicazioni_list":"- Agricoltura e Alimentare\r\n- Manifatturiero\r\n- Energetico\r\n- Edile e delle costruzioni\r\n- Tecnologie dell'informazione e ICT\r\n- Trasporti e logistica\r\n- Commercio al dettaglio\r\n- Culturale e dell'intrattenimento\r\n- Ambientale e della sostenibilit\u00e0\r\n- Ricerca e sviluppo\r\n- Arti e Artigianato","prodotto_page_faq_list":null,"prodotto_page_testo_prodotti_correlati":"<h2>Productos relacionados<\/h2>\r\nExplora tambi\u00e9n estos productos y encuentra otras soluciones que se ajusten a ti.","prodotto_page_lista_prodotti_correlati":"- C\r\n- GSE\r\n- BILIF ","prodotto_page_titolo_componenti_3d":"","prodotto_page_immagine_iniziale_componenti_3d":null,"prodotto_page_lista_componenti_3d":null,"prodotto_page_titolo_slider_configurazioni":"Producto y configuraciones","prodotto_page_lista_immgini_slider_configurazioni":[{"etichetta":"Vista frontal","immagine":14052},{"etichetta":"Vista desde arriba","immagine":14059},{"etichetta":"Perspectiva","immagine":14045}],"prodotto_page_titolo_slider_configurazioni_2":"<h2><\/h2>","prodotto_page_lista_immgini_slider_configurazioni_2":null,"seo_title":"Sistemas ligeros manual capacidad 1.000 kg | OMIS","seo_description":"Sistemas ligeros manual de elevaci\u00f3n de canaleta, ideales para cargas hasta 1.000 kg. Las gr\u00faas, con carriles de perfiles en omega, pueden montarse en estructuras existentes o portales. Son f\u00e1ciles de instalar y modificar, con hasta 7 m de distancia entre las suspensiones. Modulares y personalizables para distintas exigencias industriales. Saber m\u00e1s."},"yoast_head":"<!-- This site is optimized with the Yoast SEO plugin v23.9 - https:\/\/yoast.com\/wordpress\/plugins\/seo\/ -->\n<title>Sistemas ligeros manual capacidad 1.000 kg | OMIS<\/title>\n<meta name=\"description\" content=\"Sistemas ligeros manual de elevaci\u00f3n de canaleta, ideales para cargas hasta 1.000 kg. Las gr\u00faas, con carriles de perfiles en omega, pueden montarse en estructuras existentes o portales. Son f\u00e1ciles de instalar y modificar, con hasta 7 m de distancia entre las suspensiones. Modulares y personalizables para distintas exigencias industriales. Saber m\u00e1s.\" \/>\n<meta name=\"robots\" content=\"index, follow, max-snippet:-1, max-image-preview:large, max-video-preview:-1\" \/>\n<meta property=\"og:locale\" content=\"es_ES\" \/>\n<meta property=\"og:type\" content=\"article\" \/>\n<meta property=\"og:title\" content=\"Sistemas ligeros manual capacidad 1.000 kg | OMIS\" \/>\n<meta property=\"og:description\" content=\"Sistemas ligeros manual de elevaci\u00f3n de canaleta, ideales para cargas hasta 1.000 kg. Las gr\u00faas, con carriles de perfiles en omega, pueden montarse en estructuras existentes o portales. Son f\u00e1ciles de instalar y modificar, con hasta 7 m de distancia entre las suspensiones. Modulares y personalizables para distintas exigencias industriales. Saber m\u00e1s.\" \/>\n<meta property=\"og:url\" content=\"https:\/\/www.omis.net\/es-es\/producto\/sistemas-ligeros-manual\/\" \/>\n<meta property=\"og:site_name\" content=\"Omis Spa\" \/>\n<meta property=\"article:publisher\" content=\"https:\/\/www.facebook.com\/omisgroup\" \/>\n<meta property=\"article:modified_time\" content=\"2025-02-05T13:42:48+00:00\" \/>\n<meta property=\"og:image\" content=\"https:\/\/media.omis.net\/media\/2024\/12\/profile-manual-suspended-system-gsm-500kg-assembly-line-malo-omis-scaled.webp\" \/>\n\t<meta property=\"og:image:width\" content=\"2560\" \/>\n\t<meta property=\"og:image:height\" content=\"1709\" \/>\n\t<meta property=\"og:image:type\" content=\"image\/webp\" \/>\n<meta name=\"twitter:card\" content=\"summary_large_image\" \/>\n<meta name=\"twitter:label1\" content=\"Est. reading time\" \/>\n\t<meta name=\"twitter:data1\" content=\"1 minute\" \/>\n<script type=\"application\/ld+json\" class=\"yoast-schema-graph\">{\"@context\":\"https:\/\/schema.org\",\"@graph\":[{\"@type\":\"WebPage\",\"@id\":\"https:\/\/www.omis.net\/es-es\/producto\/sistemas-ligeros-manual\/\",\"url\":\"https:\/\/www.omis.net\/es-es\/producto\/sistemas-ligeros-manual\/\",\"name\":\"Sistemas ligeros manual capacidad 1.000 kg | OMIS\",\"isPartOf\":{\"@id\":\"https:\/\/www.omis.net\/it-it\/#website\"},\"primaryImageOfPage\":{\"@id\":\"https:\/\/www.omis.net\/es-es\/producto\/sistemas-ligeros-manual\/#primaryimage\"},\"image\":{\"@id\":\"https:\/\/www.omis.net\/es-es\/producto\/sistemas-ligeros-manual\/#primaryimage\"},\"thumbnailUrl\":\"https:\/\/media.omis.net\/media\/2024\/12\/profile-manual-suspended-system-gsm-500kg-assembly-line-malo-omis-scaled.webp\",\"datePublished\":\"2024-12-18T10:03:44+00:00\",\"dateModified\":\"2025-02-05T13:42:48+00:00\",\"description\":\"Sistemas ligeros manual de elevaci\u00f3n de canaleta, ideales para cargas hasta 1.000 kg. Las gr\u00faas, con carriles de perfiles en omega, pueden montarse en estructuras existentes o portales. Son f\u00e1ciles de instalar y modificar, con hasta 7 m de distancia entre las suspensiones. Modulares y personalizables para distintas exigencias industriales. Saber m\u00e1s.\",\"breadcrumb\":{\"@id\":\"https:\/\/www.omis.net\/es-es\/producto\/sistemas-ligeros-manual\/#breadcrumb\"},\"inLanguage\":\"es-es\",\"potentialAction\":[{\"@type\":\"ReadAction\",\"target\":[\"https:\/\/www.omis.net\/es-es\/producto\/sistemas-ligeros-manual\/\"]}]},{\"@type\":\"ImageObject\",\"inLanguage\":\"es-es\",\"@id\":\"https:\/\/www.omis.net\/es-es\/producto\/sistemas-ligeros-manual\/#primaryimage\",\"url\":\"https:\/\/media.omis.net\/media\/2024\/12\/profile-manual-suspended-system-gsm-500kg-assembly-line-malo-omis-scaled.webp\",\"contentUrl\":\"https:\/\/media.omis.net\/media\/2024\/12\/profile-manual-suspended-system-gsm-500kg-assembly-line-malo-omis-scaled.webp\",\"width\":2560,\"height\":1709,\"caption\":\"header - Profile manual suspended system gsm 500kg assembly line malo Omis\"},{\"@type\":\"BreadcrumbList\",\"@id\":\"https:\/\/www.omis.net\/es-es\/producto\/sistemas-ligeros-manual\/#breadcrumb\",\"itemListElement\":[{\"@type\":\"ListItem\",\"position\":1,\"name\":\"Home\",\"item\":\"https:\/\/www.omis.net\/es-es\/pagina-de-inicio\/\"},{\"@type\":\"ListItem\",\"position\":2,\"name\":\"Sistemas ligeros manual\"}]},{\"@type\":\"WebSite\",\"@id\":\"https:\/\/www.omis.net\/it-it\/#website\",\"url\":\"https:\/\/www.omis.net\/it-it\/\",\"name\":\"Omis Spa\",\"description\":\"Movimentazione e sollevamento\",\"publisher\":{\"@id\":\"https:\/\/www.omis.net\/it-it\/#organization\"},\"potentialAction\":[{\"@type\":\"SearchAction\",\"target\":{\"@type\":\"EntryPoint\",\"urlTemplate\":\"https:\/\/www.omis.net\/it-it\/?s={search_term_string}\"},\"query-input\":{\"@type\":\"PropertyValueSpecification\",\"valueRequired\":true,\"valueName\":\"search_term_string\"}}],\"inLanguage\":\"es-es\"},{\"@type\":\"Organization\",\"@id\":\"https:\/\/www.omis.net\/it-it\/#organization\",\"name\":\"Omis Spa\",\"url\":\"https:\/\/www.omis.net\/it-it\/\",\"logo\":{\"@type\":\"ImageObject\",\"inLanguage\":\"es-es\",\"@id\":\"https:\/\/www.omis.net\/it-it\/#\/schema\/logo\/image\/\",\"url\":\"https:\/\/media.omis.net\/media\/2024\/08\/logo.jpg\",\"contentUrl\":\"https:\/\/media.omis.net\/media\/2024\/08\/logo.jpg\",\"width\":300,\"height\":300,\"caption\":\"Omis Spa\"},\"image\":{\"@id\":\"https:\/\/www.omis.net\/it-it\/#\/schema\/logo\/image\/\"},\"sameAs\":[\"https:\/\/www.facebook.com\/omisgroup\",\"https:\/\/www.linkedin.com\/company\/omis-group\",\"https:\/\/www.youtube.com\/channel\/UCS4L59XDk3kKBI9MnjuxWDw\",\"https:\/\/www.instagram.com\/omisgroup\"]}]}<\/script>\n<!-- \/ Yoast SEO plugin. -->","yoast_head_json":{"title":"Sistemas ligeros manual capacidad 1.000 kg | OMIS","description":"Sistemas ligeros manual de elevaci\u00f3n de canaleta, ideales para cargas hasta 1.000 kg. Las gr\u00faas, con carriles de perfiles en omega, pueden montarse en estructuras existentes o portales. Son f\u00e1ciles de instalar y modificar, con hasta 7 m de distancia entre las suspensiones. Modulares y personalizables para distintas exigencias industriales. Saber m\u00e1s.","robots":{"index":"index","follow":"follow","max-snippet":"max-snippet:-1","max-image-preview":"max-image-preview:large","max-video-preview":"max-video-preview:-1"},"og_locale":"es_ES","og_type":"article","og_title":"Sistemas ligeros manual capacidad 1.000 kg | OMIS","og_description":"Sistemas ligeros manual de elevaci\u00f3n de canaleta, ideales para cargas hasta 1.000 kg. Las gr\u00faas, con carriles de perfiles en omega, pueden montarse en estructuras existentes o portales. Son f\u00e1ciles de instalar y modificar, con hasta 7 m de distancia entre las suspensiones. Modulares y personalizables para distintas exigencias industriales. Saber m\u00e1s.","og_url":"https:\/\/www.omis.net\/es-es\/producto\/sistemas-ligeros-manual\/","og_site_name":"Omis Spa","article_publisher":"https:\/\/www.facebook.com\/omisgroup","article_modified_time":"2025-02-05T13:42:48+00:00","og_image":[{"width":2560,"height":1709,"url":"https:\/\/media.omis.net\/media\/2024\/12\/profile-manual-suspended-system-gsm-500kg-assembly-line-malo-omis-scaled.webp","type":"image\/webp"}],"twitter_card":"summary_large_image","twitter_misc":{"Est. reading time":"1 minute"},"schema":{"@context":"https:\/\/schema.org","@graph":[{"@type":"WebPage","@id":"https:\/\/www.omis.net\/es-es\/producto\/sistemas-ligeros-manual\/","url":"https:\/\/www.omis.net\/es-es\/producto\/sistemas-ligeros-manual\/","name":"Sistemas ligeros manual capacidad 1.000 kg | OMIS","isPartOf":{"@id":"https:\/\/www.omis.net\/it-it\/#website"},"primaryImageOfPage":{"@id":"https:\/\/www.omis.net\/es-es\/producto\/sistemas-ligeros-manual\/#primaryimage"},"image":{"@id":"https:\/\/www.omis.net\/es-es\/producto\/sistemas-ligeros-manual\/#primaryimage"},"thumbnailUrl":"https:\/\/media.omis.net\/media\/2024\/12\/profile-manual-suspended-system-gsm-500kg-assembly-line-malo-omis-scaled.webp","datePublished":"2024-12-18T10:03:44+00:00","dateModified":"2025-02-05T13:42:48+00:00","description":"Sistemas ligeros manual de elevaci\u00f3n de canaleta, ideales para cargas hasta 1.000 kg. Las gr\u00faas, con carriles de perfiles en omega, pueden montarse en estructuras existentes o portales. Son f\u00e1ciles de instalar y modificar, con hasta 7 m de distancia entre las suspensiones. Modulares y personalizables para distintas exigencias industriales. Saber m\u00e1s.","breadcrumb":{"@id":"https:\/\/www.omis.net\/es-es\/producto\/sistemas-ligeros-manual\/#breadcrumb"},"inLanguage":"es-es","potentialAction":[{"@type":"ReadAction","target":["https:\/\/www.omis.net\/es-es\/producto\/sistemas-ligeros-manual\/"]}]},{"@type":"ImageObject","inLanguage":"es-es","@id":"https:\/\/www.omis.net\/es-es\/producto\/sistemas-ligeros-manual\/#primaryimage","url":"https:\/\/media.omis.net\/media\/2024\/12\/profile-manual-suspended-system-gsm-500kg-assembly-line-malo-omis-scaled.webp","contentUrl":"https:\/\/media.omis.net\/media\/2024\/12\/profile-manual-suspended-system-gsm-500kg-assembly-line-malo-omis-scaled.webp","width":2560,"height":1709,"caption":"header - Profile manual suspended system gsm 500kg assembly line malo Omis"},{"@type":"BreadcrumbList","@id":"https:\/\/www.omis.net\/es-es\/producto\/sistemas-ligeros-manual\/#breadcrumb","itemListElement":[{"@type":"ListItem","position":1,"name":"Home","item":"https:\/\/www.omis.net\/es-es\/pagina-de-inicio\/"},{"@type":"ListItem","position":2,"name":"Sistemas ligeros manual"}]},{"@type":"WebSite","@id":"https:\/\/www.omis.net\/it-it\/#website","url":"https:\/\/www.omis.net\/it-it\/","name":"Omis Spa","description":"Movimentazione e sollevamento","publisher":{"@id":"https:\/\/www.omis.net\/it-it\/#organization"},"potentialAction":[{"@type":"SearchAction","target":{"@type":"EntryPoint","urlTemplate":"https:\/\/www.omis.net\/it-it\/?s={search_term_string}"},"query-input":{"@type":"PropertyValueSpecification","valueRequired":true,"valueName":"search_term_string"}}],"inLanguage":"es-es"},{"@type":"Organization","@id":"https:\/\/www.omis.net\/it-it\/#organization","name":"Omis Spa","url":"https:\/\/www.omis.net\/it-it\/","logo":{"@type":"ImageObject","inLanguage":"es-es","@id":"https:\/\/www.omis.net\/it-it\/#\/schema\/logo\/image\/","url":"https:\/\/media.omis.net\/media\/2024\/08\/logo.jpg","contentUrl":"https:\/\/media.omis.net\/media\/2024\/08\/logo.jpg","width":300,"height":300,"caption":"Omis Spa"},"image":{"@id":"https:\/\/www.omis.net\/it-it\/#\/schema\/logo\/image\/"},"sameAs":["https:\/\/www.facebook.com\/omisgroup","https:\/\/www.linkedin.com\/company\/omis-group","https:\/\/www.youtube.com\/channel\/UCS4L59XDk3kKBI9MnjuxWDw","https:\/\/www.instagram.com\/omisgroup"]}]}},"_links":{"self":[{"href":"https:\/\/www.omis.net\/es-es\/wp-json\/wp\/v2\/product\/7395"}],"collection":[{"href":"https:\/\/www.omis.net\/es-es\/wp-json\/wp\/v2\/product"}],"about":[{"href":"https:\/\/www.omis.net\/es-es\/wp-json\/wp\/v2\/types\/product"}],"acf:attachment":[{"embeddable":true,"href":"https:\/\/www.omis.net\/es-es\/wp-json\/wp\/v2\/media\/14010"},{"embeddable":true,"href":"https:\/\/www.omis.net\/es-es\/wp-json\/wp\/v2\/media\/14003"},{"embeddable":true,"href":"https:\/\/www.omis.net\/es-es\/wp-json\/wp\/v2\/media\/13996"},{"embeddable":true,"href":"https:\/\/www.omis.net\/es-es\/wp-json\/wp\/v2\/media\/13989"},{"embeddable":true,"href":"https:\/\/www.omis.net\/es-es\/wp-json\/wp\/v2\/media\/14017"},{"embeddable":true,"href":"https:\/\/www.omis.net\/es-es\/wp-json\/wp\/v2\/media\/14031"},{"embeddable":true,"href":"https:\/\/www.omis.net\/es-es\/wp-json\/wp\/v2\/media\/14024"},{"embeddable":true,"href":"https:\/\/www.omis.net\/es-es\/wp-json\/wp\/v2\/media\/14038"}],"wp:featuredmedia":[{"embeddable":true,"href":"https:\/\/www.omis.net\/es-es\/wp-json\/wp\/v2\/media\/14066"}],"wp:attachment":[{"href":"https:\/\/www.omis.net\/es-es\/wp-json\/wp\/v2\/media?parent=7395"}],"wp:term":[{"taxonomy":"caratteristica-prodotto","embeddable":true,"href":"https:\/\/www.omis.net\/es-es\/wp-json\/wp\/v2\/caratteristica-prodotto?post=7395"},{"taxonomy":"tipologia-prodotto","embeddable":true,"href":"https:\/\/www.omis.net\/es-es\/wp-json\/wp\/v2\/tipologia-prodotto?post=7395"}],"curies":[{"name":"wp","href":"https:\/\/api.w.org\/{rel}","templated":true}]}}