{"id":7394,"date":"2024-12-18T11:03:09","date_gmt":"2024-12-18T10:03:09","guid":{"rendered":"http:\/\/bedrock.local\/product\/curvada\/"},"modified":"2025-02-03T18:24:39","modified_gmt":"2025-02-03T17:24:39","slug":"grua-monorrail-curvada","status":"publish","type":"product","link":"https:\/\/www.omis.net\/es-es\/producto\/grua-monorrail-curvada\/","title":{"rendered":"Gr\u00faa monorra\u00edl curvada"},"content":{"rendered":"","protected":false},"featured_media":14186,"parent":0,"template":"","caratteristica-prodotto":[],"tipologia-prodotto":[709,745],"class_list":["post-7394","product","type-product","status-publish","has-post-thumbnail","hentry","tipologia-prodotto-gruas-para-puestos-de-trabajo","tipologia-prodotto-monorrail"],"acf":{"import_csv_id":"38","prodotto_generale_sku":"MRC","prodotto_listing_card_descrizione":"La gr\u00faa monorra\u00edl curvada es el sistema ideal para manipular cargas por recorridos no lineales en una planta siguiendo todas las fases de los procesos.","prodotto_listing_card_caratteristiche":null,"prodotto_page_gradient_hero":false,"prodotto_page_titolo_hero":"La gr\u00faa perfecta para las l\u00edneas de montaje y pintura.","prodotto_page_gallery_hero":[14081,14074,14102],"prodotto_page_descrizione_3_colonne_posizione":false,"prodotto_page_descrizione_3_colonne":[{"valore":"125","unita_di_misura":"kg","etichetta":"Capacidad m\u00edn."},{"valore":"5000","unita_di_misura":"kg","etichetta":"Capacidad m\u00e1x."},{"valore":"90\u00b0","unita_di_misura":"","etichetta":"Curva m\u00e1x."}],"prodotto_page_descrizione_titolo":"Gr\u00faa monorra\u00edl curvada con capacidad hasta 5.000 kg","prodotto_page_descrizione_3_colonne_testo":"<strong>Los sistemas monorra\u00edl OMIS garantizan una alta flexibilidad de personalizaci\u00f3n gracias a su dise\u00f1o modular. La modularidad permite crear incluso tramos curvos con la posibilidad de alcanzar \u00e1ngulos de 90\u00b0. Por tanto la gr\u00faa monorra\u00edl curvada es el dispositivo de elevaci\u00f3n ideal para mover f\u00e1cilmente una carga entre dos puntos en una planta por un recorrido personalizado y no lineal.<\/strong>\r\n\r\nEl recorrido puede adaptarse con precisi\u00f3n a las necesidades estructurales espec\u00edficas de cualquier taller o entorno industrial. Las curvadas son especialmente \u00fatiles en caso de cargas que tengan que seguir una l\u00ednea de producci\u00f3n por todas las fases del proceso de manufactura hasta las estaciones de envasado final. Los sistemas de elevaci\u00f3n monorra\u00edl de OMIS satisfacen las necesidades reales de las empresas que manipulan componentes en las cadenas de montaje, las l\u00edneas de pintura y las operaciones de carga y descarga de mercanc\u00eda.","prodotto_page_descrizione_titolo_vantaggi":"Ventajas de la gr\u00faa monorra\u00edl curvada","prodotto_page_descrizione_vantaggi":[{"titolo":"Menor esfuerzo del operador","testo":"","link":"","archivio_prodotti":null},{"titolo":"Movimiento preciso","testo":"","link":"","archivio_prodotti":null},{"titolo":"Velocidad controlada","testo":"","link":"","archivio_prodotti":null},{"titolo":"Adaptabilidad a cargas de distintos tama\u00f1os","testo":"","link":"","archivio_prodotti":null},{"titolo":"F\u00e1cil mantenimiento","testo":"","link":"","archivio_prodotti":null},{"titolo":"Aplicaciones vers\u00e1tiles","testo":"","link":"","archivio_prodotti":null},{"titolo":"Aumento de la productividad y seguridad","testo":"","link":"","archivio_prodotti":null}],"prodotto_page_tabs_dati_tecnici":[{"etichetta":"Capacidad","valore":"125 kg - 5000 kg - M\u00e1s bajo pedido"},{"etichetta":"Longitud","valore":"Configurable bajo pedido"},{"etichetta":"Perfil del puente","valore":"Viga doble T o de caja"},{"etichetta":"Anclaje","valore":"A la estructura existente o con estructuras met\u00e1licas de soporte personalizadas"},{"etichetta":"L\u00ednea de alimentaci\u00f3n","valore":"Blindo Atollo velocidad 40 A"},{"etichetta":"Unidad de elevaci\u00f3n","valore":"Polipasto de cadena o de cable"},{"etichetta":"Mando","valore":"Botonera colgante del polipasto"}],"prodotto_page_tabs_optionals":[{"titolo":"Pintura personalizada","testo":"Se puede personalizar el color de la pintura para satisfacer necesidades espec\u00edficas, exigencias de dise\u00f1o o de marca.","immagine":null},{"titolo":"Mando a distancia para el carro del polipasto","testo":"Bajo pedido puede incorporarse el mando a distancia para el carro del polipasto, lo que mejora el rendimiento, versatilidad y seguridad en las operaciones de manipulaci\u00f3n. Este sistema avanzado permite un control a distancia preciso e intuitivo, lo que optimiza la eficiencia y reduce los riesgos operativos.","immagine":null}],"prodotto_page_tabs_downloads":null,"prodotto_page_gallery":[14116,14109,14095,14088],"prodotto_page_customer_story_titolo":"","prodotto_page_customer_story_list":null,"prodotto_page_applicazioni_list":"- Agricoltura e Alimentare\r\n- Manifatturiero\r\n- Energetico\r\n- Edile e delle costruzioni\r\n- Tecnologie dell'informazione e ICT\r\n- Trasporti e logistica\r\n- Commercio al dettaglio\r\n- Culturale e dell'intrattenimento\r\n- Ambientale e della sostenibilit\u00e0\r\n- Ricerca e sviluppo\r\n- Arti e Artigianato","prodotto_page_faq_list":null,"prodotto_page_testo_prodotti_correlati":"<h2>Productos relacionados<\/h2>\r\nExplora tambi\u00e9n estos productos y encuentra otras soluciones que se ajusten a ti.","prodotto_page_lista_prodotti_correlati":"- C\r\n- GSM\r\n- CMR","prodotto_page_titolo_componenti_3d":"","prodotto_page_immagine_iniziale_componenti_3d":null,"prodotto_page_lista_componenti_3d":null,"prodotto_page_titolo_slider_configurazioni":"Producto y configuraciones","prodotto_page_lista_immgini_slider_configurazioni":[{"etichetta":"Vista frontal","immagine":14158},{"etichetta":"Vista desde arriba","immagine":14165},{"etichetta":"Vista frontal","immagine":14144},{"etichetta":"Vista desde arriba","immagine":14151},{"etichetta":"Circuito","immagine":14172},{"etichetta":"Circuito","immagine":14179}],"prodotto_page_titolo_slider_configurazioni_2":"<h2><\/h2>","prodotto_page_lista_immgini_slider_configurazioni_2":null,"seo_title":"Gr\u00faa monorra\u00edl curvada capacidad 5.000 kg | OMIS","seo_description":"Las gr\u00faas monorra\u00edl curvadas OMIS ofrecen alta flexibilidad con dise\u00f1o modular y permiten tramos curvos y \u00e1ngulos de 90\u00b0. Ideales para mover cargas por recorridos personalizados en plantas, son \u00fatiles para l\u00edneas de producci\u00f3n y estaciones de envasado. Adaptan el recorrido a las necesidades de talleres y entornos industriales y optimizan el desplazamiento y la carga. Saber m\u00e1s."},"yoast_head":"<!-- This site is optimized with the Yoast SEO plugin v23.9 - https:\/\/yoast.com\/wordpress\/plugins\/seo\/ -->\n<title>Gr\u00faa monorra\u00edl curvada capacidad 5.000 kg | OMIS<\/title>\n<meta name=\"description\" content=\"Las gr\u00faas monorra\u00edl curvadas OMIS ofrecen alta flexibilidad con dise\u00f1o modular y permiten tramos curvos y \u00e1ngulos de 90\u00b0. Ideales para mover cargas por recorridos personalizados en plantas, son \u00fatiles para l\u00edneas de producci\u00f3n y estaciones de envasado. Adaptan el recorrido a las necesidades de talleres y entornos industriales y optimizan el desplazamiento y la carga. Saber m\u00e1s.\" \/>\n<meta name=\"robots\" content=\"index, follow, max-snippet:-1, max-image-preview:large, max-video-preview:-1\" \/>\n<meta property=\"og:locale\" content=\"es_ES\" \/>\n<meta property=\"og:type\" content=\"article\" \/>\n<meta property=\"og:title\" content=\"Gr\u00faa monorra\u00edl curvada capacidad 5.000 kg | OMIS\" \/>\n<meta property=\"og:description\" content=\"Las gr\u00faas monorra\u00edl curvadas OMIS ofrecen alta flexibilidad con dise\u00f1o modular y permiten tramos curvos y \u00e1ngulos de 90\u00b0. Ideales para mover cargas por recorridos personalizados en plantas, son \u00fatiles para l\u00edneas de producci\u00f3n y estaciones de envasado. Adaptan el recorrido a las necesidades de talleres y entornos industriales y optimizan el desplazamiento y la carga. Saber m\u00e1s.\" \/>\n<meta property=\"og:url\" content=\"https:\/\/www.omis.net\/es-es\/producto\/grua-monorrail-curvada\/\" \/>\n<meta property=\"og:site_name\" content=\"Omis Spa\" \/>\n<meta property=\"article:publisher\" content=\"https:\/\/www.facebook.com\/omisgroup\" \/>\n<meta property=\"article:modified_time\" content=\"2025-02-03T17:24:39+00:00\" \/>\n<meta property=\"og:image\" content=\"https:\/\/media.omis.net\/media\/2024\/12\/profile-curved-monorail-250kg-assembly-line-extinguishers-omis-scaled.webp\" \/>\n\t<meta property=\"og:image:width\" content=\"2560\" \/>\n\t<meta property=\"og:image:height\" content=\"2121\" \/>\n\t<meta property=\"og:image:type\" content=\"image\/webp\" \/>\n<meta name=\"twitter:card\" content=\"summary_large_image\" \/>\n<meta name=\"twitter:label1\" content=\"Est. reading time\" \/>\n\t<meta name=\"twitter:data1\" content=\"1 minute\" \/>\n<script type=\"application\/ld+json\" class=\"yoast-schema-graph\">{\"@context\":\"https:\/\/schema.org\",\"@graph\":[{\"@type\":\"WebPage\",\"@id\":\"https:\/\/www.omis.net\/es-es\/producto\/grua-monorrail-curvada\/\",\"url\":\"https:\/\/www.omis.net\/es-es\/producto\/grua-monorrail-curvada\/\",\"name\":\"Gr\u00faa monorra\u00edl curvada capacidad 5.000 kg | OMIS\",\"isPartOf\":{\"@id\":\"https:\/\/www.omis.net\/it-it\/#website\"},\"primaryImageOfPage\":{\"@id\":\"https:\/\/www.omis.net\/es-es\/producto\/grua-monorrail-curvada\/#primaryimage\"},\"image\":{\"@id\":\"https:\/\/www.omis.net\/es-es\/producto\/grua-monorrail-curvada\/#primaryimage\"},\"thumbnailUrl\":\"https:\/\/media.omis.net\/media\/2024\/12\/profile-curved-monorail-250kg-assembly-line-extinguishers-omis-scaled.webp\",\"datePublished\":\"2024-12-18T10:03:09+00:00\",\"dateModified\":\"2025-02-03T17:24:39+00:00\",\"description\":\"Las gr\u00faas monorra\u00edl curvadas OMIS ofrecen alta flexibilidad con dise\u00f1o modular y permiten tramos curvos y \u00e1ngulos de 90\u00b0. Ideales para mover cargas por recorridos personalizados en plantas, son \u00fatiles para l\u00edneas de producci\u00f3n y estaciones de envasado. Adaptan el recorrido a las necesidades de talleres y entornos industriales y optimizan el desplazamiento y la carga. Saber m\u00e1s.\",\"breadcrumb\":{\"@id\":\"https:\/\/www.omis.net\/es-es\/producto\/grua-monorrail-curvada\/#breadcrumb\"},\"inLanguage\":\"es-es\",\"potentialAction\":[{\"@type\":\"ReadAction\",\"target\":[\"https:\/\/www.omis.net\/es-es\/producto\/grua-monorrail-curvada\/\"]}]},{\"@type\":\"ImageObject\",\"inLanguage\":\"es-es\",\"@id\":\"https:\/\/www.omis.net\/es-es\/producto\/grua-monorrail-curvada\/#primaryimage\",\"url\":\"https:\/\/media.omis.net\/media\/2024\/12\/profile-curved-monorail-250kg-assembly-line-extinguishers-omis-scaled.webp\",\"contentUrl\":\"https:\/\/media.omis.net\/media\/2024\/12\/profile-curved-monorail-250kg-assembly-line-extinguishers-omis-scaled.webp\",\"width\":2560,\"height\":2121,\"caption\":\"header - Profile curved monorail 250kg assembly line extinguishers Omis\"},{\"@type\":\"BreadcrumbList\",\"@id\":\"https:\/\/www.omis.net\/es-es\/producto\/grua-monorrail-curvada\/#breadcrumb\",\"itemListElement\":[{\"@type\":\"ListItem\",\"position\":1,\"name\":\"Home\",\"item\":\"https:\/\/www.omis.net\/es-es\/pagina-de-inicio\/\"},{\"@type\":\"ListItem\",\"position\":2,\"name\":\"Gr\u00faa monorra\u00edl curvada\"}]},{\"@type\":\"WebSite\",\"@id\":\"https:\/\/www.omis.net\/it-it\/#website\",\"url\":\"https:\/\/www.omis.net\/it-it\/\",\"name\":\"Omis Spa\",\"description\":\"Movimentazione e sollevamento\",\"publisher\":{\"@id\":\"https:\/\/www.omis.net\/it-it\/#organization\"},\"potentialAction\":[{\"@type\":\"SearchAction\",\"target\":{\"@type\":\"EntryPoint\",\"urlTemplate\":\"https:\/\/www.omis.net\/it-it\/?s={search_term_string}\"},\"query-input\":{\"@type\":\"PropertyValueSpecification\",\"valueRequired\":true,\"valueName\":\"search_term_string\"}}],\"inLanguage\":\"es-es\"},{\"@type\":\"Organization\",\"@id\":\"https:\/\/www.omis.net\/it-it\/#organization\",\"name\":\"Omis Spa\",\"url\":\"https:\/\/www.omis.net\/it-it\/\",\"logo\":{\"@type\":\"ImageObject\",\"inLanguage\":\"es-es\",\"@id\":\"https:\/\/www.omis.net\/it-it\/#\/schema\/logo\/image\/\",\"url\":\"https:\/\/media.omis.net\/media\/2024\/08\/logo.jpg\",\"contentUrl\":\"https:\/\/media.omis.net\/media\/2024\/08\/logo.jpg\",\"width\":300,\"height\":300,\"caption\":\"Omis Spa\"},\"image\":{\"@id\":\"https:\/\/www.omis.net\/it-it\/#\/schema\/logo\/image\/\"},\"sameAs\":[\"https:\/\/www.facebook.com\/omisgroup\",\"https:\/\/www.linkedin.com\/company\/omis-group\",\"https:\/\/www.youtube.com\/channel\/UCS4L59XDk3kKBI9MnjuxWDw\",\"https:\/\/www.instagram.com\/omisgroup\"]}]}<\/script>\n<!-- \/ Yoast SEO plugin. -->","yoast_head_json":{"title":"Gr\u00faa monorra\u00edl curvada capacidad 5.000 kg | OMIS","description":"Las gr\u00faas monorra\u00edl curvadas OMIS ofrecen alta flexibilidad con dise\u00f1o modular y permiten tramos curvos y \u00e1ngulos de 90\u00b0. Ideales para mover cargas por recorridos personalizados en plantas, son \u00fatiles para l\u00edneas de producci\u00f3n y estaciones de envasado. Adaptan el recorrido a las necesidades de talleres y entornos industriales y optimizan el desplazamiento y la carga. Saber m\u00e1s.","robots":{"index":"index","follow":"follow","max-snippet":"max-snippet:-1","max-image-preview":"max-image-preview:large","max-video-preview":"max-video-preview:-1"},"og_locale":"es_ES","og_type":"article","og_title":"Gr\u00faa monorra\u00edl curvada capacidad 5.000 kg | OMIS","og_description":"Las gr\u00faas monorra\u00edl curvadas OMIS ofrecen alta flexibilidad con dise\u00f1o modular y permiten tramos curvos y \u00e1ngulos de 90\u00b0. Ideales para mover cargas por recorridos personalizados en plantas, son \u00fatiles para l\u00edneas de producci\u00f3n y estaciones de envasado. Adaptan el recorrido a las necesidades de talleres y entornos industriales y optimizan el desplazamiento y la carga. Saber m\u00e1s.","og_url":"https:\/\/www.omis.net\/es-es\/producto\/grua-monorrail-curvada\/","og_site_name":"Omis Spa","article_publisher":"https:\/\/www.facebook.com\/omisgroup","article_modified_time":"2025-02-03T17:24:39+00:00","og_image":[{"width":2560,"height":2121,"url":"https:\/\/media.omis.net\/media\/2024\/12\/profile-curved-monorail-250kg-assembly-line-extinguishers-omis-scaled.webp","type":"image\/webp"}],"twitter_card":"summary_large_image","twitter_misc":{"Est. reading time":"1 minute"},"schema":{"@context":"https:\/\/schema.org","@graph":[{"@type":"WebPage","@id":"https:\/\/www.omis.net\/es-es\/producto\/grua-monorrail-curvada\/","url":"https:\/\/www.omis.net\/es-es\/producto\/grua-monorrail-curvada\/","name":"Gr\u00faa monorra\u00edl curvada capacidad 5.000 kg | OMIS","isPartOf":{"@id":"https:\/\/www.omis.net\/it-it\/#website"},"primaryImageOfPage":{"@id":"https:\/\/www.omis.net\/es-es\/producto\/grua-monorrail-curvada\/#primaryimage"},"image":{"@id":"https:\/\/www.omis.net\/es-es\/producto\/grua-monorrail-curvada\/#primaryimage"},"thumbnailUrl":"https:\/\/media.omis.net\/media\/2024\/12\/profile-curved-monorail-250kg-assembly-line-extinguishers-omis-scaled.webp","datePublished":"2024-12-18T10:03:09+00:00","dateModified":"2025-02-03T17:24:39+00:00","description":"Las gr\u00faas monorra\u00edl curvadas OMIS ofrecen alta flexibilidad con dise\u00f1o modular y permiten tramos curvos y \u00e1ngulos de 90\u00b0. Ideales para mover cargas por recorridos personalizados en plantas, son \u00fatiles para l\u00edneas de producci\u00f3n y estaciones de envasado. Adaptan el recorrido a las necesidades de talleres y entornos industriales y optimizan el desplazamiento y la carga. Saber m\u00e1s.","breadcrumb":{"@id":"https:\/\/www.omis.net\/es-es\/producto\/grua-monorrail-curvada\/#breadcrumb"},"inLanguage":"es-es","potentialAction":[{"@type":"ReadAction","target":["https:\/\/www.omis.net\/es-es\/producto\/grua-monorrail-curvada\/"]}]},{"@type":"ImageObject","inLanguage":"es-es","@id":"https:\/\/www.omis.net\/es-es\/producto\/grua-monorrail-curvada\/#primaryimage","url":"https:\/\/media.omis.net\/media\/2024\/12\/profile-curved-monorail-250kg-assembly-line-extinguishers-omis-scaled.webp","contentUrl":"https:\/\/media.omis.net\/media\/2024\/12\/profile-curved-monorail-250kg-assembly-line-extinguishers-omis-scaled.webp","width":2560,"height":2121,"caption":"header - Profile curved monorail 250kg assembly line extinguishers Omis"},{"@type":"BreadcrumbList","@id":"https:\/\/www.omis.net\/es-es\/producto\/grua-monorrail-curvada\/#breadcrumb","itemListElement":[{"@type":"ListItem","position":1,"name":"Home","item":"https:\/\/www.omis.net\/es-es\/pagina-de-inicio\/"},{"@type":"ListItem","position":2,"name":"Gr\u00faa monorra\u00edl curvada"}]},{"@type":"WebSite","@id":"https:\/\/www.omis.net\/it-it\/#website","url":"https:\/\/www.omis.net\/it-it\/","name":"Omis Spa","description":"Movimentazione e sollevamento","publisher":{"@id":"https:\/\/www.omis.net\/it-it\/#organization"},"potentialAction":[{"@type":"SearchAction","target":{"@type":"EntryPoint","urlTemplate":"https:\/\/www.omis.net\/it-it\/?s={search_term_string}"},"query-input":{"@type":"PropertyValueSpecification","valueRequired":true,"valueName":"search_term_string"}}],"inLanguage":"es-es"},{"@type":"Organization","@id":"https:\/\/www.omis.net\/it-it\/#organization","name":"Omis Spa","url":"https:\/\/www.omis.net\/it-it\/","logo":{"@type":"ImageObject","inLanguage":"es-es","@id":"https:\/\/www.omis.net\/it-it\/#\/schema\/logo\/image\/","url":"https:\/\/media.omis.net\/media\/2024\/08\/logo.jpg","contentUrl":"https:\/\/media.omis.net\/media\/2024\/08\/logo.jpg","width":300,"height":300,"caption":"Omis Spa"},"image":{"@id":"https:\/\/www.omis.net\/it-it\/#\/schema\/logo\/image\/"},"sameAs":["https:\/\/www.facebook.com\/omisgroup","https:\/\/www.linkedin.com\/company\/omis-group","https:\/\/www.youtube.com\/channel\/UCS4L59XDk3kKBI9MnjuxWDw","https:\/\/www.instagram.com\/omisgroup"]}]}},"_links":{"self":[{"href":"https:\/\/www.omis.net\/es-es\/wp-json\/wp\/v2\/product\/7394"}],"collection":[{"href":"https:\/\/www.omis.net\/es-es\/wp-json\/wp\/v2\/product"}],"about":[{"href":"https:\/\/www.omis.net\/es-es\/wp-json\/wp\/v2\/types\/product"}],"acf:attachment":[{"embeddable":true,"href":"https:\/\/www.omis.net\/es-es\/wp-json\/wp\/v2\/media\/14088"},{"embeddable":true,"href":"https:\/\/www.omis.net\/es-es\/wp-json\/wp\/v2\/media\/14095"},{"embeddable":true,"href":"https:\/\/www.omis.net\/es-es\/wp-json\/wp\/v2\/media\/14109"},{"embeddable":true,"href":"https:\/\/www.omis.net\/es-es\/wp-json\/wp\/v2\/media\/14116"},{"embeddable":true,"href":"https:\/\/www.omis.net\/es-es\/wp-json\/wp\/v2\/media\/14102"},{"embeddable":true,"href":"https:\/\/www.omis.net\/es-es\/wp-json\/wp\/v2\/media\/14074"},{"embeddable":true,"href":"https:\/\/www.omis.net\/es-es\/wp-json\/wp\/v2\/media\/14081"}],"wp:featuredmedia":[{"embeddable":true,"href":"https:\/\/www.omis.net\/es-es\/wp-json\/wp\/v2\/media\/14186"}],"wp:attachment":[{"href":"https:\/\/www.omis.net\/es-es\/wp-json\/wp\/v2\/media?parent=7394"}],"wp:term":[{"taxonomy":"caratteristica-prodotto","embeddable":true,"href":"https:\/\/www.omis.net\/es-es\/wp-json\/wp\/v2\/caratteristica-prodotto?post=7394"},{"taxonomy":"tipologia-prodotto","embeddable":true,"href":"https:\/\/www.omis.net\/es-es\/wp-json\/wp\/v2\/tipologia-prodotto?post=7394"}],"curies":[{"name":"wp","href":"https:\/\/api.w.org\/{rel}","templated":true}]}}