{"id":7393,"date":"2024-12-18T11:02:53","date_gmt":"2024-12-18T10:02:53","guid":{"rendered":"http:\/\/bedrock.local\/product\/rectilinea\/"},"modified":"2025-02-03T18:00:10","modified_gmt":"2025-02-03T17:00:10","slug":"grua-monorrail-rectilinea","status":"publish","type":"product","link":"https:\/\/www.omis.net\/es-es\/producto\/grua-monorrail-rectilinea\/","title":{"rendered":"Gr\u00faa monorra\u00edl rectil\u00ednea"},"content":{"rendered":"","protected":false},"featured_media":14250,"parent":0,"template":"","caratteristica-prodotto":[],"tipologia-prodotto":[709,745],"class_list":["post-7393","product","type-product","status-publish","has-post-thumbnail","hentry","tipologia-prodotto-gruas-para-puestos-de-trabajo","tipologia-prodotto-monorrail"],"acf":{"import_csv_id":"37","prodotto_generale_sku":"MRR","prodotto_listing_card_descrizione":"La gr\u00faa monorra\u00edl rectil\u00ednea es la soluci\u00f3n que permite manipular las cargas en espacios reducidos sin interrumpir la l\u00ednea de producci\u00f3n.","prodotto_listing_card_caratteristiche":null,"prodotto_page_gradient_hero":false,"prodotto_page_titolo_hero":"Un sistema sencillo, fiable y seguro cuando hay poco espacio.","prodotto_page_gallery_hero":[14222],"prodotto_page_descrizione_3_colonne_posizione":false,"prodotto_page_descrizione_3_colonne":[{"valore":"125","unita_di_misura":"kg","etichetta":"Capacidad m\u00edn."},{"valore":"5000","unita_di_misura":"kg","etichetta":"Capacidad m\u00e1x."},{"valore":"","unita_di_misura":"","etichetta":""}],"prodotto_page_descrizione_titolo":"Gr\u00faa monorra\u00edl rectil\u00ednea con capacidad hasta 5.000 kg","prodotto_page_descrizione_3_colonne_testo":"<strong>La gr\u00faa monorra\u00edl rectil\u00ednea es una soluci\u00f3n m\u00e1s eficaz que las gr\u00faas a\u00e9reas tradicionales o los transportadores en distintos sectores industriales. En especial, las mayores ventajas se producen cuando hay que trabajar en espacios peque\u00f1os o elevar y desplazar de forma lineal cargas en la l\u00ednea de producci\u00f3n, sin que se interrumpa el proceso de producci\u00f3n.<\/strong>\r\n\r\nEstas monorra\u00edles pueden integrarse en la estructura de la f\u00e1brica con varias opciones de instalaci\u00f3n, en el techo, en columnas o en una estructura de soporte personalizada espec\u00edfica. Son especialmente \u00fatiles para elevar productos en estanter\u00edas, bancos de trabajo o \u00e1reas altas, lo que facilita el almacenamiento y manipulaci\u00f3n de un punto a otro de la planta de producci\u00f3n para otras operaciones de montaje y producci\u00f3n. Las gr\u00faas monorra\u00edl rectil\u00edneas se usan para manipular componentes para el almacenamiento de material, en las cadenas de montaje, de coches u otros, adem\u00e1s de en las operaciones de carga y descarga de mercanc\u00eda.","prodotto_page_descrizione_titolo_vantaggi":"Ventajas de la gr\u00faa monorra\u00edl rectil\u00ednea ","prodotto_page_descrizione_vantaggi":[{"titolo":"Funcionamiento vers\u00e1til","testo":"","link":"","archivio_prodotti":null},{"titolo":"Desplazamiento incluso a largas distancias","testo":"","link":"","archivio_prodotti":null},{"titolo":"F\u00e1cil de usar","testo":"","link":"","archivio_prodotti":null},{"titolo":"Adaptabilidad a cargas de distintos tama\u00f1os","testo":"","link":"","archivio_prodotti":null},{"titolo":"F\u00e1cil mantenimiento","testo":"","link":"","archivio_prodotti":null},{"titolo":"Aumento de la productividad y seguridad","testo":"","link":"","archivio_prodotti":null}],"prodotto_page_tabs_dati_tecnici":[{"etichetta":"Capacidad","valore":"125 kg - 5000 kg - M\u00e1s bajo pedido"},{"etichetta":"Longitud","valore":"Configurable bajo pedido"},{"etichetta":"Perfil del puente","valore":"Viga doble T, perfil en omega o de caja"},{"etichetta":"Anclaje","valore":"A la estructura existente o con estructuras met\u00e1licas de soporte personalizadas"},{"etichetta":"L\u00ednea de alimentaci\u00f3n","valore":"Fest\u00f3n o Blindo Atollo 40 A"},{"etichetta":"Unidad de elevaci\u00f3n","valore":"Polipasto de cadena o de cable"},{"etichetta":"Mando","valore":"Botonera colgante del polipasto"}],"prodotto_page_tabs_optionals":[{"titolo":"Pintura personalizada","testo":"Se puede personalizar el color de la pintura para satisfacer necesidades espec\u00edficas, exigencias de dise\u00f1o o de marca.","immagine":null},{"titolo":"Mando a distancia para el carro del polipasto","testo":"Bajo pedido puede incorporarse el mando a distancia para el carro del polipasto, lo que mejora el rendimiento, versatilidad y seguridad en las operaciones de manipulaci\u00f3n. Este sistema avanzado permite un control a distancia preciso e intuitivo, lo que optimiza la eficiencia y reduce los riesgos operativos.","immagine":null}],"prodotto_page_tabs_downloads":null,"prodotto_page_gallery":[14201,20124,14215,20131,14194,14208],"prodotto_page_customer_story_titolo":"","prodotto_page_customer_story_list":null,"prodotto_page_applicazioni_list":"- Agricoltura e Alimentare\r\n- Manifatturiero\r\n- Energetico\r\n- Edile e delle costruzioni\r\n- Tecnologie dell'informazione e ICT\r\n- Trasporti e logistica\r\n- Commercio al dettaglio\r\n- Culturale e dell'intrattenimento\r\n- Ambientale e della sostenibilit\u00e0\r\n- Ricerca e sviluppo\r\n- Arti e Artigianato","prodotto_page_faq_list":null,"prodotto_page_testo_prodotti_correlati":"<h2>Productos relacionados<\/h2>\r\nExplora tambi\u00e9n estos productos y encuentra otras soluciones que se ajusten a ti.","prodotto_page_lista_prodotti_correlati":"- C\r\n- GSM\r\n- CMR","prodotto_page_titolo_componenti_3d":"","prodotto_page_immagine_iniziale_componenti_3d":null,"prodotto_page_lista_componenti_3d":null,"prodotto_page_titolo_slider_configurazioni":"Producto y configuraciones","prodotto_page_lista_immgini_slider_configurazioni":[{"etichetta":"Vista frontal","immagine":14229},{"etichetta":"Vista desde arriba","immagine":14243},{"etichetta":"Perspectiva","immagine":14236}],"prodotto_page_titolo_slider_configurazioni_2":"<h2><\/h2>","prodotto_page_lista_immgini_slider_configurazioni_2":null,"seo_title":"Gr\u00faas monorra\u00edl rectil\u00edneas capacidad 5.000 kg | OMIS","seo_description":"La gr\u00faa monorra\u00edl rectil\u00ednea es ideal para espacios peque\u00f1os y desplazamientos lineales de las cargas sin interrumpir la producci\u00f3n. Puede instalarse en el techo, en columnas o estructuras personalizadas y facilita la elevaci\u00f3n y manipulaci\u00f3n en estanter\u00edas y bancos de trabajo. Es perfecta para almacenamiento, cadenas de montaje y operaciones de carga\/descarga. Saber m\u00e1s."},"yoast_head":"<!-- This site is optimized with the Yoast SEO plugin v23.9 - https:\/\/yoast.com\/wordpress\/plugins\/seo\/ -->\n<title>Gr\u00faas monorra\u00edl rectil\u00edneas capacidad 5.000 kg | OMIS<\/title>\n<meta name=\"description\" content=\"La gr\u00faa monorra\u00edl rectil\u00ednea es ideal para espacios peque\u00f1os y desplazamientos lineales de las cargas sin interrumpir la producci\u00f3n. Puede instalarse en el techo, en columnas o estructuras personalizadas y facilita la elevaci\u00f3n y manipulaci\u00f3n en estanter\u00edas y bancos de trabajo. Es perfecta para almacenamiento, cadenas de montaje y operaciones de carga\/descarga. Saber m\u00e1s.\" \/>\n<meta name=\"robots\" content=\"index, follow, max-snippet:-1, max-image-preview:large, max-video-preview:-1\" \/>\n<meta property=\"og:locale\" content=\"es_ES\" \/>\n<meta property=\"og:type\" content=\"article\" \/>\n<meta property=\"og:title\" content=\"Gr\u00faas monorra\u00edl rectil\u00edneas capacidad 5.000 kg | OMIS\" \/>\n<meta property=\"og:description\" content=\"La gr\u00faa monorra\u00edl rectil\u00ednea es ideal para espacios peque\u00f1os y desplazamientos lineales de las cargas sin interrumpir la producci\u00f3n. Puede instalarse en el techo, en columnas o estructuras personalizadas y facilita la elevaci\u00f3n y manipulaci\u00f3n en estanter\u00edas y bancos de trabajo. Es perfecta para almacenamiento, cadenas de montaje y operaciones de carga\/descarga. Saber m\u00e1s.\" \/>\n<meta property=\"og:url\" content=\"https:\/\/www.omis.net\/es-es\/producto\/grua-monorrail-rectilinea\/\" \/>\n<meta property=\"og:site_name\" content=\"Omis Spa\" \/>\n<meta property=\"article:publisher\" content=\"https:\/\/www.facebook.com\/omisgroup\" \/>\n<meta property=\"article:modified_time\" content=\"2025-02-03T17:00:10+00:00\" \/>\n<meta property=\"og:image\" content=\"https:\/\/media.omis.net\/media\/2024\/12\/profile-monorail-250kg-production-front-view-example-omis-1-scaled.webp\" \/>\n\t<meta property=\"og:image:width\" content=\"2560\" \/>\n\t<meta property=\"og:image:height\" content=\"1708\" \/>\n\t<meta property=\"og:image:type\" content=\"image\/webp\" \/>\n<meta name=\"twitter:card\" content=\"summary_large_image\" \/>\n<meta name=\"twitter:label1\" content=\"Est. reading time\" \/>\n\t<meta name=\"twitter:data1\" content=\"1 minute\" \/>\n<script type=\"application\/ld+json\" class=\"yoast-schema-graph\">{\"@context\":\"https:\/\/schema.org\",\"@graph\":[{\"@type\":\"WebPage\",\"@id\":\"https:\/\/www.omis.net\/es-es\/producto\/grua-monorrail-rectilinea\/\",\"url\":\"https:\/\/www.omis.net\/es-es\/producto\/grua-monorrail-rectilinea\/\",\"name\":\"Gr\u00faas monorra\u00edl rectil\u00edneas capacidad 5.000 kg | OMIS\",\"isPartOf\":{\"@id\":\"https:\/\/www.omis.net\/it-it\/#website\"},\"primaryImageOfPage\":{\"@id\":\"https:\/\/www.omis.net\/es-es\/producto\/grua-monorrail-rectilinea\/#primaryimage\"},\"image\":{\"@id\":\"https:\/\/www.omis.net\/es-es\/producto\/grua-monorrail-rectilinea\/#primaryimage\"},\"thumbnailUrl\":\"https:\/\/media.omis.net\/media\/2024\/12\/profile-monorail-250kg-production-front-view-example-omis-1-scaled.webp\",\"datePublished\":\"2024-12-18T10:02:53+00:00\",\"dateModified\":\"2025-02-03T17:00:10+00:00\",\"description\":\"La gr\u00faa monorra\u00edl rectil\u00ednea es ideal para espacios peque\u00f1os y desplazamientos lineales de las cargas sin interrumpir la producci\u00f3n. Puede instalarse en el techo, en columnas o estructuras personalizadas y facilita la elevaci\u00f3n y manipulaci\u00f3n en estanter\u00edas y bancos de trabajo. Es perfecta para almacenamiento, cadenas de montaje y operaciones de carga\/descarga. Saber m\u00e1s.\",\"breadcrumb\":{\"@id\":\"https:\/\/www.omis.net\/es-es\/producto\/grua-monorrail-rectilinea\/#breadcrumb\"},\"inLanguage\":\"es-es\",\"potentialAction\":[{\"@type\":\"ReadAction\",\"target\":[\"https:\/\/www.omis.net\/es-es\/producto\/grua-monorrail-rectilinea\/\"]}]},{\"@type\":\"ImageObject\",\"inLanguage\":\"es-es\",\"@id\":\"https:\/\/www.omis.net\/es-es\/producto\/grua-monorrail-rectilinea\/#primaryimage\",\"url\":\"https:\/\/media.omis.net\/media\/2024\/12\/profile-monorail-250kg-production-front-view-example-omis-1-scaled.webp\",\"contentUrl\":\"https:\/\/media.omis.net\/media\/2024\/12\/profile-monorail-250kg-production-front-view-example-omis-1-scaled.webp\",\"width\":2560,\"height\":1708,\"caption\":\"header - Profile monorail 250kg production front view Omis\"},{\"@type\":\"BreadcrumbList\",\"@id\":\"https:\/\/www.omis.net\/es-es\/producto\/grua-monorrail-rectilinea\/#breadcrumb\",\"itemListElement\":[{\"@type\":\"ListItem\",\"position\":1,\"name\":\"Home\",\"item\":\"https:\/\/www.omis.net\/es-es\/pagina-de-inicio\/\"},{\"@type\":\"ListItem\",\"position\":2,\"name\":\"Gr\u00faa monorra\u00edl rectil\u00ednea\"}]},{\"@type\":\"WebSite\",\"@id\":\"https:\/\/www.omis.net\/it-it\/#website\",\"url\":\"https:\/\/www.omis.net\/it-it\/\",\"name\":\"Omis Spa\",\"description\":\"Movimentazione e sollevamento\",\"publisher\":{\"@id\":\"https:\/\/www.omis.net\/it-it\/#organization\"},\"potentialAction\":[{\"@type\":\"SearchAction\",\"target\":{\"@type\":\"EntryPoint\",\"urlTemplate\":\"https:\/\/www.omis.net\/it-it\/?s={search_term_string}\"},\"query-input\":{\"@type\":\"PropertyValueSpecification\",\"valueRequired\":true,\"valueName\":\"search_term_string\"}}],\"inLanguage\":\"es-es\"},{\"@type\":\"Organization\",\"@id\":\"https:\/\/www.omis.net\/it-it\/#organization\",\"name\":\"Omis Spa\",\"url\":\"https:\/\/www.omis.net\/it-it\/\",\"logo\":{\"@type\":\"ImageObject\",\"inLanguage\":\"es-es\",\"@id\":\"https:\/\/www.omis.net\/it-it\/#\/schema\/logo\/image\/\",\"url\":\"https:\/\/media.omis.net\/media\/2024\/08\/logo.jpg\",\"contentUrl\":\"https:\/\/media.omis.net\/media\/2024\/08\/logo.jpg\",\"width\":300,\"height\":300,\"caption\":\"Omis Spa\"},\"image\":{\"@id\":\"https:\/\/www.omis.net\/it-it\/#\/schema\/logo\/image\/\"},\"sameAs\":[\"https:\/\/www.facebook.com\/omisgroup\",\"https:\/\/www.linkedin.com\/company\/omis-group\",\"https:\/\/www.youtube.com\/channel\/UCS4L59XDk3kKBI9MnjuxWDw\",\"https:\/\/www.instagram.com\/omisgroup\"]}]}<\/script>\n<!-- \/ Yoast SEO plugin. -->","yoast_head_json":{"title":"Gr\u00faas monorra\u00edl rectil\u00edneas capacidad 5.000 kg | OMIS","description":"La gr\u00faa monorra\u00edl rectil\u00ednea es ideal para espacios peque\u00f1os y desplazamientos lineales de las cargas sin interrumpir la producci\u00f3n. Puede instalarse en el techo, en columnas o estructuras personalizadas y facilita la elevaci\u00f3n y manipulaci\u00f3n en estanter\u00edas y bancos de trabajo. Es perfecta para almacenamiento, cadenas de montaje y operaciones de carga\/descarga. Saber m\u00e1s.","robots":{"index":"index","follow":"follow","max-snippet":"max-snippet:-1","max-image-preview":"max-image-preview:large","max-video-preview":"max-video-preview:-1"},"og_locale":"es_ES","og_type":"article","og_title":"Gr\u00faas monorra\u00edl rectil\u00edneas capacidad 5.000 kg | OMIS","og_description":"La gr\u00faa monorra\u00edl rectil\u00ednea es ideal para espacios peque\u00f1os y desplazamientos lineales de las cargas sin interrumpir la producci\u00f3n. Puede instalarse en el techo, en columnas o estructuras personalizadas y facilita la elevaci\u00f3n y manipulaci\u00f3n en estanter\u00edas y bancos de trabajo. Es perfecta para almacenamiento, cadenas de montaje y operaciones de carga\/descarga. Saber m\u00e1s.","og_url":"https:\/\/www.omis.net\/es-es\/producto\/grua-monorrail-rectilinea\/","og_site_name":"Omis Spa","article_publisher":"https:\/\/www.facebook.com\/omisgroup","article_modified_time":"2025-02-03T17:00:10+00:00","og_image":[{"width":2560,"height":1708,"url":"https:\/\/media.omis.net\/media\/2024\/12\/profile-monorail-250kg-production-front-view-example-omis-1-scaled.webp","type":"image\/webp"}],"twitter_card":"summary_large_image","twitter_misc":{"Est. reading time":"1 minute"},"schema":{"@context":"https:\/\/schema.org","@graph":[{"@type":"WebPage","@id":"https:\/\/www.omis.net\/es-es\/producto\/grua-monorrail-rectilinea\/","url":"https:\/\/www.omis.net\/es-es\/producto\/grua-monorrail-rectilinea\/","name":"Gr\u00faas monorra\u00edl rectil\u00edneas capacidad 5.000 kg | OMIS","isPartOf":{"@id":"https:\/\/www.omis.net\/it-it\/#website"},"primaryImageOfPage":{"@id":"https:\/\/www.omis.net\/es-es\/producto\/grua-monorrail-rectilinea\/#primaryimage"},"image":{"@id":"https:\/\/www.omis.net\/es-es\/producto\/grua-monorrail-rectilinea\/#primaryimage"},"thumbnailUrl":"https:\/\/media.omis.net\/media\/2024\/12\/profile-monorail-250kg-production-front-view-example-omis-1-scaled.webp","datePublished":"2024-12-18T10:02:53+00:00","dateModified":"2025-02-03T17:00:10+00:00","description":"La gr\u00faa monorra\u00edl rectil\u00ednea es ideal para espacios peque\u00f1os y desplazamientos lineales de las cargas sin interrumpir la producci\u00f3n. Puede instalarse en el techo, en columnas o estructuras personalizadas y facilita la elevaci\u00f3n y manipulaci\u00f3n en estanter\u00edas y bancos de trabajo. Es perfecta para almacenamiento, cadenas de montaje y operaciones de carga\/descarga. Saber m\u00e1s.","breadcrumb":{"@id":"https:\/\/www.omis.net\/es-es\/producto\/grua-monorrail-rectilinea\/#breadcrumb"},"inLanguage":"es-es","potentialAction":[{"@type":"ReadAction","target":["https:\/\/www.omis.net\/es-es\/producto\/grua-monorrail-rectilinea\/"]}]},{"@type":"ImageObject","inLanguage":"es-es","@id":"https:\/\/www.omis.net\/es-es\/producto\/grua-monorrail-rectilinea\/#primaryimage","url":"https:\/\/media.omis.net\/media\/2024\/12\/profile-monorail-250kg-production-front-view-example-omis-1-scaled.webp","contentUrl":"https:\/\/media.omis.net\/media\/2024\/12\/profile-monorail-250kg-production-front-view-example-omis-1-scaled.webp","width":2560,"height":1708,"caption":"header - Profile monorail 250kg production front view Omis"},{"@type":"BreadcrumbList","@id":"https:\/\/www.omis.net\/es-es\/producto\/grua-monorrail-rectilinea\/#breadcrumb","itemListElement":[{"@type":"ListItem","position":1,"name":"Home","item":"https:\/\/www.omis.net\/es-es\/pagina-de-inicio\/"},{"@type":"ListItem","position":2,"name":"Gr\u00faa monorra\u00edl rectil\u00ednea"}]},{"@type":"WebSite","@id":"https:\/\/www.omis.net\/it-it\/#website","url":"https:\/\/www.omis.net\/it-it\/","name":"Omis Spa","description":"Movimentazione e sollevamento","publisher":{"@id":"https:\/\/www.omis.net\/it-it\/#organization"},"potentialAction":[{"@type":"SearchAction","target":{"@type":"EntryPoint","urlTemplate":"https:\/\/www.omis.net\/it-it\/?s={search_term_string}"},"query-input":{"@type":"PropertyValueSpecification","valueRequired":true,"valueName":"search_term_string"}}],"inLanguage":"es-es"},{"@type":"Organization","@id":"https:\/\/www.omis.net\/it-it\/#organization","name":"Omis Spa","url":"https:\/\/www.omis.net\/it-it\/","logo":{"@type":"ImageObject","inLanguage":"es-es","@id":"https:\/\/www.omis.net\/it-it\/#\/schema\/logo\/image\/","url":"https:\/\/media.omis.net\/media\/2024\/08\/logo.jpg","contentUrl":"https:\/\/media.omis.net\/media\/2024\/08\/logo.jpg","width":300,"height":300,"caption":"Omis Spa"},"image":{"@id":"https:\/\/www.omis.net\/it-it\/#\/schema\/logo\/image\/"},"sameAs":["https:\/\/www.facebook.com\/omisgroup","https:\/\/www.linkedin.com\/company\/omis-group","https:\/\/www.youtube.com\/channel\/UCS4L59XDk3kKBI9MnjuxWDw","https:\/\/www.instagram.com\/omisgroup"]}]}},"_links":{"self":[{"href":"https:\/\/www.omis.net\/es-es\/wp-json\/wp\/v2\/product\/7393"}],"collection":[{"href":"https:\/\/www.omis.net\/es-es\/wp-json\/wp\/v2\/product"}],"about":[{"href":"https:\/\/www.omis.net\/es-es\/wp-json\/wp\/v2\/types\/product"}],"acf:attachment":[{"embeddable":true,"href":"https:\/\/www.omis.net\/es-es\/wp-json\/wp\/v2\/media\/14208"},{"embeddable":true,"href":"https:\/\/www.omis.net\/es-es\/wp-json\/wp\/v2\/media\/14194"},{"embeddable":true,"href":"https:\/\/www.omis.net\/es-es\/wp-json\/wp\/v2\/media\/20131"},{"embeddable":true,"href":"https:\/\/www.omis.net\/es-es\/wp-json\/wp\/v2\/media\/14215"},{"embeddable":true,"href":"https:\/\/www.omis.net\/es-es\/wp-json\/wp\/v2\/media\/20124"},{"embeddable":true,"href":"https:\/\/www.omis.net\/es-es\/wp-json\/wp\/v2\/media\/14201"},{"embeddable":true,"href":"https:\/\/www.omis.net\/es-es\/wp-json\/wp\/v2\/media\/14222"}],"wp:featuredmedia":[{"embeddable":true,"href":"https:\/\/www.omis.net\/es-es\/wp-json\/wp\/v2\/media\/14250"}],"wp:attachment":[{"href":"https:\/\/www.omis.net\/es-es\/wp-json\/wp\/v2\/media?parent=7393"}],"wp:term":[{"taxonomy":"caratteristica-prodotto","embeddable":true,"href":"https:\/\/www.omis.net\/es-es\/wp-json\/wp\/v2\/caratteristica-prodotto?post=7393"},{"taxonomy":"tipologia-prodotto","embeddable":true,"href":"https:\/\/www.omis.net\/es-es\/wp-json\/wp\/v2\/tipologia-prodotto?post=7393"}],"curies":[{"name":"wp","href":"https:\/\/api.w.org\/{rel}","templated":true}]}}