{"id":7388,"date":"2024-12-18T11:00:49","date_gmt":"2024-12-18T10:00:49","guid":{"rendered":"http:\/\/bedrock.local\/product\/mte\/"},"modified":"2025-02-03T19:06:53","modified_gmt":"2025-02-03T18:06:53","slug":"grua-bandera-de-mensula-con-brazo-de-viga-en-voladizo-y-rotacion-electrica","status":"publish","type":"product","link":"https:\/\/www.omis.net\/es-es\/producto\/grua-bandera-de-mensula-con-brazo-de-viga-en-voladizo-y-rotacion-electrica\/","title":{"rendered":"Gr\u00faa bandera de m\u00e9nsula con brazo de viga en voladizo y rotaci\u00f3n el\u00e9ctrica"},"content":{"rendered":"","protected":false},"featured_media":13313,"parent":0,"template":"","caratteristica-prodotto":[1012],"tipologia-prodotto":[709,715,727],"class_list":["post-7388","product","type-product","status-publish","has-post-thumbnail","hentry","caratteristica-prodotto-rotacion-electrica","tipologia-prodotto-gruas-para-puestos-de-trabajo","tipologia-prodotto-grua-bandera","tipologia-prodotto-de-mensula"],"acf":{"import_csv_id":"30","prodotto_generale_sku":"MTE","prodotto_listing_card_descrizione":"La gr\u00faa de m\u00e9nsula el\u00e9ctrica para utilizarla donde no se permite usar la columna, cuando la carga es pesada y hay que aprovechar al m\u00e1ximo la altura del espacio.","prodotto_listing_card_caratteristiche":null,"prodotto_page_gradient_hero":false,"prodotto_page_titolo_hero":"Gran capacidad y excelente aprovechamiento del espacio.","prodotto_page_gallery_hero":[13257,13264],"prodotto_page_descrizione_3_colonne_posizione":false,"prodotto_page_descrizione_3_colonne":[{"valore":"2000","unita_di_misura":"kg","etichetta":"Capacidad m\u00e1x."},{"valore":"8","unita_di_misura":"m","etichetta":"Alcance m\u00e1x."},{"valore":"270\u00b0","unita_di_misura":"","etichetta":"Rotaci\u00f3n"}],"prodotto_page_descrizione_titolo":"Gr\u00faa bandera de m\u00e9nsula con brazo de viga en voladizo y rotaci\u00f3n el\u00e9ctrica con capacidad hasta 2.000 kg","prodotto_page_descrizione_3_colonne_testo":"<strong>La Gr\u00faa bandera de m\u00e9nsula con rotaci\u00f3n el\u00e9ctrica de 270\u00b0 satisface las necesidades de aplicaciones industriales u operaciones en las que las gr\u00faas tradicionales con rotaci\u00f3n manual no pueden afrontar la consistencia de las cargas o las fuerzas de empuje.<\/strong>\r\n\r\nLa viga de esta Gr\u00faa bandera es autoportante en voladizo, sin tirantes de refuerzo. La rotaci\u00f3n del brazo depende de un sistema motorreductor\/junta conectado al perno de rotaci\u00f3n y regulado con inverter; el reductor epicicloidal lo activa un motor el\u00e9ctrico autofrenante con arranque progresivo. Cables flexibles ign\u00edfugos, suspendidos de carros deslizantes bajo el brazo, forman la l\u00ednea el\u00e9ctrica para alimentar el carro del polipasto. La Gr\u00faa bandera de m\u00e9nsula con rotaci\u00f3n el\u00e9ctrica de 270\u00b0 se suministra con botonera que cuelga del polipasto o deslizante independiente seg\u00fan las necesidades operativas.\r\nPueden instalarse finales de carrera si hay que delimitar el campo de balanceo del brazo.","prodotto_page_descrizione_titolo_vantaggi":"Ventajas de la Gr\u00faa bandera de m\u00e9nsula con brazo de viga en voladizo y rotaci\u00f3n el\u00e9ctrica","prodotto_page_descrizione_vantaggi":[{"titolo":"Sin estorbos en el suelo","testo":"","link":"","archivio_prodotti":null},{"titolo":"Aumento de la carrera del gancho disponible","testo":"","link":"","archivio_prodotti":null},{"titolo":"Funcionamiento vers\u00e1til","testo":"","link":"","archivio_prodotti":null},{"titolo":"Control preciso","testo":"","link":"","archivio_prodotti":null},{"titolo":"Aumento de la productividad y seguridad","testo":"","link":"","archivio_prodotti":null}],"prodotto_page_tabs_dati_tecnici":[{"etichetta":"Capacidad","valore":"125 kg - 2000 kg"},{"etichetta":"Alcance","valore":"Hasta 8 m seg\u00fan la capacidad"},{"etichetta":"Perfil alcance","valore":"Perfil con viga doble T sin tirantes de refuerzo"},{"etichetta":"Rotaci\u00f3n","valore":"270\u00b0 con tope de regulaci\u00f3n ajustable en obra seg\u00fan los obst\u00e1culos arquitect\u00f3nicos"},{"etichetta":"Rotaci\u00f3n","valore":"El\u00e9ctrica"},{"etichetta":"Velocidad perif\u00e9rica","valore":"~18 m\/min"},{"etichetta":"M\u00e9nsula","valore":"La m\u00e9nsula de soporte, los tirantes y las contrabridas se fabrican seg\u00fan el tama\u00f1o que requiere el pilar."},{"etichetta":"Polipasto","valore":"Polipasto el\u00e9ctrico de cadena para elevar la carga, de una o dos velocidades de elevaci\u00f3n, con carro de traslaci\u00f3n el\u00e9ctrico, de empuje o mec\u00e1nico."},{"etichetta":"Dispositivo de frenado","valore":"Consta de una embrague ajustable con tornillo que permite regular el esfuerzo de rotaci\u00f3n del brazo y garantiza la estabilidad de colocaci\u00f3n."}],"prodotto_page_tabs_optionals":[{"titolo":"Pintura personalizada","testo":"Se puede personalizar el color de la pintura para satisfacer necesidades espec\u00edficas, exigencias de dise\u00f1o o de marca.","immagine":null}],"prodotto_page_tabs_downloads":null,"prodotto_page_gallery":[null],"prodotto_page_customer_story_titolo":"","prodotto_page_customer_story_list":null,"prodotto_page_applicazioni_list":"- Agricoltura e Alimentare\r\n- Manifatturiero\r\n- Energetico\r\n- Edile e delle costruzioni\r\n- Tecnologie dell'informazione e ICT\r\n- Trasporti e logistica\r\n- Commercio al dettaglio\r\n- Culturale e dell'intrattenimento\r\n- Ambientale e della sostenibilit\u00e0\r\n- Ricerca e sviluppo\r\n- Arti e Artigianato","prodotto_page_faq_list":null,"prodotto_page_testo_prodotti_correlati":"<h2>Productos relacionados<\/h2>\r\nExplora tambi\u00e9n estos productos y encuentra otras soluciones que se ajusten a ti.","prodotto_page_lista_prodotti_correlati":"- CM\r\n- M2TE\r\n- BILIF","prodotto_page_titolo_componenti_3d":"","prodotto_page_immagine_iniziale_componenti_3d":null,"prodotto_page_lista_componenti_3d":null,"prodotto_page_titolo_slider_configurazioni":"Producto y configuraciones","prodotto_page_lista_immgini_slider_configurazioni":[{"etichetta":"Uni\u00f3n ancha","immagine":13285},{"etichetta":"Vista desde arriba","immagine":13292},{"etichetta":"Perspectiva","immagine":13278},{"etichetta":"Doble brazo","immagine":13306},{"etichetta":"Uni\u00f3n estrecha","immagine":13271},{"etichetta":"Doble brazo","immagine":13299}],"prodotto_page_titolo_slider_configurazioni_2":"<h2><\/h2>","prodotto_page_lista_immgini_slider_configurazioni_2":null,"seo_title":"Gr\u00faa bandera de m\u00e9nsula, rotaci\u00f3n de 270\u00b0, capacidad 2.000 kg | OMIS","seo_description":"La Gr\u00faa bandera de m\u00e9nsula con rotaci\u00f3n el\u00e9ctrica de 270\u00b0 con capacidad hasta 2.000 kg. La viga en voladizo es autoportante, sin tirantes. La rotaci\u00f3n la controla un motorreductor con inverter y reductor epicicloidal. Los cables ign\u00edfugos alimentan el polipasto con carros deslizantes. Suministrada con botonera colgante o deslizante, puede tener finales de carrera para limitar la rotaci\u00f3n. Saber m\u00e1s."},"yoast_head":"<!-- This site is optimized with the Yoast SEO plugin v23.9 - https:\/\/yoast.com\/wordpress\/plugins\/seo\/ -->\n<title>Gr\u00faa bandera de m\u00e9nsula, rotaci\u00f3n de 270\u00b0, capacidad 2.000 kg | OMIS<\/title>\n<meta name=\"description\" content=\"La Gr\u00faa bandera de m\u00e9nsula con rotaci\u00f3n el\u00e9ctrica de 270\u00b0 con capacidad hasta 2.000 kg. La viga en voladizo es autoportante, sin tirantes. La rotaci\u00f3n la controla un motorreductor con inverter y reductor epicicloidal. Los cables ign\u00edfugos alimentan el polipasto con carros deslizantes. Suministrada con botonera colgante o deslizante, puede tener finales de carrera para limitar la rotaci\u00f3n. Saber m\u00e1s.\" \/>\n<meta name=\"robots\" content=\"index, follow, max-snippet:-1, max-image-preview:large, max-video-preview:-1\" \/>\n<meta property=\"og:locale\" content=\"es_ES\" \/>\n<meta property=\"og:type\" content=\"article\" \/>\n<meta property=\"og:title\" content=\"Gr\u00faa bandera de m\u00e9nsula, rotaci\u00f3n de 270\u00b0, capacidad 2.000 kg | OMIS\" \/>\n<meta property=\"og:description\" content=\"La Gr\u00faa bandera de m\u00e9nsula con rotaci\u00f3n el\u00e9ctrica de 270\u00b0 con capacidad hasta 2.000 kg. La viga en voladizo es autoportante, sin tirantes. La rotaci\u00f3n la controla un motorreductor con inverter y reductor epicicloidal. Los cables ign\u00edfugos alimentan el polipasto con carros deslizantes. Suministrada con botonera colgante o deslizante, puede tener finales de carrera para limitar la rotaci\u00f3n. Saber m\u00e1s.\" \/>\n<meta property=\"og:url\" content=\"https:\/\/www.omis.net\/es-es\/producto\/grua-bandera-de-mensula-con-brazo-de-viga-en-voladizo-y-rotacion-electrica\/\" \/>\n<meta property=\"og:site_name\" content=\"Omis Spa\" \/>\n<meta property=\"article:publisher\" content=\"https:\/\/www.facebook.com\/omisgroup\" \/>\n<meta property=\"article:modified_time\" content=\"2025-02-03T18:06:53+00:00\" \/>\n<meta property=\"og:image\" content=\"https:\/\/media.omis.net\/media\/2024\/12\/profile-MTEjib-crane-mte-500kg-wide-connection-front-3d-omis-scaled.webp\" \/>\n\t<meta property=\"og:image:width\" content=\"2560\" \/>\n\t<meta property=\"og:image:height\" content=\"1440\" \/>\n\t<meta property=\"og:image:type\" content=\"image\/webp\" \/>\n<meta name=\"twitter:card\" content=\"summary_large_image\" \/>\n<meta name=\"twitter:label1\" content=\"Est. reading time\" \/>\n\t<meta name=\"twitter:data1\" content=\"1 minute\" \/>\n<script type=\"application\/ld+json\" class=\"yoast-schema-graph\">{\"@context\":\"https:\/\/schema.org\",\"@graph\":[{\"@type\":\"WebPage\",\"@id\":\"https:\/\/www.omis.net\/es-es\/producto\/grua-bandera-de-mensula-con-brazo-de-viga-en-voladizo-y-rotacion-electrica\/\",\"url\":\"https:\/\/www.omis.net\/es-es\/producto\/grua-bandera-de-mensula-con-brazo-de-viga-en-voladizo-y-rotacion-electrica\/\",\"name\":\"Gr\u00faa bandera de m\u00e9nsula, rotaci\u00f3n de 270\u00b0, capacidad 2.000 kg | OMIS\",\"isPartOf\":{\"@id\":\"https:\/\/www.omis.net\/it-it\/#website\"},\"primaryImageOfPage\":{\"@id\":\"https:\/\/www.omis.net\/es-es\/producto\/grua-bandera-de-mensula-con-brazo-de-viga-en-voladizo-y-rotacion-electrica\/#primaryimage\"},\"image\":{\"@id\":\"https:\/\/www.omis.net\/es-es\/producto\/grua-bandera-de-mensula-con-brazo-de-viga-en-voladizo-y-rotacion-electrica\/#primaryimage\"},\"thumbnailUrl\":\"https:\/\/media.omis.net\/media\/2024\/12\/profile-MTEjib-crane-mte-500kg-wide-connection-front-3d-omis-scaled.webp\",\"datePublished\":\"2024-12-18T10:00:49+00:00\",\"dateModified\":\"2025-02-03T18:06:53+00:00\",\"description\":\"La Gr\u00faa bandera de m\u00e9nsula con rotaci\u00f3n el\u00e9ctrica de 270\u00b0 con capacidad hasta 2.000 kg. La viga en voladizo es autoportante, sin tirantes. La rotaci\u00f3n la controla un motorreductor con inverter y reductor epicicloidal. Los cables ign\u00edfugos alimentan el polipasto con carros deslizantes. Suministrada con botonera colgante o deslizante, puede tener finales de carrera para limitar la rotaci\u00f3n. Saber m\u00e1s.\",\"breadcrumb\":{\"@id\":\"https:\/\/www.omis.net\/es-es\/producto\/grua-bandera-de-mensula-con-brazo-de-viga-en-voladizo-y-rotacion-electrica\/#breadcrumb\"},\"inLanguage\":\"es-es\",\"potentialAction\":[{\"@type\":\"ReadAction\",\"target\":[\"https:\/\/www.omis.net\/es-es\/producto\/grua-bandera-de-mensula-con-brazo-de-viga-en-voladizo-y-rotacion-electrica\/\"]}]},{\"@type\":\"ImageObject\",\"inLanguage\":\"es-es\",\"@id\":\"https:\/\/www.omis.net\/es-es\/producto\/grua-bandera-de-mensula-con-brazo-de-viga-en-voladizo-y-rotacion-electrica\/#primaryimage\",\"url\":\"https:\/\/media.omis.net\/media\/2024\/12\/profile-MTEjib-crane-mte-500kg-wide-connection-front-3d-omis-scaled.webp\",\"contentUrl\":\"https:\/\/media.omis.net\/media\/2024\/12\/profile-MTEjib-crane-mte-500kg-wide-connection-front-3d-omis-scaled.webp\",\"width\":2560,\"height\":1440,\"caption\":\"header - Profile mtejib crane mte 500kg wide connection front 3d Omis\"},{\"@type\":\"BreadcrumbList\",\"@id\":\"https:\/\/www.omis.net\/es-es\/producto\/grua-bandera-de-mensula-con-brazo-de-viga-en-voladizo-y-rotacion-electrica\/#breadcrumb\",\"itemListElement\":[{\"@type\":\"ListItem\",\"position\":1,\"name\":\"Home\",\"item\":\"https:\/\/www.omis.net\/es-es\/pagina-de-inicio\/\"},{\"@type\":\"ListItem\",\"position\":2,\"name\":\"Gr\u00faa bandera de m\u00e9nsula con brazo de viga en voladizo y rotaci\u00f3n el\u00e9ctrica\"}]},{\"@type\":\"WebSite\",\"@id\":\"https:\/\/www.omis.net\/it-it\/#website\",\"url\":\"https:\/\/www.omis.net\/it-it\/\",\"name\":\"Omis Spa\",\"description\":\"Movimentazione e sollevamento\",\"publisher\":{\"@id\":\"https:\/\/www.omis.net\/it-it\/#organization\"},\"potentialAction\":[{\"@type\":\"SearchAction\",\"target\":{\"@type\":\"EntryPoint\",\"urlTemplate\":\"https:\/\/www.omis.net\/it-it\/?s={search_term_string}\"},\"query-input\":{\"@type\":\"PropertyValueSpecification\",\"valueRequired\":true,\"valueName\":\"search_term_string\"}}],\"inLanguage\":\"es-es\"},{\"@type\":\"Organization\",\"@id\":\"https:\/\/www.omis.net\/it-it\/#organization\",\"name\":\"Omis Spa\",\"url\":\"https:\/\/www.omis.net\/it-it\/\",\"logo\":{\"@type\":\"ImageObject\",\"inLanguage\":\"es-es\",\"@id\":\"https:\/\/www.omis.net\/it-it\/#\/schema\/logo\/image\/\",\"url\":\"https:\/\/media.omis.net\/media\/2024\/08\/logo.jpg\",\"contentUrl\":\"https:\/\/media.omis.net\/media\/2024\/08\/logo.jpg\",\"width\":300,\"height\":300,\"caption\":\"Omis Spa\"},\"image\":{\"@id\":\"https:\/\/www.omis.net\/it-it\/#\/schema\/logo\/image\/\"},\"sameAs\":[\"https:\/\/www.facebook.com\/omisgroup\",\"https:\/\/www.linkedin.com\/company\/omis-group\",\"https:\/\/www.youtube.com\/channel\/UCS4L59XDk3kKBI9MnjuxWDw\",\"https:\/\/www.instagram.com\/omisgroup\"]}]}<\/script>\n<!-- \/ Yoast SEO plugin. -->","yoast_head_json":{"title":"Gr\u00faa bandera de m\u00e9nsula, rotaci\u00f3n de 270\u00b0, capacidad 2.000 kg | OMIS","description":"La Gr\u00faa bandera de m\u00e9nsula con rotaci\u00f3n el\u00e9ctrica de 270\u00b0 con capacidad hasta 2.000 kg. La viga en voladizo es autoportante, sin tirantes. La rotaci\u00f3n la controla un motorreductor con inverter y reductor epicicloidal. Los cables ign\u00edfugos alimentan el polipasto con carros deslizantes. Suministrada con botonera colgante o deslizante, puede tener finales de carrera para limitar la rotaci\u00f3n. Saber m\u00e1s.","robots":{"index":"index","follow":"follow","max-snippet":"max-snippet:-1","max-image-preview":"max-image-preview:large","max-video-preview":"max-video-preview:-1"},"og_locale":"es_ES","og_type":"article","og_title":"Gr\u00faa bandera de m\u00e9nsula, rotaci\u00f3n de 270\u00b0, capacidad 2.000 kg | OMIS","og_description":"La Gr\u00faa bandera de m\u00e9nsula con rotaci\u00f3n el\u00e9ctrica de 270\u00b0 con capacidad hasta 2.000 kg. La viga en voladizo es autoportante, sin tirantes. La rotaci\u00f3n la controla un motorreductor con inverter y reductor epicicloidal. Los cables ign\u00edfugos alimentan el polipasto con carros deslizantes. Suministrada con botonera colgante o deslizante, puede tener finales de carrera para limitar la rotaci\u00f3n. Saber m\u00e1s.","og_url":"https:\/\/www.omis.net\/es-es\/producto\/grua-bandera-de-mensula-con-brazo-de-viga-en-voladizo-y-rotacion-electrica\/","og_site_name":"Omis Spa","article_publisher":"https:\/\/www.facebook.com\/omisgroup","article_modified_time":"2025-02-03T18:06:53+00:00","og_image":[{"width":2560,"height":1440,"url":"https:\/\/media.omis.net\/media\/2024\/12\/profile-MTEjib-crane-mte-500kg-wide-connection-front-3d-omis-scaled.webp","type":"image\/webp"}],"twitter_card":"summary_large_image","twitter_misc":{"Est. reading time":"1 minute"},"schema":{"@context":"https:\/\/schema.org","@graph":[{"@type":"WebPage","@id":"https:\/\/www.omis.net\/es-es\/producto\/grua-bandera-de-mensula-con-brazo-de-viga-en-voladizo-y-rotacion-electrica\/","url":"https:\/\/www.omis.net\/es-es\/producto\/grua-bandera-de-mensula-con-brazo-de-viga-en-voladizo-y-rotacion-electrica\/","name":"Gr\u00faa bandera de m\u00e9nsula, rotaci\u00f3n de 270\u00b0, capacidad 2.000 kg | OMIS","isPartOf":{"@id":"https:\/\/www.omis.net\/it-it\/#website"},"primaryImageOfPage":{"@id":"https:\/\/www.omis.net\/es-es\/producto\/grua-bandera-de-mensula-con-brazo-de-viga-en-voladizo-y-rotacion-electrica\/#primaryimage"},"image":{"@id":"https:\/\/www.omis.net\/es-es\/producto\/grua-bandera-de-mensula-con-brazo-de-viga-en-voladizo-y-rotacion-electrica\/#primaryimage"},"thumbnailUrl":"https:\/\/media.omis.net\/media\/2024\/12\/profile-MTEjib-crane-mte-500kg-wide-connection-front-3d-omis-scaled.webp","datePublished":"2024-12-18T10:00:49+00:00","dateModified":"2025-02-03T18:06:53+00:00","description":"La Gr\u00faa bandera de m\u00e9nsula con rotaci\u00f3n el\u00e9ctrica de 270\u00b0 con capacidad hasta 2.000 kg. La viga en voladizo es autoportante, sin tirantes. La rotaci\u00f3n la controla un motorreductor con inverter y reductor epicicloidal. Los cables ign\u00edfugos alimentan el polipasto con carros deslizantes. Suministrada con botonera colgante o deslizante, puede tener finales de carrera para limitar la rotaci\u00f3n. Saber m\u00e1s.","breadcrumb":{"@id":"https:\/\/www.omis.net\/es-es\/producto\/grua-bandera-de-mensula-con-brazo-de-viga-en-voladizo-y-rotacion-electrica\/#breadcrumb"},"inLanguage":"es-es","potentialAction":[{"@type":"ReadAction","target":["https:\/\/www.omis.net\/es-es\/producto\/grua-bandera-de-mensula-con-brazo-de-viga-en-voladizo-y-rotacion-electrica\/"]}]},{"@type":"ImageObject","inLanguage":"es-es","@id":"https:\/\/www.omis.net\/es-es\/producto\/grua-bandera-de-mensula-con-brazo-de-viga-en-voladizo-y-rotacion-electrica\/#primaryimage","url":"https:\/\/media.omis.net\/media\/2024\/12\/profile-MTEjib-crane-mte-500kg-wide-connection-front-3d-omis-scaled.webp","contentUrl":"https:\/\/media.omis.net\/media\/2024\/12\/profile-MTEjib-crane-mte-500kg-wide-connection-front-3d-omis-scaled.webp","width":2560,"height":1440,"caption":"header - Profile mtejib crane mte 500kg wide connection front 3d Omis"},{"@type":"BreadcrumbList","@id":"https:\/\/www.omis.net\/es-es\/producto\/grua-bandera-de-mensula-con-brazo-de-viga-en-voladizo-y-rotacion-electrica\/#breadcrumb","itemListElement":[{"@type":"ListItem","position":1,"name":"Home","item":"https:\/\/www.omis.net\/es-es\/pagina-de-inicio\/"},{"@type":"ListItem","position":2,"name":"Gr\u00faa bandera de m\u00e9nsula con brazo de viga en voladizo y rotaci\u00f3n el\u00e9ctrica"}]},{"@type":"WebSite","@id":"https:\/\/www.omis.net\/it-it\/#website","url":"https:\/\/www.omis.net\/it-it\/","name":"Omis Spa","description":"Movimentazione e sollevamento","publisher":{"@id":"https:\/\/www.omis.net\/it-it\/#organization"},"potentialAction":[{"@type":"SearchAction","target":{"@type":"EntryPoint","urlTemplate":"https:\/\/www.omis.net\/it-it\/?s={search_term_string}"},"query-input":{"@type":"PropertyValueSpecification","valueRequired":true,"valueName":"search_term_string"}}],"inLanguage":"es-es"},{"@type":"Organization","@id":"https:\/\/www.omis.net\/it-it\/#organization","name":"Omis Spa","url":"https:\/\/www.omis.net\/it-it\/","logo":{"@type":"ImageObject","inLanguage":"es-es","@id":"https:\/\/www.omis.net\/it-it\/#\/schema\/logo\/image\/","url":"https:\/\/media.omis.net\/media\/2024\/08\/logo.jpg","contentUrl":"https:\/\/media.omis.net\/media\/2024\/08\/logo.jpg","width":300,"height":300,"caption":"Omis Spa"},"image":{"@id":"https:\/\/www.omis.net\/it-it\/#\/schema\/logo\/image\/"},"sameAs":["https:\/\/www.facebook.com\/omisgroup","https:\/\/www.linkedin.com\/company\/omis-group","https:\/\/www.youtube.com\/channel\/UCS4L59XDk3kKBI9MnjuxWDw","https:\/\/www.instagram.com\/omisgroup"]}]}},"_links":{"self":[{"href":"https:\/\/www.omis.net\/es-es\/wp-json\/wp\/v2\/product\/7388"}],"collection":[{"href":"https:\/\/www.omis.net\/es-es\/wp-json\/wp\/v2\/product"}],"about":[{"href":"https:\/\/www.omis.net\/es-es\/wp-json\/wp\/v2\/types\/product"}],"acf:attachment":[{"embeddable":true,"href":"https:\/\/www.omis.net\/es-es\/wp-json\/wp\/v2\/media\/"},{"embeddable":true,"href":"https:\/\/www.omis.net\/es-es\/wp-json\/wp\/v2\/media\/13264"},{"embeddable":true,"href":"https:\/\/www.omis.net\/es-es\/wp-json\/wp\/v2\/media\/13257"}],"wp:featuredmedia":[{"embeddable":true,"href":"https:\/\/www.omis.net\/es-es\/wp-json\/wp\/v2\/media\/13313"}],"wp:attachment":[{"href":"https:\/\/www.omis.net\/es-es\/wp-json\/wp\/v2\/media?parent=7388"}],"wp:term":[{"taxonomy":"caratteristica-prodotto","embeddable":true,"href":"https:\/\/www.omis.net\/es-es\/wp-json\/wp\/v2\/caratteristica-prodotto?post=7388"},{"taxonomy":"tipologia-prodotto","embeddable":true,"href":"https:\/\/www.omis.net\/es-es\/wp-json\/wp\/v2\/tipologia-prodotto?post=7388"}],"curies":[{"name":"wp","href":"https:\/\/api.w.org\/{rel}","templated":true}]}}