{"id":7386,"date":"2024-12-18T11:00:08","date_gmt":"2024-12-18T10:00:08","guid":{"rendered":"http:\/\/bedrock.local\/product\/ms\/"},"modified":"2025-02-03T19:10:46","modified_gmt":"2025-02-03T18:10:46","slug":"grua-bandera-de-mensula-con-brazo-articulado","status":"publish","type":"product","link":"https:\/\/www.omis.net\/es-es\/producto\/grua-bandera-de-mensula-con-brazo-articulado\/","title":{"rendered":"Gr\u00faa bandera de m\u00e9nsula con brazo articulado"},"content":{"rendered":"","protected":false},"featured_media":13506,"parent":0,"template":"","caratteristica-prodotto":[1011],"tipologia-prodotto":[709,715,727],"class_list":["post-7386","product","type-product","status-publish","has-post-thumbnail","hentry","caratteristica-prodotto-rotacion-manual","tipologia-prodotto-gruas-para-puestos-de-trabajo","tipologia-prodotto-grua-bandera","tipologia-prodotto-de-mensula"],"acf":{"import_csv_id":"28","prodotto_generale_sku":"MS","prodotto_listing_card_descrizione":"La gr\u00faa de m\u00e9nsula con brazo articulado permite acceder a puntos del \u00e1rea de trabajo que ser\u00edan inaccesibles debido a obst\u00e1culos y supera los l\u00edmites de los brazos r\u00edgidos tradicionales.","prodotto_listing_card_caratteristiche":null,"prodotto_page_gradient_hero":false,"prodotto_page_titolo_hero":"M\u00e1s precisi\u00f3n y versatilidad de movimiento.","prodotto_page_gallery_hero":[13450,13457],"prodotto_page_descrizione_3_colonne_posizione":false,"prodotto_page_descrizione_3_colonne":[{"valore":"1.000","unita_di_misura":"kg","etichetta":"Capacidad m\u00e1x."},{"valore":"4","unita_di_misura":"+","etichetta":"Alcance m\u00e1x."},{"valore":"270\u00b0","unita_di_misura":"","etichetta":"Rotaci\u00f3n"}],"prodotto_page_descrizione_titolo":"Gr\u00faa bandera de m\u00e9nsula con brazo articulado con capacidad hasta 1.000 kg","prodotto_page_descrizione_3_colonne_testo":"<strong>Las gr\u00faas bandera de m\u00e9nsula con brazo articulado permiten acceder a puntos del \u00e1rea de trabajo que ser\u00edan inaccesibles debido a obst\u00e1culos gracias a la flexibilidad del brazo articulado. \u00c9ste est\u00e1 formado por dos segmentos giratorios sobre cojinetes que pueden girar independientemente uno de otro. Sin tirantes sobre el brazo, se puede aprovechar la altura m\u00e1xima disponible.<\/strong>\r\n\r\nNormalmente el polipasto se fija a la punta del brazo, pero puede montarse en un carro bajo pedido. Este tipo de gr\u00faa es la soluci\u00f3n m\u00e1s pr\u00e1ctica y econ\u00f3mica para dar autonom\u00eda a un \u00e1rea de trabajo que, de no ser as\u00ed, necesitar\u00eda usar un puente gr\u00faa o carretilla elevadora. Adem\u00e1s, resuelve eficazmente el problema de manipular cargas en espacios limitados donde otros equipos de elevaci\u00f3n no ser\u00edan adecuados. Se pueden conseguir Gr\u00faas bandera m\u00e1s grandes bajo pedido. Esta soluci\u00f3n pr\u00e1ctica y econ\u00f3mica es ideal para la manipulaci\u00f3n manual de cargas en estaciones de trabajo que no permiten usar la columna, sino que se basan en un pilar portante para fijar el brazo con un sistema de estribos y tirantes.","prodotto_page_descrizione_titolo_vantaggi":"Ventajas de la gr\u00faa bandera de m\u00e9nsula con brazo de viga en voladizo","prodotto_page_descrizione_vantaggi":[{"titolo":"Brazo con segmentos de rotaci\u00f3n independiente","testo":"","link":"","archivio_prodotti":null},{"titolo":"M\u00e1ximo aprovechamiento del espacio disponible","testo":"","link":"","archivio_prodotti":null},{"titolo":"F\u00e1cil de usar","testo":"","link":"","archivio_prodotti":null},{"titolo":"Funcionamiento vers\u00e1til","testo":"","link":"","archivio_prodotti":null},{"titolo":"Volumen reducido","testo":"","link":"","archivio_prodotti":null},{"titolo":"Aumento de la productividad y seguridad","testo":"","link":"","archivio_prodotti":null}],"prodotto_page_tabs_dati_tecnici":[{"etichetta":"Capacidad","valore":"125 kg - 1.000 kg"},{"etichetta":"Alcances","valore":"Hasta 4 + 4 m seg\u00fan la capacidad"},{"etichetta":"Perfiles alcances","valore":"El primero junto a la columna se fabrica con perfil tubular y el segundo de viga doble T"},{"etichetta":"Rotaci\u00f3n","valore":"240\u00b0 el primer segmento del brazo junto a la columna y - 300\u00b0 el segundo brazo"},{"etichetta":"Rotaci\u00f3n","valore":"Manual"},{"etichetta":"M\u00e9nsula","valore":"La m\u00e9nsula de soporte, los tirantes y las contrabridas se fabrican seg\u00fan el tama\u00f1o que requiere el pilar."},{"etichetta":"Polipasto","valore":"Polipasto el\u00e9ctrico de cadena, montado fijo en la punta del brazo, para elevar la carga, de una o dos velocidades de elevaci\u00f3n. Bajo pedido puede ser con carro de traslaci\u00f3n el\u00e9ctrico o de empuje."},{"etichetta":"Dispositivo de frenado","valore":"Consta de una embrague ajustable con tornillo que permite regular el esfuerzo de rotaci\u00f3n del brazo y garantiza la estabilidad de colocaci\u00f3n."}],"prodotto_page_tabs_optionals":[{"titolo":"Pintura personalizada","testo":"Se puede personalizar el color de la pintura para satisfacer necesidades espec\u00edficas, exigencias de dise\u00f1o o de marca.","immagine":null}],"prodotto_page_tabs_downloads":null,"prodotto_page_gallery":[null],"prodotto_page_customer_story_titolo":"","prodotto_page_customer_story_list":null,"prodotto_page_applicazioni_list":"- Agricoltura e Alimentare\r\n- Manifatturiero\r\n- Energetico\r\n- Edile e delle costruzioni\r\n- Tecnologie dell'informazione e ICT\r\n- Trasporti e logistica\r\n- Commercio al dettaglio\r\n- Culturale e dell'intrattenimento\r\n- Ambientale e della sostenibilit\u00e0\r\n- Ricerca e sviluppo\r\n- Arti e Artigianato","prodotto_page_faq_list":null,"prodotto_page_testo_prodotti_correlati":"<h2>Productos relacionados<\/h2>\r\nExplora tambi\u00e9n estos productos y encuentra otras soluciones que se ajusten a ti.","prodotto_page_lista_prodotti_correlati":"- M\r\n- MT\r\n- M2T","prodotto_page_titolo_componenti_3d":"","prodotto_page_immagine_iniziale_componenti_3d":null,"prodotto_page_lista_componenti_3d":null,"prodotto_page_titolo_slider_configurazioni":"Producto y configuraciones","prodotto_page_lista_immgini_slider_configurazioni":[{"etichetta":"Uni\u00f3n ancha","immagine":13478},{"etichetta":"Vista desde arriba","immagine":13485},{"etichetta":"Perspectiva","immagine":13471},{"etichetta":"Doble brazo","immagine":13499},{"etichetta":"Uni\u00f3n estrecha","immagine":13464},{"etichetta":"Doble brazo","immagine":13492}],"prodotto_page_titolo_slider_configurazioni_2":"<h2><\/h2>","prodotto_page_lista_immgini_slider_configurazioni_2":null,"seo_title":"Las gr\u00faas bandera de m\u00e9nsula con brazo articulado capacidad 1.000 kg | OMIS","seo_description":"Las gr\u00faas bandera de m\u00e9nsula con brazo articulado llegan a puntos dif\u00edciles gracias a los segmentos giratorios sobre cojinetes. Sin tirantes sobre el brazo, aprovechan la altura m\u00e1xima disponible. El polipasto puede fijarse a la punta o a un carro bajo pedido. Estas gr\u00faas ofrecen una soluci\u00f3n econ\u00f3mica para espacios limitados y pueden personalizarse m\u00e1s grandes. Saber m\u00e1s."},"yoast_head":"<!-- This site is optimized with the Yoast SEO plugin v23.9 - https:\/\/yoast.com\/wordpress\/plugins\/seo\/ -->\n<title>Las gr\u00faas bandera de m\u00e9nsula con brazo articulado capacidad 1.000 kg | OMIS<\/title>\n<meta name=\"description\" content=\"Las gr\u00faas bandera de m\u00e9nsula con brazo articulado llegan a puntos dif\u00edciles gracias a los segmentos giratorios sobre cojinetes. Sin tirantes sobre el brazo, aprovechan la altura m\u00e1xima disponible. El polipasto puede fijarse a la punta o a un carro bajo pedido. Estas gr\u00faas ofrecen una soluci\u00f3n econ\u00f3mica para espacios limitados y pueden personalizarse m\u00e1s grandes. Saber m\u00e1s.\" \/>\n<meta name=\"robots\" content=\"index, follow, max-snippet:-1, max-image-preview:large, max-video-preview:-1\" \/>\n<meta property=\"og:locale\" content=\"es_ES\" \/>\n<meta property=\"og:type\" content=\"article\" \/>\n<meta property=\"og:title\" content=\"Las gr\u00faas bandera de m\u00e9nsula con brazo articulado capacidad 1.000 kg | OMIS\" \/>\n<meta property=\"og:description\" content=\"Las gr\u00faas bandera de m\u00e9nsula con brazo articulado llegan a puntos dif\u00edciles gracias a los segmentos giratorios sobre cojinetes. Sin tirantes sobre el brazo, aprovechan la altura m\u00e1xima disponible. El polipasto puede fijarse a la punta o a un carro bajo pedido. Estas gr\u00faas ofrecen una soluci\u00f3n econ\u00f3mica para espacios limitados y pueden personalizarse m\u00e1s grandes. Saber m\u00e1s.\" \/>\n<meta property=\"og:url\" content=\"https:\/\/www.omis.net\/es-es\/producto\/grua-bandera-de-mensula-con-brazo-articulado\/\" \/>\n<meta property=\"og:site_name\" content=\"Omis Spa\" \/>\n<meta property=\"article:publisher\" content=\"https:\/\/www.facebook.com\/omisgroup\" \/>\n<meta property=\"article:modified_time\" content=\"2025-02-03T18:10:46+00:00\" \/>\n<meta property=\"og:image\" content=\"https:\/\/media.omis.net\/media\/2024\/12\/Profile-ms-jib-crane-ms-500kg-front-3d-omis-scaled.webp\" \/>\n\t<meta property=\"og:image:width\" content=\"2560\" \/>\n\t<meta property=\"og:image:height\" content=\"1440\" \/>\n\t<meta property=\"og:image:type\" content=\"image\/webp\" \/>\n<meta name=\"twitter:card\" content=\"summary_large_image\" \/>\n<meta name=\"twitter:label1\" content=\"Est. reading time\" \/>\n\t<meta name=\"twitter:data1\" content=\"1 minute\" \/>\n<script type=\"application\/ld+json\" class=\"yoast-schema-graph\">{\"@context\":\"https:\/\/schema.org\",\"@graph\":[{\"@type\":\"WebPage\",\"@id\":\"https:\/\/www.omis.net\/es-es\/producto\/grua-bandera-de-mensula-con-brazo-articulado\/\",\"url\":\"https:\/\/www.omis.net\/es-es\/producto\/grua-bandera-de-mensula-con-brazo-articulado\/\",\"name\":\"Las gr\u00faas bandera de m\u00e9nsula con brazo articulado capacidad 1.000 kg | OMIS\",\"isPartOf\":{\"@id\":\"https:\/\/www.omis.net\/it-it\/#website\"},\"primaryImageOfPage\":{\"@id\":\"https:\/\/www.omis.net\/es-es\/producto\/grua-bandera-de-mensula-con-brazo-articulado\/#primaryimage\"},\"image\":{\"@id\":\"https:\/\/www.omis.net\/es-es\/producto\/grua-bandera-de-mensula-con-brazo-articulado\/#primaryimage\"},\"thumbnailUrl\":\"https:\/\/media.omis.net\/media\/2024\/12\/Profile-ms-jib-crane-ms-500kg-front-3d-omis-scaled.webp\",\"datePublished\":\"2024-12-18T10:00:08+00:00\",\"dateModified\":\"2025-02-03T18:10:46+00:00\",\"description\":\"Las gr\u00faas bandera de m\u00e9nsula con brazo articulado llegan a puntos dif\u00edciles gracias a los segmentos giratorios sobre cojinetes. Sin tirantes sobre el brazo, aprovechan la altura m\u00e1xima disponible. El polipasto puede fijarse a la punta o a un carro bajo pedido. Estas gr\u00faas ofrecen una soluci\u00f3n econ\u00f3mica para espacios limitados y pueden personalizarse m\u00e1s grandes. Saber m\u00e1s.\",\"breadcrumb\":{\"@id\":\"https:\/\/www.omis.net\/es-es\/producto\/grua-bandera-de-mensula-con-brazo-articulado\/#breadcrumb\"},\"inLanguage\":\"es-es\",\"potentialAction\":[{\"@type\":\"ReadAction\",\"target\":[\"https:\/\/www.omis.net\/es-es\/producto\/grua-bandera-de-mensula-con-brazo-articulado\/\"]}]},{\"@type\":\"ImageObject\",\"inLanguage\":\"es-es\",\"@id\":\"https:\/\/www.omis.net\/es-es\/producto\/grua-bandera-de-mensula-con-brazo-articulado\/#primaryimage\",\"url\":\"https:\/\/media.omis.net\/media\/2024\/12\/Profile-ms-jib-crane-ms-500kg-front-3d-omis-scaled.webp\",\"contentUrl\":\"https:\/\/media.omis.net\/media\/2024\/12\/Profile-ms-jib-crane-ms-500kg-front-3d-omis-scaled.webp\",\"width\":2560,\"height\":1440,\"caption\":\"products and configurations - Profile ms jib crane ms 500kg front 3d Omis\"},{\"@type\":\"BreadcrumbList\",\"@id\":\"https:\/\/www.omis.net\/es-es\/producto\/grua-bandera-de-mensula-con-brazo-articulado\/#breadcrumb\",\"itemListElement\":[{\"@type\":\"ListItem\",\"position\":1,\"name\":\"Home\",\"item\":\"https:\/\/www.omis.net\/es-es\/pagina-de-inicio\/\"},{\"@type\":\"ListItem\",\"position\":2,\"name\":\"Gr\u00faa bandera de m\u00e9nsula con brazo articulado\"}]},{\"@type\":\"WebSite\",\"@id\":\"https:\/\/www.omis.net\/it-it\/#website\",\"url\":\"https:\/\/www.omis.net\/it-it\/\",\"name\":\"Omis Spa\",\"description\":\"Movimentazione e sollevamento\",\"publisher\":{\"@id\":\"https:\/\/www.omis.net\/it-it\/#organization\"},\"potentialAction\":[{\"@type\":\"SearchAction\",\"target\":{\"@type\":\"EntryPoint\",\"urlTemplate\":\"https:\/\/www.omis.net\/it-it\/?s={search_term_string}\"},\"query-input\":{\"@type\":\"PropertyValueSpecification\",\"valueRequired\":true,\"valueName\":\"search_term_string\"}}],\"inLanguage\":\"es-es\"},{\"@type\":\"Organization\",\"@id\":\"https:\/\/www.omis.net\/it-it\/#organization\",\"name\":\"Omis Spa\",\"url\":\"https:\/\/www.omis.net\/it-it\/\",\"logo\":{\"@type\":\"ImageObject\",\"inLanguage\":\"es-es\",\"@id\":\"https:\/\/www.omis.net\/it-it\/#\/schema\/logo\/image\/\",\"url\":\"https:\/\/media.omis.net\/media\/2024\/08\/logo.jpg\",\"contentUrl\":\"https:\/\/media.omis.net\/media\/2024\/08\/logo.jpg\",\"width\":300,\"height\":300,\"caption\":\"Omis Spa\"},\"image\":{\"@id\":\"https:\/\/www.omis.net\/it-it\/#\/schema\/logo\/image\/\"},\"sameAs\":[\"https:\/\/www.facebook.com\/omisgroup\",\"https:\/\/www.linkedin.com\/company\/omis-group\",\"https:\/\/www.youtube.com\/channel\/UCS4L59XDk3kKBI9MnjuxWDw\",\"https:\/\/www.instagram.com\/omisgroup\"]}]}<\/script>\n<!-- \/ Yoast SEO plugin. -->","yoast_head_json":{"title":"Las gr\u00faas bandera de m\u00e9nsula con brazo articulado capacidad 1.000 kg | OMIS","description":"Las gr\u00faas bandera de m\u00e9nsula con brazo articulado llegan a puntos dif\u00edciles gracias a los segmentos giratorios sobre cojinetes. Sin tirantes sobre el brazo, aprovechan la altura m\u00e1xima disponible. El polipasto puede fijarse a la punta o a un carro bajo pedido. Estas gr\u00faas ofrecen una soluci\u00f3n econ\u00f3mica para espacios limitados y pueden personalizarse m\u00e1s grandes. Saber m\u00e1s.","robots":{"index":"index","follow":"follow","max-snippet":"max-snippet:-1","max-image-preview":"max-image-preview:large","max-video-preview":"max-video-preview:-1"},"og_locale":"es_ES","og_type":"article","og_title":"Las gr\u00faas bandera de m\u00e9nsula con brazo articulado capacidad 1.000 kg | OMIS","og_description":"Las gr\u00faas bandera de m\u00e9nsula con brazo articulado llegan a puntos dif\u00edciles gracias a los segmentos giratorios sobre cojinetes. Sin tirantes sobre el brazo, aprovechan la altura m\u00e1xima disponible. El polipasto puede fijarse a la punta o a un carro bajo pedido. Estas gr\u00faas ofrecen una soluci\u00f3n econ\u00f3mica para espacios limitados y pueden personalizarse m\u00e1s grandes. Saber m\u00e1s.","og_url":"https:\/\/www.omis.net\/es-es\/producto\/grua-bandera-de-mensula-con-brazo-articulado\/","og_site_name":"Omis Spa","article_publisher":"https:\/\/www.facebook.com\/omisgroup","article_modified_time":"2025-02-03T18:10:46+00:00","og_image":[{"width":2560,"height":1440,"url":"https:\/\/media.omis.net\/media\/2024\/12\/Profile-ms-jib-crane-ms-500kg-front-3d-omis-scaled.webp","type":"image\/webp"}],"twitter_card":"summary_large_image","twitter_misc":{"Est. reading time":"1 minute"},"schema":{"@context":"https:\/\/schema.org","@graph":[{"@type":"WebPage","@id":"https:\/\/www.omis.net\/es-es\/producto\/grua-bandera-de-mensula-con-brazo-articulado\/","url":"https:\/\/www.omis.net\/es-es\/producto\/grua-bandera-de-mensula-con-brazo-articulado\/","name":"Las gr\u00faas bandera de m\u00e9nsula con brazo articulado capacidad 1.000 kg | OMIS","isPartOf":{"@id":"https:\/\/www.omis.net\/it-it\/#website"},"primaryImageOfPage":{"@id":"https:\/\/www.omis.net\/es-es\/producto\/grua-bandera-de-mensula-con-brazo-articulado\/#primaryimage"},"image":{"@id":"https:\/\/www.omis.net\/es-es\/producto\/grua-bandera-de-mensula-con-brazo-articulado\/#primaryimage"},"thumbnailUrl":"https:\/\/media.omis.net\/media\/2024\/12\/Profile-ms-jib-crane-ms-500kg-front-3d-omis-scaled.webp","datePublished":"2024-12-18T10:00:08+00:00","dateModified":"2025-02-03T18:10:46+00:00","description":"Las gr\u00faas bandera de m\u00e9nsula con brazo articulado llegan a puntos dif\u00edciles gracias a los segmentos giratorios sobre cojinetes. Sin tirantes sobre el brazo, aprovechan la altura m\u00e1xima disponible. El polipasto puede fijarse a la punta o a un carro bajo pedido. Estas gr\u00faas ofrecen una soluci\u00f3n econ\u00f3mica para espacios limitados y pueden personalizarse m\u00e1s grandes. Saber m\u00e1s.","breadcrumb":{"@id":"https:\/\/www.omis.net\/es-es\/producto\/grua-bandera-de-mensula-con-brazo-articulado\/#breadcrumb"},"inLanguage":"es-es","potentialAction":[{"@type":"ReadAction","target":["https:\/\/www.omis.net\/es-es\/producto\/grua-bandera-de-mensula-con-brazo-articulado\/"]}]},{"@type":"ImageObject","inLanguage":"es-es","@id":"https:\/\/www.omis.net\/es-es\/producto\/grua-bandera-de-mensula-con-brazo-articulado\/#primaryimage","url":"https:\/\/media.omis.net\/media\/2024\/12\/Profile-ms-jib-crane-ms-500kg-front-3d-omis-scaled.webp","contentUrl":"https:\/\/media.omis.net\/media\/2024\/12\/Profile-ms-jib-crane-ms-500kg-front-3d-omis-scaled.webp","width":2560,"height":1440,"caption":"products and configurations - Profile ms jib crane ms 500kg front 3d Omis"},{"@type":"BreadcrumbList","@id":"https:\/\/www.omis.net\/es-es\/producto\/grua-bandera-de-mensula-con-brazo-articulado\/#breadcrumb","itemListElement":[{"@type":"ListItem","position":1,"name":"Home","item":"https:\/\/www.omis.net\/es-es\/pagina-de-inicio\/"},{"@type":"ListItem","position":2,"name":"Gr\u00faa bandera de m\u00e9nsula con brazo articulado"}]},{"@type":"WebSite","@id":"https:\/\/www.omis.net\/it-it\/#website","url":"https:\/\/www.omis.net\/it-it\/","name":"Omis Spa","description":"Movimentazione e sollevamento","publisher":{"@id":"https:\/\/www.omis.net\/it-it\/#organization"},"potentialAction":[{"@type":"SearchAction","target":{"@type":"EntryPoint","urlTemplate":"https:\/\/www.omis.net\/it-it\/?s={search_term_string}"},"query-input":{"@type":"PropertyValueSpecification","valueRequired":true,"valueName":"search_term_string"}}],"inLanguage":"es-es"},{"@type":"Organization","@id":"https:\/\/www.omis.net\/it-it\/#organization","name":"Omis Spa","url":"https:\/\/www.omis.net\/it-it\/","logo":{"@type":"ImageObject","inLanguage":"es-es","@id":"https:\/\/www.omis.net\/it-it\/#\/schema\/logo\/image\/","url":"https:\/\/media.omis.net\/media\/2024\/08\/logo.jpg","contentUrl":"https:\/\/media.omis.net\/media\/2024\/08\/logo.jpg","width":300,"height":300,"caption":"Omis Spa"},"image":{"@id":"https:\/\/www.omis.net\/it-it\/#\/schema\/logo\/image\/"},"sameAs":["https:\/\/www.facebook.com\/omisgroup","https:\/\/www.linkedin.com\/company\/omis-group","https:\/\/www.youtube.com\/channel\/UCS4L59XDk3kKBI9MnjuxWDw","https:\/\/www.instagram.com\/omisgroup"]}]}},"_links":{"self":[{"href":"https:\/\/www.omis.net\/es-es\/wp-json\/wp\/v2\/product\/7386"}],"collection":[{"href":"https:\/\/www.omis.net\/es-es\/wp-json\/wp\/v2\/product"}],"about":[{"href":"https:\/\/www.omis.net\/es-es\/wp-json\/wp\/v2\/types\/product"}],"acf:attachment":[{"embeddable":true,"href":"https:\/\/www.omis.net\/es-es\/wp-json\/wp\/v2\/media\/"},{"embeddable":true,"href":"https:\/\/www.omis.net\/es-es\/wp-json\/wp\/v2\/media\/13457"},{"embeddable":true,"href":"https:\/\/www.omis.net\/es-es\/wp-json\/wp\/v2\/media\/13450"}],"wp:featuredmedia":[{"embeddable":true,"href":"https:\/\/www.omis.net\/es-es\/wp-json\/wp\/v2\/media\/13506"}],"wp:attachment":[{"href":"https:\/\/www.omis.net\/es-es\/wp-json\/wp\/v2\/media?parent=7386"}],"wp:term":[{"taxonomy":"caratteristica-prodotto","embeddable":true,"href":"https:\/\/www.omis.net\/es-es\/wp-json\/wp\/v2\/caratteristica-prodotto?post=7386"},{"taxonomy":"tipologia-prodotto","embeddable":true,"href":"https:\/\/www.omis.net\/es-es\/wp-json\/wp\/v2\/tipologia-prodotto?post=7386"}],"curies":[{"name":"wp","href":"https:\/\/api.w.org\/{rel}","templated":true}]}}