{"id":7385,"date":"2024-12-18T10:59:54","date_gmt":"2024-12-18T09:59:54","guid":{"rendered":"http:\/\/bedrock.local\/product\/m2t\/"},"modified":"2025-02-03T15:29:36","modified_gmt":"2025-02-03T14:29:36","slug":"grua-bandera-de-mensula-con-brazo-de-viga-con-tirantes","status":"publish","type":"product","link":"https:\/\/www.omis.net\/es-es\/producto\/grua-bandera-de-mensula-con-brazo-de-viga-con-tirantes\/","title":{"rendered":"Gr\u00faa bandera de m\u00e9nsula con brazo de viga con tirantes"},"content":{"rendered":"","protected":false},"featured_media":13442,"parent":0,"template":"","caratteristica-prodotto":[1011],"tipologia-prodotto":[709,715,727],"class_list":["post-7385","product","type-product","status-publish","has-post-thumbnail","hentry","caratteristica-prodotto-rotacion-manual","tipologia-prodotto-gruas-para-puestos-de-trabajo","tipologia-prodotto-grua-bandera","tipologia-prodotto-de-mensula"],"acf":{"import_csv_id":"27","prodotto_generale_sku":"M2T","prodotto_listing_card_descrizione":"La gr\u00faa bandera de m\u00e9nsula con brazo de viga con uno o dos tirantes garantiza un f\u00e1cil balanceo y estabilidad del carro incluso con capacidades y alcances considerables.","prodotto_listing_card_caratteristiche":null,"prodotto_page_gradient_hero":false,"prodotto_page_titolo_hero":"\u00c1gil y potente en los espacios limitados.","prodotto_page_gallery_hero":[13385,13392],"prodotto_page_descrizione_3_colonne_posizione":false,"prodotto_page_descrizione_3_colonne":[{"valore":"2000","unita_di_misura":"kg","etichetta":"Capacidad m\u00e1x."},{"valore":"8","unita_di_misura":"m","etichetta":"Alcance m\u00e1x."},{"valore":"270\u00b0","unita_di_misura":"","etichetta":"Rotaci\u00f3n"}],"prodotto_page_descrizione_titolo":"Gr\u00faa bandera de m\u00e9nsula con brazo de viga con tirantes con capacidad hasta 2.000 kg","prodotto_page_descrizione_3_colonne_testo":"<strong>Las gr\u00faas bandera de m\u00e9nsula OMIS con brazo de viga en voladizo, con uno o dos tirantes, garantizan una gesti\u00f3n vers\u00e1til y una mayor estabilidad del carro incluso con cargas y alcances considerables. El grupo de rotaci\u00f3n siempre se monta sobre cojinetes de alta calidad. La gr\u00faa de m\u00e9nsula est\u00e1 disponible con carro manual de empuje, mec\u00e1nico o el\u00e9ctrico y se suministra con l\u00ednea de alimentaci\u00f3n.<\/strong>\r\n\r\nEn caso de necesidades operativas espec\u00edficas del cliente, las Gr\u00faas bandera pueden instalarse una frente a otra y pueden dise\u00f1arse de mayor tama\u00f1o. Este tipo de Gr\u00faa bandera es la soluci\u00f3n m\u00e1s pr\u00e1ctica y econ\u00f3mica para garantizar la autonom\u00eda operativa en un \u00e1rea de trabajo que, de no ser as\u00ed, necesitar\u00eda un puente gr\u00faa, carretilla elevadora u otros equipos de elevaci\u00f3n. Adem\u00e1s, resuelve eficazmente el problema de manipular cargas en espacios limitados donde otros equipos de elevaci\u00f3n no ser\u00edan adecuados.","prodotto_page_descrizione_titolo_vantaggi":"Ventajas de la gr\u00faa bandera de m\u00e9nsula con brazo de viga con tirantes","prodotto_page_descrizione_vantaggi":[{"titolo":"Sin estorbos en el suelo","testo":"","link":"","archivio_prodotti":null},{"titolo":"Facilidad de balanceo","testo":"","link":"","archivio_prodotti":null},{"titolo":"Funcionamiento vers\u00e1til","testo":"","link":"","archivio_prodotti":null},{"titolo":"F\u00e1cil de usar","testo":"","link":"","archivio_prodotti":null},{"titolo":"Volumen limitado","testo":"","link":"","archivio_prodotti":null},{"titolo":"Aumento de la productividad y seguridad","testo":"","link":"","archivio_prodotti":null}],"prodotto_page_tabs_dati_tecnici":[{"etichetta":"Capacidad","valore":"125 kg - 2000 kg"},{"etichetta":"Alcance","valore":"Hasta 8 m seg\u00fan la capacidad"},{"etichetta":"Perfil alcance","valore":"Perfil con viga doble T y tirantes de refuerzo"},{"etichetta":"Rotaci\u00f3n","valore":"270\u00b0 con tope de regulaci\u00f3n ajustable en obra seg\u00fan los obst\u00e1culos arquitect\u00f3nicos"},{"etichetta":"Rotaci\u00f3n","valore":"Manual"},{"etichetta":"M\u00e9nsula","valore":"La m\u00e9nsula de soporte, los tirantes y las contrabridas se fabrican seg\u00fan el tama\u00f1o que requiere el pilar."},{"etichetta":"Polipasto","valore":"Polipasto el\u00e9ctrico de cadena para elevar la carga, de una o dos velocidades de elevaci\u00f3n, con carro de traslaci\u00f3n el\u00e9ctrico, de empuje o mec\u00e1nico."},{"etichetta":"Dispositivo de frenado","valore":"Consta de una embrague ajustable con tornillo que permite regular el esfuerzo de rotaci\u00f3n del brazo y garantiza la estabilidad de colocaci\u00f3n."}],"prodotto_page_tabs_optionals":[{"titolo":"Pintura personalizada","testo":"Se puede personalizar el color de la pintura para satisfacer necesidades espec\u00edficas, exigencias de dise\u00f1o o de marca.","immagine":null}],"prodotto_page_tabs_downloads":null,"prodotto_page_gallery":[null],"prodotto_page_customer_story_titolo":"","prodotto_page_customer_story_list":null,"prodotto_page_applicazioni_list":"- Agricoltura e Alimentare\r\n- Manifatturiero\r\n- Energetico\r\n- Edile e delle costruzioni\r\n- Tecnologie dell'informazione e ICT\r\n- Trasporti e logistica\r\n- Commercio al dettaglio\r\n- Culturale e dell'intrattenimento\r\n- Ambientale e della sostenibilit\u00e0\r\n- Ricerca e sviluppo\r\n- Arti e Artigianato","prodotto_page_faq_list":null,"prodotto_page_testo_prodotti_correlati":"<h2>Productos relacionados<\/h2>\r\nExplora tambi\u00e9n estos productos y encuentra otras soluciones que se ajusten a ti.","prodotto_page_lista_prodotti_correlati":"- M\r\n- MT\r\n- MS","prodotto_page_titolo_componenti_3d":"","prodotto_page_immagine_iniziale_componenti_3d":null,"prodotto_page_lista_componenti_3d":null,"prodotto_page_titolo_slider_configurazioni":"Producto y configuraciones","prodotto_page_lista_immgini_slider_configurazioni":[{"etichetta":"Uni\u00f3n ancha","immagine":13406},{"etichetta":"Vista desde arriba","immagine":13421},{"etichetta":"Perspectiva","immagine":13413},{"etichetta":"Doble brazo","immagine":13435},{"etichetta":"Uni\u00f3n estrecha","immagine":13399},{"etichetta":"Doble brazo","immagine":13428}],"prodotto_page_titolo_slider_configurazioni_2":"<h2><\/h2>","prodotto_page_lista_immgini_slider_configurazioni_2":null,"seo_title":"Las gr\u00faas bandera de m\u00e9nsula con brazo de viga en voladizo capacidad 2.000 kg | OMIS","seo_description":"Las gr\u00faas bandera de m\u00e9nsula OMIS con brazo de viga en voladizo y tirantes ofrecen versatilidad y estabilidad con cargas pesadas. Grupo de rotaci\u00f3n sobre cojinetes de alta calidad. Disponibles con carro manual, mec\u00e1nico o el\u00e9ctrico, incluyen una l\u00ednea de alimentaci\u00f3n. Para necesidades concretas pueden instalarse una frente a otra o dise\u00f1arse a medida. Saber m\u00e1s."},"yoast_head":"<!-- This site is optimized with the Yoast SEO plugin v23.9 - https:\/\/yoast.com\/wordpress\/plugins\/seo\/ -->\n<title>Las gr\u00faas bandera de m\u00e9nsula con brazo de viga en voladizo capacidad 2.000 kg | OMIS<\/title>\n<meta name=\"description\" content=\"Las gr\u00faas bandera de m\u00e9nsula OMIS con brazo de viga en voladizo y tirantes ofrecen versatilidad y estabilidad con cargas pesadas. Grupo de rotaci\u00f3n sobre cojinetes de alta calidad. Disponibles con carro manual, mec\u00e1nico o el\u00e9ctrico, incluyen una l\u00ednea de alimentaci\u00f3n. Para necesidades concretas pueden instalarse una frente a otra o dise\u00f1arse a medida. Saber m\u00e1s.\" \/>\n<meta name=\"robots\" content=\"index, follow, max-snippet:-1, max-image-preview:large, max-video-preview:-1\" \/>\n<meta property=\"og:locale\" content=\"es_ES\" \/>\n<meta property=\"og:type\" content=\"article\" \/>\n<meta property=\"og:title\" content=\"Las gr\u00faas bandera de m\u00e9nsula con brazo de viga en voladizo capacidad 2.000 kg | OMIS\" \/>\n<meta property=\"og:description\" content=\"Las gr\u00faas bandera de m\u00e9nsula OMIS con brazo de viga en voladizo y tirantes ofrecen versatilidad y estabilidad con cargas pesadas. Grupo de rotaci\u00f3n sobre cojinetes de alta calidad. Disponibles con carro manual, mec\u00e1nico o el\u00e9ctrico, incluyen una l\u00ednea de alimentaci\u00f3n. Para necesidades concretas pueden instalarse una frente a otra o dise\u00f1arse a medida. Saber m\u00e1s.\" \/>\n<meta property=\"og:url\" content=\"https:\/\/www.omis.net\/es-es\/producto\/grua-bandera-de-mensula-con-brazo-de-viga-con-tirantes\/\" \/>\n<meta property=\"og:site_name\" content=\"Omis Spa\" \/>\n<meta property=\"article:publisher\" content=\"https:\/\/www.facebook.com\/omisgroup\" \/>\n<meta property=\"article:modified_time\" content=\"2025-02-03T14:29:36+00:00\" \/>\n<meta property=\"og:image\" content=\"https:\/\/media.omis.net\/media\/2024\/12\/profile-m2tjib-crane-m2t-250kg-wide-connection-front-3d-omis-scaled.webp\" \/>\n\t<meta property=\"og:image:width\" content=\"2560\" \/>\n\t<meta property=\"og:image:height\" content=\"1440\" \/>\n\t<meta property=\"og:image:type\" content=\"image\/webp\" \/>\n<meta name=\"twitter:card\" content=\"summary_large_image\" \/>\n<meta name=\"twitter:label1\" content=\"Est. reading time\" \/>\n\t<meta name=\"twitter:data1\" content=\"1 minute\" \/>\n<script type=\"application\/ld+json\" class=\"yoast-schema-graph\">{\"@context\":\"https:\/\/schema.org\",\"@graph\":[{\"@type\":\"WebPage\",\"@id\":\"https:\/\/www.omis.net\/es-es\/producto\/grua-bandera-de-mensula-con-brazo-de-viga-con-tirantes\/\",\"url\":\"https:\/\/www.omis.net\/es-es\/producto\/grua-bandera-de-mensula-con-brazo-de-viga-con-tirantes\/\",\"name\":\"Las gr\u00faas bandera de m\u00e9nsula con brazo de viga en voladizo capacidad 2.000 kg | OMIS\",\"isPartOf\":{\"@id\":\"https:\/\/www.omis.net\/it-it\/#website\"},\"primaryImageOfPage\":{\"@id\":\"https:\/\/www.omis.net\/es-es\/producto\/grua-bandera-de-mensula-con-brazo-de-viga-con-tirantes\/#primaryimage\"},\"image\":{\"@id\":\"https:\/\/www.omis.net\/es-es\/producto\/grua-bandera-de-mensula-con-brazo-de-viga-con-tirantes\/#primaryimage\"},\"thumbnailUrl\":\"https:\/\/media.omis.net\/media\/2024\/12\/profile-m2tjib-crane-m2t-250kg-wide-connection-front-3d-omis-scaled.webp\",\"datePublished\":\"2024-12-18T09:59:54+00:00\",\"dateModified\":\"2025-02-03T14:29:36+00:00\",\"description\":\"Las gr\u00faas bandera de m\u00e9nsula OMIS con brazo de viga en voladizo y tirantes ofrecen versatilidad y estabilidad con cargas pesadas. Grupo de rotaci\u00f3n sobre cojinetes de alta calidad. Disponibles con carro manual, mec\u00e1nico o el\u00e9ctrico, incluyen una l\u00ednea de alimentaci\u00f3n. Para necesidades concretas pueden instalarse una frente a otra o dise\u00f1arse a medida. Saber m\u00e1s.\",\"breadcrumb\":{\"@id\":\"https:\/\/www.omis.net\/es-es\/producto\/grua-bandera-de-mensula-con-brazo-de-viga-con-tirantes\/#breadcrumb\"},\"inLanguage\":\"es-es\",\"potentialAction\":[{\"@type\":\"ReadAction\",\"target\":[\"https:\/\/www.omis.net\/es-es\/producto\/grua-bandera-de-mensula-con-brazo-de-viga-con-tirantes\/\"]}]},{\"@type\":\"ImageObject\",\"inLanguage\":\"es-es\",\"@id\":\"https:\/\/www.omis.net\/es-es\/producto\/grua-bandera-de-mensula-con-brazo-de-viga-con-tirantes\/#primaryimage\",\"url\":\"https:\/\/media.omis.net\/media\/2024\/12\/profile-m2tjib-crane-m2t-250kg-wide-connection-front-3d-omis-scaled.webp\",\"contentUrl\":\"https:\/\/media.omis.net\/media\/2024\/12\/profile-m2tjib-crane-m2t-250kg-wide-connection-front-3d-omis-scaled.webp\",\"width\":2560,\"height\":1440,\"caption\":\"header - Profile m2tjib crane m2t 250kg wide connection front 3d Omis\"},{\"@type\":\"BreadcrumbList\",\"@id\":\"https:\/\/www.omis.net\/es-es\/producto\/grua-bandera-de-mensula-con-brazo-de-viga-con-tirantes\/#breadcrumb\",\"itemListElement\":[{\"@type\":\"ListItem\",\"position\":1,\"name\":\"Home\",\"item\":\"https:\/\/www.omis.net\/es-es\/pagina-de-inicio\/\"},{\"@type\":\"ListItem\",\"position\":2,\"name\":\"Gr\u00faa bandera de m\u00e9nsula con brazo de viga con tirantes\"}]},{\"@type\":\"WebSite\",\"@id\":\"https:\/\/www.omis.net\/it-it\/#website\",\"url\":\"https:\/\/www.omis.net\/it-it\/\",\"name\":\"Omis Spa\",\"description\":\"Movimentazione e sollevamento\",\"publisher\":{\"@id\":\"https:\/\/www.omis.net\/it-it\/#organization\"},\"potentialAction\":[{\"@type\":\"SearchAction\",\"target\":{\"@type\":\"EntryPoint\",\"urlTemplate\":\"https:\/\/www.omis.net\/it-it\/?s={search_term_string}\"},\"query-input\":{\"@type\":\"PropertyValueSpecification\",\"valueRequired\":true,\"valueName\":\"search_term_string\"}}],\"inLanguage\":\"es-es\"},{\"@type\":\"Organization\",\"@id\":\"https:\/\/www.omis.net\/it-it\/#organization\",\"name\":\"Omis Spa\",\"url\":\"https:\/\/www.omis.net\/it-it\/\",\"logo\":{\"@type\":\"ImageObject\",\"inLanguage\":\"es-es\",\"@id\":\"https:\/\/www.omis.net\/it-it\/#\/schema\/logo\/image\/\",\"url\":\"https:\/\/media.omis.net\/media\/2024\/08\/logo.jpg\",\"contentUrl\":\"https:\/\/media.omis.net\/media\/2024\/08\/logo.jpg\",\"width\":300,\"height\":300,\"caption\":\"Omis Spa\"},\"image\":{\"@id\":\"https:\/\/www.omis.net\/it-it\/#\/schema\/logo\/image\/\"},\"sameAs\":[\"https:\/\/www.facebook.com\/omisgroup\",\"https:\/\/www.linkedin.com\/company\/omis-group\",\"https:\/\/www.youtube.com\/channel\/UCS4L59XDk3kKBI9MnjuxWDw\",\"https:\/\/www.instagram.com\/omisgroup\"]}]}<\/script>\n<!-- \/ Yoast SEO plugin. -->","yoast_head_json":{"title":"Las gr\u00faas bandera de m\u00e9nsula con brazo de viga en voladizo capacidad 2.000 kg | OMIS","description":"Las gr\u00faas bandera de m\u00e9nsula OMIS con brazo de viga en voladizo y tirantes ofrecen versatilidad y estabilidad con cargas pesadas. Grupo de rotaci\u00f3n sobre cojinetes de alta calidad. Disponibles con carro manual, mec\u00e1nico o el\u00e9ctrico, incluyen una l\u00ednea de alimentaci\u00f3n. Para necesidades concretas pueden instalarse una frente a otra o dise\u00f1arse a medida. Saber m\u00e1s.","robots":{"index":"index","follow":"follow","max-snippet":"max-snippet:-1","max-image-preview":"max-image-preview:large","max-video-preview":"max-video-preview:-1"},"og_locale":"es_ES","og_type":"article","og_title":"Las gr\u00faas bandera de m\u00e9nsula con brazo de viga en voladizo capacidad 2.000 kg | OMIS","og_description":"Las gr\u00faas bandera de m\u00e9nsula OMIS con brazo de viga en voladizo y tirantes ofrecen versatilidad y estabilidad con cargas pesadas. Grupo de rotaci\u00f3n sobre cojinetes de alta calidad. Disponibles con carro manual, mec\u00e1nico o el\u00e9ctrico, incluyen una l\u00ednea de alimentaci\u00f3n. Para necesidades concretas pueden instalarse una frente a otra o dise\u00f1arse a medida. Saber m\u00e1s.","og_url":"https:\/\/www.omis.net\/es-es\/producto\/grua-bandera-de-mensula-con-brazo-de-viga-con-tirantes\/","og_site_name":"Omis Spa","article_publisher":"https:\/\/www.facebook.com\/omisgroup","article_modified_time":"2025-02-03T14:29:36+00:00","og_image":[{"width":2560,"height":1440,"url":"https:\/\/media.omis.net\/media\/2024\/12\/profile-m2tjib-crane-m2t-250kg-wide-connection-front-3d-omis-scaled.webp","type":"image\/webp"}],"twitter_card":"summary_large_image","twitter_misc":{"Est. reading time":"1 minute"},"schema":{"@context":"https:\/\/schema.org","@graph":[{"@type":"WebPage","@id":"https:\/\/www.omis.net\/es-es\/producto\/grua-bandera-de-mensula-con-brazo-de-viga-con-tirantes\/","url":"https:\/\/www.omis.net\/es-es\/producto\/grua-bandera-de-mensula-con-brazo-de-viga-con-tirantes\/","name":"Las gr\u00faas bandera de m\u00e9nsula con brazo de viga en voladizo capacidad 2.000 kg | OMIS","isPartOf":{"@id":"https:\/\/www.omis.net\/it-it\/#website"},"primaryImageOfPage":{"@id":"https:\/\/www.omis.net\/es-es\/producto\/grua-bandera-de-mensula-con-brazo-de-viga-con-tirantes\/#primaryimage"},"image":{"@id":"https:\/\/www.omis.net\/es-es\/producto\/grua-bandera-de-mensula-con-brazo-de-viga-con-tirantes\/#primaryimage"},"thumbnailUrl":"https:\/\/media.omis.net\/media\/2024\/12\/profile-m2tjib-crane-m2t-250kg-wide-connection-front-3d-omis-scaled.webp","datePublished":"2024-12-18T09:59:54+00:00","dateModified":"2025-02-03T14:29:36+00:00","description":"Las gr\u00faas bandera de m\u00e9nsula OMIS con brazo de viga en voladizo y tirantes ofrecen versatilidad y estabilidad con cargas pesadas. Grupo de rotaci\u00f3n sobre cojinetes de alta calidad. Disponibles con carro manual, mec\u00e1nico o el\u00e9ctrico, incluyen una l\u00ednea de alimentaci\u00f3n. Para necesidades concretas pueden instalarse una frente a otra o dise\u00f1arse a medida. Saber m\u00e1s.","breadcrumb":{"@id":"https:\/\/www.omis.net\/es-es\/producto\/grua-bandera-de-mensula-con-brazo-de-viga-con-tirantes\/#breadcrumb"},"inLanguage":"es-es","potentialAction":[{"@type":"ReadAction","target":["https:\/\/www.omis.net\/es-es\/producto\/grua-bandera-de-mensula-con-brazo-de-viga-con-tirantes\/"]}]},{"@type":"ImageObject","inLanguage":"es-es","@id":"https:\/\/www.omis.net\/es-es\/producto\/grua-bandera-de-mensula-con-brazo-de-viga-con-tirantes\/#primaryimage","url":"https:\/\/media.omis.net\/media\/2024\/12\/profile-m2tjib-crane-m2t-250kg-wide-connection-front-3d-omis-scaled.webp","contentUrl":"https:\/\/media.omis.net\/media\/2024\/12\/profile-m2tjib-crane-m2t-250kg-wide-connection-front-3d-omis-scaled.webp","width":2560,"height":1440,"caption":"header - Profile m2tjib crane m2t 250kg wide connection front 3d Omis"},{"@type":"BreadcrumbList","@id":"https:\/\/www.omis.net\/es-es\/producto\/grua-bandera-de-mensula-con-brazo-de-viga-con-tirantes\/#breadcrumb","itemListElement":[{"@type":"ListItem","position":1,"name":"Home","item":"https:\/\/www.omis.net\/es-es\/pagina-de-inicio\/"},{"@type":"ListItem","position":2,"name":"Gr\u00faa bandera de m\u00e9nsula con brazo de viga con tirantes"}]},{"@type":"WebSite","@id":"https:\/\/www.omis.net\/it-it\/#website","url":"https:\/\/www.omis.net\/it-it\/","name":"Omis Spa","description":"Movimentazione e sollevamento","publisher":{"@id":"https:\/\/www.omis.net\/it-it\/#organization"},"potentialAction":[{"@type":"SearchAction","target":{"@type":"EntryPoint","urlTemplate":"https:\/\/www.omis.net\/it-it\/?s={search_term_string}"},"query-input":{"@type":"PropertyValueSpecification","valueRequired":true,"valueName":"search_term_string"}}],"inLanguage":"es-es"},{"@type":"Organization","@id":"https:\/\/www.omis.net\/it-it\/#organization","name":"Omis Spa","url":"https:\/\/www.omis.net\/it-it\/","logo":{"@type":"ImageObject","inLanguage":"es-es","@id":"https:\/\/www.omis.net\/it-it\/#\/schema\/logo\/image\/","url":"https:\/\/media.omis.net\/media\/2024\/08\/logo.jpg","contentUrl":"https:\/\/media.omis.net\/media\/2024\/08\/logo.jpg","width":300,"height":300,"caption":"Omis Spa"},"image":{"@id":"https:\/\/www.omis.net\/it-it\/#\/schema\/logo\/image\/"},"sameAs":["https:\/\/www.facebook.com\/omisgroup","https:\/\/www.linkedin.com\/company\/omis-group","https:\/\/www.youtube.com\/channel\/UCS4L59XDk3kKBI9MnjuxWDw","https:\/\/www.instagram.com\/omisgroup"]}]}},"_links":{"self":[{"href":"https:\/\/www.omis.net\/es-es\/wp-json\/wp\/v2\/product\/7385"}],"collection":[{"href":"https:\/\/www.omis.net\/es-es\/wp-json\/wp\/v2\/product"}],"about":[{"href":"https:\/\/www.omis.net\/es-es\/wp-json\/wp\/v2\/types\/product"}],"acf:attachment":[{"embeddable":true,"href":"https:\/\/www.omis.net\/es-es\/wp-json\/wp\/v2\/media\/"},{"embeddable":true,"href":"https:\/\/www.omis.net\/es-es\/wp-json\/wp\/v2\/media\/13392"},{"embeddable":true,"href":"https:\/\/www.omis.net\/es-es\/wp-json\/wp\/v2\/media\/13385"}],"wp:featuredmedia":[{"embeddable":true,"href":"https:\/\/www.omis.net\/es-es\/wp-json\/wp\/v2\/media\/13442"}],"wp:attachment":[{"href":"https:\/\/www.omis.net\/es-es\/wp-json\/wp\/v2\/media?parent=7385"}],"wp:term":[{"taxonomy":"caratteristica-prodotto","embeddable":true,"href":"https:\/\/www.omis.net\/es-es\/wp-json\/wp\/v2\/caratteristica-prodotto?post=7385"},{"taxonomy":"tipologia-prodotto","embeddable":true,"href":"https:\/\/www.omis.net\/es-es\/wp-json\/wp\/v2\/tipologia-prodotto?post=7385"}],"curies":[{"name":"wp","href":"https:\/\/api.w.org\/{rel}","templated":true}]}}