{"id":7384,"date":"2024-12-18T10:59:37","date_gmt":"2024-12-18T09:59:37","guid":{"rendered":"http:\/\/bedrock.local\/product\/mt\/"},"modified":"2025-02-03T14:56:58","modified_gmt":"2025-02-03T13:56:58","slug":"grua-bandera-de-mensula-con-brazo-de-viga-en-voladizo","status":"publish","type":"product","link":"https:\/\/www.omis.net\/es-es\/producto\/grua-bandera-de-mensula-con-brazo-de-viga-en-voladizo\/","title":{"rendered":"Gr\u00faa bandera de m\u00e9nsula con brazo de viga en voladizo"},"content":{"rendered":"","protected":false},"featured_media":13598,"parent":0,"template":"","caratteristica-prodotto":[1011],"tipologia-prodotto":[709,715,727],"class_list":["post-7384","product","type-product","status-publish","has-post-thumbnail","hentry","caratteristica-prodotto-rotacion-manual","tipologia-prodotto-gruas-para-puestos-de-trabajo","tipologia-prodotto-grua-bandera","tipologia-prodotto-de-mensula"],"acf":{"import_csv_id":"26","prodotto_generale_sku":"MT","prodotto_listing_card_descrizione":"La gr\u00faa bandera de m\u00e9nsula con brazo de viga en voladizo es ideal cuando hay que utilizar al m\u00e1ximo el espacio vertical disponible con el consiguiente aumento de la capacidad del gancho.\r\n\r\n\r\n\r\n\r\n\r\n","prodotto_listing_card_caratteristiche":null,"prodotto_page_gradient_hero":false,"prodotto_page_titolo_hero":"Para aprovechar al m\u00e1ximo el espacio vertical disponible.","prodotto_page_gallery_hero":[13535,13542],"prodotto_page_descrizione_3_colonne_posizione":false,"prodotto_page_descrizione_3_colonne":[{"valore":"2000","unita_di_misura":"kg","etichetta":"Capacidad m\u00e1x."},{"valore":"8","unita_di_misura":"m","etichetta":"Alcance m\u00e1x."},{"valore":"270\u00b0","unita_di_misura":"","etichetta":"Rotaci\u00f3n"}],"prodotto_page_descrizione_titolo":"Gr\u00faa bandera de m\u00e9nsula con brazo de viga en voladizo con capacidad hasta 2.000 kg","prodotto_page_descrizione_3_colonne_testo":"<strong>La gr\u00faa de m\u00e9nsula es una soluci\u00f3n muy eficaz para optimizar el espacio vertical disponible y a la vez permite una mayor flexibilidad de movimiento del carro. Utiliza un grupo de rotaci\u00f3n montado sobre cojinetes y ofrece una gran versatilidad de configuraciones con distintas opciones de carro disponibles.<\/strong>\r\n\r\nEn cualquier caso este modelo lo completa una l\u00ednea de alimentaci\u00f3n integrada para maximizar el rendimiento operativo. Si se necesita es posible instalar dos gr\u00faas una enfrente de otra. En los casos en los que se necesita una soluci\u00f3n m\u00e1s robusta o de mayor tama\u00f1o, hay disponibles Gr\u00faas bandera personalizadas con una capacidad de elevaci\u00f3n a\u00fan mayor y m\u00e1s alcance. Por lo tanto la gr\u00faa de m\u00e9nsula es una elecci\u00f3n pragm\u00e1tica y econ\u00f3mica para dar autonom\u00eda a un \u00e1rea de trabajo que resuelve eficazmente el problema de la manipulaci\u00f3n de cargas en espacios peque\u00f1os gracias a su versatilidad, flexibilidad y capacidad de adaptaci\u00f3n a las necesidades concretas del entorno de trabajo.","prodotto_page_descrizione_titolo_vantaggi":"Ventajas de la gr\u00faa bandera de m\u00e9nsula con brazo de viga en voladizo","prodotto_page_descrizione_vantaggi":[{"titolo":"Sin estorbos en el suelo","testo":"","link":"","archivio_prodotti":null},{"titolo":"Funcionamiento vers\u00e1til","testo":"","link":"","archivio_prodotti":null},{"titolo":"F\u00e1cil de usar","testo":"","link":"","archivio_prodotti":null},{"titolo":"Volumen limitado","testo":"","link":"","archivio_prodotti":null},{"titolo":"Carrera del gancho aumentada","testo":"","link":"","archivio_prodotti":null},{"titolo":"Aumento de la productividad y seguridad","testo":"","link":"","archivio_prodotti":null}],"prodotto_page_tabs_dati_tecnici":[{"etichetta":"Capacidad","valore":"125 kg - 2000 kg"},{"etichetta":"Alcance","valore":"Hasta 8 m seg\u00fan la capacidad"},{"etichetta":"Perfil alcance","valore":"Perfil con viga doble T sin tirantes de refuerzo"},{"etichetta":"Rotaci\u00f3n","valore":"270\u00b0 con tope de regulaci\u00f3n ajustable en obra seg\u00fan los obst\u00e1culos arquitect\u00f3nicos"},{"etichetta":"Rotaci\u00f3n","valore":"Manual"},{"etichetta":"M\u00e9nsula","valore":"La m\u00e9nsula de soporte, los tirantes y las contrabridas se fabrican seg\u00fan el tama\u00f1o que requiere el pilar."},{"etichetta":"Polipasto","valore":"Polipasto el\u00e9ctrico de cadena para elevar la carga, de una o dos velocidades de elevaci\u00f3n, con carro de traslaci\u00f3n el\u00e9ctrico, de empuje o mec\u00e1nico."},{"etichetta":"Dispositivo de frenado","valore":"Consta de una embrague ajustable con tornillo que permite regular el esfuerzo de rotaci\u00f3n del brazo y garantiza la estabilidad de colocaci\u00f3n."}],"prodotto_page_tabs_optionals":[{"titolo":"Pintura personalizada","testo":"Se puede personalizar el color de la pintura para satisfacer necesidades espec\u00edficas, exigencias de dise\u00f1o o de marca.","immagine":null}],"prodotto_page_tabs_downloads":null,"prodotto_page_gallery":[13521,13528,13514],"prodotto_page_customer_story_titolo":"","prodotto_page_customer_story_list":null,"prodotto_page_applicazioni_list":"- Agricoltura e Alimentare\r\n- Manifatturiero\r\n- Energetico\r\n- Edile e delle costruzioni\r\n- Tecnologie dell'informazione e ICT\r\n- Trasporti e logistica\r\n- Commercio al dettaglio\r\n- Culturale e dell'intrattenimento\r\n- Ambientale e della sostenibilit\u00e0\r\n- Ricerca e sviluppo\r\n- Arti e Artigianato","prodotto_page_faq_list":null,"prodotto_page_testo_prodotti_correlati":"<h2>Productos relacionados<\/h2>\r\nExplora tambi\u00e9n estos productos y encuentra otras soluciones que se ajusten a ti.","prodotto_page_lista_prodotti_correlati":"- M\r\n- M2T\r\n- MS","prodotto_page_titolo_componenti_3d":"","prodotto_page_immagine_iniziale_componenti_3d":null,"prodotto_page_lista_componenti_3d":null,"prodotto_page_titolo_slider_configurazioni":"Producto y configuraciones","prodotto_page_lista_immgini_slider_configurazioni":[{"etichetta":"Uni\u00f3n ancha","immagine":13556},{"etichetta":"Vista desde arriba","immagine":13570},{"etichetta":"Perspectiva","immagine":13563},{"etichetta":"Doble brazo","immagine":13591},{"etichetta":"Uni\u00f3n estrecha","immagine":13549},{"etichetta":"Doble brazo","immagine":13577},{"etichetta":"Detalle","immagine":13584}],"prodotto_page_titolo_slider_configurazioni_2":"<h2><\/h2>","prodotto_page_lista_immgini_slider_configurazioni_2":null,"seo_title":"Gr\u00faa bandera de m\u00e9nsula capacidad 2.000 kg, 8 m de alcance y rotaci\u00f3n de 270\u00b0 | OMIS","seo_description":"La gr\u00faa de m\u00e9nsula optimiza el espacio vertical y ofrece flexibilidad de movimiento del carro. Con grupo de rotaci\u00f3n sobre cojinetes y varias opciones de carro, incluye una l\u00ednea de alimentaci\u00f3n integrada para maximizar la eficiencia. Es posible instalar dos gr\u00faas una frente a otra. Saber m\u00e1s."},"yoast_head":"<!-- This site is optimized with the Yoast SEO plugin v23.9 - https:\/\/yoast.com\/wordpress\/plugins\/seo\/ -->\n<title>Gr\u00faa bandera de m\u00e9nsula capacidad 2.000 kg, 8 m de alcance y rotaci\u00f3n de 270\u00b0 | OMIS<\/title>\n<meta name=\"description\" content=\"La gr\u00faa de m\u00e9nsula optimiza el espacio vertical y ofrece flexibilidad de movimiento del carro. Con grupo de rotaci\u00f3n sobre cojinetes y varias opciones de carro, incluye una l\u00ednea de alimentaci\u00f3n integrada para maximizar la eficiencia. Es posible instalar dos gr\u00faas una frente a otra. Saber m\u00e1s.\" \/>\n<meta name=\"robots\" content=\"index, follow, max-snippet:-1, max-image-preview:large, max-video-preview:-1\" \/>\n<meta property=\"og:locale\" content=\"es_ES\" \/>\n<meta property=\"og:type\" content=\"article\" \/>\n<meta property=\"og:title\" content=\"Gr\u00faa bandera de m\u00e9nsula capacidad 2.000 kg, 8 m de alcance y rotaci\u00f3n de 270\u00b0 | OMIS\" \/>\n<meta property=\"og:description\" content=\"La gr\u00faa de m\u00e9nsula optimiza el espacio vertical y ofrece flexibilidad de movimiento del carro. Con grupo de rotaci\u00f3n sobre cojinetes y varias opciones de carro, incluye una l\u00ednea de alimentaci\u00f3n integrada para maximizar la eficiencia. Es posible instalar dos gr\u00faas una frente a otra. Saber m\u00e1s.\" \/>\n<meta property=\"og:url\" content=\"https:\/\/www.omis.net\/es-es\/producto\/grua-bandera-de-mensula-con-brazo-de-viga-en-voladizo\/\" \/>\n<meta property=\"og:site_name\" content=\"Omis Spa\" \/>\n<meta property=\"article:publisher\" content=\"https:\/\/www.facebook.com\/omisgroup\" \/>\n<meta property=\"article:modified_time\" content=\"2025-02-03T13:56:58+00:00\" \/>\n<meta property=\"og:image\" content=\"https:\/\/media.omis.net\/media\/2024\/12\/Profile-MT-jib-crane-mt-250kg-wide-connection-front-3d-omis-scaled.webp\" \/>\n\t<meta property=\"og:image:width\" content=\"2560\" \/>\n\t<meta property=\"og:image:height\" content=\"1440\" \/>\n\t<meta property=\"og:image:type\" content=\"image\/webp\" \/>\n<meta name=\"twitter:card\" content=\"summary_large_image\" \/>\n<meta name=\"twitter:label1\" content=\"Est. reading time\" \/>\n\t<meta name=\"twitter:data1\" content=\"1 minute\" \/>\n<script type=\"application\/ld+json\" class=\"yoast-schema-graph\">{\"@context\":\"https:\/\/schema.org\",\"@graph\":[{\"@type\":\"WebPage\",\"@id\":\"https:\/\/www.omis.net\/es-es\/producto\/grua-bandera-de-mensula-con-brazo-de-viga-en-voladizo\/\",\"url\":\"https:\/\/www.omis.net\/es-es\/producto\/grua-bandera-de-mensula-con-brazo-de-viga-en-voladizo\/\",\"name\":\"Gr\u00faa bandera de m\u00e9nsula capacidad 2.000 kg, 8 m de alcance y rotaci\u00f3n de 270\u00b0 | OMIS\",\"isPartOf\":{\"@id\":\"https:\/\/www.omis.net\/it-it\/#website\"},\"primaryImageOfPage\":{\"@id\":\"https:\/\/www.omis.net\/es-es\/producto\/grua-bandera-de-mensula-con-brazo-de-viga-en-voladizo\/#primaryimage\"},\"image\":{\"@id\":\"https:\/\/www.omis.net\/es-es\/producto\/grua-bandera-de-mensula-con-brazo-de-viga-en-voladizo\/#primaryimage\"},\"thumbnailUrl\":\"https:\/\/media.omis.net\/media\/2024\/12\/Profile-MT-jib-crane-mt-250kg-wide-connection-front-3d-omis-scaled.webp\",\"datePublished\":\"2024-12-18T09:59:37+00:00\",\"dateModified\":\"2025-02-03T13:56:58+00:00\",\"description\":\"La gr\u00faa de m\u00e9nsula optimiza el espacio vertical y ofrece flexibilidad de movimiento del carro. Con grupo de rotaci\u00f3n sobre cojinetes y varias opciones de carro, incluye una l\u00ednea de alimentaci\u00f3n integrada para maximizar la eficiencia. Es posible instalar dos gr\u00faas una frente a otra. Saber m\u00e1s.\",\"breadcrumb\":{\"@id\":\"https:\/\/www.omis.net\/es-es\/producto\/grua-bandera-de-mensula-con-brazo-de-viga-en-voladizo\/#breadcrumb\"},\"inLanguage\":\"es-es\",\"potentialAction\":[{\"@type\":\"ReadAction\",\"target\":[\"https:\/\/www.omis.net\/es-es\/producto\/grua-bandera-de-mensula-con-brazo-de-viga-en-voladizo\/\"]}]},{\"@type\":\"ImageObject\",\"inLanguage\":\"es-es\",\"@id\":\"https:\/\/www.omis.net\/es-es\/producto\/grua-bandera-de-mensula-con-brazo-de-viga-en-voladizo\/#primaryimage\",\"url\":\"https:\/\/media.omis.net\/media\/2024\/12\/Profile-MT-jib-crane-mt-250kg-wide-connection-front-3d-omis-scaled.webp\",\"contentUrl\":\"https:\/\/media.omis.net\/media\/2024\/12\/Profile-MT-jib-crane-mt-250kg-wide-connection-front-3d-omis-scaled.webp\",\"width\":2560,\"height\":1440,\"caption\":\"products and configurations - Profile mt jib crane mt 250kg wide connection front 3d Omis\"},{\"@type\":\"BreadcrumbList\",\"@id\":\"https:\/\/www.omis.net\/es-es\/producto\/grua-bandera-de-mensula-con-brazo-de-viga-en-voladizo\/#breadcrumb\",\"itemListElement\":[{\"@type\":\"ListItem\",\"position\":1,\"name\":\"Home\",\"item\":\"https:\/\/www.omis.net\/es-es\/pagina-de-inicio\/\"},{\"@type\":\"ListItem\",\"position\":2,\"name\":\"Gr\u00faa bandera de m\u00e9nsula con brazo de viga en voladizo\"}]},{\"@type\":\"WebSite\",\"@id\":\"https:\/\/www.omis.net\/it-it\/#website\",\"url\":\"https:\/\/www.omis.net\/it-it\/\",\"name\":\"Omis Spa\",\"description\":\"Movimentazione e sollevamento\",\"publisher\":{\"@id\":\"https:\/\/www.omis.net\/it-it\/#organization\"},\"potentialAction\":[{\"@type\":\"SearchAction\",\"target\":{\"@type\":\"EntryPoint\",\"urlTemplate\":\"https:\/\/www.omis.net\/it-it\/?s={search_term_string}\"},\"query-input\":{\"@type\":\"PropertyValueSpecification\",\"valueRequired\":true,\"valueName\":\"search_term_string\"}}],\"inLanguage\":\"es-es\"},{\"@type\":\"Organization\",\"@id\":\"https:\/\/www.omis.net\/it-it\/#organization\",\"name\":\"Omis Spa\",\"url\":\"https:\/\/www.omis.net\/it-it\/\",\"logo\":{\"@type\":\"ImageObject\",\"inLanguage\":\"es-es\",\"@id\":\"https:\/\/www.omis.net\/it-it\/#\/schema\/logo\/image\/\",\"url\":\"https:\/\/media.omis.net\/media\/2024\/08\/logo.jpg\",\"contentUrl\":\"https:\/\/media.omis.net\/media\/2024\/08\/logo.jpg\",\"width\":300,\"height\":300,\"caption\":\"Omis Spa\"},\"image\":{\"@id\":\"https:\/\/www.omis.net\/it-it\/#\/schema\/logo\/image\/\"},\"sameAs\":[\"https:\/\/www.facebook.com\/omisgroup\",\"https:\/\/www.linkedin.com\/company\/omis-group\",\"https:\/\/www.youtube.com\/channel\/UCS4L59XDk3kKBI9MnjuxWDw\",\"https:\/\/www.instagram.com\/omisgroup\"]}]}<\/script>\n<!-- \/ Yoast SEO plugin. -->","yoast_head_json":{"title":"Gr\u00faa bandera de m\u00e9nsula capacidad 2.000 kg, 8 m de alcance y rotaci\u00f3n de 270\u00b0 | OMIS","description":"La gr\u00faa de m\u00e9nsula optimiza el espacio vertical y ofrece flexibilidad de movimiento del carro. Con grupo de rotaci\u00f3n sobre cojinetes y varias opciones de carro, incluye una l\u00ednea de alimentaci\u00f3n integrada para maximizar la eficiencia. Es posible instalar dos gr\u00faas una frente a otra. Saber m\u00e1s.","robots":{"index":"index","follow":"follow","max-snippet":"max-snippet:-1","max-image-preview":"max-image-preview:large","max-video-preview":"max-video-preview:-1"},"og_locale":"es_ES","og_type":"article","og_title":"Gr\u00faa bandera de m\u00e9nsula capacidad 2.000 kg, 8 m de alcance y rotaci\u00f3n de 270\u00b0 | OMIS","og_description":"La gr\u00faa de m\u00e9nsula optimiza el espacio vertical y ofrece flexibilidad de movimiento del carro. Con grupo de rotaci\u00f3n sobre cojinetes y varias opciones de carro, incluye una l\u00ednea de alimentaci\u00f3n integrada para maximizar la eficiencia. Es posible instalar dos gr\u00faas una frente a otra. Saber m\u00e1s.","og_url":"https:\/\/www.omis.net\/es-es\/producto\/grua-bandera-de-mensula-con-brazo-de-viga-en-voladizo\/","og_site_name":"Omis Spa","article_publisher":"https:\/\/www.facebook.com\/omisgroup","article_modified_time":"2025-02-03T13:56:58+00:00","og_image":[{"width":2560,"height":1440,"url":"https:\/\/media.omis.net\/media\/2024\/12\/Profile-MT-jib-crane-mt-250kg-wide-connection-front-3d-omis-scaled.webp","type":"image\/webp"}],"twitter_card":"summary_large_image","twitter_misc":{"Est. reading time":"1 minute"},"schema":{"@context":"https:\/\/schema.org","@graph":[{"@type":"WebPage","@id":"https:\/\/www.omis.net\/es-es\/producto\/grua-bandera-de-mensula-con-brazo-de-viga-en-voladizo\/","url":"https:\/\/www.omis.net\/es-es\/producto\/grua-bandera-de-mensula-con-brazo-de-viga-en-voladizo\/","name":"Gr\u00faa bandera de m\u00e9nsula capacidad 2.000 kg, 8 m de alcance y rotaci\u00f3n de 270\u00b0 | OMIS","isPartOf":{"@id":"https:\/\/www.omis.net\/it-it\/#website"},"primaryImageOfPage":{"@id":"https:\/\/www.omis.net\/es-es\/producto\/grua-bandera-de-mensula-con-brazo-de-viga-en-voladizo\/#primaryimage"},"image":{"@id":"https:\/\/www.omis.net\/es-es\/producto\/grua-bandera-de-mensula-con-brazo-de-viga-en-voladizo\/#primaryimage"},"thumbnailUrl":"https:\/\/media.omis.net\/media\/2024\/12\/Profile-MT-jib-crane-mt-250kg-wide-connection-front-3d-omis-scaled.webp","datePublished":"2024-12-18T09:59:37+00:00","dateModified":"2025-02-03T13:56:58+00:00","description":"La gr\u00faa de m\u00e9nsula optimiza el espacio vertical y ofrece flexibilidad de movimiento del carro. Con grupo de rotaci\u00f3n sobre cojinetes y varias opciones de carro, incluye una l\u00ednea de alimentaci\u00f3n integrada para maximizar la eficiencia. Es posible instalar dos gr\u00faas una frente a otra. Saber m\u00e1s.","breadcrumb":{"@id":"https:\/\/www.omis.net\/es-es\/producto\/grua-bandera-de-mensula-con-brazo-de-viga-en-voladizo\/#breadcrumb"},"inLanguage":"es-es","potentialAction":[{"@type":"ReadAction","target":["https:\/\/www.omis.net\/es-es\/producto\/grua-bandera-de-mensula-con-brazo-de-viga-en-voladizo\/"]}]},{"@type":"ImageObject","inLanguage":"es-es","@id":"https:\/\/www.omis.net\/es-es\/producto\/grua-bandera-de-mensula-con-brazo-de-viga-en-voladizo\/#primaryimage","url":"https:\/\/media.omis.net\/media\/2024\/12\/Profile-MT-jib-crane-mt-250kg-wide-connection-front-3d-omis-scaled.webp","contentUrl":"https:\/\/media.omis.net\/media\/2024\/12\/Profile-MT-jib-crane-mt-250kg-wide-connection-front-3d-omis-scaled.webp","width":2560,"height":1440,"caption":"products and configurations - Profile mt jib crane mt 250kg wide connection front 3d Omis"},{"@type":"BreadcrumbList","@id":"https:\/\/www.omis.net\/es-es\/producto\/grua-bandera-de-mensula-con-brazo-de-viga-en-voladizo\/#breadcrumb","itemListElement":[{"@type":"ListItem","position":1,"name":"Home","item":"https:\/\/www.omis.net\/es-es\/pagina-de-inicio\/"},{"@type":"ListItem","position":2,"name":"Gr\u00faa bandera de m\u00e9nsula con brazo de viga en voladizo"}]},{"@type":"WebSite","@id":"https:\/\/www.omis.net\/it-it\/#website","url":"https:\/\/www.omis.net\/it-it\/","name":"Omis Spa","description":"Movimentazione e sollevamento","publisher":{"@id":"https:\/\/www.omis.net\/it-it\/#organization"},"potentialAction":[{"@type":"SearchAction","target":{"@type":"EntryPoint","urlTemplate":"https:\/\/www.omis.net\/it-it\/?s={search_term_string}"},"query-input":{"@type":"PropertyValueSpecification","valueRequired":true,"valueName":"search_term_string"}}],"inLanguage":"es-es"},{"@type":"Organization","@id":"https:\/\/www.omis.net\/it-it\/#organization","name":"Omis Spa","url":"https:\/\/www.omis.net\/it-it\/","logo":{"@type":"ImageObject","inLanguage":"es-es","@id":"https:\/\/www.omis.net\/it-it\/#\/schema\/logo\/image\/","url":"https:\/\/media.omis.net\/media\/2024\/08\/logo.jpg","contentUrl":"https:\/\/media.omis.net\/media\/2024\/08\/logo.jpg","width":300,"height":300,"caption":"Omis Spa"},"image":{"@id":"https:\/\/www.omis.net\/it-it\/#\/schema\/logo\/image\/"},"sameAs":["https:\/\/www.facebook.com\/omisgroup","https:\/\/www.linkedin.com\/company\/omis-group","https:\/\/www.youtube.com\/channel\/UCS4L59XDk3kKBI9MnjuxWDw","https:\/\/www.instagram.com\/omisgroup"]}]}},"_links":{"self":[{"href":"https:\/\/www.omis.net\/es-es\/wp-json\/wp\/v2\/product\/7384"}],"collection":[{"href":"https:\/\/www.omis.net\/es-es\/wp-json\/wp\/v2\/product"}],"about":[{"href":"https:\/\/www.omis.net\/es-es\/wp-json\/wp\/v2\/types\/product"}],"acf:attachment":[{"embeddable":true,"href":"https:\/\/www.omis.net\/es-es\/wp-json\/wp\/v2\/media\/13514"},{"embeddable":true,"href":"https:\/\/www.omis.net\/es-es\/wp-json\/wp\/v2\/media\/13528"},{"embeddable":true,"href":"https:\/\/www.omis.net\/es-es\/wp-json\/wp\/v2\/media\/13521"},{"embeddable":true,"href":"https:\/\/www.omis.net\/es-es\/wp-json\/wp\/v2\/media\/13542"},{"embeddable":true,"href":"https:\/\/www.omis.net\/es-es\/wp-json\/wp\/v2\/media\/13535"}],"wp:featuredmedia":[{"embeddable":true,"href":"https:\/\/www.omis.net\/es-es\/wp-json\/wp\/v2\/media\/13598"}],"wp:attachment":[{"href":"https:\/\/www.omis.net\/es-es\/wp-json\/wp\/v2\/media?parent=7384"}],"wp:term":[{"taxonomy":"caratteristica-prodotto","embeddable":true,"href":"https:\/\/www.omis.net\/es-es\/wp-json\/wp\/v2\/caratteristica-prodotto?post=7384"},{"taxonomy":"tipologia-prodotto","embeddable":true,"href":"https:\/\/www.omis.net\/es-es\/wp-json\/wp\/v2\/tipologia-prodotto?post=7384"}],"curies":[{"name":"wp","href":"https:\/\/api.w.org\/{rel}","templated":true}]}}