{"id":7382,"date":"2024-12-18T10:58:40","date_gmt":"2024-12-18T09:58:40","guid":{"rendered":"http:\/\/bedrock.local\/product\/be\/"},"modified":"2025-02-03T12:52:28","modified_gmt":"2025-02-03T11:52:28","slug":"grua-bandera-de-columna-con-brazo-de-viga-en-voladizo-y-rotacion-electrica-de-360-sobre-rodamiento","status":"publish","type":"product","link":"https:\/\/www.omis.net\/es-es\/producto\/grua-bandera-de-columna-con-brazo-de-viga-en-voladizo-y-rotacion-electrica-de-360-sobre-rodamiento\/","title":{"rendered":"Gr\u00faa bandera de columna con brazo de viga en voladizo y rotaci\u00f3n el\u00e9ctrica de 360\u00b0 sobre rodamiento"},"content":{"rendered":"","protected":false},"featured_media":16188,"parent":0,"template":"","caratteristica-prodotto":[1012],"tipologia-prodotto":[709,715,721],"class_list":["post-7382","product","type-product","status-publish","has-post-thumbnail","hentry","caratteristica-prodotto-rotacion-electrica","tipologia-prodotto-gruas-para-puestos-de-trabajo","tipologia-prodotto-grua-bandera","tipologia-prodotto-de-columna"],"acf":{"import_csv_id":"23","prodotto_generale_sku":"BE","prodotto_listing_card_descrizione":"La gr\u00faa bandera con rotaci\u00f3n el\u00e9ctrica de 360\u00b0 eleva y manipula cargas pesadas y garantiza, gracias al brazo de viga en voladizo y el colector giratorio de alimentaci\u00f3n, un movimiento continuo y una torsi\u00f3n estable. ","prodotto_listing_card_caratteristiche":null,"prodotto_page_gradient_hero":false,"prodotto_page_titolo_hero":"Rotaci\u00f3n el\u00e9ctrica continua y m\u00e1xima estabilidad torsional.","prodotto_page_gallery_hero":[12438],"prodotto_page_descrizione_3_colonne_posizione":false,"prodotto_page_descrizione_3_colonne":[{"valore":"10","unita_di_misura":"t","etichetta":"Capacidad m\u00e1x."},{"valore":"10","unita_di_misura":"m","etichetta":"Alcance m\u00e1x."},{"valore":"360\u00b0","unita_di_misura":"","etichetta":"Rotaci\u00f3n"}],"prodotto_page_descrizione_titolo":"Gr\u00faa bandera de columna con brazo de viga en voladizo y rotaci\u00f3n el\u00e9ctrica de 360\u00b0","prodotto_page_descrizione_3_colonne_testo":"<strong>La gr\u00faa bandera con rotaci\u00f3n el\u00e9ctrica continua de 360\u00b0, en voladizo o de caja, es una soluci\u00f3n tecnol\u00f3gicamente avanzada y muy eficiente para gestionar cargas pesadas que mejora considerablemente la flexibilidad operativa respecto a las gr\u00faas tradicionales que ofrecen una rotaci\u00f3n limitada a 270\u00b0.<\/strong>\r\n\r\nDotada de un robusto brazo de viga de perfil doble T, esta gr\u00faa est\u00e1 dise\u00f1ada para realizar con precisi\u00f3n movimientos de elevaci\u00f3n, traslaci\u00f3n y manipulaci\u00f3n de objetos y materiales en distintos contextos industriales.\r\nEl dise\u00f1o innovador incluye un sistema de rotaci\u00f3n el\u00e9ctrica que permite que el brazo gire constantemente y sin interrupciones, una caracter\u00edstica esencial para operaciones complejas y optimizar el tiempo de manipulaci\u00f3n. El mecanismo de rotaci\u00f3n lo simplifica un colector giratorio de alimentaci\u00f3n que apoya el movimiento constante, garantiza la fiabilidad y seguridad del operador y prev\u00e9 problemas comunes como el enrollado de los cables de alimentaci\u00f3n.\r\nLa capacidad de rotaci\u00f3n a 360\u00b0 continua hace que la gr\u00faa sea apropiada especialmente para entornos de trabajo de espacio limitado y la necesidad de manipular cargas con rapidez y de forma segura es crucial. Adem\u00e1s, el funcionamiento aut\u00f3nomo de esta gr\u00faa reduce la dependencia de otros sistemas de elevaci\u00f3n, como puentes gr\u00faa o carretillas elevadoras, que cuesta m\u00e1s mantener y tambi\u00e9n son menos vers\u00e1tiles en la manipulaci\u00f3n dentro de las \u00e1reas de trabajo.\r\nUsar la Gr\u00faa bandera con rotaci\u00f3n el\u00e9ctrica de 360\u00b0 puede implicar considerables reducciones de los costes operativos, especialmente de ahorro de tiempo y reducci\u00f3n del personal necesario para gestionar las operaciones de elevaci\u00f3n. La reducci\u00f3n de la mano de obra no afecta a la productividad, es m\u00e1s, la incrementa gracias a la eficiencia y velocidad operativa de la gr\u00faa. Los operadores pueden contar con un mecanismo de control intuitivo que facilita el uso seguro de la m\u00e1quina, reduce el riesgo de accidentes y mejora la eficiencia general.\r\nLa instalaci\u00f3n de esta gr\u00faa no s\u00f3lo mejora las operaciones de elevaci\u00f3n, sino que tambi\u00e9n contribuye a organizar m\u00e1s el espacio de trabajo y permite planificar y utilizar mejor las \u00e1reas de producci\u00f3n. Con esta soluci\u00f3n las empresas pueden optimizar sus procesos log\u00edsticos y productivos y garantizar la seguridad y satisfacci\u00f3n de los operadores.","prodotto_page_descrizione_titolo_vantaggi":"Ventajas de la gr\u00faa bandera de columna con brazo de viga en voladizo y rotaci\u00f3n el\u00e9ctrica a 360\u00b0 sobre rodamiento","prodotto_page_descrizione_vantaggi":[{"titolo":"Funcionamiento a 360\u00b0","testo":"","link":"","archivio_prodotti":null},{"titolo":"M\u00e1xima estabilidad de torsi\u00f3n","testo":"","link":"","archivio_prodotti":null},{"titolo":"Rotaci\u00f3n continua del brazo","testo":"","link":"","archivio_prodotti":null},{"titolo":"Funcionamiento vers\u00e1til","testo":"","link":"","archivio_prodotti":null},{"titolo":"F\u00e1cil de usar","testo":"","link":"","archivio_prodotti":null},{"titolo":"Aumento de la productividad y seguridad","testo":"","link":"","archivio_prodotti":null}],"prodotto_page_tabs_dati_tecnici":[{"etichetta":"Capacidad","valore":"125 kg - 10000 kg"},{"etichetta":"Alcance","valore":"Hasta 10 m seg\u00fan la capacidad"},{"etichetta":"Perfil alcance","valore":"Perfil con viga doble T y de caja"},{"etichetta":"Rotaci\u00f3n","valore":"360\u00b0 continua"},{"etichetta":"Rotaci\u00f3n","valore":"El\u00e9ctrica"},{"etichetta":"Velocidad perif\u00e9rica","valore":"~18 m\/min"},{"etichetta":"Columna","valore":"Tubo de acero de secci\u00f3n circular. Tiene en un extremo una placa de base perforada para la fijaci\u00f3n a la base con tacos qu\u00edmicos o tirafondos y en el otro dos placas, una superior y una intermedia, para sostener el brazo."},{"etichetta":"Polipasto","valore":"Polipasto el\u00e9ctrico de cadena o cable para elevar la carga, de una o dos velocidades de elevaci\u00f3n, con carro de traslaci\u00f3n el\u00e9ctrico o de empuje."},{"etichetta":"Dispositivo de frenado","valore":"Consta de una embrague ajustable con tornillo que permite regular el esfuerzo de rotaci\u00f3n del brazo y garantiza la estabilidad de colocaci\u00f3n."}],"prodotto_page_tabs_optionals":[{"titolo":"Pintura personalizada","testo":"Se puede personalizar el color de la pintura para satisfacer necesidades espec\u00edficas, exigencias de dise\u00f1o o de marca.","immagine":null}],"prodotto_page_tabs_downloads":null,"prodotto_page_gallery":[12460,12446,12453],"prodotto_page_customer_story_titolo":"","prodotto_page_customer_story_list":null,"prodotto_page_applicazioni_list":"- Agricoltura e Alimentare\r\n- Manifatturiero\r\n- Energetico\r\n- Edile e delle costruzioni\r\n- Tecnologie dell'informazione e ICT\r\n- Trasporti e logistica\r\n- Commercio al dettaglio\r\n- Culturale e dell'intrattenimento\r\n- Ambientale e della sostenibilit\u00e0\r\n- Ricerca e sviluppo\r\n- Arti e Artigianato","prodotto_page_faq_list":null,"prodotto_page_testo_prodotti_correlati":"<h2>Productos relacionados<\/h2>\r\nExplora tambi\u00e9n estos productos y encuentra otras soluciones que se ajusten a ti.","prodotto_page_lista_prodotti_correlati":"- BE\r\n- BILIF\r\n- BILIS","prodotto_page_titolo_componenti_3d":"","prodotto_page_immagine_iniziale_componenti_3d":null,"prodotto_page_lista_componenti_3d":null,"prodotto_page_titolo_slider_configurazioni":"Producto y configuraciones","prodotto_page_lista_immgini_slider_configurazioni":[{"etichetta":"Vista frontal","immagine":12467},{"etichetta":"Vista desde arriba","immagine":12488},{"etichetta":"Perspectiva","immagine":12481},{"etichetta":"Detalle","immagine":12474}],"prodotto_page_titolo_slider_configurazioni_2":"<h2><\/h2>","prodotto_page_lista_immgini_slider_configurazioni_2":null,"seo_title":"Gr\u00faa bandera de columna con rotaci\u00f3n el\u00e9ctrica continua a 360\u00b0 | OMIS","seo_description":"La gr\u00faa bandera con rotaci\u00f3n el\u00e9ctrica continua de 360\u00b0 es una soluci\u00f3n avanzada para gestionar cargas pesadas y mejorar la flexibilidad respecto a las gr\u00faas tradicionales con rotaci\u00f3n limitada a 270\u00b0 con el apoyo de un colector giratorio. Con un robusto brazo de viga doble T permite movimientos precisos en contextos industriales. Saber m\u00e1s."},"yoast_head":"<!-- This site is optimized with the Yoast SEO plugin v23.9 - https:\/\/yoast.com\/wordpress\/plugins\/seo\/ -->\n<title>Gr\u00faa bandera de columna con rotaci\u00f3n el\u00e9ctrica continua a 360\u00b0 | OMIS<\/title>\n<meta name=\"description\" content=\"La gr\u00faa bandera con rotaci\u00f3n el\u00e9ctrica continua de 360\u00b0 es una soluci\u00f3n avanzada para gestionar cargas pesadas y mejorar la flexibilidad respecto a las gr\u00faas tradicionales con rotaci\u00f3n limitada a 270\u00b0 con el apoyo de un colector giratorio. Con un robusto brazo de viga doble T permite movimientos precisos en contextos industriales. Saber m\u00e1s.\" \/>\n<meta name=\"robots\" content=\"index, follow, max-snippet:-1, max-image-preview:large, max-video-preview:-1\" \/>\n<meta property=\"og:locale\" content=\"es_ES\" \/>\n<meta property=\"og:type\" content=\"article\" \/>\n<meta property=\"og:title\" content=\"Gr\u00faa bandera de columna con rotaci\u00f3n el\u00e9ctrica continua a 360\u00b0 | OMIS\" \/>\n<meta property=\"og:description\" content=\"La gr\u00faa bandera con rotaci\u00f3n el\u00e9ctrica continua de 360\u00b0 es una soluci\u00f3n avanzada para gestionar cargas pesadas y mejorar la flexibilidad respecto a las gr\u00faas tradicionales con rotaci\u00f3n limitada a 270\u00b0 con el apoyo de un colector giratorio. Con un robusto brazo de viga doble T permite movimientos precisos en contextos industriales. Saber m\u00e1s.\" \/>\n<meta property=\"og:url\" content=\"https:\/\/www.omis.net\/es-es\/producto\/grua-bandera-de-columna-con-brazo-de-viga-en-voladizo-y-rotacion-electrica-de-360-sobre-rodamiento\/\" \/>\n<meta property=\"og:site_name\" content=\"Omis Spa\" \/>\n<meta property=\"article:publisher\" content=\"https:\/\/www.facebook.com\/omisgroup\" \/>\n<meta property=\"article:modified_time\" content=\"2025-02-03T11:52:28+00:00\" \/>\n<meta property=\"og:image\" content=\"https:\/\/media.omis.net\/media\/2024\/12\/jib-crane-be-box-type-5000kg-front-3d-omis-scaled.webp\" \/>\n\t<meta property=\"og:image:width\" content=\"2560\" \/>\n\t<meta property=\"og:image:height\" content=\"1440\" \/>\n\t<meta property=\"og:image:type\" content=\"image\/webp\" \/>\n<meta name=\"twitter:card\" content=\"summary_large_image\" \/>\n<meta name=\"twitter:label1\" content=\"Est. reading time\" \/>\n\t<meta name=\"twitter:data1\" content=\"1 minute\" \/>\n<script type=\"application\/ld+json\" class=\"yoast-schema-graph\">{\"@context\":\"https:\/\/schema.org\",\"@graph\":[{\"@type\":\"WebPage\",\"@id\":\"https:\/\/www.omis.net\/es-es\/producto\/grua-bandera-de-columna-con-brazo-de-viga-en-voladizo-y-rotacion-electrica-de-360-sobre-rodamiento\/\",\"url\":\"https:\/\/www.omis.net\/es-es\/producto\/grua-bandera-de-columna-con-brazo-de-viga-en-voladizo-y-rotacion-electrica-de-360-sobre-rodamiento\/\",\"name\":\"Gr\u00faa bandera de columna con rotaci\u00f3n el\u00e9ctrica continua a 360\u00b0 | OMIS\",\"isPartOf\":{\"@id\":\"https:\/\/www.omis.net\/it-it\/#website\"},\"primaryImageOfPage\":{\"@id\":\"https:\/\/www.omis.net\/es-es\/producto\/grua-bandera-de-columna-con-brazo-de-viga-en-voladizo-y-rotacion-electrica-de-360-sobre-rodamiento\/#primaryimage\"},\"image\":{\"@id\":\"https:\/\/www.omis.net\/es-es\/producto\/grua-bandera-de-columna-con-brazo-de-viga-en-voladizo-y-rotacion-electrica-de-360-sobre-rodamiento\/#primaryimage\"},\"thumbnailUrl\":\"https:\/\/media.omis.net\/media\/2024\/12\/jib-crane-be-box-type-5000kg-front-3d-omis-scaled.webp\",\"datePublished\":\"2024-12-18T09:58:40+00:00\",\"dateModified\":\"2025-02-03T11:52:28+00:00\",\"description\":\"La gr\u00faa bandera con rotaci\u00f3n el\u00e9ctrica continua de 360\u00b0 es una soluci\u00f3n avanzada para gestionar cargas pesadas y mejorar la flexibilidad respecto a las gr\u00faas tradicionales con rotaci\u00f3n limitada a 270\u00b0 con el apoyo de un colector giratorio. Con un robusto brazo de viga doble T permite movimientos precisos en contextos industriales. Saber m\u00e1s.\",\"breadcrumb\":{\"@id\":\"https:\/\/www.omis.net\/es-es\/producto\/grua-bandera-de-columna-con-brazo-de-viga-en-voladizo-y-rotacion-electrica-de-360-sobre-rodamiento\/#breadcrumb\"},\"inLanguage\":\"es-es\",\"potentialAction\":[{\"@type\":\"ReadAction\",\"target\":[\"https:\/\/www.omis.net\/es-es\/producto\/grua-bandera-de-columna-con-brazo-de-viga-en-voladizo-y-rotacion-electrica-de-360-sobre-rodamiento\/\"]}]},{\"@type\":\"ImageObject\",\"inLanguage\":\"es-es\",\"@id\":\"https:\/\/www.omis.net\/es-es\/producto\/grua-bandera-de-columna-con-brazo-de-viga-en-voladizo-y-rotacion-electrica-de-360-sobre-rodamiento\/#primaryimage\",\"url\":\"https:\/\/media.omis.net\/media\/2024\/12\/jib-crane-be-box-type-5000kg-front-3d-omis-scaled.webp\",\"contentUrl\":\"https:\/\/media.omis.net\/media\/2024\/12\/jib-crane-be-box-type-5000kg-front-3d-omis-scaled.webp\",\"width\":2560,\"height\":1440,\"caption\":\"products and configurations - Jib crane be box type 5000kg front 3d Omis\"},{\"@type\":\"BreadcrumbList\",\"@id\":\"https:\/\/www.omis.net\/es-es\/producto\/grua-bandera-de-columna-con-brazo-de-viga-en-voladizo-y-rotacion-electrica-de-360-sobre-rodamiento\/#breadcrumb\",\"itemListElement\":[{\"@type\":\"ListItem\",\"position\":1,\"name\":\"Home\",\"item\":\"https:\/\/www.omis.net\/es-es\/pagina-de-inicio\/\"},{\"@type\":\"ListItem\",\"position\":2,\"name\":\"Gr\u00faa bandera de columna con brazo de viga en voladizo y rotaci\u00f3n el\u00e9ctrica de 360\u00b0 sobre rodamiento\"}]},{\"@type\":\"WebSite\",\"@id\":\"https:\/\/www.omis.net\/it-it\/#website\",\"url\":\"https:\/\/www.omis.net\/it-it\/\",\"name\":\"Omis Spa\",\"description\":\"Movimentazione e sollevamento\",\"publisher\":{\"@id\":\"https:\/\/www.omis.net\/it-it\/#organization\"},\"potentialAction\":[{\"@type\":\"SearchAction\",\"target\":{\"@type\":\"EntryPoint\",\"urlTemplate\":\"https:\/\/www.omis.net\/it-it\/?s={search_term_string}\"},\"query-input\":{\"@type\":\"PropertyValueSpecification\",\"valueRequired\":true,\"valueName\":\"search_term_string\"}}],\"inLanguage\":\"es-es\"},{\"@type\":\"Organization\",\"@id\":\"https:\/\/www.omis.net\/it-it\/#organization\",\"name\":\"Omis Spa\",\"url\":\"https:\/\/www.omis.net\/it-it\/\",\"logo\":{\"@type\":\"ImageObject\",\"inLanguage\":\"es-es\",\"@id\":\"https:\/\/www.omis.net\/it-it\/#\/schema\/logo\/image\/\",\"url\":\"https:\/\/media.omis.net\/media\/2024\/08\/logo.jpg\",\"contentUrl\":\"https:\/\/media.omis.net\/media\/2024\/08\/logo.jpg\",\"width\":300,\"height\":300,\"caption\":\"Omis Spa\"},\"image\":{\"@id\":\"https:\/\/www.omis.net\/it-it\/#\/schema\/logo\/image\/\"},\"sameAs\":[\"https:\/\/www.facebook.com\/omisgroup\",\"https:\/\/www.linkedin.com\/company\/omis-group\",\"https:\/\/www.youtube.com\/channel\/UCS4L59XDk3kKBI9MnjuxWDw\",\"https:\/\/www.instagram.com\/omisgroup\"]}]}<\/script>\n<!-- \/ Yoast SEO plugin. -->","yoast_head_json":{"title":"Gr\u00faa bandera de columna con rotaci\u00f3n el\u00e9ctrica continua a 360\u00b0 | OMIS","description":"La gr\u00faa bandera con rotaci\u00f3n el\u00e9ctrica continua de 360\u00b0 es una soluci\u00f3n avanzada para gestionar cargas pesadas y mejorar la flexibilidad respecto a las gr\u00faas tradicionales con rotaci\u00f3n limitada a 270\u00b0 con el apoyo de un colector giratorio. Con un robusto brazo de viga doble T permite movimientos precisos en contextos industriales. Saber m\u00e1s.","robots":{"index":"index","follow":"follow","max-snippet":"max-snippet:-1","max-image-preview":"max-image-preview:large","max-video-preview":"max-video-preview:-1"},"og_locale":"es_ES","og_type":"article","og_title":"Gr\u00faa bandera de columna con rotaci\u00f3n el\u00e9ctrica continua a 360\u00b0 | OMIS","og_description":"La gr\u00faa bandera con rotaci\u00f3n el\u00e9ctrica continua de 360\u00b0 es una soluci\u00f3n avanzada para gestionar cargas pesadas y mejorar la flexibilidad respecto a las gr\u00faas tradicionales con rotaci\u00f3n limitada a 270\u00b0 con el apoyo de un colector giratorio. Con un robusto brazo de viga doble T permite movimientos precisos en contextos industriales. Saber m\u00e1s.","og_url":"https:\/\/www.omis.net\/es-es\/producto\/grua-bandera-de-columna-con-brazo-de-viga-en-voladizo-y-rotacion-electrica-de-360-sobre-rodamiento\/","og_site_name":"Omis Spa","article_publisher":"https:\/\/www.facebook.com\/omisgroup","article_modified_time":"2025-02-03T11:52:28+00:00","og_image":[{"width":2560,"height":1440,"url":"https:\/\/media.omis.net\/media\/2024\/12\/jib-crane-be-box-type-5000kg-front-3d-omis-scaled.webp","type":"image\/webp"}],"twitter_card":"summary_large_image","twitter_misc":{"Est. reading time":"1 minute"},"schema":{"@context":"https:\/\/schema.org","@graph":[{"@type":"WebPage","@id":"https:\/\/www.omis.net\/es-es\/producto\/grua-bandera-de-columna-con-brazo-de-viga-en-voladizo-y-rotacion-electrica-de-360-sobre-rodamiento\/","url":"https:\/\/www.omis.net\/es-es\/producto\/grua-bandera-de-columna-con-brazo-de-viga-en-voladizo-y-rotacion-electrica-de-360-sobre-rodamiento\/","name":"Gr\u00faa bandera de columna con rotaci\u00f3n el\u00e9ctrica continua a 360\u00b0 | OMIS","isPartOf":{"@id":"https:\/\/www.omis.net\/it-it\/#website"},"primaryImageOfPage":{"@id":"https:\/\/www.omis.net\/es-es\/producto\/grua-bandera-de-columna-con-brazo-de-viga-en-voladizo-y-rotacion-electrica-de-360-sobre-rodamiento\/#primaryimage"},"image":{"@id":"https:\/\/www.omis.net\/es-es\/producto\/grua-bandera-de-columna-con-brazo-de-viga-en-voladizo-y-rotacion-electrica-de-360-sobre-rodamiento\/#primaryimage"},"thumbnailUrl":"https:\/\/media.omis.net\/media\/2024\/12\/jib-crane-be-box-type-5000kg-front-3d-omis-scaled.webp","datePublished":"2024-12-18T09:58:40+00:00","dateModified":"2025-02-03T11:52:28+00:00","description":"La gr\u00faa bandera con rotaci\u00f3n el\u00e9ctrica continua de 360\u00b0 es una soluci\u00f3n avanzada para gestionar cargas pesadas y mejorar la flexibilidad respecto a las gr\u00faas tradicionales con rotaci\u00f3n limitada a 270\u00b0 con el apoyo de un colector giratorio. Con un robusto brazo de viga doble T permite movimientos precisos en contextos industriales. Saber m\u00e1s.","breadcrumb":{"@id":"https:\/\/www.omis.net\/es-es\/producto\/grua-bandera-de-columna-con-brazo-de-viga-en-voladizo-y-rotacion-electrica-de-360-sobre-rodamiento\/#breadcrumb"},"inLanguage":"es-es","potentialAction":[{"@type":"ReadAction","target":["https:\/\/www.omis.net\/es-es\/producto\/grua-bandera-de-columna-con-brazo-de-viga-en-voladizo-y-rotacion-electrica-de-360-sobre-rodamiento\/"]}]},{"@type":"ImageObject","inLanguage":"es-es","@id":"https:\/\/www.omis.net\/es-es\/producto\/grua-bandera-de-columna-con-brazo-de-viga-en-voladizo-y-rotacion-electrica-de-360-sobre-rodamiento\/#primaryimage","url":"https:\/\/media.omis.net\/media\/2024\/12\/jib-crane-be-box-type-5000kg-front-3d-omis-scaled.webp","contentUrl":"https:\/\/media.omis.net\/media\/2024\/12\/jib-crane-be-box-type-5000kg-front-3d-omis-scaled.webp","width":2560,"height":1440,"caption":"products and configurations - Jib crane be box type 5000kg front 3d Omis"},{"@type":"BreadcrumbList","@id":"https:\/\/www.omis.net\/es-es\/producto\/grua-bandera-de-columna-con-brazo-de-viga-en-voladizo-y-rotacion-electrica-de-360-sobre-rodamiento\/#breadcrumb","itemListElement":[{"@type":"ListItem","position":1,"name":"Home","item":"https:\/\/www.omis.net\/es-es\/pagina-de-inicio\/"},{"@type":"ListItem","position":2,"name":"Gr\u00faa bandera de columna con brazo de viga en voladizo y rotaci\u00f3n el\u00e9ctrica de 360\u00b0 sobre rodamiento"}]},{"@type":"WebSite","@id":"https:\/\/www.omis.net\/it-it\/#website","url":"https:\/\/www.omis.net\/it-it\/","name":"Omis Spa","description":"Movimentazione e sollevamento","publisher":{"@id":"https:\/\/www.omis.net\/it-it\/#organization"},"potentialAction":[{"@type":"SearchAction","target":{"@type":"EntryPoint","urlTemplate":"https:\/\/www.omis.net\/it-it\/?s={search_term_string}"},"query-input":{"@type":"PropertyValueSpecification","valueRequired":true,"valueName":"search_term_string"}}],"inLanguage":"es-es"},{"@type":"Organization","@id":"https:\/\/www.omis.net\/it-it\/#organization","name":"Omis Spa","url":"https:\/\/www.omis.net\/it-it\/","logo":{"@type":"ImageObject","inLanguage":"es-es","@id":"https:\/\/www.omis.net\/it-it\/#\/schema\/logo\/image\/","url":"https:\/\/media.omis.net\/media\/2024\/08\/logo.jpg","contentUrl":"https:\/\/media.omis.net\/media\/2024\/08\/logo.jpg","width":300,"height":300,"caption":"Omis Spa"},"image":{"@id":"https:\/\/www.omis.net\/it-it\/#\/schema\/logo\/image\/"},"sameAs":["https:\/\/www.facebook.com\/omisgroup","https:\/\/www.linkedin.com\/company\/omis-group","https:\/\/www.youtube.com\/channel\/UCS4L59XDk3kKBI9MnjuxWDw","https:\/\/www.instagram.com\/omisgroup"]}]}},"_links":{"self":[{"href":"https:\/\/www.omis.net\/es-es\/wp-json\/wp\/v2\/product\/7382"}],"collection":[{"href":"https:\/\/www.omis.net\/es-es\/wp-json\/wp\/v2\/product"}],"about":[{"href":"https:\/\/www.omis.net\/es-es\/wp-json\/wp\/v2\/types\/product"}],"acf:attachment":[{"embeddable":true,"href":"https:\/\/www.omis.net\/es-es\/wp-json\/wp\/v2\/media\/12453"},{"embeddable":true,"href":"https:\/\/www.omis.net\/es-es\/wp-json\/wp\/v2\/media\/12446"},{"embeddable":true,"href":"https:\/\/www.omis.net\/es-es\/wp-json\/wp\/v2\/media\/12460"},{"embeddable":true,"href":"https:\/\/www.omis.net\/es-es\/wp-json\/wp\/v2\/media\/12438"}],"wp:featuredmedia":[{"embeddable":true,"href":"https:\/\/www.omis.net\/es-es\/wp-json\/wp\/v2\/media\/16188"}],"wp:attachment":[{"href":"https:\/\/www.omis.net\/es-es\/wp-json\/wp\/v2\/media?parent=7382"}],"wp:term":[{"taxonomy":"caratteristica-prodotto","embeddable":true,"href":"https:\/\/www.omis.net\/es-es\/wp-json\/wp\/v2\/caratteristica-prodotto?post=7382"},{"taxonomy":"tipologia-prodotto","embeddable":true,"href":"https:\/\/www.omis.net\/es-es\/wp-json\/wp\/v2\/tipologia-prodotto?post=7382"}],"curies":[{"name":"wp","href":"https:\/\/api.w.org\/{rel}","templated":true}]}}