{"id":7377,"date":"2024-12-18T10:56:36","date_gmt":"2024-12-18T09:56:36","guid":{"rendered":"http:\/\/bedrock.local\/product\/c2b\/"},"modified":"2025-02-03T12:31:13","modified_gmt":"2025-02-03T11:31:13","slug":"grua-bandera-de-columna-con-doble-brazo-de-perfil-de-canaleta","status":"publish","type":"product","link":"https:\/\/www.omis.net\/es-es\/producto\/grua-bandera-de-columna-con-doble-brazo-de-perfil-de-canaleta\/","title":{"rendered":"Gr\u00faa bandera de columna con doble brazo de perfil de canaleta"},"content":{"rendered":"","protected":false},"featured_media":12816,"parent":0,"template":"","caratteristica-prodotto":[1011],"tipologia-prodotto":[709,715,721],"class_list":["post-7377","product","type-product","status-publish","has-post-thumbnail","hentry","caratteristica-prodotto-rotacion-manual","tipologia-prodotto-gruas-para-puestos-de-trabajo","tipologia-prodotto-grua-bandera","tipologia-prodotto-de-columna"],"acf":{"import_csv_id":"18","prodotto_generale_sku":"C2B","prodotto_listing_card_descrizione":"La gr\u00faa bandera de columna con doble brazo es la soluci\u00f3n m\u00e1s pr\u00e1ctica y econ\u00f3mica para dar autonom\u00eda a una estaci\u00f3n de trabajo que, de no ser as\u00ed, necesitar\u00eda usar 2 Gr\u00faas bandera est\u00e1ndar.","prodotto_listing_card_caratteristiche":null,"prodotto_page_gradient_hero":false,"prodotto_page_titolo_hero":"Dos brazos, m\u00e1s autonom\u00eda operativa.","prodotto_page_gallery_hero":[12824],"prodotto_page_descrizione_3_colonne_posizione":false,"prodotto_page_descrizione_3_colonne":[{"valore":"1.000","unita_di_misura":"kg","etichetta":"Capacidad m\u00e1x."},{"valore":"8","unita_di_misura":"m","etichetta":"Alcance m\u00e1x."},{"valore":"270\u00b0","unita_di_misura":"","etichetta":"Rotaci\u00f3n"}],"prodotto_page_descrizione_titolo":"Gr\u00faa bandera de columna con doble brazo de perfil de canaleta con capacidad hasta 1.000 kg + 1.000 kg","prodotto_page_descrizione_3_colonne_testo":"<strong>La gr\u00faa bandera de doble brazo es la soluci\u00f3n m\u00e1s pr\u00e1ctica y econ\u00f3mica para dar autonom\u00eda a una o m\u00e1s estaciones de trabajo que, de no ser as\u00ed, necesitar\u00edan usar dos Gr\u00faas bandera est\u00e1ndar.\r\nAdem\u00e1s, resuelve el problema de manipular cargas en espacios peque\u00f1os donde otros equipos de elevaci\u00f3n no podr\u00edan trabajar.<\/strong>\r\n\r\nRecurrir al brazo con perfil curvado a presi\u00f3n de canaleta especial garantiza la mayor movilidad posible. Dentro del brazo se mueve el carro de deslizamiento con un movimiento fluido y regular que permite manejar f\u00e1cilmente la Gr\u00faa bandera de columna. Superficies de deslizamiento un poco inclinadas y el uso de materiales especiales, con la superficie lisa y el m\u00ednimo peso, reducen la fricci\u00f3n de las ruedas de traslaci\u00f3n de los carros portapolipasto. Adem\u00e1s, el menor peso que manipular reduce el esfuerzo que el operador debe hacer manualmente para que gire el brazo de la Gr\u00faa bandera. As\u00ed se consigue un gran deslizamiento y silencio de las ruedas y una gran capacidad de carga. La Gr\u00faa bandera con doble brazo de canaleta est\u00e1 disponible s\u00f3lo con carro manual de empuje.","prodotto_page_descrizione_titolo_vantaggi":"Ventajas de la gr\u00faa bandera de columna con doble brazo de perfil de canaleta ","prodotto_page_descrizione_vantaggi":[{"titolo":"Funcionamiento vers\u00e1til","testo":"","link":"","archivio_prodotti":null},{"titolo":"Excelente maniobrabilidad","testo":"","link":"","archivio_prodotti":null},{"titolo":"F\u00e1cil instalaci\u00f3n","testo":"","link":"","archivio_prodotti":null},{"titolo":"Aumento de la productividad y seguridad","testo":"","link":"","archivio_prodotti":null}],"prodotto_page_tabs_dati_tecnici":[{"etichetta":"Capacidad","valore":"125 kg - 1.000 kg"},{"etichetta":"Alcance","valore":"Hasta 8 m seg\u00fan la capacidad"},{"etichetta":"Perfil alcance","valore":"Perfil curvado a presi\u00f3n en forma de omega"},{"etichetta":"Rotaci\u00f3n","valore":"270\u00b0 con tope de regulaci\u00f3n ajustable en obra seg\u00fan los obst\u00e1culos arquitect\u00f3nicos"},{"etichetta":"Rotaci\u00f3n","valore":"Manual"},{"etichetta":"Columna","valore":"Tubo de acero de secci\u00f3n circular. Tiene en un extremo una placa de base perforada para la fijaci\u00f3n a la base con tacos qu\u00edmicos o tirafondos y en el otro dos placas, una superior y una intermedia, para sostener el brazo."},{"etichetta":"Polipasto","valore":"Polipasto el\u00e9ctrico de cadena para elevar la carga, de una o dos velocidades de elevaci\u00f3n, con carro de traslaci\u00f3n el\u00e9ctrico, de empuje o mec\u00e1nico."},{"etichetta":"Dispositivo de frenado","valore":"Consta de una embrague ajustable con tornillo que permite regular el esfuerzo de rotaci\u00f3n del brazo y garantiza la estabilidad de colocaci\u00f3n."}],"prodotto_page_tabs_optionals":[{"titolo":"Pintura personalizada","testo":"Se puede personalizar el color de la pintura para satisfacer necesidades espec\u00edficas, exigencias de dise\u00f1o o de marca.","immagine":null}],"prodotto_page_tabs_downloads":null,"prodotto_page_gallery":[12831,12838,12845],"prodotto_page_customer_story_titolo":"","prodotto_page_customer_story_list":null,"prodotto_page_applicazioni_list":"- Agricoltura e Alimentare\r\n- Manifatturiero\r\n- Energetico\r\n- Edile e delle costruzioni\r\n- Tecnologie dell'informazione e ICT\r\n- Trasporti e logistica\r\n- Commercio al dettaglio\r\n- Culturale e dell'intrattenimento\r\n- Ambientale e della sostenibilit\u00e0\r\n- Ricerca e sviluppo\r\n- Arti e Artigianato","prodotto_page_faq_list":null,"prodotto_page_testo_prodotti_correlati":"<h2>Productos relacionados<\/h2>\r\nExplora tambi\u00e9n estos productos y encuentra otras soluciones que se ajusten a ti.","prodotto_page_lista_prodotti_correlati":"- CT2B\r\n- C2T2B\r\n- BM","prodotto_page_titolo_componenti_3d":"","prodotto_page_immagine_iniziale_componenti_3d":null,"prodotto_page_lista_componenti_3d":null,"prodotto_page_titolo_slider_configurazioni":"Producto y configuraciones","prodotto_page_lista_immgini_slider_configurazioni":[{"etichetta":"Vista frontal","immagine":12852},{"etichetta":"Vista desde arriba","immagine":12873},{"etichetta":"Perspectiva","immagine":12859},{"etichetta":"Detalle","immagine":12866}],"prodotto_page_titolo_slider_configurazioni_2":"<h2><\/h2>","prodotto_page_lista_immgini_slider_configurazioni_2":null,"seo_title":"Gr\u00faa bandera con doble brazo rotaci\u00f3n 270\u00b0 | OMIS","seo_description":"La gr\u00faa bandera de columna con doble brazo resuelve el problema de manipular cargas en espacios peque\u00f1os donde otros equipos de elevaci\u00f3n no podr\u00edan trabajar.\r\n Dentro del brazo se mueve el carro de deslizamiento con un movimiento fluido y regular que permite manejar f\u00e1cilmente la Gr\u00faa bandera de columna. Saber m\u00e1s"},"yoast_head":"<!-- This site is optimized with the Yoast SEO plugin v23.9 - https:\/\/yoast.com\/wordpress\/plugins\/seo\/ -->\n<title>Gr\u00faa bandera con doble brazo rotaci\u00f3n 270\u00b0 | OMIS<\/title>\n<meta name=\"description\" content=\"La gr\u00faa bandera de columna con doble brazo resuelve el problema de manipular cargas en espacios peque\u00f1os donde otros equipos de elevaci\u00f3n no podr\u00edan trabajar.  Dentro del brazo se mueve el carro de deslizamiento con un movimiento fluido y regular que permite manejar f\u00e1cilmente la Gr\u00faa bandera de columna. Saber m\u00e1s\" \/>\n<meta name=\"robots\" content=\"index, follow, max-snippet:-1, max-image-preview:large, max-video-preview:-1\" \/>\n<meta property=\"og:locale\" content=\"es_ES\" \/>\n<meta property=\"og:type\" content=\"article\" \/>\n<meta property=\"og:title\" content=\"Gr\u00faa bandera con doble brazo rotaci\u00f3n 270\u00b0 | OMIS\" \/>\n<meta property=\"og:description\" content=\"La gr\u00faa bandera de columna con doble brazo resuelve el problema de manipular cargas en espacios peque\u00f1os donde otros equipos de elevaci\u00f3n no podr\u00edan trabajar.  Dentro del brazo se mueve el carro de deslizamiento con un movimiento fluido y regular que permite manejar f\u00e1cilmente la Gr\u00faa bandera de columna. Saber m\u00e1s\" \/>\n<meta property=\"og:url\" content=\"https:\/\/www.omis.net\/es-es\/producto\/grua-bandera-de-columna-con-doble-brazo-de-perfil-de-canaleta\/\" \/>\n<meta property=\"og:site_name\" content=\"Omis Spa\" \/>\n<meta property=\"article:publisher\" content=\"https:\/\/www.facebook.com\/omisgroup\" \/>\n<meta property=\"article:modified_time\" content=\"2025-02-03T11:31:13+00:00\" \/>\n<meta property=\"og:image\" content=\"https:\/\/media.omis.net\/media\/2024\/12\/profile-c2bjib-crane-c2b-500kg-500kg-front-3d-omis-scaled.webp\" \/>\n\t<meta property=\"og:image:width\" content=\"2560\" \/>\n\t<meta property=\"og:image:height\" content=\"1440\" \/>\n\t<meta property=\"og:image:type\" content=\"image\/webp\" \/>\n<meta name=\"twitter:card\" content=\"summary_large_image\" \/>\n<meta name=\"twitter:label1\" content=\"Est. reading time\" \/>\n\t<meta name=\"twitter:data1\" content=\"1 minute\" \/>\n<script type=\"application\/ld+json\" class=\"yoast-schema-graph\">{\"@context\":\"https:\/\/schema.org\",\"@graph\":[{\"@type\":\"WebPage\",\"@id\":\"https:\/\/www.omis.net\/es-es\/producto\/grua-bandera-de-columna-con-doble-brazo-de-perfil-de-canaleta\/\",\"url\":\"https:\/\/www.omis.net\/es-es\/producto\/grua-bandera-de-columna-con-doble-brazo-de-perfil-de-canaleta\/\",\"name\":\"Gr\u00faa bandera con doble brazo rotaci\u00f3n 270\u00b0 | OMIS\",\"isPartOf\":{\"@id\":\"https:\/\/www.omis.net\/it-it\/#website\"},\"primaryImageOfPage\":{\"@id\":\"https:\/\/www.omis.net\/es-es\/producto\/grua-bandera-de-columna-con-doble-brazo-de-perfil-de-canaleta\/#primaryimage\"},\"image\":{\"@id\":\"https:\/\/www.omis.net\/es-es\/producto\/grua-bandera-de-columna-con-doble-brazo-de-perfil-de-canaleta\/#primaryimage\"},\"thumbnailUrl\":\"https:\/\/media.omis.net\/media\/2024\/12\/profile-c2bjib-crane-c2b-500kg-500kg-front-3d-omis-scaled.webp\",\"datePublished\":\"2024-12-18T09:56:36+00:00\",\"dateModified\":\"2025-02-03T11:31:13+00:00\",\"description\":\"La gr\u00faa bandera de columna con doble brazo resuelve el problema de manipular cargas en espacios peque\u00f1os donde otros equipos de elevaci\u00f3n no podr\u00edan trabajar. Dentro del brazo se mueve el carro de deslizamiento con un movimiento fluido y regular que permite manejar f\u00e1cilmente la Gr\u00faa bandera de columna. Saber m\u00e1s\",\"breadcrumb\":{\"@id\":\"https:\/\/www.omis.net\/es-es\/producto\/grua-bandera-de-columna-con-doble-brazo-de-perfil-de-canaleta\/#breadcrumb\"},\"inLanguage\":\"es-es\",\"potentialAction\":[{\"@type\":\"ReadAction\",\"target\":[\"https:\/\/www.omis.net\/es-es\/producto\/grua-bandera-de-columna-con-doble-brazo-de-perfil-de-canaleta\/\"]}]},{\"@type\":\"ImageObject\",\"inLanguage\":\"es-es\",\"@id\":\"https:\/\/www.omis.net\/es-es\/producto\/grua-bandera-de-columna-con-doble-brazo-de-perfil-de-canaleta\/#primaryimage\",\"url\":\"https:\/\/media.omis.net\/media\/2024\/12\/profile-c2bjib-crane-c2b-500kg-500kg-front-3d-omis-scaled.webp\",\"contentUrl\":\"https:\/\/media.omis.net\/media\/2024\/12\/profile-c2bjib-crane-c2b-500kg-500kg-front-3d-omis-scaled.webp\",\"width\":2560,\"height\":1440,\"caption\":\"header - Profile c2bjib crane c2b 500kg 500kg front 3d Omis\"},{\"@type\":\"BreadcrumbList\",\"@id\":\"https:\/\/www.omis.net\/es-es\/producto\/grua-bandera-de-columna-con-doble-brazo-de-perfil-de-canaleta\/#breadcrumb\",\"itemListElement\":[{\"@type\":\"ListItem\",\"position\":1,\"name\":\"Home\",\"item\":\"https:\/\/www.omis.net\/es-es\/pagina-de-inicio\/\"},{\"@type\":\"ListItem\",\"position\":2,\"name\":\"Gr\u00faa bandera de columna con doble brazo de perfil de canaleta\"}]},{\"@type\":\"WebSite\",\"@id\":\"https:\/\/www.omis.net\/it-it\/#website\",\"url\":\"https:\/\/www.omis.net\/it-it\/\",\"name\":\"Omis Spa\",\"description\":\"Movimentazione e sollevamento\",\"publisher\":{\"@id\":\"https:\/\/www.omis.net\/it-it\/#organization\"},\"potentialAction\":[{\"@type\":\"SearchAction\",\"target\":{\"@type\":\"EntryPoint\",\"urlTemplate\":\"https:\/\/www.omis.net\/it-it\/?s={search_term_string}\"},\"query-input\":{\"@type\":\"PropertyValueSpecification\",\"valueRequired\":true,\"valueName\":\"search_term_string\"}}],\"inLanguage\":\"es-es\"},{\"@type\":\"Organization\",\"@id\":\"https:\/\/www.omis.net\/it-it\/#organization\",\"name\":\"Omis Spa\",\"url\":\"https:\/\/www.omis.net\/it-it\/\",\"logo\":{\"@type\":\"ImageObject\",\"inLanguage\":\"es-es\",\"@id\":\"https:\/\/www.omis.net\/it-it\/#\/schema\/logo\/image\/\",\"url\":\"https:\/\/media.omis.net\/media\/2024\/08\/logo.jpg\",\"contentUrl\":\"https:\/\/media.omis.net\/media\/2024\/08\/logo.jpg\",\"width\":300,\"height\":300,\"caption\":\"Omis Spa\"},\"image\":{\"@id\":\"https:\/\/www.omis.net\/it-it\/#\/schema\/logo\/image\/\"},\"sameAs\":[\"https:\/\/www.facebook.com\/omisgroup\",\"https:\/\/www.linkedin.com\/company\/omis-group\",\"https:\/\/www.youtube.com\/channel\/UCS4L59XDk3kKBI9MnjuxWDw\",\"https:\/\/www.instagram.com\/omisgroup\"]}]}<\/script>\n<!-- \/ Yoast SEO plugin. -->","yoast_head_json":{"title":"Gr\u00faa bandera con doble brazo rotaci\u00f3n 270\u00b0 | OMIS","description":"La gr\u00faa bandera de columna con doble brazo resuelve el problema de manipular cargas en espacios peque\u00f1os donde otros equipos de elevaci\u00f3n no podr\u00edan trabajar.  Dentro del brazo se mueve el carro de deslizamiento con un movimiento fluido y regular que permite manejar f\u00e1cilmente la Gr\u00faa bandera de columna. Saber m\u00e1s","robots":{"index":"index","follow":"follow","max-snippet":"max-snippet:-1","max-image-preview":"max-image-preview:large","max-video-preview":"max-video-preview:-1"},"og_locale":"es_ES","og_type":"article","og_title":"Gr\u00faa bandera con doble brazo rotaci\u00f3n 270\u00b0 | OMIS","og_description":"La gr\u00faa bandera de columna con doble brazo resuelve el problema de manipular cargas en espacios peque\u00f1os donde otros equipos de elevaci\u00f3n no podr\u00edan trabajar.  Dentro del brazo se mueve el carro de deslizamiento con un movimiento fluido y regular que permite manejar f\u00e1cilmente la Gr\u00faa bandera de columna. Saber m\u00e1s","og_url":"https:\/\/www.omis.net\/es-es\/producto\/grua-bandera-de-columna-con-doble-brazo-de-perfil-de-canaleta\/","og_site_name":"Omis Spa","article_publisher":"https:\/\/www.facebook.com\/omisgroup","article_modified_time":"2025-02-03T11:31:13+00:00","og_image":[{"width":2560,"height":1440,"url":"https:\/\/media.omis.net\/media\/2024\/12\/profile-c2bjib-crane-c2b-500kg-500kg-front-3d-omis-scaled.webp","type":"image\/webp"}],"twitter_card":"summary_large_image","twitter_misc":{"Est. reading time":"1 minute"},"schema":{"@context":"https:\/\/schema.org","@graph":[{"@type":"WebPage","@id":"https:\/\/www.omis.net\/es-es\/producto\/grua-bandera-de-columna-con-doble-brazo-de-perfil-de-canaleta\/","url":"https:\/\/www.omis.net\/es-es\/producto\/grua-bandera-de-columna-con-doble-brazo-de-perfil-de-canaleta\/","name":"Gr\u00faa bandera con doble brazo rotaci\u00f3n 270\u00b0 | OMIS","isPartOf":{"@id":"https:\/\/www.omis.net\/it-it\/#website"},"primaryImageOfPage":{"@id":"https:\/\/www.omis.net\/es-es\/producto\/grua-bandera-de-columna-con-doble-brazo-de-perfil-de-canaleta\/#primaryimage"},"image":{"@id":"https:\/\/www.omis.net\/es-es\/producto\/grua-bandera-de-columna-con-doble-brazo-de-perfil-de-canaleta\/#primaryimage"},"thumbnailUrl":"https:\/\/media.omis.net\/media\/2024\/12\/profile-c2bjib-crane-c2b-500kg-500kg-front-3d-omis-scaled.webp","datePublished":"2024-12-18T09:56:36+00:00","dateModified":"2025-02-03T11:31:13+00:00","description":"La gr\u00faa bandera de columna con doble brazo resuelve el problema de manipular cargas en espacios peque\u00f1os donde otros equipos de elevaci\u00f3n no podr\u00edan trabajar. Dentro del brazo se mueve el carro de deslizamiento con un movimiento fluido y regular que permite manejar f\u00e1cilmente la Gr\u00faa bandera de columna. Saber m\u00e1s","breadcrumb":{"@id":"https:\/\/www.omis.net\/es-es\/producto\/grua-bandera-de-columna-con-doble-brazo-de-perfil-de-canaleta\/#breadcrumb"},"inLanguage":"es-es","potentialAction":[{"@type":"ReadAction","target":["https:\/\/www.omis.net\/es-es\/producto\/grua-bandera-de-columna-con-doble-brazo-de-perfil-de-canaleta\/"]}]},{"@type":"ImageObject","inLanguage":"es-es","@id":"https:\/\/www.omis.net\/es-es\/producto\/grua-bandera-de-columna-con-doble-brazo-de-perfil-de-canaleta\/#primaryimage","url":"https:\/\/media.omis.net\/media\/2024\/12\/profile-c2bjib-crane-c2b-500kg-500kg-front-3d-omis-scaled.webp","contentUrl":"https:\/\/media.omis.net\/media\/2024\/12\/profile-c2bjib-crane-c2b-500kg-500kg-front-3d-omis-scaled.webp","width":2560,"height":1440,"caption":"header - Profile c2bjib crane c2b 500kg 500kg front 3d Omis"},{"@type":"BreadcrumbList","@id":"https:\/\/www.omis.net\/es-es\/producto\/grua-bandera-de-columna-con-doble-brazo-de-perfil-de-canaleta\/#breadcrumb","itemListElement":[{"@type":"ListItem","position":1,"name":"Home","item":"https:\/\/www.omis.net\/es-es\/pagina-de-inicio\/"},{"@type":"ListItem","position":2,"name":"Gr\u00faa bandera de columna con doble brazo de perfil de canaleta"}]},{"@type":"WebSite","@id":"https:\/\/www.omis.net\/it-it\/#website","url":"https:\/\/www.omis.net\/it-it\/","name":"Omis Spa","description":"Movimentazione e sollevamento","publisher":{"@id":"https:\/\/www.omis.net\/it-it\/#organization"},"potentialAction":[{"@type":"SearchAction","target":{"@type":"EntryPoint","urlTemplate":"https:\/\/www.omis.net\/it-it\/?s={search_term_string}"},"query-input":{"@type":"PropertyValueSpecification","valueRequired":true,"valueName":"search_term_string"}}],"inLanguage":"es-es"},{"@type":"Organization","@id":"https:\/\/www.omis.net\/it-it\/#organization","name":"Omis Spa","url":"https:\/\/www.omis.net\/it-it\/","logo":{"@type":"ImageObject","inLanguage":"es-es","@id":"https:\/\/www.omis.net\/it-it\/#\/schema\/logo\/image\/","url":"https:\/\/media.omis.net\/media\/2024\/08\/logo.jpg","contentUrl":"https:\/\/media.omis.net\/media\/2024\/08\/logo.jpg","width":300,"height":300,"caption":"Omis Spa"},"image":{"@id":"https:\/\/www.omis.net\/it-it\/#\/schema\/logo\/image\/"},"sameAs":["https:\/\/www.facebook.com\/omisgroup","https:\/\/www.linkedin.com\/company\/omis-group","https:\/\/www.youtube.com\/channel\/UCS4L59XDk3kKBI9MnjuxWDw","https:\/\/www.instagram.com\/omisgroup"]}]}},"_links":{"self":[{"href":"https:\/\/www.omis.net\/es-es\/wp-json\/wp\/v2\/product\/7377"}],"collection":[{"href":"https:\/\/www.omis.net\/es-es\/wp-json\/wp\/v2\/product"}],"about":[{"href":"https:\/\/www.omis.net\/es-es\/wp-json\/wp\/v2\/types\/product"}],"acf:attachment":[{"embeddable":true,"href":"https:\/\/www.omis.net\/es-es\/wp-json\/wp\/v2\/media\/12845"},{"embeddable":true,"href":"https:\/\/www.omis.net\/es-es\/wp-json\/wp\/v2\/media\/12838"},{"embeddable":true,"href":"https:\/\/www.omis.net\/es-es\/wp-json\/wp\/v2\/media\/12831"},{"embeddable":true,"href":"https:\/\/www.omis.net\/es-es\/wp-json\/wp\/v2\/media\/12824"}],"wp:featuredmedia":[{"embeddable":true,"href":"https:\/\/www.omis.net\/es-es\/wp-json\/wp\/v2\/media\/12816"}],"wp:attachment":[{"href":"https:\/\/www.omis.net\/es-es\/wp-json\/wp\/v2\/media?parent=7377"}],"wp:term":[{"taxonomy":"caratteristica-prodotto","embeddable":true,"href":"https:\/\/www.omis.net\/es-es\/wp-json\/wp\/v2\/caratteristica-prodotto?post=7377"},{"taxonomy":"tipologia-prodotto","embeddable":true,"href":"https:\/\/www.omis.net\/es-es\/wp-json\/wp\/v2\/tipologia-prodotto?post=7377"}],"curies":[{"name":"wp","href":"https:\/\/api.w.org\/{rel}","templated":true}]}}