{"id":7376,"date":"2024-12-18T10:56:05","date_gmt":"2024-12-18T09:56:05","guid":{"rendered":"http:\/\/bedrock.local\/product\/bm\/"},"modified":"2025-04-09T08:52:02","modified_gmt":"2025-04-09T06:52:02","slug":"grua-bandera-de-columna-con-brazo-de-viga-en-voladizo-y-rotacion-manual-de-360","status":"publish","type":"product","link":"https:\/\/www.omis.net\/es-es\/producto\/grua-bandera-de-columna-con-brazo-de-viga-en-voladizo-y-rotacion-manual-de-360\/","title":{"rendered":"Gr\u00faa bandera de columna con brazo de viga en voladizo y rotaci\u00f3n manual de 360\u00b0"},"content":{"rendered":"","protected":false},"featured_media":12630,"parent":0,"template":"","caratteristica-prodotto":[1011],"tipologia-prodotto":[709,715,721],"class_list":["post-7376","product","type-product","status-publish","has-post-thumbnail","hentry","caratteristica-prodotto-rotacion-manual","tipologia-prodotto-gruas-para-puestos-de-trabajo","tipologia-prodotto-grua-bandera","tipologia-prodotto-de-columna"],"acf":{"import_csv_id":"17","prodotto_generale_sku":"BM","prodotto_listing_card_descrizione":"La gr\u00faa bandera de columna puede manipular cargas pesadas en espacios en los que no se permite la rotaci\u00f3n el\u00e9ctrica y el dispositivo debe cubrir un \u00e1rea de trabajo circular.","prodotto_listing_card_caratteristiche":null,"prodotto_page_gradient_hero":false,"prodotto_page_titolo_hero":"La m\u00e1s amplia rotaci\u00f3n de accionamiento manual.","prodotto_page_gallery_hero":[12638],"prodotto_page_descrizione_3_colonne_posizione":false,"prodotto_page_descrizione_3_colonne":[{"valore":"2000","unita_di_misura":"kg","etichetta":"Capacidad m\u00e1x."},{"valore":"8","unita_di_misura":"m","etichetta":"Alcance m\u00e1x."},{"valore":"360\u00b0","unita_di_misura":"","etichetta":"Rotaci\u00f3n"}],"prodotto_page_descrizione_titolo":"Gr\u00faa bandera de columna con brazo de viga en voladizo y rotaci\u00f3n manual de 360\u00b0","prodotto_page_descrizione_3_colonne_testo":"<strong>La gr\u00faa bandera que permite la rotaci\u00f3n m\u00e1s amplia y completa de forma que la estaci\u00f3n de trabajo pueda aprovecharse en toda el \u00e1rea accesible. La rotaci\u00f3n manual a 360\u00b0 continua es la soluci\u00f3n para elevar y manipular cargas por todo el radio de acci\u00f3n de la gr\u00faa, cuando las gr\u00faas tradicionales con rotaci\u00f3n a 270\u00b0 no es suficiente y, por varios motivos, no se permite recurrir a la corriente el\u00e9ctrica.<\/strong>\r\n\r\nAdem\u00e1s es una excelente opci\u00f3n para gestionar cargas de gran tama\u00f1o.\r\nPr\u00e1cticas y econ\u00f3micas, las Gr\u00faas bandera desempe\u00f1an la funci\u00f3n esencial de garantizar autonom\u00eda operativa a estaciones de trabajo a las que no pueden acceder puentes gr\u00faa o carretillas elevadoras.\r\nMuy f\u00e1ciles de usar, son una de las soluciones m\u00e1s usadas en obras, plantas y talleres donde la manipulaci\u00f3n segura y precisa de piezas y materiales es una necesidad cotidiana.\r\nEn especial esta Gr\u00faa bandera de rotaci\u00f3n manual garantiza la m\u00e1xima autonom\u00eda del \u00e1rea de trabajo y, junto a la m\u00e1s alta simplicidad de uso y seguridad, afronta una capacidad, alcance y rendimiento operativo considerables.","prodotto_page_descrizione_titolo_vantaggi":"Ventajas de la gr\u00faa bandera de columna con brazo de viga en voladizo y rotaci\u00f3n manual de 360\u00b0","prodotto_page_descrizione_vantaggi":[{"titolo":"Operatividad a 360\u00b0","testo":"","link":"","archivio_prodotti":null},{"titolo":"Excelente maniobrabilidad","testo":"","link":"","archivio_prodotti":null},{"titolo":"Ideal para entornos de alto riesgo","testo":"","link":"","archivio_prodotti":null},{"titolo":"Aumento de la productividad y seguridad","testo":"","link":"","archivio_prodotti":null}],"prodotto_page_tabs_dati_tecnici":[{"etichetta":"Capacidad","valore":"125 kg - 2000 kg"},{"etichetta":"Alcance","valore":"Hasta 8 m seg\u00fan la capacidad"},{"etichetta":"Perfil alcance","valore":"Perfil doble T"},{"etichetta":"Rotaci\u00f3n","valore":"360\u00b0 continua"},{"etichetta":"Rotaci\u00f3n","valore":"Manual"},{"etichetta":"Columna","valore":"Tubo de acero de secci\u00f3n circular. Tiene en un extremo una placa de base perforada para la fijaci\u00f3n a la base con tacos qu\u00edmicos o tirafondos y en el otro dos placas, una superior y una intermedia, para sostener el brazo."},{"etichetta":"Polipasto","valore":"Polipasto el\u00e9ctrico de cadena para elevar la carga, de una o dos velocidades de elevaci\u00f3n, con carro de traslaci\u00f3n el\u00e9ctrico, de empuje o mec\u00e1nico."},{"etichetta":"Dispositivo de frenado","valore":"Consta de una embrague ajustable con tornillo que permite regular el esfuerzo de rotaci\u00f3n del brazo y garantiza la estabilidad de colocaci\u00f3n."}],"prodotto_page_tabs_optionals":[{"titolo":"Pintura personalizada","testo":"Se puede personalizar el color de la pintura para satisfacer necesidades espec\u00edficas, exigencias de dise\u00f1o o de marca.","immagine":null}],"prodotto_page_tabs_downloads":null,"prodotto_page_gallery":[12652,12645,12666,12673,12659],"prodotto_page_customer_story_titolo":"","prodotto_page_customer_story_list":null,"prodotto_page_applicazioni_list":"- Agricoltura e Alimentare\r\n- Manifatturiero\r\n- Energetico\r\n- Edile e delle costruzioni\r\n- Tecnologie dell'informazione e ICT\r\n- Trasporti e logistica\r\n- Commercio al dettaglio\r\n- Culturale e dell'intrattenimento\r\n- Ambientale e della sostenibilit\u00e0\r\n- Ricerca e sviluppo\r\n- Arti e Artigianato","prodotto_page_faq_list":null,"prodotto_page_testo_prodotti_correlati":"<h2>Productos relacionados<\/h2>\r\nExplora tambi\u00e9n estos productos y encuentra otras soluciones que se ajusten a ti.","prodotto_page_lista_prodotti_correlati":"- C\r\n- C2T\r\n- BE","prodotto_page_titolo_componenti_3d":"","prodotto_page_immagine_iniziale_componenti_3d":null,"prodotto_page_lista_componenti_3d":null,"prodotto_page_titolo_slider_configurazioni":"Producto y configuraciones","prodotto_page_lista_immgini_slider_configurazioni":[{"etichetta":"Vista frontal","immagine":12680},{"etichetta":"Vista desde arriba","immagine":12694},{"etichetta":"Perspectiva","immagine":12687}],"prodotto_page_titolo_slider_configurazioni_2":"<h2><\/h2>","prodotto_page_lista_immgini_slider_configurazioni_2":null,"seo_title":"Gr\u00faa bandera de rotaci\u00f3n manual 360\u00b0 capacidad hasta 1.000 kg | OMIS","seo_description":"La Gr\u00faa bandera de columna con brazo de viga en voladizo tiene rotaci\u00f3n manual a 360\u00b0 para elevar y manipular cargas por todo el radio de acci\u00f3n de la gr\u00faa, cuando las gr\u00faas tradicionales con rotaci\u00f3n a 270\u00b0 no bastan y, por varios motivos, no se puede recurrir a la corriente el\u00e9ctrica. Saber m\u00e1s"},"yoast_head":"<!-- This site is optimized with the Yoast SEO plugin v23.9 - https:\/\/yoast.com\/wordpress\/plugins\/seo\/ -->\n<title>Gr\u00faa bandera de rotaci\u00f3n manual 360\u00b0 capacidad hasta 1.000 kg | OMIS<\/title>\n<meta name=\"description\" content=\"La Gr\u00faa bandera de columna con brazo de viga en voladizo tiene rotaci\u00f3n manual a 360\u00b0 para elevar y manipular cargas por todo el radio de acci\u00f3n de la gr\u00faa, cuando las gr\u00faas tradicionales con rotaci\u00f3n a 270\u00b0 no bastan y, por varios motivos, no se puede recurrir a la corriente el\u00e9ctrica. Saber m\u00e1s\" \/>\n<meta name=\"robots\" content=\"index, follow, max-snippet:-1, max-image-preview:large, max-video-preview:-1\" \/>\n<meta property=\"og:locale\" content=\"es_ES\" \/>\n<meta property=\"og:type\" content=\"article\" \/>\n<meta property=\"og:title\" content=\"Gr\u00faa bandera de rotaci\u00f3n manual 360\u00b0 capacidad hasta 1.000 kg | OMIS\" \/>\n<meta property=\"og:description\" content=\"La Gr\u00faa bandera de columna con brazo de viga en voladizo tiene rotaci\u00f3n manual a 360\u00b0 para elevar y manipular cargas por todo el radio de acci\u00f3n de la gr\u00faa, cuando las gr\u00faas tradicionales con rotaci\u00f3n a 270\u00b0 no bastan y, por varios motivos, no se puede recurrir a la corriente el\u00e9ctrica. Saber m\u00e1s\" \/>\n<meta property=\"og:url\" content=\"https:\/\/www.omis.net\/es-es\/producto\/grua-bandera-de-columna-con-brazo-de-viga-en-voladizo-y-rotacion-manual-de-360\/\" \/>\n<meta property=\"og:site_name\" content=\"Omis Spa\" \/>\n<meta property=\"article:publisher\" content=\"https:\/\/www.facebook.com\/omisgroup\" \/>\n<meta property=\"article:modified_time\" content=\"2025-04-09T06:52:02+00:00\" \/>\n<meta property=\"og:image\" content=\"https:\/\/media.omis.net\/media\/2024\/12\/profile-bm-jib-crane-bm-500kg-front-view-omis-scaled.webp\" \/>\n\t<meta property=\"og:image:width\" content=\"2560\" \/>\n\t<meta property=\"og:image:height\" content=\"1440\" \/>\n\t<meta property=\"og:image:type\" content=\"image\/webp\" \/>\n<meta name=\"twitter:card\" content=\"summary_large_image\" \/>\n<meta name=\"twitter:label1\" content=\"Est. reading time\" \/>\n\t<meta name=\"twitter:data1\" content=\"1 minute\" \/>\n<script type=\"application\/ld+json\" class=\"yoast-schema-graph\">{\"@context\":\"https:\/\/schema.org\",\"@graph\":[{\"@type\":\"WebPage\",\"@id\":\"https:\/\/www.omis.net\/es-es\/producto\/grua-bandera-de-columna-con-brazo-de-viga-en-voladizo-y-rotacion-manual-de-360\/\",\"url\":\"https:\/\/www.omis.net\/es-es\/producto\/grua-bandera-de-columna-con-brazo-de-viga-en-voladizo-y-rotacion-manual-de-360\/\",\"name\":\"Gr\u00faa bandera de rotaci\u00f3n manual 360\u00b0 capacidad hasta 1.000 kg | OMIS\",\"isPartOf\":{\"@id\":\"https:\/\/www.omis.net\/it-it\/#website\"},\"primaryImageOfPage\":{\"@id\":\"https:\/\/www.omis.net\/es-es\/producto\/grua-bandera-de-columna-con-brazo-de-viga-en-voladizo-y-rotacion-manual-de-360\/#primaryimage\"},\"image\":{\"@id\":\"https:\/\/www.omis.net\/es-es\/producto\/grua-bandera-de-columna-con-brazo-de-viga-en-voladizo-y-rotacion-manual-de-360\/#primaryimage\"},\"thumbnailUrl\":\"https:\/\/media.omis.net\/media\/2024\/12\/profile-bm-jib-crane-bm-500kg-front-view-omis-scaled.webp\",\"datePublished\":\"2024-12-18T09:56:05+00:00\",\"dateModified\":\"2025-04-09T06:52:02+00:00\",\"description\":\"La Gr\u00faa bandera de columna con brazo de viga en voladizo tiene rotaci\u00f3n manual a 360\u00b0 para elevar y manipular cargas por todo el radio de acci\u00f3n de la gr\u00faa, cuando las gr\u00faas tradicionales con rotaci\u00f3n a 270\u00b0 no bastan y, por varios motivos, no se puede recurrir a la corriente el\u00e9ctrica. Saber m\u00e1s\",\"breadcrumb\":{\"@id\":\"https:\/\/www.omis.net\/es-es\/producto\/grua-bandera-de-columna-con-brazo-de-viga-en-voladizo-y-rotacion-manual-de-360\/#breadcrumb\"},\"inLanguage\":\"es-es\",\"potentialAction\":[{\"@type\":\"ReadAction\",\"target\":[\"https:\/\/www.omis.net\/es-es\/producto\/grua-bandera-de-columna-con-brazo-de-viga-en-voladizo-y-rotacion-manual-de-360\/\"]}]},{\"@type\":\"ImageObject\",\"inLanguage\":\"es-es\",\"@id\":\"https:\/\/www.omis.net\/es-es\/producto\/grua-bandera-de-columna-con-brazo-de-viga-en-voladizo-y-rotacion-manual-de-360\/#primaryimage\",\"url\":\"https:\/\/media.omis.net\/media\/2024\/12\/profile-bm-jib-crane-bm-500kg-front-view-omis-scaled.webp\",\"contentUrl\":\"https:\/\/media.omis.net\/media\/2024\/12\/profile-bm-jib-crane-bm-500kg-front-view-omis-scaled.webp\",\"width\":2560,\"height\":1440,\"caption\":\"header - Profile bm jib crane bm 500kg front view Omis\"},{\"@type\":\"BreadcrumbList\",\"@id\":\"https:\/\/www.omis.net\/es-es\/producto\/grua-bandera-de-columna-con-brazo-de-viga-en-voladizo-y-rotacion-manual-de-360\/#breadcrumb\",\"itemListElement\":[{\"@type\":\"ListItem\",\"position\":1,\"name\":\"Home\",\"item\":\"https:\/\/www.omis.net\/es-es\/pagina-de-inicio\/\"},{\"@type\":\"ListItem\",\"position\":2,\"name\":\"Gr\u00faa bandera de columna con brazo de viga en voladizo y rotaci\u00f3n manual de 360\u00b0\"}]},{\"@type\":\"WebSite\",\"@id\":\"https:\/\/www.omis.net\/it-it\/#website\",\"url\":\"https:\/\/www.omis.net\/it-it\/\",\"name\":\"Omis Spa\",\"description\":\"Movimentazione e sollevamento\",\"publisher\":{\"@id\":\"https:\/\/www.omis.net\/it-it\/#organization\"},\"potentialAction\":[{\"@type\":\"SearchAction\",\"target\":{\"@type\":\"EntryPoint\",\"urlTemplate\":\"https:\/\/www.omis.net\/it-it\/?s={search_term_string}\"},\"query-input\":{\"@type\":\"PropertyValueSpecification\",\"valueRequired\":true,\"valueName\":\"search_term_string\"}}],\"inLanguage\":\"es-es\"},{\"@type\":\"Organization\",\"@id\":\"https:\/\/www.omis.net\/it-it\/#organization\",\"name\":\"Omis Spa\",\"url\":\"https:\/\/www.omis.net\/it-it\/\",\"logo\":{\"@type\":\"ImageObject\",\"inLanguage\":\"es-es\",\"@id\":\"https:\/\/www.omis.net\/it-it\/#\/schema\/logo\/image\/\",\"url\":\"https:\/\/media.omis.net\/media\/2024\/08\/logo.jpg\",\"contentUrl\":\"https:\/\/media.omis.net\/media\/2024\/08\/logo.jpg\",\"width\":300,\"height\":300,\"caption\":\"Omis Spa\"},\"image\":{\"@id\":\"https:\/\/www.omis.net\/it-it\/#\/schema\/logo\/image\/\"},\"sameAs\":[\"https:\/\/www.facebook.com\/omisgroup\",\"https:\/\/www.linkedin.com\/company\/omis-group\",\"https:\/\/www.youtube.com\/channel\/UCS4L59XDk3kKBI9MnjuxWDw\",\"https:\/\/www.instagram.com\/omisgroup\"]}]}<\/script>\n<!-- \/ Yoast SEO plugin. -->","yoast_head_json":{"title":"Gr\u00faa bandera de rotaci\u00f3n manual 360\u00b0 capacidad hasta 1.000 kg | OMIS","description":"La Gr\u00faa bandera de columna con brazo de viga en voladizo tiene rotaci\u00f3n manual a 360\u00b0 para elevar y manipular cargas por todo el radio de acci\u00f3n de la gr\u00faa, cuando las gr\u00faas tradicionales con rotaci\u00f3n a 270\u00b0 no bastan y, por varios motivos, no se puede recurrir a la corriente el\u00e9ctrica. Saber m\u00e1s","robots":{"index":"index","follow":"follow","max-snippet":"max-snippet:-1","max-image-preview":"max-image-preview:large","max-video-preview":"max-video-preview:-1"},"og_locale":"es_ES","og_type":"article","og_title":"Gr\u00faa bandera de rotaci\u00f3n manual 360\u00b0 capacidad hasta 1.000 kg | OMIS","og_description":"La Gr\u00faa bandera de columna con brazo de viga en voladizo tiene rotaci\u00f3n manual a 360\u00b0 para elevar y manipular cargas por todo el radio de acci\u00f3n de la gr\u00faa, cuando las gr\u00faas tradicionales con rotaci\u00f3n a 270\u00b0 no bastan y, por varios motivos, no se puede recurrir a la corriente el\u00e9ctrica. Saber m\u00e1s","og_url":"https:\/\/www.omis.net\/es-es\/producto\/grua-bandera-de-columna-con-brazo-de-viga-en-voladizo-y-rotacion-manual-de-360\/","og_site_name":"Omis Spa","article_publisher":"https:\/\/www.facebook.com\/omisgroup","article_modified_time":"2025-04-09T06:52:02+00:00","og_image":[{"width":2560,"height":1440,"url":"https:\/\/media.omis.net\/media\/2024\/12\/profile-bm-jib-crane-bm-500kg-front-view-omis-scaled.webp","type":"image\/webp"}],"twitter_card":"summary_large_image","twitter_misc":{"Est. reading time":"1 minute"},"schema":{"@context":"https:\/\/schema.org","@graph":[{"@type":"WebPage","@id":"https:\/\/www.omis.net\/es-es\/producto\/grua-bandera-de-columna-con-brazo-de-viga-en-voladizo-y-rotacion-manual-de-360\/","url":"https:\/\/www.omis.net\/es-es\/producto\/grua-bandera-de-columna-con-brazo-de-viga-en-voladizo-y-rotacion-manual-de-360\/","name":"Gr\u00faa bandera de rotaci\u00f3n manual 360\u00b0 capacidad hasta 1.000 kg | OMIS","isPartOf":{"@id":"https:\/\/www.omis.net\/it-it\/#website"},"primaryImageOfPage":{"@id":"https:\/\/www.omis.net\/es-es\/producto\/grua-bandera-de-columna-con-brazo-de-viga-en-voladizo-y-rotacion-manual-de-360\/#primaryimage"},"image":{"@id":"https:\/\/www.omis.net\/es-es\/producto\/grua-bandera-de-columna-con-brazo-de-viga-en-voladizo-y-rotacion-manual-de-360\/#primaryimage"},"thumbnailUrl":"https:\/\/media.omis.net\/media\/2024\/12\/profile-bm-jib-crane-bm-500kg-front-view-omis-scaled.webp","datePublished":"2024-12-18T09:56:05+00:00","dateModified":"2025-04-09T06:52:02+00:00","description":"La Gr\u00faa bandera de columna con brazo de viga en voladizo tiene rotaci\u00f3n manual a 360\u00b0 para elevar y manipular cargas por todo el radio de acci\u00f3n de la gr\u00faa, cuando las gr\u00faas tradicionales con rotaci\u00f3n a 270\u00b0 no bastan y, por varios motivos, no se puede recurrir a la corriente el\u00e9ctrica. Saber m\u00e1s","breadcrumb":{"@id":"https:\/\/www.omis.net\/es-es\/producto\/grua-bandera-de-columna-con-brazo-de-viga-en-voladizo-y-rotacion-manual-de-360\/#breadcrumb"},"inLanguage":"es-es","potentialAction":[{"@type":"ReadAction","target":["https:\/\/www.omis.net\/es-es\/producto\/grua-bandera-de-columna-con-brazo-de-viga-en-voladizo-y-rotacion-manual-de-360\/"]}]},{"@type":"ImageObject","inLanguage":"es-es","@id":"https:\/\/www.omis.net\/es-es\/producto\/grua-bandera-de-columna-con-brazo-de-viga-en-voladizo-y-rotacion-manual-de-360\/#primaryimage","url":"https:\/\/media.omis.net\/media\/2024\/12\/profile-bm-jib-crane-bm-500kg-front-view-omis-scaled.webp","contentUrl":"https:\/\/media.omis.net\/media\/2024\/12\/profile-bm-jib-crane-bm-500kg-front-view-omis-scaled.webp","width":2560,"height":1440,"caption":"header - Profile bm jib crane bm 500kg front view Omis"},{"@type":"BreadcrumbList","@id":"https:\/\/www.omis.net\/es-es\/producto\/grua-bandera-de-columna-con-brazo-de-viga-en-voladizo-y-rotacion-manual-de-360\/#breadcrumb","itemListElement":[{"@type":"ListItem","position":1,"name":"Home","item":"https:\/\/www.omis.net\/es-es\/pagina-de-inicio\/"},{"@type":"ListItem","position":2,"name":"Gr\u00faa bandera de columna con brazo de viga en voladizo y rotaci\u00f3n manual de 360\u00b0"}]},{"@type":"WebSite","@id":"https:\/\/www.omis.net\/it-it\/#website","url":"https:\/\/www.omis.net\/it-it\/","name":"Omis Spa","description":"Movimentazione e sollevamento","publisher":{"@id":"https:\/\/www.omis.net\/it-it\/#organization"},"potentialAction":[{"@type":"SearchAction","target":{"@type":"EntryPoint","urlTemplate":"https:\/\/www.omis.net\/it-it\/?s={search_term_string}"},"query-input":{"@type":"PropertyValueSpecification","valueRequired":true,"valueName":"search_term_string"}}],"inLanguage":"es-es"},{"@type":"Organization","@id":"https:\/\/www.omis.net\/it-it\/#organization","name":"Omis Spa","url":"https:\/\/www.omis.net\/it-it\/","logo":{"@type":"ImageObject","inLanguage":"es-es","@id":"https:\/\/www.omis.net\/it-it\/#\/schema\/logo\/image\/","url":"https:\/\/media.omis.net\/media\/2024\/08\/logo.jpg","contentUrl":"https:\/\/media.omis.net\/media\/2024\/08\/logo.jpg","width":300,"height":300,"caption":"Omis Spa"},"image":{"@id":"https:\/\/www.omis.net\/it-it\/#\/schema\/logo\/image\/"},"sameAs":["https:\/\/www.facebook.com\/omisgroup","https:\/\/www.linkedin.com\/company\/omis-group","https:\/\/www.youtube.com\/channel\/UCS4L59XDk3kKBI9MnjuxWDw","https:\/\/www.instagram.com\/omisgroup"]}]}},"_links":{"self":[{"href":"https:\/\/www.omis.net\/es-es\/wp-json\/wp\/v2\/product\/7376"}],"collection":[{"href":"https:\/\/www.omis.net\/es-es\/wp-json\/wp\/v2\/product"}],"about":[{"href":"https:\/\/www.omis.net\/es-es\/wp-json\/wp\/v2\/types\/product"}],"acf:attachment":[{"embeddable":true,"href":"https:\/\/www.omis.net\/es-es\/wp-json\/wp\/v2\/media\/12659"},{"embeddable":true,"href":"https:\/\/www.omis.net\/es-es\/wp-json\/wp\/v2\/media\/12673"},{"embeddable":true,"href":"https:\/\/www.omis.net\/es-es\/wp-json\/wp\/v2\/media\/12666"},{"embeddable":true,"href":"https:\/\/www.omis.net\/es-es\/wp-json\/wp\/v2\/media\/12645"},{"embeddable":true,"href":"https:\/\/www.omis.net\/es-es\/wp-json\/wp\/v2\/media\/12652"},{"embeddable":true,"href":"https:\/\/www.omis.net\/es-es\/wp-json\/wp\/v2\/media\/12638"}],"wp:featuredmedia":[{"embeddable":true,"href":"https:\/\/www.omis.net\/es-es\/wp-json\/wp\/v2\/media\/12630"}],"wp:attachment":[{"href":"https:\/\/www.omis.net\/es-es\/wp-json\/wp\/v2\/media?parent=7376"}],"wp:term":[{"taxonomy":"caratteristica-prodotto","embeddable":true,"href":"https:\/\/www.omis.net\/es-es\/wp-json\/wp\/v2\/caratteristica-prodotto?post=7376"},{"taxonomy":"tipologia-prodotto","embeddable":true,"href":"https:\/\/www.omis.net\/es-es\/wp-json\/wp\/v2\/tipologia-prodotto?post=7376"}],"curies":[{"name":"wp","href":"https:\/\/api.w.org\/{rel}","templated":true}]}}