{"id":7372,"date":"2024-12-18T10:54:44","date_gmt":"2024-12-18T09:54:44","guid":{"rendered":"http:\/\/bedrock.local\/product\/c\/"},"modified":"2025-02-03T12:30:12","modified_gmt":"2025-02-03T11:30:12","slug":"grua-bandera-de-columna-con-brazo-de-perfil-de-canaleta","status":"publish","type":"product","link":"https:\/\/www.omis.net\/es-es\/producto\/grua-bandera-de-columna-con-brazo-de-perfil-de-canaleta\/","title":{"rendered":"Gr\u00faa bandera de columna con brazo de perfil de canaleta"},"content":{"rendered":"","protected":false},"featured_media":12703,"parent":0,"template":"","caratteristica-prodotto":[1011],"tipologia-prodotto":[709,715,721],"class_list":["post-7372","product","type-product","status-publish","has-post-thumbnail","hentry","caratteristica-prodotto-rotacion-manual","tipologia-prodotto-gruas-para-puestos-de-trabajo","tipologia-prodotto-grua-bandera","tipologia-prodotto-de-columna"],"acf":{"import_csv_id":"13","prodotto_generale_sku":"C","prodotto_listing_card_descrizione":"Una gr\u00faa bandera de columna sencilla para las necesidades de uso, econ\u00f3mica, de poco mantenimiento, f\u00e1cil de usar y manipulaci\u00f3n instant\u00e1nea.","prodotto_listing_card_caratteristiche":null,"prodotto_page_gradient_hero":false,"prodotto_page_titolo_hero":"Manipulaci\u00f3n instant\u00e1nea f\u00e1cil y econ\u00f3mica.","prodotto_page_gallery_hero":[12710],"prodotto_page_descrizione_3_colonne_posizione":false,"prodotto_page_descrizione_3_colonne":[{"valore":"1.000","unita_di_misura":"kg","etichetta":"Capacidad m\u00e1x."},{"valore":"8","unita_di_misura":"m","etichetta":"Alcance m\u00e1x."},{"valore":"270\u00b0","unita_di_misura":"","etichetta":"Rotaci\u00f3n"}],"prodotto_page_descrizione_titolo":"Gr\u00faa bandera de columna con brazo de perfil con hasta 1.000 kg de capacidad","prodotto_page_descrizione_3_colonne_testo":"<strong>La gr\u00faa bandera es la soluci\u00f3n m\u00e1s pr\u00e1ctica y econ\u00f3mica para manipular cargas. Da autonom\u00eda a una estaci\u00f3n de trabajo que, de no ser as\u00ed, tendr\u00eda que usar el puente gr\u00faa o la carretilla elevadora. Adem\u00e1s, la Gr\u00faa bandera resuelve el problema de manipular cargas en espacios peque\u00f1os donde otros equipos de elevaci\u00f3n no podr\u00edan trabajar.<\/strong>\r\n\r\nEl brazo rota mediante empuje manual de la carga por el radio de rotaci\u00f3n del brazo. Se usa mucho para mover productos manufacturados en talleres de mecanizado, la carga-descarga al servicio de las m\u00e1quinas de control num\u00e9rico CNC o en las \u00e1reas de montaje.\r\nHay disponibles Gr\u00faas bandera m\u00e1s grandes bajo pedido.\r\nEl sistema se caracteriza por la gran ligereza de movimiento debido a la baja inercia. Los cojinetes montados en el grupo de rotaci\u00f3n permiten la rotaci\u00f3n natural sin tirones. La gr\u00faa est\u00e1 disponible con carro manual de empuje. Todas se suministran con l\u00ednea de alimentaci\u00f3n y en la mayor\u00eda de casos se instala un polipasto con elevaci\u00f3n el\u00e9ctrica. La Gr\u00faa bandera se distingue por el mantenimiento reducido, la facilidad de uso, la manipulaci\u00f3n instant\u00e1nea y el bajo coste.","prodotto_page_descrizione_titolo_vantaggi":"Ventajas de la gr\u00faa bandera de columna con brazo de perfil de canaleta","prodotto_page_descrizione_vantaggi":[{"titolo":"Excelente maniobrabilidad","testo":"","link":"","archivio_prodotti":null},{"titolo":"Manipulaci\u00f3n instant\u00e1nea","testo":"","link":"","archivio_prodotti":null},{"titolo":"Mantenimiento limitado","testo":"","link":"","archivio_prodotti":null},{"titolo":"Aumento de la productividad y seguridad","testo":"","link":"","archivio_prodotti":null}],"prodotto_page_tabs_dati_tecnici":[{"etichetta":"Capacidad","valore":"125 kg - 1.000 kg"},{"etichetta":"Alcance","valore":"Hasta 8 m seg\u00fan la capacidad"},{"etichetta":"Perfil alcance","valore":"Perfil curvado a presi\u00f3n en forma de omega"},{"etichetta":"Rotaci\u00f3n","valore":"270\u00b0 con tope de regulaci\u00f3n ajustable en obra seg\u00fan los obst\u00e1culos arquitect\u00f3nicos"},{"etichetta":"Rotaci\u00f3n","valore":"Manual"},{"etichetta":"Columna","valore":"Tubo de acero de secci\u00f3n circular. Tiene en un extremo una placa de base perforada para la fijaci\u00f3n a la base con tacos qu\u00edmicos o tirafondos y en el otro dos placas, una superior y una intermedia, para sostener el brazo."},{"etichetta":"Polipasto","valore":"Polipasto el\u00e9ctrico de cadena para elevar la carga, de una o dos velocidades de elevaci\u00f3n, con carro de traslaci\u00f3n de empuje."},{"etichetta":"Dispositivo de frenado","valore":"Consta de una embrague ajustable con tornillo que permite regular el esfuerzo de rotaci\u00f3n del brazo y garantiza la estabilidad de colocaci\u00f3n."}],"prodotto_page_tabs_optionals":[{"titolo":"Pintura personalizada","testo":"Se puede personalizar el color de la pintura para satisfacer necesidades espec\u00edficas, exigencias de dise\u00f1o o de marca.","immagine":null}],"prodotto_page_tabs_downloads":null,"prodotto_page_gallery":[12718,12725,12732,12739,12774,12760,12753,12767,12746,12781],"prodotto_page_customer_story_titolo":"","prodotto_page_customer_story_list":null,"prodotto_page_applicazioni_list":"- Agricoltura e Alimentare\r\n- Manifatturiero\r\n- Energetico\r\n- Edile e delle costruzioni\r\n- Tecnologie dell'informazione e ICT\r\n- Trasporti e logistica\r\n- Commercio al dettaglio\r\n- Culturale e dell'intrattenimento\r\n- Ambientale e della sostenibilit\u00e0\r\n- Ricerca e sviluppo\r\n- Arti e Artigianato","prodotto_page_faq_list":null,"prodotto_page_testo_prodotti_correlati":"<h2>Productos relacionados<\/h2>\r\nExplora tambi\u00e9n estos productos y encuentra otras soluciones que se ajusten a ti.","prodotto_page_lista_prodotti_correlati":"- CT\r\n- CS\r\n- BM","prodotto_page_titolo_componenti_3d":"","prodotto_page_immagine_iniziale_componenti_3d":null,"prodotto_page_lista_componenti_3d":null,"prodotto_page_titolo_slider_configurazioni":"Producto y configuraciones","prodotto_page_lista_immgini_slider_configurazioni":[{"etichetta":"Vista frontal","immagine":12788},{"etichetta":"Vista desde arriba","immagine":12809},{"etichetta":"Perspectiva","immagine":12795},{"etichetta":"Detalle","immagine":12802}],"prodotto_page_titolo_slider_configurazioni_2":"<h2><\/h2>","prodotto_page_lista_immgini_slider_configurazioni_2":null,"seo_title":"Gr\u00faa bandera de columna con rotaci\u00f3n manual capacidad hasta 1.000 kg | OMIS","seo_description":"La gr\u00faa bandera con rotaci\u00f3n del brazo manual mediante empuje de la carga por el radio de rotaci\u00f3n del brazo. Se usa mucho para mover productos manufacturados en talleres de mecanizado, la carga-descarga al servicio de las m\u00e1quinas de control num\u00e9rico CNC o en las \u00e1reas de montaje. Saber m\u00e1s"},"yoast_head":"<!-- This site is optimized with the Yoast SEO plugin v23.9 - https:\/\/yoast.com\/wordpress\/plugins\/seo\/ -->\n<title>Gr\u00faa bandera de columna con rotaci\u00f3n manual capacidad hasta 1.000 kg | OMIS<\/title>\n<meta name=\"description\" content=\"La gr\u00faa bandera con rotaci\u00f3n del brazo manual mediante empuje de la carga por el radio de rotaci\u00f3n del brazo. Se usa mucho para mover productos manufacturados en talleres de mecanizado, la carga-descarga al servicio de las m\u00e1quinas de control num\u00e9rico CNC o en las \u00e1reas de montaje. Saber m\u00e1s\" \/>\n<meta name=\"robots\" content=\"index, follow, max-snippet:-1, max-image-preview:large, max-video-preview:-1\" \/>\n<meta property=\"og:locale\" content=\"es_ES\" \/>\n<meta property=\"og:type\" content=\"article\" \/>\n<meta property=\"og:title\" content=\"Gr\u00faa bandera de columna con rotaci\u00f3n manual capacidad hasta 1.000 kg | OMIS\" \/>\n<meta property=\"og:description\" content=\"La gr\u00faa bandera con rotaci\u00f3n del brazo manual mediante empuje de la carga por el radio de rotaci\u00f3n del brazo. Se usa mucho para mover productos manufacturados en talleres de mecanizado, la carga-descarga al servicio de las m\u00e1quinas de control num\u00e9rico CNC o en las \u00e1reas de montaje. Saber m\u00e1s\" \/>\n<meta property=\"og:url\" content=\"https:\/\/www.omis.net\/es-es\/producto\/grua-bandera-de-columna-con-brazo-de-perfil-de-canaleta\/\" \/>\n<meta property=\"og:site_name\" content=\"Omis Spa\" \/>\n<meta property=\"article:publisher\" content=\"https:\/\/www.facebook.com\/omisgroup\" \/>\n<meta property=\"article:modified_time\" content=\"2025-02-03T11:30:12+00:00\" \/>\n<meta property=\"og:image\" content=\"https:\/\/media.omis.net\/media\/2024\/12\/profile-Cjib-crane-c-500kg-front-3d-omis-scaled.webp\" \/>\n\t<meta property=\"og:image:width\" content=\"2560\" \/>\n\t<meta property=\"og:image:height\" content=\"1440\" \/>\n\t<meta property=\"og:image:type\" content=\"image\/webp\" \/>\n<meta name=\"twitter:card\" content=\"summary_large_image\" \/>\n<meta name=\"twitter:label1\" content=\"Est. reading time\" \/>\n\t<meta name=\"twitter:data1\" content=\"1 minute\" \/>\n<script type=\"application\/ld+json\" class=\"yoast-schema-graph\">{\"@context\":\"https:\/\/schema.org\",\"@graph\":[{\"@type\":\"WebPage\",\"@id\":\"https:\/\/www.omis.net\/es-es\/producto\/grua-bandera-de-columna-con-brazo-de-perfil-de-canaleta\/\",\"url\":\"https:\/\/www.omis.net\/es-es\/producto\/grua-bandera-de-columna-con-brazo-de-perfil-de-canaleta\/\",\"name\":\"Gr\u00faa bandera de columna con rotaci\u00f3n manual capacidad hasta 1.000 kg | OMIS\",\"isPartOf\":{\"@id\":\"https:\/\/www.omis.net\/it-it\/#website\"},\"primaryImageOfPage\":{\"@id\":\"https:\/\/www.omis.net\/es-es\/producto\/grua-bandera-de-columna-con-brazo-de-perfil-de-canaleta\/#primaryimage\"},\"image\":{\"@id\":\"https:\/\/www.omis.net\/es-es\/producto\/grua-bandera-de-columna-con-brazo-de-perfil-de-canaleta\/#primaryimage\"},\"thumbnailUrl\":\"https:\/\/media.omis.net\/media\/2024\/12\/profile-Cjib-crane-c-500kg-front-3d-omis-scaled.webp\",\"datePublished\":\"2024-12-18T09:54:44+00:00\",\"dateModified\":\"2025-02-03T11:30:12+00:00\",\"description\":\"La gr\u00faa bandera con rotaci\u00f3n del brazo manual mediante empuje de la carga por el radio de rotaci\u00f3n del brazo. Se usa mucho para mover productos manufacturados en talleres de mecanizado, la carga-descarga al servicio de las m\u00e1quinas de control num\u00e9rico CNC o en las \u00e1reas de montaje. Saber m\u00e1s\",\"breadcrumb\":{\"@id\":\"https:\/\/www.omis.net\/es-es\/producto\/grua-bandera-de-columna-con-brazo-de-perfil-de-canaleta\/#breadcrumb\"},\"inLanguage\":\"es-es\",\"potentialAction\":[{\"@type\":\"ReadAction\",\"target\":[\"https:\/\/www.omis.net\/es-es\/producto\/grua-bandera-de-columna-con-brazo-de-perfil-de-canaleta\/\"]}]},{\"@type\":\"ImageObject\",\"inLanguage\":\"es-es\",\"@id\":\"https:\/\/www.omis.net\/es-es\/producto\/grua-bandera-de-columna-con-brazo-de-perfil-de-canaleta\/#primaryimage\",\"url\":\"https:\/\/media.omis.net\/media\/2024\/12\/profile-Cjib-crane-c-500kg-front-3d-omis-scaled.webp\",\"contentUrl\":\"https:\/\/media.omis.net\/media\/2024\/12\/profile-Cjib-crane-c-500kg-front-3d-omis-scaled.webp\",\"width\":2560,\"height\":1440,\"caption\":\"header - Profile cjib crane c 500kg front 3d Omis\"},{\"@type\":\"BreadcrumbList\",\"@id\":\"https:\/\/www.omis.net\/es-es\/producto\/grua-bandera-de-columna-con-brazo-de-perfil-de-canaleta\/#breadcrumb\",\"itemListElement\":[{\"@type\":\"ListItem\",\"position\":1,\"name\":\"Home\",\"item\":\"https:\/\/www.omis.net\/es-es\/pagina-de-inicio\/\"},{\"@type\":\"ListItem\",\"position\":2,\"name\":\"Gr\u00faa bandera de columna con brazo de perfil de canaleta\"}]},{\"@type\":\"WebSite\",\"@id\":\"https:\/\/www.omis.net\/it-it\/#website\",\"url\":\"https:\/\/www.omis.net\/it-it\/\",\"name\":\"Omis Spa\",\"description\":\"Movimentazione e sollevamento\",\"publisher\":{\"@id\":\"https:\/\/www.omis.net\/it-it\/#organization\"},\"potentialAction\":[{\"@type\":\"SearchAction\",\"target\":{\"@type\":\"EntryPoint\",\"urlTemplate\":\"https:\/\/www.omis.net\/it-it\/?s={search_term_string}\"},\"query-input\":{\"@type\":\"PropertyValueSpecification\",\"valueRequired\":true,\"valueName\":\"search_term_string\"}}],\"inLanguage\":\"es-es\"},{\"@type\":\"Organization\",\"@id\":\"https:\/\/www.omis.net\/it-it\/#organization\",\"name\":\"Omis Spa\",\"url\":\"https:\/\/www.omis.net\/it-it\/\",\"logo\":{\"@type\":\"ImageObject\",\"inLanguage\":\"es-es\",\"@id\":\"https:\/\/www.omis.net\/it-it\/#\/schema\/logo\/image\/\",\"url\":\"https:\/\/media.omis.net\/media\/2024\/08\/logo.jpg\",\"contentUrl\":\"https:\/\/media.omis.net\/media\/2024\/08\/logo.jpg\",\"width\":300,\"height\":300,\"caption\":\"Omis Spa\"},\"image\":{\"@id\":\"https:\/\/www.omis.net\/it-it\/#\/schema\/logo\/image\/\"},\"sameAs\":[\"https:\/\/www.facebook.com\/omisgroup\",\"https:\/\/www.linkedin.com\/company\/omis-group\",\"https:\/\/www.youtube.com\/channel\/UCS4L59XDk3kKBI9MnjuxWDw\",\"https:\/\/www.instagram.com\/omisgroup\"]}]}<\/script>\n<!-- \/ Yoast SEO plugin. -->","yoast_head_json":{"title":"Gr\u00faa bandera de columna con rotaci\u00f3n manual capacidad hasta 1.000 kg | OMIS","description":"La gr\u00faa bandera con rotaci\u00f3n del brazo manual mediante empuje de la carga por el radio de rotaci\u00f3n del brazo. Se usa mucho para mover productos manufacturados en talleres de mecanizado, la carga-descarga al servicio de las m\u00e1quinas de control num\u00e9rico CNC o en las \u00e1reas de montaje. Saber m\u00e1s","robots":{"index":"index","follow":"follow","max-snippet":"max-snippet:-1","max-image-preview":"max-image-preview:large","max-video-preview":"max-video-preview:-1"},"og_locale":"es_ES","og_type":"article","og_title":"Gr\u00faa bandera de columna con rotaci\u00f3n manual capacidad hasta 1.000 kg | OMIS","og_description":"La gr\u00faa bandera con rotaci\u00f3n del brazo manual mediante empuje de la carga por el radio de rotaci\u00f3n del brazo. Se usa mucho para mover productos manufacturados en talleres de mecanizado, la carga-descarga al servicio de las m\u00e1quinas de control num\u00e9rico CNC o en las \u00e1reas de montaje. Saber m\u00e1s","og_url":"https:\/\/www.omis.net\/es-es\/producto\/grua-bandera-de-columna-con-brazo-de-perfil-de-canaleta\/","og_site_name":"Omis Spa","article_publisher":"https:\/\/www.facebook.com\/omisgroup","article_modified_time":"2025-02-03T11:30:12+00:00","og_image":[{"width":2560,"height":1440,"url":"https:\/\/media.omis.net\/media\/2024\/12\/profile-Cjib-crane-c-500kg-front-3d-omis-scaled.webp","type":"image\/webp"}],"twitter_card":"summary_large_image","twitter_misc":{"Est. reading time":"1 minute"},"schema":{"@context":"https:\/\/schema.org","@graph":[{"@type":"WebPage","@id":"https:\/\/www.omis.net\/es-es\/producto\/grua-bandera-de-columna-con-brazo-de-perfil-de-canaleta\/","url":"https:\/\/www.omis.net\/es-es\/producto\/grua-bandera-de-columna-con-brazo-de-perfil-de-canaleta\/","name":"Gr\u00faa bandera de columna con rotaci\u00f3n manual capacidad hasta 1.000 kg | OMIS","isPartOf":{"@id":"https:\/\/www.omis.net\/it-it\/#website"},"primaryImageOfPage":{"@id":"https:\/\/www.omis.net\/es-es\/producto\/grua-bandera-de-columna-con-brazo-de-perfil-de-canaleta\/#primaryimage"},"image":{"@id":"https:\/\/www.omis.net\/es-es\/producto\/grua-bandera-de-columna-con-brazo-de-perfil-de-canaleta\/#primaryimage"},"thumbnailUrl":"https:\/\/media.omis.net\/media\/2024\/12\/profile-Cjib-crane-c-500kg-front-3d-omis-scaled.webp","datePublished":"2024-12-18T09:54:44+00:00","dateModified":"2025-02-03T11:30:12+00:00","description":"La gr\u00faa bandera con rotaci\u00f3n del brazo manual mediante empuje de la carga por el radio de rotaci\u00f3n del brazo. Se usa mucho para mover productos manufacturados en talleres de mecanizado, la carga-descarga al servicio de las m\u00e1quinas de control num\u00e9rico CNC o en las \u00e1reas de montaje. Saber m\u00e1s","breadcrumb":{"@id":"https:\/\/www.omis.net\/es-es\/producto\/grua-bandera-de-columna-con-brazo-de-perfil-de-canaleta\/#breadcrumb"},"inLanguage":"es-es","potentialAction":[{"@type":"ReadAction","target":["https:\/\/www.omis.net\/es-es\/producto\/grua-bandera-de-columna-con-brazo-de-perfil-de-canaleta\/"]}]},{"@type":"ImageObject","inLanguage":"es-es","@id":"https:\/\/www.omis.net\/es-es\/producto\/grua-bandera-de-columna-con-brazo-de-perfil-de-canaleta\/#primaryimage","url":"https:\/\/media.omis.net\/media\/2024\/12\/profile-Cjib-crane-c-500kg-front-3d-omis-scaled.webp","contentUrl":"https:\/\/media.omis.net\/media\/2024\/12\/profile-Cjib-crane-c-500kg-front-3d-omis-scaled.webp","width":2560,"height":1440,"caption":"header - Profile cjib crane c 500kg front 3d Omis"},{"@type":"BreadcrumbList","@id":"https:\/\/www.omis.net\/es-es\/producto\/grua-bandera-de-columna-con-brazo-de-perfil-de-canaleta\/#breadcrumb","itemListElement":[{"@type":"ListItem","position":1,"name":"Home","item":"https:\/\/www.omis.net\/es-es\/pagina-de-inicio\/"},{"@type":"ListItem","position":2,"name":"Gr\u00faa bandera de columna con brazo de perfil de canaleta"}]},{"@type":"WebSite","@id":"https:\/\/www.omis.net\/it-it\/#website","url":"https:\/\/www.omis.net\/it-it\/","name":"Omis Spa","description":"Movimentazione e sollevamento","publisher":{"@id":"https:\/\/www.omis.net\/it-it\/#organization"},"potentialAction":[{"@type":"SearchAction","target":{"@type":"EntryPoint","urlTemplate":"https:\/\/www.omis.net\/it-it\/?s={search_term_string}"},"query-input":{"@type":"PropertyValueSpecification","valueRequired":true,"valueName":"search_term_string"}}],"inLanguage":"es-es"},{"@type":"Organization","@id":"https:\/\/www.omis.net\/it-it\/#organization","name":"Omis Spa","url":"https:\/\/www.omis.net\/it-it\/","logo":{"@type":"ImageObject","inLanguage":"es-es","@id":"https:\/\/www.omis.net\/it-it\/#\/schema\/logo\/image\/","url":"https:\/\/media.omis.net\/media\/2024\/08\/logo.jpg","contentUrl":"https:\/\/media.omis.net\/media\/2024\/08\/logo.jpg","width":300,"height":300,"caption":"Omis Spa"},"image":{"@id":"https:\/\/www.omis.net\/it-it\/#\/schema\/logo\/image\/"},"sameAs":["https:\/\/www.facebook.com\/omisgroup","https:\/\/www.linkedin.com\/company\/omis-group","https:\/\/www.youtube.com\/channel\/UCS4L59XDk3kKBI9MnjuxWDw","https:\/\/www.instagram.com\/omisgroup"]}]}},"_links":{"self":[{"href":"https:\/\/www.omis.net\/es-es\/wp-json\/wp\/v2\/product\/7372"}],"collection":[{"href":"https:\/\/www.omis.net\/es-es\/wp-json\/wp\/v2\/product"}],"about":[{"href":"https:\/\/www.omis.net\/es-es\/wp-json\/wp\/v2\/types\/product"}],"acf:attachment":[{"embeddable":true,"href":"https:\/\/www.omis.net\/es-es\/wp-json\/wp\/v2\/media\/12781"},{"embeddable":true,"href":"https:\/\/www.omis.net\/es-es\/wp-json\/wp\/v2\/media\/12746"},{"embeddable":true,"href":"https:\/\/www.omis.net\/es-es\/wp-json\/wp\/v2\/media\/12767"},{"embeddable":true,"href":"https:\/\/www.omis.net\/es-es\/wp-json\/wp\/v2\/media\/12753"},{"embeddable":true,"href":"https:\/\/www.omis.net\/es-es\/wp-json\/wp\/v2\/media\/12760"},{"embeddable":true,"href":"https:\/\/www.omis.net\/es-es\/wp-json\/wp\/v2\/media\/12774"},{"embeddable":true,"href":"https:\/\/www.omis.net\/es-es\/wp-json\/wp\/v2\/media\/12739"},{"embeddable":true,"href":"https:\/\/www.omis.net\/es-es\/wp-json\/wp\/v2\/media\/12732"},{"embeddable":true,"href":"https:\/\/www.omis.net\/es-es\/wp-json\/wp\/v2\/media\/12725"},{"embeddable":true,"href":"https:\/\/www.omis.net\/es-es\/wp-json\/wp\/v2\/media\/12718"},{"embeddable":true,"href":"https:\/\/www.omis.net\/es-es\/wp-json\/wp\/v2\/media\/12710"}],"wp:featuredmedia":[{"embeddable":true,"href":"https:\/\/www.omis.net\/es-es\/wp-json\/wp\/v2\/media\/12703"}],"wp:attachment":[{"href":"https:\/\/www.omis.net\/es-es\/wp-json\/wp\/v2\/media?parent=7372"}],"wp:term":[{"taxonomy":"caratteristica-prodotto","embeddable":true,"href":"https:\/\/www.omis.net\/es-es\/wp-json\/wp\/v2\/caratteristica-prodotto?post=7372"},{"taxonomy":"tipologia-prodotto","embeddable":true,"href":"https:\/\/www.omis.net\/es-es\/wp-json\/wp\/v2\/tipologia-prodotto?post=7372"}],"curies":[{"name":"wp","href":"https:\/\/api.w.org\/{rel}","templated":true}]}}