{"id":7199,"date":"2024-03-25T09:35:05","date_gmt":"2024-03-25T08:35:05","guid":{"rendered":"http:\/\/bedrock.local\/pagina-de-inicio\/"},"modified":"2025-01-31T12:15:28","modified_gmt":"2025-01-31T11:15:28","slug":"pagina-de-inicio","status":"publish","type":"page","link":"https:\/\/www.omis.net\/es-es\/","title":{"rendered":"P\u00e1gina de inicio"},"content":{"rendered":"","protected":false},"excerpt":{"rendered":"","protected":false},"author":2,"featured_media":0,"parent":0,"menu_order":0,"comment_status":"closed","ping_status":"closed","template":"","meta":{"_acf_changed":false,"footnotes":""},"class_list":["post-7199","page","type-page","status-publish","hentry"],"acf":{"seo_title":"Elevamos cualquier carga en cualquier sector con gr\u00faas, puentes gr\u00faa y polipastos | OMIS","seo_description":"En OMIS optimizamos los procesos para mejorar los productos y reducir los residuos adoptando la filosof\u00eda Lean Production a todos lo niveles. Invertimos en tecnolog\u00eda avanzada, como soldadura robotizada y m\u00e1quinas CNC, integrando la experiencia de nuestro equipo con innovaciones futuristas. Somos un socio fiable y sostenible, con un fuerte compromiso de responsabilidad con el medio ambiente y la calidad.  "},"yoast_head":"<!-- This site is optimized with the Yoast SEO plugin v23.9 - https:\/\/yoast.com\/wordpress\/plugins\/seo\/ -->\n<title>Elevamos cualquier carga en cualquier sector con gr\u00faas, puentes gr\u00faa y polipastos | OMIS<\/title>\n<meta name=\"description\" content=\"En OMIS optimizamos los procesos para mejorar los productos y reducir los residuos adoptando la filosof\u00eda Lean Production a todos lo niveles. Invertimos en tecnolog\u00eda avanzada, como soldadura robotizada y m\u00e1quinas CNC, integrando la experiencia de nuestro equipo con innovaciones futuristas. Somos un socio fiable y sostenible, con un fuerte compromiso de responsabilidad con el medio ambiente y la calidad.\" \/>\n<meta name=\"robots\" content=\"index, follow, max-snippet:-1, max-image-preview:large, max-video-preview:-1\" \/>\n<meta property=\"og:locale\" content=\"es_ES\" \/>\n<meta property=\"og:type\" content=\"article\" \/>\n<meta property=\"og:title\" content=\"Elevamos cualquier carga en cualquier sector con gr\u00faas, puentes gr\u00faa y polipastos | OMIS\" \/>\n<meta property=\"og:description\" content=\"En OMIS optimizamos los procesos para mejorar los productos y reducir los residuos adoptando la filosof\u00eda Lean Production a todos lo niveles. Invertimos en tecnolog\u00eda avanzada, como soldadura robotizada y m\u00e1quinas CNC, integrando la experiencia de nuestro equipo con innovaciones futuristas. Somos un socio fiable y sostenible, con un fuerte compromiso de responsabilidad con el medio ambiente y la calidad.\" \/>\n<meta property=\"og:url\" content=\"https:\/\/www.omis.net\/es-es\/pagina-de-inicio\/\" \/>\n<meta property=\"og:site_name\" content=\"Omis Spa\" \/>\n<meta property=\"article:publisher\" content=\"https:\/\/www.facebook.com\/omisgroup\" \/>\n<meta property=\"article:modified_time\" content=\"2025-01-31T11:15:28+00:00\" \/>\n<meta name=\"twitter:card\" content=\"summary_large_image\" \/>\n<script type=\"application\/ld+json\" class=\"yoast-schema-graph\">{\"@context\":\"https:\/\/schema.org\",\"@graph\":[{\"@type\":\"WebPage\",\"@id\":\"https:\/\/www.omis.net\/es-es\/pagina-de-inicio\/\",\"url\":\"https:\/\/www.omis.net\/es-es\/pagina-de-inicio\/\",\"name\":\"Elevamos cualquier carga en cualquier sector con gr\u00faas, puentes gr\u00faa y polipastos | OMIS\",\"isPartOf\":{\"@id\":\"https:\/\/www.omis.net\/it-it\/#website\"},\"datePublished\":\"2024-03-25T08:35:05+00:00\",\"dateModified\":\"2025-01-31T11:15:28+00:00\",\"description\":\"En OMIS optimizamos los procesos para mejorar los productos y reducir los residuos adoptando la filosof\u00eda Lean Production a todos lo niveles. Invertimos en tecnolog\u00eda avanzada, como soldadura robotizada y m\u00e1quinas CNC, integrando la experiencia de nuestro equipo con innovaciones futuristas. Somos un socio fiable y sostenible, con un fuerte compromiso de responsabilidad con el medio ambiente y la calidad.\",\"breadcrumb\":{\"@id\":\"https:\/\/www.omis.net\/es-es\/pagina-de-inicio\/#breadcrumb\"},\"inLanguage\":\"es-es\",\"potentialAction\":[{\"@type\":\"ReadAction\",\"target\":[\"https:\/\/www.omis.net\/es-es\/pagina-de-inicio\/\"]}]},{\"@type\":\"BreadcrumbList\",\"@id\":\"https:\/\/www.omis.net\/es-es\/pagina-de-inicio\/#breadcrumb\",\"itemListElement\":[{\"@type\":\"ListItem\",\"position\":1,\"name\":\"Home\",\"item\":\"https:\/\/www.omis.net\/es-es\/pagina-de-inicio\/\"},{\"@type\":\"ListItem\",\"position\":2,\"name\":\"P\u00e1gina de inicio\"}]},{\"@type\":\"WebSite\",\"@id\":\"https:\/\/www.omis.net\/it-it\/#website\",\"url\":\"https:\/\/www.omis.net\/it-it\/\",\"name\":\"Omis Spa\",\"description\":\"Movimentazione e sollevamento\",\"publisher\":{\"@id\":\"https:\/\/www.omis.net\/it-it\/#organization\"},\"potentialAction\":[{\"@type\":\"SearchAction\",\"target\":{\"@type\":\"EntryPoint\",\"urlTemplate\":\"https:\/\/www.omis.net\/it-it\/?s={search_term_string}\"},\"query-input\":{\"@type\":\"PropertyValueSpecification\",\"valueRequired\":true,\"valueName\":\"search_term_string\"}}],\"inLanguage\":\"es-es\"},{\"@type\":\"Organization\",\"@id\":\"https:\/\/www.omis.net\/it-it\/#organization\",\"name\":\"Omis Spa\",\"url\":\"https:\/\/www.omis.net\/it-it\/\",\"logo\":{\"@type\":\"ImageObject\",\"inLanguage\":\"es-es\",\"@id\":\"https:\/\/www.omis.net\/it-it\/#\/schema\/logo\/image\/\",\"url\":\"https:\/\/media.omis.net\/media\/2024\/08\/logo.jpg\",\"contentUrl\":\"https:\/\/media.omis.net\/media\/2024\/08\/logo.jpg\",\"width\":300,\"height\":300,\"caption\":\"Omis Spa\"},\"image\":{\"@id\":\"https:\/\/www.omis.net\/it-it\/#\/schema\/logo\/image\/\"},\"sameAs\":[\"https:\/\/www.facebook.com\/omisgroup\",\"https:\/\/www.linkedin.com\/company\/omis-group\",\"https:\/\/www.youtube.com\/channel\/UCS4L59XDk3kKBI9MnjuxWDw\",\"https:\/\/www.instagram.com\/omisgroup\"]}]}<\/script>\n<!-- \/ Yoast SEO plugin. -->","yoast_head_json":{"title":"Elevamos cualquier carga en cualquier sector con gr\u00faas, puentes gr\u00faa y polipastos | OMIS","description":"En OMIS optimizamos los procesos para mejorar los productos y reducir los residuos adoptando la filosof\u00eda Lean Production a todos lo niveles. Invertimos en tecnolog\u00eda avanzada, como soldadura robotizada y m\u00e1quinas CNC, integrando la experiencia de nuestro equipo con innovaciones futuristas. Somos un socio fiable y sostenible, con un fuerte compromiso de responsabilidad con el medio ambiente y la calidad.","robots":{"index":"index","follow":"follow","max-snippet":"max-snippet:-1","max-image-preview":"max-image-preview:large","max-video-preview":"max-video-preview:-1"},"og_locale":"es_ES","og_type":"article","og_title":"Elevamos cualquier carga en cualquier sector con gr\u00faas, puentes gr\u00faa y polipastos | OMIS","og_description":"En OMIS optimizamos los procesos para mejorar los productos y reducir los residuos adoptando la filosof\u00eda Lean Production a todos lo niveles. Invertimos en tecnolog\u00eda avanzada, como soldadura robotizada y m\u00e1quinas CNC, integrando la experiencia de nuestro equipo con innovaciones futuristas. Somos un socio fiable y sostenible, con un fuerte compromiso de responsabilidad con el medio ambiente y la calidad.","og_url":"https:\/\/www.omis.net\/es-es\/pagina-de-inicio\/","og_site_name":"Omis Spa","article_publisher":"https:\/\/www.facebook.com\/omisgroup","article_modified_time":"2025-01-31T11:15:28+00:00","twitter_card":"summary_large_image","schema":{"@context":"https:\/\/schema.org","@graph":[{"@type":"WebPage","@id":"https:\/\/www.omis.net\/es-es\/pagina-de-inicio\/","url":"https:\/\/www.omis.net\/es-es\/pagina-de-inicio\/","name":"Elevamos cualquier carga en cualquier sector con gr\u00faas, puentes gr\u00faa y polipastos | OMIS","isPartOf":{"@id":"https:\/\/www.omis.net\/it-it\/#website"},"datePublished":"2024-03-25T08:35:05+00:00","dateModified":"2025-01-31T11:15:28+00:00","description":"En OMIS optimizamos los procesos para mejorar los productos y reducir los residuos adoptando la filosof\u00eda Lean Production a todos lo niveles. Invertimos en tecnolog\u00eda avanzada, como soldadura robotizada y m\u00e1quinas CNC, integrando la experiencia de nuestro equipo con innovaciones futuristas. Somos un socio fiable y sostenible, con un fuerte compromiso de responsabilidad con el medio ambiente y la calidad.","breadcrumb":{"@id":"https:\/\/www.omis.net\/es-es\/pagina-de-inicio\/#breadcrumb"},"inLanguage":"es-es","potentialAction":[{"@type":"ReadAction","target":["https:\/\/www.omis.net\/es-es\/pagina-de-inicio\/"]}]},{"@type":"BreadcrumbList","@id":"https:\/\/www.omis.net\/es-es\/pagina-de-inicio\/#breadcrumb","itemListElement":[{"@type":"ListItem","position":1,"name":"Home","item":"https:\/\/www.omis.net\/es-es\/pagina-de-inicio\/"},{"@type":"ListItem","position":2,"name":"P\u00e1gina de inicio"}]},{"@type":"WebSite","@id":"https:\/\/www.omis.net\/it-it\/#website","url":"https:\/\/www.omis.net\/it-it\/","name":"Omis Spa","description":"Movimentazione e sollevamento","publisher":{"@id":"https:\/\/www.omis.net\/it-it\/#organization"},"potentialAction":[{"@type":"SearchAction","target":{"@type":"EntryPoint","urlTemplate":"https:\/\/www.omis.net\/it-it\/?s={search_term_string}"},"query-input":{"@type":"PropertyValueSpecification","valueRequired":true,"valueName":"search_term_string"}}],"inLanguage":"es-es"},{"@type":"Organization","@id":"https:\/\/www.omis.net\/it-it\/#organization","name":"Omis Spa","url":"https:\/\/www.omis.net\/it-it\/","logo":{"@type":"ImageObject","inLanguage":"es-es","@id":"https:\/\/www.omis.net\/it-it\/#\/schema\/logo\/image\/","url":"https:\/\/media.omis.net\/media\/2024\/08\/logo.jpg","contentUrl":"https:\/\/media.omis.net\/media\/2024\/08\/logo.jpg","width":300,"height":300,"caption":"Omis Spa"},"image":{"@id":"https:\/\/www.omis.net\/it-it\/#\/schema\/logo\/image\/"},"sameAs":["https:\/\/www.facebook.com\/omisgroup","https:\/\/www.linkedin.com\/company\/omis-group","https:\/\/www.youtube.com\/channel\/UCS4L59XDk3kKBI9MnjuxWDw","https:\/\/www.instagram.com\/omisgroup"]}]}},"_links":{"self":[{"href":"https:\/\/www.omis.net\/es-es\/wp-json\/wp\/v2\/pages\/7199"}],"collection":[{"href":"https:\/\/www.omis.net\/es-es\/wp-json\/wp\/v2\/pages"}],"about":[{"href":"https:\/\/www.omis.net\/es-es\/wp-json\/wp\/v2\/types\/page"}],"author":[{"embeddable":true,"href":"https:\/\/www.omis.net\/es-es\/wp-json\/wp\/v2\/users\/2"}],"replies":[{"embeddable":true,"href":"https:\/\/www.omis.net\/es-es\/wp-json\/wp\/v2\/comments?post=7199"}],"version-history":[{"count":6,"href":"https:\/\/www.omis.net\/es-es\/wp-json\/wp\/v2\/pages\/7199\/revisions"}],"predecessor-version":[{"id":17129,"href":"https:\/\/www.omis.net\/es-es\/wp-json\/wp\/v2\/pages\/7199\/revisions\/17129"}],"wp:attachment":[{"href":"https:\/\/www.omis.net\/es-es\/wp-json\/wp\/v2\/media?parent=7199"}],"curies":[{"name":"wp","href":"https:\/\/api.w.org\/{rel}","templated":true}]}}