{"id":7357,"date":"2024-12-18T11:03:44","date_gmt":"2024-12-18T10:03:44","guid":{"rendered":"http:\/\/bedrock.local\/product\/manuell\/"},"modified":"2025-02-05T14:36:25","modified_gmt":"2025-02-05T13:36:25","slug":"manuell-bewegter-hangekran","status":"publish","type":"product","link":"https:\/\/www.omis.net\/de-de\/produkt\/manuell-bewegter-hangekran\/","title":{"rendered":"Manuell bewegter h\u00e4ngekran"},"content":{"rendered":"","protected":false},"featured_media":14063,"parent":0,"template":"","caratteristica-prodotto":[],"tipologia-prodotto":[706,748],"class_list":["post-7357","product","type-product","status-publish","has-post-thumbnail","hentry","tipologia-prodotto-arbeitsplatzkraene","tipologia-prodotto-deckenlaufkrane"],"acf":{"import_csv_id":"40","prodotto_generale_sku":"GSM","prodotto_listing_card_descrizione":"Manueller H\u00e4ngekran, praktische und einfache Bedienung zum Bewegen kleiner Lasten. Modular und je nach Bedarf anpassbar.","prodotto_listing_card_caratteristiche":null,"prodotto_page_gradient_hero":false,"prodotto_page_titolo_hero":"Die schnellste und praktischste L\u00f6sung bis zu 1.000 kg.","prodotto_page_gallery_hero":[14035],"prodotto_page_descrizione_3_colonne_posizione":false,"prodotto_page_descrizione_3_colonne":[{"valore":"125","unita_di_misura":"kg","etichetta":"Mindesttragf\u00e4higkeit"},{"valore":"1000","unita_di_misura":"kg","etichetta":"Maximale Tragf\u00e4higkeit"},{"valore":"8","unita_di_misura":"m","etichetta":"Maximale Breite"}],"prodotto_page_descrizione_titolo":"Manuelle Deckenlaufkrane mit Tragf\u00e4higkeit bis 1000 kg","prodotto_page_descrizione_3_colonne_testo":"<strong>OMIS bietet eine Standardreihe von Deckenlaufkranen mit Hohlprofiltr\u00e4ger an, die den t\u00e4glichen Anforderungen der Unternehmen der meisten Branchen gerecht werden. Die Krane verf\u00fcgen \u00fcber Kranbahnen aus Omega-Profilen f\u00fcr das manuelle Verfahren der Br\u00fccke, die an der Dachkonstruktion befestigt oder durch Portale mit am Boden befestigten S\u00e4ulen abgest\u00fctzt werden.<\/strong>\r\n\r\nStandard-H\u00e4ngekrane mit Hohlprofiltr\u00e4ger und manueller Bet\u00e4tigung eignen sich ideal f\u00fcr die Handhabung kleiner Lasten bis maximal 1.000 kg. Der manuelle H\u00e4ngekran ist einfach und m\u00fchelos montierbar und ver\u00e4nderbar, modular und je nach Bedarf anpassbar. Diese Handhabungssysteme verf\u00fcgen \u00fcber ein Spurma\u00df von bis zu 7 m und Kranbahnen aus Omega-Profilen f\u00fcr die Br\u00fcckenfahrt, die je nach Installationsbedarf mit speziellen Kugelgelenkhalterungen an der Hallendecke befestigt oder mit speziell entwickelten Metallportalen abgest\u00fctzt werden.","prodotto_page_descrizione_titolo_vantaggi":"Vorteile des manuell bewegten H\u00e4ngekrans","prodotto_page_descrizione_vantaggi":[{"titolo":"Modulares System","testo":"","link":"","archivio_prodotti":null},{"titolo":"Einfach zu installieren, ver\u00e4ndern und erweitern","testo":"","link":"","archivio_prodotti":null},{"titolo":"Personalisierbar","testo":"","link":"","archivio_prodotti":null},{"titolo":"Einfache Bedienung","testo":"","link":"","archivio_prodotti":null},{"titolo":"Minimaler Platzbedarf am Boden","testo":"","link":"","archivio_prodotti":null},{"titolo":"Erh\u00f6hte Produktivit\u00e4t und Sicherheit","testo":"","link":"","archivio_prodotti":null}],"prodotto_page_tabs_dati_tecnici":[{"etichetta":"Tragf\u00e4higkeit","valore":"125 kg - 1000 kg"},{"etichetta":"Maximale Breite","valore":"8 m"},{"etichetta":"Profil des Br\u00fcckentr\u00e4gers","valore":"Omega-Profil"},{"etichetta":"Profil Kranbahnen","valore":"Omega-Profil"},{"etichetta":"Verankerung","valore":"An die bestehende Konstruktion oder durch kundenspezifische Tragkonstruktionen aus Metall"},{"etichetta":"Kranfahrt","valore":"Manuell, auf Fahrwerken im Tr\u00e4gerprofil"}],"prodotto_page_tabs_optionals":[{"titolo":"Kundenspezifische Lackierung","testo":"Die Farbe der Lackierung kann an spezielle Bed\u00fcrfnisse, Design- oder Branding-Anforderungen angepasst werden.","immagine":null},{"titolo":"Kundenspezifische Tragkonstruktionen aus Metall","testo":"Wir entwerfen auch personalisierte Tragkonstruktionen aus Metall oder kundenspezifische L\u00f6sungen, um s\u00e4mtliche Anforderungen pr\u00e4zise und erstklassig zu erf\u00fcllen.","immagine":null}],"prodotto_page_tabs_downloads":null,"prodotto_page_gallery":[14021,14028,14014,13986,13993,14000,14007],"prodotto_page_customer_story_titolo":"","prodotto_page_customer_story_list":null,"prodotto_page_applicazioni_list":"- Agricoltura e Alimentare\r\n- Manifatturiero\r\n- Energetico\r\n- Edile e delle costruzioni\r\n- Tecnologie dell'informazione e ICT\r\n- Trasporti e logistica\r\n- Commercio al dettaglio\r\n- Culturale e dell'intrattenimento\r\n- Ambientale e della sostenibilit\u00e0\r\n- Ricerca e sviluppo\r\n- Arti e Artigianato","prodotto_page_faq_list":null,"prodotto_page_testo_prodotti_correlati":"<h2>\u00c4hnliche Produkte<\/h2>\r\nEntdecken Sie auch diese Produkte und finden Sie andere f\u00fcr Sie geeignete L\u00f6sungen.","prodotto_page_lista_prodotti_correlati":"- C\r\n- GSE\r\n- BILIF ","prodotto_page_titolo_componenti_3d":"","prodotto_page_immagine_iniziale_componenti_3d":null,"prodotto_page_lista_componenti_3d":null,"prodotto_page_titolo_slider_configurazioni":"Produkt und Konfigurationen","prodotto_page_lista_immgini_slider_configurazioni":[{"etichetta":"Vorderansicht","immagine":14049},{"etichetta":"Ansicht von oben","immagine":14056},{"etichetta":"Perspektive","immagine":14042}],"prodotto_page_titolo_slider_configurazioni_2":"<h2><\/h2>","prodotto_page_lista_immgini_slider_configurazioni_2":null,"seo_title":"Manueller H\u00e4ngekran Tragf\u00e4higkeit 1000 kg | OMIS","seo_description":"Manuelle H\u00e4ngekrane mit Hohlprofiltr\u00e4ger, ideal f\u00fcr Lasten bis 1.000 kg. Die Krane mit Kranbahnen aus Omega-Profilen k\u00f6nnen an bestehenden Konstruktionen oder auf Portalen montiert werden. Einfach installierbar und anpassbar, mit Spurma\u00df bis zu 7 m. Modular und personalisierbar f\u00fcr verschiedene Industrieanforderungen. Mehr erfahren."},"yoast_head":"<!-- This site is optimized with the Yoast SEO plugin v23.9 - https:\/\/yoast.com\/wordpress\/plugins\/seo\/ -->\n<title>Manueller H\u00e4ngekran Tragf\u00e4higkeit 1000 kg | OMIS<\/title>\n<meta name=\"description\" content=\"Manuelle H\u00e4ngekrane mit Hohlprofiltr\u00e4ger, ideal f\u00fcr Lasten bis 1.000 kg. Die Krane mit Kranbahnen aus Omega-Profilen k\u00f6nnen an bestehenden Konstruktionen oder auf Portalen montiert werden. Einfach installierbar und anpassbar, mit Spurma\u00df bis zu 7 m. Modular und personalisierbar f\u00fcr verschiedene Industrieanforderungen. Mehr erfahren.\" \/>\n<meta name=\"robots\" content=\"index, follow, max-snippet:-1, max-image-preview:large, max-video-preview:-1\" \/>\n<meta property=\"og:locale\" content=\"de_DE\" \/>\n<meta property=\"og:type\" content=\"article\" \/>\n<meta property=\"og:title\" content=\"Manueller H\u00e4ngekran Tragf\u00e4higkeit 1000 kg | OMIS\" \/>\n<meta property=\"og:description\" content=\"Manuelle H\u00e4ngekrane mit Hohlprofiltr\u00e4ger, ideal f\u00fcr Lasten bis 1.000 kg. Die Krane mit Kranbahnen aus Omega-Profilen k\u00f6nnen an bestehenden Konstruktionen oder auf Portalen montiert werden. Einfach installierbar und anpassbar, mit Spurma\u00df bis zu 7 m. Modular und personalisierbar f\u00fcr verschiedene Industrieanforderungen. Mehr erfahren.\" \/>\n<meta property=\"og:url\" content=\"https:\/\/www.omis.net\/de-de\/produkt\/manuell-bewegter-hangekran\/\" \/>\n<meta property=\"og:site_name\" content=\"Omis Spa\" \/>\n<meta property=\"article:publisher\" content=\"https:\/\/www.facebook.com\/omisgroup\" \/>\n<meta property=\"article:modified_time\" content=\"2025-02-05T13:36:25+00:00\" \/>\n<meta property=\"og:image\" content=\"https:\/\/media.omis.net\/media\/2024\/12\/profile-manual-suspended-system-gsm-500kg-assembly-line-malo-omis-scaled.webp\" \/>\n\t<meta property=\"og:image:width\" content=\"2560\" \/>\n\t<meta property=\"og:image:height\" content=\"1709\" \/>\n\t<meta property=\"og:image:type\" content=\"image\/webp\" \/>\n<meta name=\"twitter:card\" content=\"summary_large_image\" \/>\n<meta name=\"twitter:label1\" content=\"Est. reading time\" \/>\n\t<meta name=\"twitter:data1\" content=\"1 minute\" \/>\n<script type=\"application\/ld+json\" class=\"yoast-schema-graph\">{\"@context\":\"https:\/\/schema.org\",\"@graph\":[{\"@type\":\"WebPage\",\"@id\":\"https:\/\/www.omis.net\/de-de\/produkt\/manuell-bewegter-hangekran\/\",\"url\":\"https:\/\/www.omis.net\/de-de\/produkt\/manuell-bewegter-hangekran\/\",\"name\":\"Manueller H\u00e4ngekran Tragf\u00e4higkeit 1000 kg | OMIS\",\"isPartOf\":{\"@id\":\"https:\/\/www.omis.net\/it-it\/#website\"},\"primaryImageOfPage\":{\"@id\":\"https:\/\/www.omis.net\/de-de\/produkt\/manuell-bewegter-hangekran\/#primaryimage\"},\"image\":{\"@id\":\"https:\/\/www.omis.net\/de-de\/produkt\/manuell-bewegter-hangekran\/#primaryimage\"},\"thumbnailUrl\":\"https:\/\/media.omis.net\/media\/2024\/12\/profile-manual-suspended-system-gsm-500kg-assembly-line-malo-omis-scaled.webp\",\"datePublished\":\"2024-12-18T10:03:44+00:00\",\"dateModified\":\"2025-02-05T13:36:25+00:00\",\"description\":\"Manuelle H\u00e4ngekrane mit Hohlprofiltr\u00e4ger, ideal f\u00fcr Lasten bis 1.000 kg. Die Krane mit Kranbahnen aus Omega-Profilen k\u00f6nnen an bestehenden Konstruktionen oder auf Portalen montiert werden. Einfach installierbar und anpassbar, mit Spurma\u00df bis zu 7 m. Modular und personalisierbar f\u00fcr verschiedene Industrieanforderungen. Mehr erfahren.\",\"breadcrumb\":{\"@id\":\"https:\/\/www.omis.net\/de-de\/produkt\/manuell-bewegter-hangekran\/#breadcrumb\"},\"inLanguage\":\"de-de\",\"potentialAction\":[{\"@type\":\"ReadAction\",\"target\":[\"https:\/\/www.omis.net\/de-de\/produkt\/manuell-bewegter-hangekran\/\"]}]},{\"@type\":\"ImageObject\",\"inLanguage\":\"de-de\",\"@id\":\"https:\/\/www.omis.net\/de-de\/produkt\/manuell-bewegter-hangekran\/#primaryimage\",\"url\":\"https:\/\/media.omis.net\/media\/2024\/12\/profile-manual-suspended-system-gsm-500kg-assembly-line-malo-omis-scaled.webp\",\"contentUrl\":\"https:\/\/media.omis.net\/media\/2024\/12\/profile-manual-suspended-system-gsm-500kg-assembly-line-malo-omis-scaled.webp\",\"width\":2560,\"height\":1709,\"caption\":\"header - Profile manual suspended system gsm 500kg assembly line malo Omis\"},{\"@type\":\"BreadcrumbList\",\"@id\":\"https:\/\/www.omis.net\/de-de\/produkt\/manuell-bewegter-hangekran\/#breadcrumb\",\"itemListElement\":[{\"@type\":\"ListItem\",\"position\":1,\"name\":\"Home\",\"item\":\"https:\/\/www.omis.net\/de-de\/homepage\/\"},{\"@type\":\"ListItem\",\"position\":2,\"name\":\"Manuell bewegter h\u00e4ngekran\"}]},{\"@type\":\"WebSite\",\"@id\":\"https:\/\/www.omis.net\/it-it\/#website\",\"url\":\"https:\/\/www.omis.net\/it-it\/\",\"name\":\"Omis Spa\",\"description\":\"Movimentazione e sollevamento\",\"publisher\":{\"@id\":\"https:\/\/www.omis.net\/it-it\/#organization\"},\"potentialAction\":[{\"@type\":\"SearchAction\",\"target\":{\"@type\":\"EntryPoint\",\"urlTemplate\":\"https:\/\/www.omis.net\/it-it\/?s={search_term_string}\"},\"query-input\":{\"@type\":\"PropertyValueSpecification\",\"valueRequired\":true,\"valueName\":\"search_term_string\"}}],\"inLanguage\":\"de-de\"},{\"@type\":\"Organization\",\"@id\":\"https:\/\/www.omis.net\/it-it\/#organization\",\"name\":\"Omis Spa\",\"url\":\"https:\/\/www.omis.net\/it-it\/\",\"logo\":{\"@type\":\"ImageObject\",\"inLanguage\":\"de-de\",\"@id\":\"https:\/\/www.omis.net\/it-it\/#\/schema\/logo\/image\/\",\"url\":\"https:\/\/media.omis.net\/media\/2024\/08\/logo.jpg\",\"contentUrl\":\"https:\/\/media.omis.net\/media\/2024\/08\/logo.jpg\",\"width\":300,\"height\":300,\"caption\":\"Omis Spa\"},\"image\":{\"@id\":\"https:\/\/www.omis.net\/it-it\/#\/schema\/logo\/image\/\"},\"sameAs\":[\"https:\/\/www.facebook.com\/omisgroup\",\"https:\/\/www.linkedin.com\/company\/omis-group\",\"https:\/\/www.youtube.com\/channel\/UCS4L59XDk3kKBI9MnjuxWDw\",\"https:\/\/www.instagram.com\/omisgroup\"]}]}<\/script>\n<!-- \/ Yoast SEO plugin. -->","yoast_head_json":{"title":"Manueller H\u00e4ngekran Tragf\u00e4higkeit 1000 kg | OMIS","description":"Manuelle H\u00e4ngekrane mit Hohlprofiltr\u00e4ger, ideal f\u00fcr Lasten bis 1.000 kg. Die Krane mit Kranbahnen aus Omega-Profilen k\u00f6nnen an bestehenden Konstruktionen oder auf Portalen montiert werden. Einfach installierbar und anpassbar, mit Spurma\u00df bis zu 7 m. Modular und personalisierbar f\u00fcr verschiedene Industrieanforderungen. Mehr erfahren.","robots":{"index":"index","follow":"follow","max-snippet":"max-snippet:-1","max-image-preview":"max-image-preview:large","max-video-preview":"max-video-preview:-1"},"og_locale":"de_DE","og_type":"article","og_title":"Manueller H\u00e4ngekran Tragf\u00e4higkeit 1000 kg | OMIS","og_description":"Manuelle H\u00e4ngekrane mit Hohlprofiltr\u00e4ger, ideal f\u00fcr Lasten bis 1.000 kg. Die Krane mit Kranbahnen aus Omega-Profilen k\u00f6nnen an bestehenden Konstruktionen oder auf Portalen montiert werden. Einfach installierbar und anpassbar, mit Spurma\u00df bis zu 7 m. Modular und personalisierbar f\u00fcr verschiedene Industrieanforderungen. Mehr erfahren.","og_url":"https:\/\/www.omis.net\/de-de\/produkt\/manuell-bewegter-hangekran\/","og_site_name":"Omis Spa","article_publisher":"https:\/\/www.facebook.com\/omisgroup","article_modified_time":"2025-02-05T13:36:25+00:00","og_image":[{"width":2560,"height":1709,"url":"https:\/\/media.omis.net\/media\/2024\/12\/profile-manual-suspended-system-gsm-500kg-assembly-line-malo-omis-scaled.webp","type":"image\/webp"}],"twitter_card":"summary_large_image","twitter_misc":{"Est. reading time":"1 minute"},"schema":{"@context":"https:\/\/schema.org","@graph":[{"@type":"WebPage","@id":"https:\/\/www.omis.net\/de-de\/produkt\/manuell-bewegter-hangekran\/","url":"https:\/\/www.omis.net\/de-de\/produkt\/manuell-bewegter-hangekran\/","name":"Manueller H\u00e4ngekran Tragf\u00e4higkeit 1000 kg | OMIS","isPartOf":{"@id":"https:\/\/www.omis.net\/it-it\/#website"},"primaryImageOfPage":{"@id":"https:\/\/www.omis.net\/de-de\/produkt\/manuell-bewegter-hangekran\/#primaryimage"},"image":{"@id":"https:\/\/www.omis.net\/de-de\/produkt\/manuell-bewegter-hangekran\/#primaryimage"},"thumbnailUrl":"https:\/\/media.omis.net\/media\/2024\/12\/profile-manual-suspended-system-gsm-500kg-assembly-line-malo-omis-scaled.webp","datePublished":"2024-12-18T10:03:44+00:00","dateModified":"2025-02-05T13:36:25+00:00","description":"Manuelle H\u00e4ngekrane mit Hohlprofiltr\u00e4ger, ideal f\u00fcr Lasten bis 1.000 kg. Die Krane mit Kranbahnen aus Omega-Profilen k\u00f6nnen an bestehenden Konstruktionen oder auf Portalen montiert werden. Einfach installierbar und anpassbar, mit Spurma\u00df bis zu 7 m. Modular und personalisierbar f\u00fcr verschiedene Industrieanforderungen. Mehr erfahren.","breadcrumb":{"@id":"https:\/\/www.omis.net\/de-de\/produkt\/manuell-bewegter-hangekran\/#breadcrumb"},"inLanguage":"de-de","potentialAction":[{"@type":"ReadAction","target":["https:\/\/www.omis.net\/de-de\/produkt\/manuell-bewegter-hangekran\/"]}]},{"@type":"ImageObject","inLanguage":"de-de","@id":"https:\/\/www.omis.net\/de-de\/produkt\/manuell-bewegter-hangekran\/#primaryimage","url":"https:\/\/media.omis.net\/media\/2024\/12\/profile-manual-suspended-system-gsm-500kg-assembly-line-malo-omis-scaled.webp","contentUrl":"https:\/\/media.omis.net\/media\/2024\/12\/profile-manual-suspended-system-gsm-500kg-assembly-line-malo-omis-scaled.webp","width":2560,"height":1709,"caption":"header - Profile manual suspended system gsm 500kg assembly line malo Omis"},{"@type":"BreadcrumbList","@id":"https:\/\/www.omis.net\/de-de\/produkt\/manuell-bewegter-hangekran\/#breadcrumb","itemListElement":[{"@type":"ListItem","position":1,"name":"Home","item":"https:\/\/www.omis.net\/de-de\/homepage\/"},{"@type":"ListItem","position":2,"name":"Manuell bewegter h\u00e4ngekran"}]},{"@type":"WebSite","@id":"https:\/\/www.omis.net\/it-it\/#website","url":"https:\/\/www.omis.net\/it-it\/","name":"Omis Spa","description":"Movimentazione e sollevamento","publisher":{"@id":"https:\/\/www.omis.net\/it-it\/#organization"},"potentialAction":[{"@type":"SearchAction","target":{"@type":"EntryPoint","urlTemplate":"https:\/\/www.omis.net\/it-it\/?s={search_term_string}"},"query-input":{"@type":"PropertyValueSpecification","valueRequired":true,"valueName":"search_term_string"}}],"inLanguage":"de-de"},{"@type":"Organization","@id":"https:\/\/www.omis.net\/it-it\/#organization","name":"Omis Spa","url":"https:\/\/www.omis.net\/it-it\/","logo":{"@type":"ImageObject","inLanguage":"de-de","@id":"https:\/\/www.omis.net\/it-it\/#\/schema\/logo\/image\/","url":"https:\/\/media.omis.net\/media\/2024\/08\/logo.jpg","contentUrl":"https:\/\/media.omis.net\/media\/2024\/08\/logo.jpg","width":300,"height":300,"caption":"Omis Spa"},"image":{"@id":"https:\/\/www.omis.net\/it-it\/#\/schema\/logo\/image\/"},"sameAs":["https:\/\/www.facebook.com\/omisgroup","https:\/\/www.linkedin.com\/company\/omis-group","https:\/\/www.youtube.com\/channel\/UCS4L59XDk3kKBI9MnjuxWDw","https:\/\/www.instagram.com\/omisgroup"]}]}},"_links":{"self":[{"href":"https:\/\/www.omis.net\/de-de\/wp-json\/wp\/v2\/product\/7357"}],"collection":[{"href":"https:\/\/www.omis.net\/de-de\/wp-json\/wp\/v2\/product"}],"about":[{"href":"https:\/\/www.omis.net\/de-de\/wp-json\/wp\/v2\/types\/product"}],"acf:attachment":[{"embeddable":true,"href":"https:\/\/www.omis.net\/de-de\/wp-json\/wp\/v2\/media\/14007"},{"embeddable":true,"href":"https:\/\/www.omis.net\/de-de\/wp-json\/wp\/v2\/media\/14000"},{"embeddable":true,"href":"https:\/\/www.omis.net\/de-de\/wp-json\/wp\/v2\/media\/13993"},{"embeddable":true,"href":"https:\/\/www.omis.net\/de-de\/wp-json\/wp\/v2\/media\/13986"},{"embeddable":true,"href":"https:\/\/www.omis.net\/de-de\/wp-json\/wp\/v2\/media\/14014"},{"embeddable":true,"href":"https:\/\/www.omis.net\/de-de\/wp-json\/wp\/v2\/media\/14028"},{"embeddable":true,"href":"https:\/\/www.omis.net\/de-de\/wp-json\/wp\/v2\/media\/14021"},{"embeddable":true,"href":"https:\/\/www.omis.net\/de-de\/wp-json\/wp\/v2\/media\/14035"}],"wp:featuredmedia":[{"embeddable":true,"href":"https:\/\/www.omis.net\/de-de\/wp-json\/wp\/v2\/media\/14063"}],"wp:attachment":[{"href":"https:\/\/www.omis.net\/de-de\/wp-json\/wp\/v2\/media?parent=7357"}],"wp:term":[{"taxonomy":"caratteristica-prodotto","embeddable":true,"href":"https:\/\/www.omis.net\/de-de\/wp-json\/wp\/v2\/caratteristica-prodotto?post=7357"},{"taxonomy":"tipologia-prodotto","embeddable":true,"href":"https:\/\/www.omis.net\/de-de\/wp-json\/wp\/v2\/tipologia-prodotto?post=7357"}],"curies":[{"name":"wp","href":"https:\/\/api.w.org\/{rel}","templated":true}]}}