{"id":7356,"date":"2024-12-18T11:03:09","date_gmt":"2024-12-18T10:03:09","guid":{"rendered":"http:\/\/bedrock.local\/product\/kurvenformig\/"},"modified":"2025-02-03T18:26:22","modified_gmt":"2025-02-03T17:26:22","slug":"kurvenformige-hangebahn","status":"publish","type":"product","link":"https:\/\/www.omis.net\/de-de\/produkt\/kurvenformige-hangebahn\/","title":{"rendered":"Kurvenf\u00f6rmige h\u00e4ngebahn"},"content":{"rendered":"","protected":false},"featured_media":14183,"parent":0,"template":"","caratteristica-prodotto":[],"tipologia-prodotto":[706,742],"class_list":["post-7356","product","type-product","status-publish","has-post-thumbnail","hentry","tipologia-prodotto-arbeitsplatzkraene","tipologia-prodotto-haengebahnen"],"acf":{"import_csv_id":"38","prodotto_generale_sku":"MRC","prodotto_listing_card_descrizione":"Die kurvenf\u00f6rmige H\u00e4ngebahn ist das ideale System f\u00fcr den nichtlinearen Lasttransport unter Einhaltung aller Prozessphasen.","prodotto_listing_card_caratteristiche":null,"prodotto_page_gradient_hero":false,"prodotto_page_titolo_hero":"Der perfekte Kran f\u00fcr Montage- und Lackierlinien.","prodotto_page_gallery_hero":[14078,14071,14099],"prodotto_page_descrizione_3_colonne_posizione":false,"prodotto_page_descrizione_3_colonne":[{"valore":"125","unita_di_misura":"kg","etichetta":"Mindesttragf\u00e4higkeit"},{"valore":"5000","unita_di_misura":"kg","etichetta":"Maximale Tragf\u00e4higkeit"},{"valore":"90\u00b0","unita_di_misura":"","etichetta":"Maximale Kurve"}],"prodotto_page_descrizione_titolo":"Kurvenf\u00f6rmige H\u00e4ngebahn mit Tragf\u00e4higkeit bis 5000 kg","prodotto_page_descrizione_3_colonne_testo":"<strong>OMIS H\u00e4ngebahn-Systeme gew\u00e4hrleisten dank ihres modularen Designs eine hohen Personalisierungsgrad. Die Modularit\u00e4t sieht auch kurvenf\u00f6rmige Abschnitte mit der M\u00f6glichkeit von 90\u00b0-Winkeln vor. Die kurvenf\u00f6rmige H\u00e4ngebahn ist daher die ideale Hebevorrichtung, um in einem Betrieb eine Last zwischen zwei Punkten entlang einer personalisierten, nichtlinearen Strecke m\u00fchelos zu bewegen.<\/strong>\r\n\r\nDer Streckenverlauf kann exakt an die spezifischen baulichen Anforderungen jeder Werkstatt oder Industrieumgebung angepasst werden. Kurvenfahrten sind besonders n\u00fctzlich, wenn die Lasten eine Produktionslinie durch alle Phasen des Fertigungsprozesses bis hin zu den Verpackungsstationen durchlaufen m\u00fcssen. Die H\u00e4ngebahn-Systeme von OMIS erf\u00fcllen die realen Anforderungen von Unternehmen beim Teiletransport in Montagelinien, Lackieranlagen sowie beim G\u00fcterumschlag.","prodotto_page_descrizione_titolo_vantaggi":"Vorteile der kurvenf\u00f6rmigen H\u00e4ngebahn","prodotto_page_descrizione_vantaggi":[{"titolo":"Geringere Erm\u00fcdung des Bedieners","testo":"","link":"","archivio_prodotti":null},{"titolo":"Pr\u00e4zise Bewegungen","testo":"","link":"","archivio_prodotti":null},{"titolo":"Kontrollierte Geschwindigkeit","testo":"","link":"","archivio_prodotti":null},{"titolo":"An unterschiedlich gro\u00dfe Lasten anpassbar","testo":"","link":"","archivio_prodotti":null},{"titolo":"M\u00fchelose Wartung","testo":"","link":"","archivio_prodotti":null},{"titolo":"Vielseitige Anwendungen","testo":"","link":"","archivio_prodotti":null},{"titolo":"Erh\u00f6hte Produktivit\u00e4t und Sicherheit","testo":"","link":"","archivio_prodotti":null}],"prodotto_page_tabs_dati_tecnici":[{"etichetta":"Tragf\u00e4higkeit","valore":"125 kg - 5000 kg - Dar\u00fcber hinaus auf Anfrage"},{"etichetta":"L\u00e4nge","valore":"Konfigurierbar auf Anfrage"},{"etichetta":"Profil des Br\u00fcckentr\u00e4gers","valore":"Doppel-T-Tr\u00e4ger oder Kastentr\u00e4ger"},{"etichetta":"Verankerung","valore":"An die bestehende Konstruktion oder durch kundenspezifische Tragkonstruktionen aus Metall"},{"etichetta":"Stromzuf\u00fchrung","valore":"Verteilerschiene Atollo speed 40A"},{"etichetta":"Hubwerke","valore":"Seilzug oder Kettenzug"},{"etichetta":"Steuerung","valore":"Am Hebezeug h\u00e4ngende Steuerflasche"}],"prodotto_page_tabs_optionals":[{"titolo":"Kundenspezifische Lackierung","testo":"Die Farbe der Lackierung kann an spezielle Bed\u00fcrfnisse, Design- oder Branding-Anforderungen angepasst werden.","immagine":null},{"titolo":"Funkfernsteuerung f\u00fcr die Laufkatze","testo":"Auf Anfrage ist die Laufkatze mit Funkfernsteuerung lieferbar, um die Leistung, Vielseitigkeit und Sicherheit der Arbeitsg\u00e4nge zu verbessern. Durch die pr\u00e4zise und intuitive Fernbedienung werden Arbeitsrisiken reduziert und die Effizienz gesteigert.","immagine":null}],"prodotto_page_tabs_downloads":null,"prodotto_page_gallery":[14113,14106,14092,14085],"prodotto_page_customer_story_titolo":"","prodotto_page_customer_story_list":null,"prodotto_page_applicazioni_list":"- Agricoltura e Alimentare\r\n- Manifatturiero\r\n- Energetico\r\n- Edile e delle costruzioni\r\n- Tecnologie dell'informazione e ICT\r\n- Trasporti e logistica\r\n- Commercio al dettaglio\r\n- Culturale e dell'intrattenimento\r\n- Ambientale e della sostenibilit\u00e0\r\n- Ricerca e sviluppo\r\n- Arti e Artigianato","prodotto_page_faq_list":null,"prodotto_page_testo_prodotti_correlati":"<h2>\u00c4hnliche Produkte<\/h2>\r\nEntdecken Sie auch diese Produkte und finden Sie andere f\u00fcr Sie geeignete L\u00f6sungen.","prodotto_page_lista_prodotti_correlati":"- C\r\n- GSM\r\n- CMR","prodotto_page_titolo_componenti_3d":"","prodotto_page_immagine_iniziale_componenti_3d":null,"prodotto_page_lista_componenti_3d":null,"prodotto_page_titolo_slider_configurazioni":"Produkt und Konfigurationen","prodotto_page_lista_immgini_slider_configurazioni":[{"etichetta":"Vorderansicht","immagine":14155},{"etichetta":"Ansicht von oben","immagine":14162},{"etichetta":"Vorderansicht","immagine":14141},{"etichetta":"Ansicht von oben","immagine":14148},{"etichetta":"Kreisf\u00f6rmig","immagine":14169},{"etichetta":"Kreisf\u00f6rmig","immagine":14176}],"prodotto_page_titolo_slider_configurazioni_2":"<h2><\/h2>","prodotto_page_lista_immgini_slider_configurazioni_2":null,"seo_title":"Kurvenf\u00f6rmige H\u00e4ngebahn Tragf\u00e4higkeit 5000 kg | OMIS","seo_description":"Die kurvenf\u00f6rmigen H\u00e4ngebahnen von OMIS bieten durch das modulare Design eine hohe Flexibilit\u00e4t und erm\u00f6glichen Kurvenfahrten mit 90\u00b0-Winkeln. Sie eignen sich ideal f\u00fcr den Lasttransport entlang personalisierter Strecken und sind n\u00fctzlich f\u00fcr Produktionslinien und Verpackungsstationen. Sie passen den Streckenverlauf an die Bed\u00fcrfnisse von Werkst\u00e4tten und Industrieumgebungen an und optimieren den innerbetrieblichen Transport. Mehr erfahren."},"yoast_head":"<!-- This site is optimized with the Yoast SEO plugin v23.9 - https:\/\/yoast.com\/wordpress\/plugins\/seo\/ -->\n<title>Kurvenf\u00f6rmige H\u00e4ngebahn Tragf\u00e4higkeit 5000 kg | OMIS<\/title>\n<meta name=\"description\" content=\"Die kurvenf\u00f6rmigen H\u00e4ngebahnen von OMIS bieten durch das modulare Design eine hohe Flexibilit\u00e4t und erm\u00f6glichen Kurvenfahrten mit 90\u00b0-Winkeln. Sie eignen sich ideal f\u00fcr den Lasttransport entlang personalisierter Strecken und sind n\u00fctzlich f\u00fcr Produktionslinien und Verpackungsstationen. Sie passen den Streckenverlauf an die Bed\u00fcrfnisse von Werkst\u00e4tten und Industrieumgebungen an und optimieren den innerbetrieblichen Transport. Mehr erfahren.\" \/>\n<meta name=\"robots\" content=\"index, follow, max-snippet:-1, max-image-preview:large, max-video-preview:-1\" \/>\n<meta property=\"og:locale\" content=\"de_DE\" \/>\n<meta property=\"og:type\" content=\"article\" \/>\n<meta property=\"og:title\" content=\"Kurvenf\u00f6rmige H\u00e4ngebahn Tragf\u00e4higkeit 5000 kg | OMIS\" \/>\n<meta property=\"og:description\" content=\"Die kurvenf\u00f6rmigen H\u00e4ngebahnen von OMIS bieten durch das modulare Design eine hohe Flexibilit\u00e4t und erm\u00f6glichen Kurvenfahrten mit 90\u00b0-Winkeln. Sie eignen sich ideal f\u00fcr den Lasttransport entlang personalisierter Strecken und sind n\u00fctzlich f\u00fcr Produktionslinien und Verpackungsstationen. Sie passen den Streckenverlauf an die Bed\u00fcrfnisse von Werkst\u00e4tten und Industrieumgebungen an und optimieren den innerbetrieblichen Transport. Mehr erfahren.\" \/>\n<meta property=\"og:url\" content=\"https:\/\/www.omis.net\/de-de\/produkt\/kurvenformige-hangebahn\/\" \/>\n<meta property=\"og:site_name\" content=\"Omis Spa\" \/>\n<meta property=\"article:publisher\" content=\"https:\/\/www.facebook.com\/omisgroup\" \/>\n<meta property=\"article:modified_time\" content=\"2025-02-03T17:26:22+00:00\" \/>\n<meta property=\"og:image\" content=\"https:\/\/media.omis.net\/media\/2024\/12\/profile-curved-monorail-250kg-assembly-line-extinguishers-omis-scaled.webp\" \/>\n\t<meta property=\"og:image:width\" content=\"2560\" \/>\n\t<meta property=\"og:image:height\" content=\"2121\" \/>\n\t<meta property=\"og:image:type\" content=\"image\/webp\" \/>\n<meta name=\"twitter:card\" content=\"summary_large_image\" \/>\n<meta name=\"twitter:label1\" content=\"Est. reading time\" \/>\n\t<meta name=\"twitter:data1\" content=\"1 minute\" \/>\n<script type=\"application\/ld+json\" class=\"yoast-schema-graph\">{\"@context\":\"https:\/\/schema.org\",\"@graph\":[{\"@type\":\"WebPage\",\"@id\":\"https:\/\/www.omis.net\/de-de\/produkt\/kurvenformige-hangebahn\/\",\"url\":\"https:\/\/www.omis.net\/de-de\/produkt\/kurvenformige-hangebahn\/\",\"name\":\"Kurvenf\u00f6rmige H\u00e4ngebahn Tragf\u00e4higkeit 5000 kg | OMIS\",\"isPartOf\":{\"@id\":\"https:\/\/www.omis.net\/it-it\/#website\"},\"primaryImageOfPage\":{\"@id\":\"https:\/\/www.omis.net\/de-de\/produkt\/kurvenformige-hangebahn\/#primaryimage\"},\"image\":{\"@id\":\"https:\/\/www.omis.net\/de-de\/produkt\/kurvenformige-hangebahn\/#primaryimage\"},\"thumbnailUrl\":\"https:\/\/media.omis.net\/media\/2024\/12\/profile-curved-monorail-250kg-assembly-line-extinguishers-omis-scaled.webp\",\"datePublished\":\"2024-12-18T10:03:09+00:00\",\"dateModified\":\"2025-02-03T17:26:22+00:00\",\"description\":\"Die kurvenf\u00f6rmigen H\u00e4ngebahnen von OMIS bieten durch das modulare Design eine hohe Flexibilit\u00e4t und erm\u00f6glichen Kurvenfahrten mit 90\u00b0-Winkeln. Sie eignen sich ideal f\u00fcr den Lasttransport entlang personalisierter Strecken und sind n\u00fctzlich f\u00fcr Produktionslinien und Verpackungsstationen. Sie passen den Streckenverlauf an die Bed\u00fcrfnisse von Werkst\u00e4tten und Industrieumgebungen an und optimieren den innerbetrieblichen Transport. Mehr erfahren.\",\"breadcrumb\":{\"@id\":\"https:\/\/www.omis.net\/de-de\/produkt\/kurvenformige-hangebahn\/#breadcrumb\"},\"inLanguage\":\"de-de\",\"potentialAction\":[{\"@type\":\"ReadAction\",\"target\":[\"https:\/\/www.omis.net\/de-de\/produkt\/kurvenformige-hangebahn\/\"]}]},{\"@type\":\"ImageObject\",\"inLanguage\":\"de-de\",\"@id\":\"https:\/\/www.omis.net\/de-de\/produkt\/kurvenformige-hangebahn\/#primaryimage\",\"url\":\"https:\/\/media.omis.net\/media\/2024\/12\/profile-curved-monorail-250kg-assembly-line-extinguishers-omis-scaled.webp\",\"contentUrl\":\"https:\/\/media.omis.net\/media\/2024\/12\/profile-curved-monorail-250kg-assembly-line-extinguishers-omis-scaled.webp\",\"width\":2560,\"height\":2121,\"caption\":\"header - Profile curved monorail 250kg assembly line extinguishers Omis\"},{\"@type\":\"BreadcrumbList\",\"@id\":\"https:\/\/www.omis.net\/de-de\/produkt\/kurvenformige-hangebahn\/#breadcrumb\",\"itemListElement\":[{\"@type\":\"ListItem\",\"position\":1,\"name\":\"Home\",\"item\":\"https:\/\/www.omis.net\/de-de\/homepage\/\"},{\"@type\":\"ListItem\",\"position\":2,\"name\":\"Kurvenf\u00f6rmige h\u00e4ngebahn\"}]},{\"@type\":\"WebSite\",\"@id\":\"https:\/\/www.omis.net\/it-it\/#website\",\"url\":\"https:\/\/www.omis.net\/it-it\/\",\"name\":\"Omis Spa\",\"description\":\"Movimentazione e sollevamento\",\"publisher\":{\"@id\":\"https:\/\/www.omis.net\/it-it\/#organization\"},\"potentialAction\":[{\"@type\":\"SearchAction\",\"target\":{\"@type\":\"EntryPoint\",\"urlTemplate\":\"https:\/\/www.omis.net\/it-it\/?s={search_term_string}\"},\"query-input\":{\"@type\":\"PropertyValueSpecification\",\"valueRequired\":true,\"valueName\":\"search_term_string\"}}],\"inLanguage\":\"de-de\"},{\"@type\":\"Organization\",\"@id\":\"https:\/\/www.omis.net\/it-it\/#organization\",\"name\":\"Omis Spa\",\"url\":\"https:\/\/www.omis.net\/it-it\/\",\"logo\":{\"@type\":\"ImageObject\",\"inLanguage\":\"de-de\",\"@id\":\"https:\/\/www.omis.net\/it-it\/#\/schema\/logo\/image\/\",\"url\":\"https:\/\/media.omis.net\/media\/2024\/08\/logo.jpg\",\"contentUrl\":\"https:\/\/media.omis.net\/media\/2024\/08\/logo.jpg\",\"width\":300,\"height\":300,\"caption\":\"Omis Spa\"},\"image\":{\"@id\":\"https:\/\/www.omis.net\/it-it\/#\/schema\/logo\/image\/\"},\"sameAs\":[\"https:\/\/www.facebook.com\/omisgroup\",\"https:\/\/www.linkedin.com\/company\/omis-group\",\"https:\/\/www.youtube.com\/channel\/UCS4L59XDk3kKBI9MnjuxWDw\",\"https:\/\/www.instagram.com\/omisgroup\"]}]}<\/script>\n<!-- \/ Yoast SEO plugin. -->","yoast_head_json":{"title":"Kurvenf\u00f6rmige H\u00e4ngebahn Tragf\u00e4higkeit 5000 kg | OMIS","description":"Die kurvenf\u00f6rmigen H\u00e4ngebahnen von OMIS bieten durch das modulare Design eine hohe Flexibilit\u00e4t und erm\u00f6glichen Kurvenfahrten mit 90\u00b0-Winkeln. Sie eignen sich ideal f\u00fcr den Lasttransport entlang personalisierter Strecken und sind n\u00fctzlich f\u00fcr Produktionslinien und Verpackungsstationen. Sie passen den Streckenverlauf an die Bed\u00fcrfnisse von Werkst\u00e4tten und Industrieumgebungen an und optimieren den innerbetrieblichen Transport. Mehr erfahren.","robots":{"index":"index","follow":"follow","max-snippet":"max-snippet:-1","max-image-preview":"max-image-preview:large","max-video-preview":"max-video-preview:-1"},"og_locale":"de_DE","og_type":"article","og_title":"Kurvenf\u00f6rmige H\u00e4ngebahn Tragf\u00e4higkeit 5000 kg | OMIS","og_description":"Die kurvenf\u00f6rmigen H\u00e4ngebahnen von OMIS bieten durch das modulare Design eine hohe Flexibilit\u00e4t und erm\u00f6glichen Kurvenfahrten mit 90\u00b0-Winkeln. Sie eignen sich ideal f\u00fcr den Lasttransport entlang personalisierter Strecken und sind n\u00fctzlich f\u00fcr Produktionslinien und Verpackungsstationen. Sie passen den Streckenverlauf an die Bed\u00fcrfnisse von Werkst\u00e4tten und Industrieumgebungen an und optimieren den innerbetrieblichen Transport. Mehr erfahren.","og_url":"https:\/\/www.omis.net\/de-de\/produkt\/kurvenformige-hangebahn\/","og_site_name":"Omis Spa","article_publisher":"https:\/\/www.facebook.com\/omisgroup","article_modified_time":"2025-02-03T17:26:22+00:00","og_image":[{"width":2560,"height":2121,"url":"https:\/\/media.omis.net\/media\/2024\/12\/profile-curved-monorail-250kg-assembly-line-extinguishers-omis-scaled.webp","type":"image\/webp"}],"twitter_card":"summary_large_image","twitter_misc":{"Est. reading time":"1 minute"},"schema":{"@context":"https:\/\/schema.org","@graph":[{"@type":"WebPage","@id":"https:\/\/www.omis.net\/de-de\/produkt\/kurvenformige-hangebahn\/","url":"https:\/\/www.omis.net\/de-de\/produkt\/kurvenformige-hangebahn\/","name":"Kurvenf\u00f6rmige H\u00e4ngebahn Tragf\u00e4higkeit 5000 kg | OMIS","isPartOf":{"@id":"https:\/\/www.omis.net\/it-it\/#website"},"primaryImageOfPage":{"@id":"https:\/\/www.omis.net\/de-de\/produkt\/kurvenformige-hangebahn\/#primaryimage"},"image":{"@id":"https:\/\/www.omis.net\/de-de\/produkt\/kurvenformige-hangebahn\/#primaryimage"},"thumbnailUrl":"https:\/\/media.omis.net\/media\/2024\/12\/profile-curved-monorail-250kg-assembly-line-extinguishers-omis-scaled.webp","datePublished":"2024-12-18T10:03:09+00:00","dateModified":"2025-02-03T17:26:22+00:00","description":"Die kurvenf\u00f6rmigen H\u00e4ngebahnen von OMIS bieten durch das modulare Design eine hohe Flexibilit\u00e4t und erm\u00f6glichen Kurvenfahrten mit 90\u00b0-Winkeln. Sie eignen sich ideal f\u00fcr den Lasttransport entlang personalisierter Strecken und sind n\u00fctzlich f\u00fcr Produktionslinien und Verpackungsstationen. Sie passen den Streckenverlauf an die Bed\u00fcrfnisse von Werkst\u00e4tten und Industrieumgebungen an und optimieren den innerbetrieblichen Transport. Mehr erfahren.","breadcrumb":{"@id":"https:\/\/www.omis.net\/de-de\/produkt\/kurvenformige-hangebahn\/#breadcrumb"},"inLanguage":"de-de","potentialAction":[{"@type":"ReadAction","target":["https:\/\/www.omis.net\/de-de\/produkt\/kurvenformige-hangebahn\/"]}]},{"@type":"ImageObject","inLanguage":"de-de","@id":"https:\/\/www.omis.net\/de-de\/produkt\/kurvenformige-hangebahn\/#primaryimage","url":"https:\/\/media.omis.net\/media\/2024\/12\/profile-curved-monorail-250kg-assembly-line-extinguishers-omis-scaled.webp","contentUrl":"https:\/\/media.omis.net\/media\/2024\/12\/profile-curved-monorail-250kg-assembly-line-extinguishers-omis-scaled.webp","width":2560,"height":2121,"caption":"header - Profile curved monorail 250kg assembly line extinguishers Omis"},{"@type":"BreadcrumbList","@id":"https:\/\/www.omis.net\/de-de\/produkt\/kurvenformige-hangebahn\/#breadcrumb","itemListElement":[{"@type":"ListItem","position":1,"name":"Home","item":"https:\/\/www.omis.net\/de-de\/homepage\/"},{"@type":"ListItem","position":2,"name":"Kurvenf\u00f6rmige h\u00e4ngebahn"}]},{"@type":"WebSite","@id":"https:\/\/www.omis.net\/it-it\/#website","url":"https:\/\/www.omis.net\/it-it\/","name":"Omis Spa","description":"Movimentazione e sollevamento","publisher":{"@id":"https:\/\/www.omis.net\/it-it\/#organization"},"potentialAction":[{"@type":"SearchAction","target":{"@type":"EntryPoint","urlTemplate":"https:\/\/www.omis.net\/it-it\/?s={search_term_string}"},"query-input":{"@type":"PropertyValueSpecification","valueRequired":true,"valueName":"search_term_string"}}],"inLanguage":"de-de"},{"@type":"Organization","@id":"https:\/\/www.omis.net\/it-it\/#organization","name":"Omis Spa","url":"https:\/\/www.omis.net\/it-it\/","logo":{"@type":"ImageObject","inLanguage":"de-de","@id":"https:\/\/www.omis.net\/it-it\/#\/schema\/logo\/image\/","url":"https:\/\/media.omis.net\/media\/2024\/08\/logo.jpg","contentUrl":"https:\/\/media.omis.net\/media\/2024\/08\/logo.jpg","width":300,"height":300,"caption":"Omis Spa"},"image":{"@id":"https:\/\/www.omis.net\/it-it\/#\/schema\/logo\/image\/"},"sameAs":["https:\/\/www.facebook.com\/omisgroup","https:\/\/www.linkedin.com\/company\/omis-group","https:\/\/www.youtube.com\/channel\/UCS4L59XDk3kKBI9MnjuxWDw","https:\/\/www.instagram.com\/omisgroup"]}]}},"_links":{"self":[{"href":"https:\/\/www.omis.net\/de-de\/wp-json\/wp\/v2\/product\/7356"}],"collection":[{"href":"https:\/\/www.omis.net\/de-de\/wp-json\/wp\/v2\/product"}],"about":[{"href":"https:\/\/www.omis.net\/de-de\/wp-json\/wp\/v2\/types\/product"}],"acf:attachment":[{"embeddable":true,"href":"https:\/\/www.omis.net\/de-de\/wp-json\/wp\/v2\/media\/14085"},{"embeddable":true,"href":"https:\/\/www.omis.net\/de-de\/wp-json\/wp\/v2\/media\/14092"},{"embeddable":true,"href":"https:\/\/www.omis.net\/de-de\/wp-json\/wp\/v2\/media\/14106"},{"embeddable":true,"href":"https:\/\/www.omis.net\/de-de\/wp-json\/wp\/v2\/media\/14113"},{"embeddable":true,"href":"https:\/\/www.omis.net\/de-de\/wp-json\/wp\/v2\/media\/14099"},{"embeddable":true,"href":"https:\/\/www.omis.net\/de-de\/wp-json\/wp\/v2\/media\/14071"},{"embeddable":true,"href":"https:\/\/www.omis.net\/de-de\/wp-json\/wp\/v2\/media\/14078"}],"wp:featuredmedia":[{"embeddable":true,"href":"https:\/\/www.omis.net\/de-de\/wp-json\/wp\/v2\/media\/14183"}],"wp:attachment":[{"href":"https:\/\/www.omis.net\/de-de\/wp-json\/wp\/v2\/media?parent=7356"}],"wp:term":[{"taxonomy":"caratteristica-prodotto","embeddable":true,"href":"https:\/\/www.omis.net\/de-de\/wp-json\/wp\/v2\/caratteristica-prodotto?post=7356"},{"taxonomy":"tipologia-prodotto","embeddable":true,"href":"https:\/\/www.omis.net\/de-de\/wp-json\/wp\/v2\/tipologia-prodotto?post=7356"}],"curies":[{"name":"wp","href":"https:\/\/api.w.org\/{rel}","templated":true}]}}