{"id":7355,"date":"2024-12-18T11:02:53","date_gmt":"2024-12-18T10:02:53","guid":{"rendered":"http:\/\/bedrock.local\/product\/geradlinig\/"},"modified":"2025-02-03T18:21:22","modified_gmt":"2025-02-03T17:21:22","slug":"geradlinige-hangebahn","status":"publish","type":"product","link":"https:\/\/www.omis.net\/de-de\/produkt\/geradlinige-hangebahn\/","title":{"rendered":"Geradlinige h\u00e4ngebahn"},"content":{"rendered":"","protected":false},"featured_media":14247,"parent":0,"template":"","caratteristica-prodotto":[],"tipologia-prodotto":[706,742],"class_list":["post-7355","product","type-product","status-publish","has-post-thumbnail","hentry","tipologia-prodotto-arbeitsplatzkraene","tipologia-prodotto-haengebahnen"],"acf":{"import_csv_id":"37","prodotto_generale_sku":"MRR","prodotto_listing_card_descrizione":"Die geradlinige H\u00e4ngebahn ist die L\u00f6sung zum Lasthandling auf kleinstem Raum, ohne die Produktionslinie zu unterbrechen","prodotto_listing_card_caratteristiche":null,"prodotto_page_gradient_hero":false,"prodotto_page_titolo_hero":"Ein einfaches, zuverl\u00e4ssiges und sicheres System bei begrenztem Platz.","prodotto_page_gallery_hero":[14219],"prodotto_page_descrizione_3_colonne_posizione":false,"prodotto_page_descrizione_3_colonne":[{"valore":"125","unita_di_misura":"kg","etichetta":"Mindesttragf\u00e4higkeit"},{"valore":"5000","unita_di_misura":"kg","etichetta":"Maximale Tragf\u00e4higkeit"},{"valore":"","unita_di_misura":"","etichetta":""}],"prodotto_page_descrizione_titolo":"Geradlinige H\u00e4ngebahn mit Tragf\u00e4higkeit bis 5000 kg","prodotto_page_descrizione_3_colonne_testo":"<strong>Die geradlinige H\u00e4ngebahn ist in verschiedenen Industriezweigen eine effektivere L\u00f6sung als herk\u00f6mmliche Br\u00fcckenkrane oder F\u00f6rderer. Die gr\u00f6\u00dften Vorteile ergeben sich insbesondere bei Arbeiten auf engstem Raum oder wenn Lasten innerhalb der Produktionslinie gehoben und linienf\u00f6rmig transportiert werden m\u00fcssen, ohne den Produktionsprozess zu unterbrechen.<\/strong>\r\n\r\nDiese H\u00e4ngebahnen k\u00f6nnen mit verschiedenen Optionen im Geb\u00e4ude integriert werden, an der Decke, auf S\u00e4ulen oder an einer eigens angefertigten Tragkonstruktion. Sie eignen sich besonders zum Heben von Produkten auf Regale, Werkb\u00e4nke oder erh\u00f6hte Bereiche, sie erleichtern die Lagerung und den Weitertransport f\u00fcr nachfolgende Montage- und Produktionsvorg\u00e4nge. Die geradlinigen H\u00e4ngebahnen werden beim Teiletransport f\u00fcr die Materiallagerung, in Montagelinien z. B. der Automobilindustrie sowie beim G\u00fcterumschlag eingesetzt.","prodotto_page_descrizione_titolo_vantaggi":"Vorteile geradlinige H\u00e4ngebahn ","prodotto_page_descrizione_vantaggi":[{"titolo":"Vielseitig einsetzbar","testo":"","link":"","archivio_prodotti":null},{"titolo":"Verfahrbar auch \u00fcber lange Strecken","testo":"","link":"","archivio_prodotti":null},{"titolo":"Bedienerfreundlich","testo":"","link":"","archivio_prodotti":null},{"titolo":"An unterschiedlich gro\u00dfe Lasten anpassbar","testo":"","link":"","archivio_prodotti":null},{"titolo":"Wartungsfreundlich","testo":"","link":"","archivio_prodotti":null},{"titolo":"Erh\u00f6hte Produktivit\u00e4t und Sicherheit","testo":"","link":"","archivio_prodotti":null}],"prodotto_page_tabs_dati_tecnici":[{"etichetta":"Tragf\u00e4higkeit","valore":"125 kg - 5000 kg - Dar\u00fcber hinaus auf Anfrage"},{"etichetta":"L\u00e4nge","valore":"Konfigurierbar auf Anfrage"},{"etichetta":"Profil des Br\u00fcckentr\u00e4gers","valore":"Doppel-T-Tr\u00e4ger, Omega-Profil oder Kastentr\u00e4ger"},{"etichetta":"Verankerung","valore":"An die bestehende Konstruktion oder durch kundenspezifische Tragkonstruktionen aus Metall"},{"etichetta":"Stromzuf\u00fchrung","valore":"Schleppkabel oder Verteilerschiene Atollo 40A"},{"etichetta":"Hubwerke","valore":"Seilzug oder Kettenzug"},{"etichetta":"Steuerung","valore":"Am Hebezeug h\u00e4ngende Steuerflasche"}],"prodotto_page_tabs_optionals":[{"titolo":"Kundenspezifische Lackierung","testo":"Die Farbe der Lackierung kann an spezielle Bed\u00fcrfnisse, Design- oder Branding-Anforderungen angepasst werden.","immagine":null},{"titolo":"Funkfernsteuerung f\u00fcr die Laufkatze","testo":"Auf Anfrage ist die Laufkatze mit Funkfernsteuerung lieferbar, um die Leistung, Vielseitigkeit und Sicherheit der Arbeitsg\u00e4nge zu verbessern. Durch die pr\u00e4zise und intuitive Fernbedienung werden Arbeitsrisiken reduziert und die Effizienz gesteigert.","immagine":null}],"prodotto_page_tabs_downloads":null,"prodotto_page_gallery":[14198,20121,14212,20128,14191,14205],"prodotto_page_customer_story_titolo":"","prodotto_page_customer_story_list":null,"prodotto_page_applicazioni_list":"- Agricoltura e Alimentare\r\n- Manifatturiero\r\n- Energetico\r\n- Edile e delle costruzioni\r\n- Tecnologie dell'informazione e ICT\r\n- Trasporti e logistica\r\n- Commercio al dettaglio\r\n- Culturale e dell'intrattenimento\r\n- Ambientale e della sostenibilit\u00e0\r\n- Ricerca e sviluppo\r\n- Arti e Artigianato","prodotto_page_faq_list":null,"prodotto_page_testo_prodotti_correlati":"<h2>\u00c4hnliche Produkte<\/h2>\r\nEntdecken Sie auch diese Produkte und finden Sie andere f\u00fcr Sie geeignete L\u00f6sungen.","prodotto_page_lista_prodotti_correlati":"- C\r\n- GSM\r\n- CMR","prodotto_page_titolo_componenti_3d":"","prodotto_page_immagine_iniziale_componenti_3d":null,"prodotto_page_lista_componenti_3d":null,"prodotto_page_titolo_slider_configurazioni":"Produkt und Konfigurationen","prodotto_page_lista_immgini_slider_configurazioni":[{"etichetta":"Vorderansicht","immagine":14226},{"etichetta":"Ansicht von oben","immagine":14240},{"etichetta":"Perspektive","immagine":14233}],"prodotto_page_titolo_slider_configurazioni_2":"<h2><\/h2>","prodotto_page_lista_immgini_slider_configurazioni_2":null,"seo_title":"Geradlinige H\u00e4ngebahn Tragf\u00e4higkeit 5000 kg | OMIS","seo_description":"Die geradlinige H\u00e4ngebahn ist ideal f\u00fcr beengte Platzverh\u00e4ltnisse und einen linienf\u00f6rmigen Lasttransport, ohne die Produktion zu unterbrechen. Sie kann an Decken, S\u00e4ulen oder kundenspezifischen Tragkonstruktionen installiert werden und erleichtert das Handling an Regalen und Werkb\u00e4nken. Perfekt f\u00fcr Lagerung, Montagelinien sowie Be- und Entladevorg\u00e4nge. Mehr erfahren."},"yoast_head":"<!-- This site is optimized with the Yoast SEO plugin v23.9 - https:\/\/yoast.com\/wordpress\/plugins\/seo\/ -->\n<title>Geradlinige H\u00e4ngebahn Tragf\u00e4higkeit 5000 kg | OMIS<\/title>\n<meta name=\"description\" content=\"Die geradlinige H\u00e4ngebahn ist ideal f\u00fcr beengte Platzverh\u00e4ltnisse und einen linienf\u00f6rmigen Lasttransport, ohne die Produktion zu unterbrechen. Sie kann an Decken, S\u00e4ulen oder kundenspezifischen Tragkonstruktionen installiert werden und erleichtert das Handling an Regalen und Werkb\u00e4nken. Perfekt f\u00fcr Lagerung, Montagelinien sowie Be- und Entladevorg\u00e4nge. Mehr erfahren.\" \/>\n<meta name=\"robots\" content=\"index, follow, max-snippet:-1, max-image-preview:large, max-video-preview:-1\" \/>\n<meta property=\"og:locale\" content=\"de_DE\" \/>\n<meta property=\"og:type\" content=\"article\" \/>\n<meta property=\"og:title\" content=\"Geradlinige H\u00e4ngebahn Tragf\u00e4higkeit 5000 kg | OMIS\" \/>\n<meta property=\"og:description\" content=\"Die geradlinige H\u00e4ngebahn ist ideal f\u00fcr beengte Platzverh\u00e4ltnisse und einen linienf\u00f6rmigen Lasttransport, ohne die Produktion zu unterbrechen. Sie kann an Decken, S\u00e4ulen oder kundenspezifischen Tragkonstruktionen installiert werden und erleichtert das Handling an Regalen und Werkb\u00e4nken. Perfekt f\u00fcr Lagerung, Montagelinien sowie Be- und Entladevorg\u00e4nge. Mehr erfahren.\" \/>\n<meta property=\"og:url\" content=\"https:\/\/www.omis.net\/de-de\/produkt\/geradlinige-hangebahn\/\" \/>\n<meta property=\"og:site_name\" content=\"Omis Spa\" \/>\n<meta property=\"article:publisher\" content=\"https:\/\/www.facebook.com\/omisgroup\" \/>\n<meta property=\"article:modified_time\" content=\"2025-02-03T17:21:22+00:00\" \/>\n<meta property=\"og:image\" content=\"https:\/\/media.omis.net\/media\/2024\/12\/profile-monorail-250kg-production-front-view-example-omis-1-scaled.webp\" \/>\n\t<meta property=\"og:image:width\" content=\"2560\" \/>\n\t<meta property=\"og:image:height\" content=\"1708\" \/>\n\t<meta property=\"og:image:type\" content=\"image\/webp\" \/>\n<meta name=\"twitter:card\" content=\"summary_large_image\" \/>\n<meta name=\"twitter:label1\" content=\"Est. reading time\" \/>\n\t<meta name=\"twitter:data1\" content=\"1 minute\" \/>\n<script type=\"application\/ld+json\" class=\"yoast-schema-graph\">{\"@context\":\"https:\/\/schema.org\",\"@graph\":[{\"@type\":\"WebPage\",\"@id\":\"https:\/\/www.omis.net\/de-de\/produkt\/geradlinige-hangebahn\/\",\"url\":\"https:\/\/www.omis.net\/de-de\/produkt\/geradlinige-hangebahn\/\",\"name\":\"Geradlinige H\u00e4ngebahn Tragf\u00e4higkeit 5000 kg | OMIS\",\"isPartOf\":{\"@id\":\"https:\/\/www.omis.net\/it-it\/#website\"},\"primaryImageOfPage\":{\"@id\":\"https:\/\/www.omis.net\/de-de\/produkt\/geradlinige-hangebahn\/#primaryimage\"},\"image\":{\"@id\":\"https:\/\/www.omis.net\/de-de\/produkt\/geradlinige-hangebahn\/#primaryimage\"},\"thumbnailUrl\":\"https:\/\/media.omis.net\/media\/2024\/12\/profile-monorail-250kg-production-front-view-example-omis-1-scaled.webp\",\"datePublished\":\"2024-12-18T10:02:53+00:00\",\"dateModified\":\"2025-02-03T17:21:22+00:00\",\"description\":\"Die geradlinige H\u00e4ngebahn ist ideal f\u00fcr beengte Platzverh\u00e4ltnisse und einen linienf\u00f6rmigen Lasttransport, ohne die Produktion zu unterbrechen. Sie kann an Decken, S\u00e4ulen oder kundenspezifischen Tragkonstruktionen installiert werden und erleichtert das Handling an Regalen und Werkb\u00e4nken. Perfekt f\u00fcr Lagerung, Montagelinien sowie Be- und Entladevorg\u00e4nge. Mehr erfahren.\",\"breadcrumb\":{\"@id\":\"https:\/\/www.omis.net\/de-de\/produkt\/geradlinige-hangebahn\/#breadcrumb\"},\"inLanguage\":\"de-de\",\"potentialAction\":[{\"@type\":\"ReadAction\",\"target\":[\"https:\/\/www.omis.net\/de-de\/produkt\/geradlinige-hangebahn\/\"]}]},{\"@type\":\"ImageObject\",\"inLanguage\":\"de-de\",\"@id\":\"https:\/\/www.omis.net\/de-de\/produkt\/geradlinige-hangebahn\/#primaryimage\",\"url\":\"https:\/\/media.omis.net\/media\/2024\/12\/profile-monorail-250kg-production-front-view-example-omis-1-scaled.webp\",\"contentUrl\":\"https:\/\/media.omis.net\/media\/2024\/12\/profile-monorail-250kg-production-front-view-example-omis-1-scaled.webp\",\"width\":2560,\"height\":1708,\"caption\":\"header - Profile monorail 250kg production front view Omis\"},{\"@type\":\"BreadcrumbList\",\"@id\":\"https:\/\/www.omis.net\/de-de\/produkt\/geradlinige-hangebahn\/#breadcrumb\",\"itemListElement\":[{\"@type\":\"ListItem\",\"position\":1,\"name\":\"Home\",\"item\":\"https:\/\/www.omis.net\/de-de\/homepage\/\"},{\"@type\":\"ListItem\",\"position\":2,\"name\":\"Geradlinige h\u00e4ngebahn\"}]},{\"@type\":\"WebSite\",\"@id\":\"https:\/\/www.omis.net\/it-it\/#website\",\"url\":\"https:\/\/www.omis.net\/it-it\/\",\"name\":\"Omis Spa\",\"description\":\"Movimentazione e sollevamento\",\"publisher\":{\"@id\":\"https:\/\/www.omis.net\/it-it\/#organization\"},\"potentialAction\":[{\"@type\":\"SearchAction\",\"target\":{\"@type\":\"EntryPoint\",\"urlTemplate\":\"https:\/\/www.omis.net\/it-it\/?s={search_term_string}\"},\"query-input\":{\"@type\":\"PropertyValueSpecification\",\"valueRequired\":true,\"valueName\":\"search_term_string\"}}],\"inLanguage\":\"de-de\"},{\"@type\":\"Organization\",\"@id\":\"https:\/\/www.omis.net\/it-it\/#organization\",\"name\":\"Omis Spa\",\"url\":\"https:\/\/www.omis.net\/it-it\/\",\"logo\":{\"@type\":\"ImageObject\",\"inLanguage\":\"de-de\",\"@id\":\"https:\/\/www.omis.net\/it-it\/#\/schema\/logo\/image\/\",\"url\":\"https:\/\/media.omis.net\/media\/2024\/08\/logo.jpg\",\"contentUrl\":\"https:\/\/media.omis.net\/media\/2024\/08\/logo.jpg\",\"width\":300,\"height\":300,\"caption\":\"Omis Spa\"},\"image\":{\"@id\":\"https:\/\/www.omis.net\/it-it\/#\/schema\/logo\/image\/\"},\"sameAs\":[\"https:\/\/www.facebook.com\/omisgroup\",\"https:\/\/www.linkedin.com\/company\/omis-group\",\"https:\/\/www.youtube.com\/channel\/UCS4L59XDk3kKBI9MnjuxWDw\",\"https:\/\/www.instagram.com\/omisgroup\"]}]}<\/script>\n<!-- \/ Yoast SEO plugin. -->","yoast_head_json":{"title":"Geradlinige H\u00e4ngebahn Tragf\u00e4higkeit 5000 kg | OMIS","description":"Die geradlinige H\u00e4ngebahn ist ideal f\u00fcr beengte Platzverh\u00e4ltnisse und einen linienf\u00f6rmigen Lasttransport, ohne die Produktion zu unterbrechen. Sie kann an Decken, S\u00e4ulen oder kundenspezifischen Tragkonstruktionen installiert werden und erleichtert das Handling an Regalen und Werkb\u00e4nken. Perfekt f\u00fcr Lagerung, Montagelinien sowie Be- und Entladevorg\u00e4nge. Mehr erfahren.","robots":{"index":"index","follow":"follow","max-snippet":"max-snippet:-1","max-image-preview":"max-image-preview:large","max-video-preview":"max-video-preview:-1"},"og_locale":"de_DE","og_type":"article","og_title":"Geradlinige H\u00e4ngebahn Tragf\u00e4higkeit 5000 kg | OMIS","og_description":"Die geradlinige H\u00e4ngebahn ist ideal f\u00fcr beengte Platzverh\u00e4ltnisse und einen linienf\u00f6rmigen Lasttransport, ohne die Produktion zu unterbrechen. Sie kann an Decken, S\u00e4ulen oder kundenspezifischen Tragkonstruktionen installiert werden und erleichtert das Handling an Regalen und Werkb\u00e4nken. Perfekt f\u00fcr Lagerung, Montagelinien sowie Be- und Entladevorg\u00e4nge. Mehr erfahren.","og_url":"https:\/\/www.omis.net\/de-de\/produkt\/geradlinige-hangebahn\/","og_site_name":"Omis Spa","article_publisher":"https:\/\/www.facebook.com\/omisgroup","article_modified_time":"2025-02-03T17:21:22+00:00","og_image":[{"width":2560,"height":1708,"url":"https:\/\/media.omis.net\/media\/2024\/12\/profile-monorail-250kg-production-front-view-example-omis-1-scaled.webp","type":"image\/webp"}],"twitter_card":"summary_large_image","twitter_misc":{"Est. reading time":"1 minute"},"schema":{"@context":"https:\/\/schema.org","@graph":[{"@type":"WebPage","@id":"https:\/\/www.omis.net\/de-de\/produkt\/geradlinige-hangebahn\/","url":"https:\/\/www.omis.net\/de-de\/produkt\/geradlinige-hangebahn\/","name":"Geradlinige H\u00e4ngebahn Tragf\u00e4higkeit 5000 kg | OMIS","isPartOf":{"@id":"https:\/\/www.omis.net\/it-it\/#website"},"primaryImageOfPage":{"@id":"https:\/\/www.omis.net\/de-de\/produkt\/geradlinige-hangebahn\/#primaryimage"},"image":{"@id":"https:\/\/www.omis.net\/de-de\/produkt\/geradlinige-hangebahn\/#primaryimage"},"thumbnailUrl":"https:\/\/media.omis.net\/media\/2024\/12\/profile-monorail-250kg-production-front-view-example-omis-1-scaled.webp","datePublished":"2024-12-18T10:02:53+00:00","dateModified":"2025-02-03T17:21:22+00:00","description":"Die geradlinige H\u00e4ngebahn ist ideal f\u00fcr beengte Platzverh\u00e4ltnisse und einen linienf\u00f6rmigen Lasttransport, ohne die Produktion zu unterbrechen. Sie kann an Decken, S\u00e4ulen oder kundenspezifischen Tragkonstruktionen installiert werden und erleichtert das Handling an Regalen und Werkb\u00e4nken. Perfekt f\u00fcr Lagerung, Montagelinien sowie Be- und Entladevorg\u00e4nge. Mehr erfahren.","breadcrumb":{"@id":"https:\/\/www.omis.net\/de-de\/produkt\/geradlinige-hangebahn\/#breadcrumb"},"inLanguage":"de-de","potentialAction":[{"@type":"ReadAction","target":["https:\/\/www.omis.net\/de-de\/produkt\/geradlinige-hangebahn\/"]}]},{"@type":"ImageObject","inLanguage":"de-de","@id":"https:\/\/www.omis.net\/de-de\/produkt\/geradlinige-hangebahn\/#primaryimage","url":"https:\/\/media.omis.net\/media\/2024\/12\/profile-monorail-250kg-production-front-view-example-omis-1-scaled.webp","contentUrl":"https:\/\/media.omis.net\/media\/2024\/12\/profile-monorail-250kg-production-front-view-example-omis-1-scaled.webp","width":2560,"height":1708,"caption":"header - Profile monorail 250kg production front view Omis"},{"@type":"BreadcrumbList","@id":"https:\/\/www.omis.net\/de-de\/produkt\/geradlinige-hangebahn\/#breadcrumb","itemListElement":[{"@type":"ListItem","position":1,"name":"Home","item":"https:\/\/www.omis.net\/de-de\/homepage\/"},{"@type":"ListItem","position":2,"name":"Geradlinige h\u00e4ngebahn"}]},{"@type":"WebSite","@id":"https:\/\/www.omis.net\/it-it\/#website","url":"https:\/\/www.omis.net\/it-it\/","name":"Omis Spa","description":"Movimentazione e sollevamento","publisher":{"@id":"https:\/\/www.omis.net\/it-it\/#organization"},"potentialAction":[{"@type":"SearchAction","target":{"@type":"EntryPoint","urlTemplate":"https:\/\/www.omis.net\/it-it\/?s={search_term_string}"},"query-input":{"@type":"PropertyValueSpecification","valueRequired":true,"valueName":"search_term_string"}}],"inLanguage":"de-de"},{"@type":"Organization","@id":"https:\/\/www.omis.net\/it-it\/#organization","name":"Omis Spa","url":"https:\/\/www.omis.net\/it-it\/","logo":{"@type":"ImageObject","inLanguage":"de-de","@id":"https:\/\/www.omis.net\/it-it\/#\/schema\/logo\/image\/","url":"https:\/\/media.omis.net\/media\/2024\/08\/logo.jpg","contentUrl":"https:\/\/media.omis.net\/media\/2024\/08\/logo.jpg","width":300,"height":300,"caption":"Omis Spa"},"image":{"@id":"https:\/\/www.omis.net\/it-it\/#\/schema\/logo\/image\/"},"sameAs":["https:\/\/www.facebook.com\/omisgroup","https:\/\/www.linkedin.com\/company\/omis-group","https:\/\/www.youtube.com\/channel\/UCS4L59XDk3kKBI9MnjuxWDw","https:\/\/www.instagram.com\/omisgroup"]}]}},"_links":{"self":[{"href":"https:\/\/www.omis.net\/de-de\/wp-json\/wp\/v2\/product\/7355"}],"collection":[{"href":"https:\/\/www.omis.net\/de-de\/wp-json\/wp\/v2\/product"}],"about":[{"href":"https:\/\/www.omis.net\/de-de\/wp-json\/wp\/v2\/types\/product"}],"acf:attachment":[{"embeddable":true,"href":"https:\/\/www.omis.net\/de-de\/wp-json\/wp\/v2\/media\/14205"},{"embeddable":true,"href":"https:\/\/www.omis.net\/de-de\/wp-json\/wp\/v2\/media\/14191"},{"embeddable":true,"href":"https:\/\/www.omis.net\/de-de\/wp-json\/wp\/v2\/media\/20128"},{"embeddable":true,"href":"https:\/\/www.omis.net\/de-de\/wp-json\/wp\/v2\/media\/14212"},{"embeddable":true,"href":"https:\/\/www.omis.net\/de-de\/wp-json\/wp\/v2\/media\/20121"},{"embeddable":true,"href":"https:\/\/www.omis.net\/de-de\/wp-json\/wp\/v2\/media\/14198"},{"embeddable":true,"href":"https:\/\/www.omis.net\/de-de\/wp-json\/wp\/v2\/media\/14219"}],"wp:featuredmedia":[{"embeddable":true,"href":"https:\/\/www.omis.net\/de-de\/wp-json\/wp\/v2\/media\/14247"}],"wp:attachment":[{"href":"https:\/\/www.omis.net\/de-de\/wp-json\/wp\/v2\/media?parent=7355"}],"wp:term":[{"taxonomy":"caratteristica-prodotto","embeddable":true,"href":"https:\/\/www.omis.net\/de-de\/wp-json\/wp\/v2\/caratteristica-prodotto?post=7355"},{"taxonomy":"tipologia-prodotto","embeddable":true,"href":"https:\/\/www.omis.net\/de-de\/wp-json\/wp\/v2\/tipologia-prodotto?post=7355"}],"curies":[{"name":"wp","href":"https:\/\/api.w.org\/{rel}","templated":true}]}}