{"id":7350,"date":"2024-12-18T11:00:49","date_gmt":"2024-12-18T10:00:49","guid":{"rendered":"http:\/\/bedrock.local\/product\/mte\/"},"modified":"2025-02-03T22:30:38","modified_gmt":"2025-02-03T21:30:38","slug":"wandschwenkkran-mit-freitragendem-ausleger-und-elektrischer-drehung","status":"publish","type":"product","link":"https:\/\/www.omis.net\/de-de\/produkt\/wandschwenkkran-mit-freitragendem-ausleger-und-elektrischer-drehung\/","title":{"rendered":"Wandschwenkkran mit freitragendem ausleger und elektrischer drehung"},"content":{"rendered":"","protected":false},"featured_media":13310,"parent":0,"template":"","caratteristica-prodotto":[1010],"tipologia-prodotto":[706,712,724],"class_list":["post-7350","product","type-product","status-publish","has-post-thumbnail","hentry","caratteristica-prodotto-elektrische-drehung","tipologia-prodotto-arbeitsplatzkraene","tipologia-prodotto-schwenkkrane","tipologia-prodotto-wandschwenkkran"],"acf":{"import_csv_id":"30","prodotto_generale_sku":"MTE","prodotto_listing_card_descrizione":"Der elektrische Wandschwenkkran wird dann verwendet, wenn der S\u00e4ulenschwenkkran nicht einsetzbar ist, wenn schwere Lasten zu handhaben und die maximale Raumh\u00f6hennutzung notwendig sind.","prodotto_listing_card_caratteristiche":null,"prodotto_page_gradient_hero":false,"prodotto_page_titolo_hero":"Gro\u00dfe Tragf\u00e4higkeit und optimale Raumh\u00f6hennutzung.","prodotto_page_gallery_hero":[13254,13261],"prodotto_page_descrizione_3_colonne_posizione":false,"prodotto_page_descrizione_3_colonne":[{"valore":"2000","unita_di_misura":"kg","etichetta":"Maximale Tragf\u00e4higkeit"},{"valore":"8","unita_di_misura":"m","etichetta":"Maximale Ausladung"},{"valore":"270\u00b0","unita_di_misura":"","etichetta":"Schwenkbereich"}],"prodotto_page_descrizione_titolo":"Wandschwenkkran mit freitragendem Ausleger und elektrischer Drehung mit Tragf\u00e4higkeit bis zu 2000 kg","prodotto_page_descrizione_3_colonne_testo":"<strong>Der Wandschwenkkran mit elektrischer 270\u00b0-Drehung erf\u00fcllt die Anforderungen von Industrieanwendungen oder Arbeitsg\u00e4ngen, bei denen beachtliche Lasten oder Schubkr\u00e4fte von klassischen Kranen mit manueller Drehung nicht bew\u00e4ltigt werden k\u00f6nnen.<\/strong>\r\n\r\nDer freitragende Ausleger dieses Schwenkkrans ist selbsttragend, d. h. ohne Abspanntr\u00e4ger. Die Auslegerdrehung erfolgt \u00fcber ein mit dem Drehzapfen verbundenes Getriebemotor-Kupplungssystem und wird mittels Inverter gesteuert. Das Planetengetriebe wird von einem selbstbremsenden Elektromotor mit Sanftanlauf angetrieben. Die Stromversorgung der Laufkatze erfolgt durch flexible, flammhemmende Kabel, die an Laufwagen unter dem Ausleger aufgeh\u00e4ngt sind. Der Wandschwenkkran mit elektrischer 270\u00b0-Drehung wird komplett mit Steuerflasche geliefert, die je nach Bedarf am Hebezeug h\u00e4ngend oder unabh\u00e4ngig verfahrbar ist.\r\nZur Begrenzung der Auslegerdrehung k\u00f6nnen Schwenkbegrenzungen montiert werden.","prodotto_page_descrizione_titolo_vantaggi":"Vorteile des Standard-Wandschwenkkran mit freitragendem Ausleger und elektrischer Drehung","prodotto_page_descrizione_vantaggi":[{"titolo":"Freie Bodenfl\u00e4che","testo":"","link":"","archivio_prodotti":null},{"titolo":"Gr\u00f6\u00dferer verf\u00fcgbarer Hakenweg","testo":"","link":"","archivio_prodotti":null},{"titolo":"Vielseitig einsetzbar","testo":"","link":"","archivio_prodotti":null},{"titolo":"Pr\u00e4zise Steuerung","testo":"","link":"","archivio_prodotti":null},{"titolo":"Erh\u00f6hte Produktivit\u00e4t und Sicherheit","testo":"","link":"","archivio_prodotti":null}],"prodotto_page_tabs_dati_tecnici":[{"etichetta":"Tragf\u00e4higkeit","valore":"125 kg - 2000 kg"},{"etichetta":"Ausladung","valore":"Bis zu 8 m je nach Tragf\u00e4higkeit"},{"etichetta":"Auslegerprofil","valore":"Doppel-T-Profiltr\u00e4ger ohne Abspanntr\u00e4ger"},{"etichetta":"Schwenkbereich","valore":"270\u00b0 mit vor Ort einstellbarem Drehstopp bei bauseitigen Einschr\u00e4nkungen"},{"etichetta":"Schwenkbereich","valore":"Elektrisch"},{"etichetta":"Umfangsgeschwindigkeit","valore":"~18 m\/min"},{"etichetta":"Konsole","valore":"Die St\u00fctzkonsole, die Spannstangen und Gegenhalter werden bezogen auf die Pfeilerabmessungen angefertigt."},{"etichetta":"Hebezeug","valore":"Elektrokettenzug zum Heben der Last mit einer oder zwei Hubgeschwindigkeiten, mit elektrischer oder mechanischer Laufkatze oder Schiebefahrwerk."},{"etichetta":"Bremsvorrichtung","valore":"Sie besteht aus einer \u00fcber eine Schraube einstellbare Reibungsbremse, erm\u00f6glicht die Einstellung der Schwenkkraft des Auslegers und gew\u00e4hrleistet die Standsicherheit."}],"prodotto_page_tabs_optionals":[{"titolo":"Kundenspezifische Lackierung","testo":"Die Farbe der Lackierung kann an spezielle Bed\u00fcrfnisse, Design- oder Branding-Anforderungen angepasst werden.","immagine":null}],"prodotto_page_tabs_downloads":null,"prodotto_page_gallery":[null],"prodotto_page_customer_story_titolo":"","prodotto_page_customer_story_list":null,"prodotto_page_applicazioni_list":"- Agricoltura e Alimentare\r\n- Manifatturiero\r\n- Energetico\r\n- Edile e delle costruzioni\r\n- Tecnologie dell'informazione e ICT\r\n- Trasporti e logistica\r\n- Commercio al dettaglio\r\n- Culturale e dell'intrattenimento\r\n- Ambientale e della sostenibilit\u00e0\r\n- Ricerca e sviluppo\r\n- Arti e Artigianato","prodotto_page_faq_list":null,"prodotto_page_testo_prodotti_correlati":"<h2>\u00c4hnliche Produkte<\/h2>\r\nEntdecken Sie auch diese Produkte und finden Sie andere f\u00fcr Sie geeignete L\u00f6sungen.","prodotto_page_lista_prodotti_correlati":"- CM\r\n- M2TE\r\n- BILIF","prodotto_page_titolo_componenti_3d":"","prodotto_page_immagine_iniziale_componenti_3d":null,"prodotto_page_lista_componenti_3d":null,"prodotto_page_titolo_slider_configurazioni":"Produkt und Konfigurationen","prodotto_page_lista_immgini_slider_configurazioni":[{"etichetta":"Breiter Anschluss","immagine":13282},{"etichetta":"Ansicht von oben","immagine":13289},{"etichetta":"Perspektive","immagine":13275},{"etichetta":"Doppelausleger","immagine":13303},{"etichetta":"Enger Anschluss","immagine":13268},{"etichetta":"Doppelausleger","immagine":13296}],"prodotto_page_titolo_slider_configurazioni_2":"<h2><\/h2>","prodotto_page_lista_immgini_slider_configurazioni_2":null,"seo_title":"Wandschwenkkran, 270\u00b0-Schwenkbereich Tragf\u00e4higkeit 2000 kg | OMIS","seo_description":"Der Wandschwenkkran mit elektrischer 270\u00b0-Drehung und Tragf\u00e4higkeit bis 2000 kg. Der Ausleger ist selbsttragend, d. h. ohne Abspanntr\u00e4ger. Die Drehung wird von einem Getriebemotor mit Frequenzumrichter und Planetengetriebe gesteuert. Flammhemmende Kabel versorgen die Hebezeuge \u00fcber Fahrwerke mit Strom. Mit h\u00e4ngender oder verfahrbarer Steuerflasche und optional mit Schwenkbegrenzungen lieferbar. Mehr erfahren."},"yoast_head":"<!-- This site is optimized with the Yoast SEO plugin v23.9 - https:\/\/yoast.com\/wordpress\/plugins\/seo\/ -->\n<title>Wandschwenkkran, 270\u00b0-Schwenkbereich Tragf\u00e4higkeit 2000 kg | OMIS<\/title>\n<meta name=\"description\" content=\"Der Wandschwenkkran mit elektrischer 270\u00b0-Drehung und Tragf\u00e4higkeit bis 2000 kg. Der Ausleger ist selbsttragend, d. h. ohne Abspanntr\u00e4ger. Die Drehung wird von einem Getriebemotor mit Frequenzumrichter und Planetengetriebe gesteuert. Flammhemmende Kabel versorgen die Hebezeuge \u00fcber Fahrwerke mit Strom. Mit h\u00e4ngender oder verfahrbarer Steuerflasche und optional mit Schwenkbegrenzungen lieferbar. Mehr erfahren.\" \/>\n<meta name=\"robots\" content=\"index, follow, max-snippet:-1, max-image-preview:large, max-video-preview:-1\" \/>\n<meta property=\"og:locale\" content=\"de_DE\" \/>\n<meta property=\"og:type\" content=\"article\" \/>\n<meta property=\"og:title\" content=\"Wandschwenkkran, 270\u00b0-Schwenkbereich Tragf\u00e4higkeit 2000 kg | OMIS\" \/>\n<meta property=\"og:description\" content=\"Der Wandschwenkkran mit elektrischer 270\u00b0-Drehung und Tragf\u00e4higkeit bis 2000 kg. Der Ausleger ist selbsttragend, d. h. ohne Abspanntr\u00e4ger. Die Drehung wird von einem Getriebemotor mit Frequenzumrichter und Planetengetriebe gesteuert. Flammhemmende Kabel versorgen die Hebezeuge \u00fcber Fahrwerke mit Strom. Mit h\u00e4ngender oder verfahrbarer Steuerflasche und optional mit Schwenkbegrenzungen lieferbar. Mehr erfahren.\" \/>\n<meta property=\"og:url\" content=\"https:\/\/www.omis.net\/de-de\/produkt\/wandschwenkkran-mit-freitragendem-ausleger-und-elektrischer-drehung\/\" \/>\n<meta property=\"og:site_name\" content=\"Omis Spa\" \/>\n<meta property=\"article:publisher\" content=\"https:\/\/www.facebook.com\/omisgroup\" \/>\n<meta property=\"article:modified_time\" content=\"2025-02-03T21:30:38+00:00\" \/>\n<meta property=\"og:image\" content=\"https:\/\/media.omis.net\/media\/2024\/12\/profile-MTEjib-crane-mte-500kg-wide-connection-front-3d-omis-scaled.webp\" \/>\n\t<meta property=\"og:image:width\" content=\"2560\" \/>\n\t<meta property=\"og:image:height\" content=\"1440\" \/>\n\t<meta property=\"og:image:type\" content=\"image\/webp\" \/>\n<meta name=\"twitter:card\" content=\"summary_large_image\" \/>\n<meta name=\"twitter:label1\" content=\"Est. reading time\" \/>\n\t<meta name=\"twitter:data1\" content=\"1 minute\" \/>\n<script type=\"application\/ld+json\" class=\"yoast-schema-graph\">{\"@context\":\"https:\/\/schema.org\",\"@graph\":[{\"@type\":\"WebPage\",\"@id\":\"https:\/\/www.omis.net\/de-de\/produkt\/wandschwenkkran-mit-freitragendem-ausleger-und-elektrischer-drehung\/\",\"url\":\"https:\/\/www.omis.net\/de-de\/produkt\/wandschwenkkran-mit-freitragendem-ausleger-und-elektrischer-drehung\/\",\"name\":\"Wandschwenkkran, 270\u00b0-Schwenkbereich Tragf\u00e4higkeit 2000 kg | OMIS\",\"isPartOf\":{\"@id\":\"https:\/\/www.omis.net\/it-it\/#website\"},\"primaryImageOfPage\":{\"@id\":\"https:\/\/www.omis.net\/de-de\/produkt\/wandschwenkkran-mit-freitragendem-ausleger-und-elektrischer-drehung\/#primaryimage\"},\"image\":{\"@id\":\"https:\/\/www.omis.net\/de-de\/produkt\/wandschwenkkran-mit-freitragendem-ausleger-und-elektrischer-drehung\/#primaryimage\"},\"thumbnailUrl\":\"https:\/\/media.omis.net\/media\/2024\/12\/profile-MTEjib-crane-mte-500kg-wide-connection-front-3d-omis-scaled.webp\",\"datePublished\":\"2024-12-18T10:00:49+00:00\",\"dateModified\":\"2025-02-03T21:30:38+00:00\",\"description\":\"Der Wandschwenkkran mit elektrischer 270\u00b0-Drehung und Tragf\u00e4higkeit bis 2000 kg. Der Ausleger ist selbsttragend, d. h. ohne Abspanntr\u00e4ger. Die Drehung wird von einem Getriebemotor mit Frequenzumrichter und Planetengetriebe gesteuert. Flammhemmende Kabel versorgen die Hebezeuge \u00fcber Fahrwerke mit Strom. Mit h\u00e4ngender oder verfahrbarer Steuerflasche und optional mit Schwenkbegrenzungen lieferbar. Mehr erfahren.\",\"breadcrumb\":{\"@id\":\"https:\/\/www.omis.net\/de-de\/produkt\/wandschwenkkran-mit-freitragendem-ausleger-und-elektrischer-drehung\/#breadcrumb\"},\"inLanguage\":\"de-de\",\"potentialAction\":[{\"@type\":\"ReadAction\",\"target\":[\"https:\/\/www.omis.net\/de-de\/produkt\/wandschwenkkran-mit-freitragendem-ausleger-und-elektrischer-drehung\/\"]}]},{\"@type\":\"ImageObject\",\"inLanguage\":\"de-de\",\"@id\":\"https:\/\/www.omis.net\/de-de\/produkt\/wandschwenkkran-mit-freitragendem-ausleger-und-elektrischer-drehung\/#primaryimage\",\"url\":\"https:\/\/media.omis.net\/media\/2024\/12\/profile-MTEjib-crane-mte-500kg-wide-connection-front-3d-omis-scaled.webp\",\"contentUrl\":\"https:\/\/media.omis.net\/media\/2024\/12\/profile-MTEjib-crane-mte-500kg-wide-connection-front-3d-omis-scaled.webp\",\"width\":2560,\"height\":1440,\"caption\":\"header - Profile mtejib crane mte 500kg wide connection front 3d Omis\"},{\"@type\":\"BreadcrumbList\",\"@id\":\"https:\/\/www.omis.net\/de-de\/produkt\/wandschwenkkran-mit-freitragendem-ausleger-und-elektrischer-drehung\/#breadcrumb\",\"itemListElement\":[{\"@type\":\"ListItem\",\"position\":1,\"name\":\"Home\",\"item\":\"https:\/\/www.omis.net\/de-de\/homepage\/\"},{\"@type\":\"ListItem\",\"position\":2,\"name\":\"Wandschwenkkran mit freitragendem ausleger und elektrischer drehung\"}]},{\"@type\":\"WebSite\",\"@id\":\"https:\/\/www.omis.net\/it-it\/#website\",\"url\":\"https:\/\/www.omis.net\/it-it\/\",\"name\":\"Omis Spa\",\"description\":\"Movimentazione e sollevamento\",\"publisher\":{\"@id\":\"https:\/\/www.omis.net\/it-it\/#organization\"},\"potentialAction\":[{\"@type\":\"SearchAction\",\"target\":{\"@type\":\"EntryPoint\",\"urlTemplate\":\"https:\/\/www.omis.net\/it-it\/?s={search_term_string}\"},\"query-input\":{\"@type\":\"PropertyValueSpecification\",\"valueRequired\":true,\"valueName\":\"search_term_string\"}}],\"inLanguage\":\"de-de\"},{\"@type\":\"Organization\",\"@id\":\"https:\/\/www.omis.net\/it-it\/#organization\",\"name\":\"Omis Spa\",\"url\":\"https:\/\/www.omis.net\/it-it\/\",\"logo\":{\"@type\":\"ImageObject\",\"inLanguage\":\"de-de\",\"@id\":\"https:\/\/www.omis.net\/it-it\/#\/schema\/logo\/image\/\",\"url\":\"https:\/\/media.omis.net\/media\/2024\/08\/logo.jpg\",\"contentUrl\":\"https:\/\/media.omis.net\/media\/2024\/08\/logo.jpg\",\"width\":300,\"height\":300,\"caption\":\"Omis Spa\"},\"image\":{\"@id\":\"https:\/\/www.omis.net\/it-it\/#\/schema\/logo\/image\/\"},\"sameAs\":[\"https:\/\/www.facebook.com\/omisgroup\",\"https:\/\/www.linkedin.com\/company\/omis-group\",\"https:\/\/www.youtube.com\/channel\/UCS4L59XDk3kKBI9MnjuxWDw\",\"https:\/\/www.instagram.com\/omisgroup\"]}]}<\/script>\n<!-- \/ Yoast SEO plugin. -->","yoast_head_json":{"title":"Wandschwenkkran, 270\u00b0-Schwenkbereich Tragf\u00e4higkeit 2000 kg | OMIS","description":"Der Wandschwenkkran mit elektrischer 270\u00b0-Drehung und Tragf\u00e4higkeit bis 2000 kg. Der Ausleger ist selbsttragend, d. h. ohne Abspanntr\u00e4ger. Die Drehung wird von einem Getriebemotor mit Frequenzumrichter und Planetengetriebe gesteuert. Flammhemmende Kabel versorgen die Hebezeuge \u00fcber Fahrwerke mit Strom. Mit h\u00e4ngender oder verfahrbarer Steuerflasche und optional mit Schwenkbegrenzungen lieferbar. Mehr erfahren.","robots":{"index":"index","follow":"follow","max-snippet":"max-snippet:-1","max-image-preview":"max-image-preview:large","max-video-preview":"max-video-preview:-1"},"og_locale":"de_DE","og_type":"article","og_title":"Wandschwenkkran, 270\u00b0-Schwenkbereich Tragf\u00e4higkeit 2000 kg | OMIS","og_description":"Der Wandschwenkkran mit elektrischer 270\u00b0-Drehung und Tragf\u00e4higkeit bis 2000 kg. Der Ausleger ist selbsttragend, d. h. ohne Abspanntr\u00e4ger. Die Drehung wird von einem Getriebemotor mit Frequenzumrichter und Planetengetriebe gesteuert. Flammhemmende Kabel versorgen die Hebezeuge \u00fcber Fahrwerke mit Strom. Mit h\u00e4ngender oder verfahrbarer Steuerflasche und optional mit Schwenkbegrenzungen lieferbar. Mehr erfahren.","og_url":"https:\/\/www.omis.net\/de-de\/produkt\/wandschwenkkran-mit-freitragendem-ausleger-und-elektrischer-drehung\/","og_site_name":"Omis Spa","article_publisher":"https:\/\/www.facebook.com\/omisgroup","article_modified_time":"2025-02-03T21:30:38+00:00","og_image":[{"width":2560,"height":1440,"url":"https:\/\/media.omis.net\/media\/2024\/12\/profile-MTEjib-crane-mte-500kg-wide-connection-front-3d-omis-scaled.webp","type":"image\/webp"}],"twitter_card":"summary_large_image","twitter_misc":{"Est. reading time":"1 minute"},"schema":{"@context":"https:\/\/schema.org","@graph":[{"@type":"WebPage","@id":"https:\/\/www.omis.net\/de-de\/produkt\/wandschwenkkran-mit-freitragendem-ausleger-und-elektrischer-drehung\/","url":"https:\/\/www.omis.net\/de-de\/produkt\/wandschwenkkran-mit-freitragendem-ausleger-und-elektrischer-drehung\/","name":"Wandschwenkkran, 270\u00b0-Schwenkbereich Tragf\u00e4higkeit 2000 kg | OMIS","isPartOf":{"@id":"https:\/\/www.omis.net\/it-it\/#website"},"primaryImageOfPage":{"@id":"https:\/\/www.omis.net\/de-de\/produkt\/wandschwenkkran-mit-freitragendem-ausleger-und-elektrischer-drehung\/#primaryimage"},"image":{"@id":"https:\/\/www.omis.net\/de-de\/produkt\/wandschwenkkran-mit-freitragendem-ausleger-und-elektrischer-drehung\/#primaryimage"},"thumbnailUrl":"https:\/\/media.omis.net\/media\/2024\/12\/profile-MTEjib-crane-mte-500kg-wide-connection-front-3d-omis-scaled.webp","datePublished":"2024-12-18T10:00:49+00:00","dateModified":"2025-02-03T21:30:38+00:00","description":"Der Wandschwenkkran mit elektrischer 270\u00b0-Drehung und Tragf\u00e4higkeit bis 2000 kg. Der Ausleger ist selbsttragend, d. h. ohne Abspanntr\u00e4ger. Die Drehung wird von einem Getriebemotor mit Frequenzumrichter und Planetengetriebe gesteuert. Flammhemmende Kabel versorgen die Hebezeuge \u00fcber Fahrwerke mit Strom. Mit h\u00e4ngender oder verfahrbarer Steuerflasche und optional mit Schwenkbegrenzungen lieferbar. Mehr erfahren.","breadcrumb":{"@id":"https:\/\/www.omis.net\/de-de\/produkt\/wandschwenkkran-mit-freitragendem-ausleger-und-elektrischer-drehung\/#breadcrumb"},"inLanguage":"de-de","potentialAction":[{"@type":"ReadAction","target":["https:\/\/www.omis.net\/de-de\/produkt\/wandschwenkkran-mit-freitragendem-ausleger-und-elektrischer-drehung\/"]}]},{"@type":"ImageObject","inLanguage":"de-de","@id":"https:\/\/www.omis.net\/de-de\/produkt\/wandschwenkkran-mit-freitragendem-ausleger-und-elektrischer-drehung\/#primaryimage","url":"https:\/\/media.omis.net\/media\/2024\/12\/profile-MTEjib-crane-mte-500kg-wide-connection-front-3d-omis-scaled.webp","contentUrl":"https:\/\/media.omis.net\/media\/2024\/12\/profile-MTEjib-crane-mte-500kg-wide-connection-front-3d-omis-scaled.webp","width":2560,"height":1440,"caption":"header - Profile mtejib crane mte 500kg wide connection front 3d Omis"},{"@type":"BreadcrumbList","@id":"https:\/\/www.omis.net\/de-de\/produkt\/wandschwenkkran-mit-freitragendem-ausleger-und-elektrischer-drehung\/#breadcrumb","itemListElement":[{"@type":"ListItem","position":1,"name":"Home","item":"https:\/\/www.omis.net\/de-de\/homepage\/"},{"@type":"ListItem","position":2,"name":"Wandschwenkkran mit freitragendem ausleger und elektrischer drehung"}]},{"@type":"WebSite","@id":"https:\/\/www.omis.net\/it-it\/#website","url":"https:\/\/www.omis.net\/it-it\/","name":"Omis Spa","description":"Movimentazione e sollevamento","publisher":{"@id":"https:\/\/www.omis.net\/it-it\/#organization"},"potentialAction":[{"@type":"SearchAction","target":{"@type":"EntryPoint","urlTemplate":"https:\/\/www.omis.net\/it-it\/?s={search_term_string}"},"query-input":{"@type":"PropertyValueSpecification","valueRequired":true,"valueName":"search_term_string"}}],"inLanguage":"de-de"},{"@type":"Organization","@id":"https:\/\/www.omis.net\/it-it\/#organization","name":"Omis Spa","url":"https:\/\/www.omis.net\/it-it\/","logo":{"@type":"ImageObject","inLanguage":"de-de","@id":"https:\/\/www.omis.net\/it-it\/#\/schema\/logo\/image\/","url":"https:\/\/media.omis.net\/media\/2024\/08\/logo.jpg","contentUrl":"https:\/\/media.omis.net\/media\/2024\/08\/logo.jpg","width":300,"height":300,"caption":"Omis Spa"},"image":{"@id":"https:\/\/www.omis.net\/it-it\/#\/schema\/logo\/image\/"},"sameAs":["https:\/\/www.facebook.com\/omisgroup","https:\/\/www.linkedin.com\/company\/omis-group","https:\/\/www.youtube.com\/channel\/UCS4L59XDk3kKBI9MnjuxWDw","https:\/\/www.instagram.com\/omisgroup"]}]}},"_links":{"self":[{"href":"https:\/\/www.omis.net\/de-de\/wp-json\/wp\/v2\/product\/7350"}],"collection":[{"href":"https:\/\/www.omis.net\/de-de\/wp-json\/wp\/v2\/product"}],"about":[{"href":"https:\/\/www.omis.net\/de-de\/wp-json\/wp\/v2\/types\/product"}],"acf:attachment":[{"embeddable":true,"href":"https:\/\/www.omis.net\/de-de\/wp-json\/wp\/v2\/media\/"},{"embeddable":true,"href":"https:\/\/www.omis.net\/de-de\/wp-json\/wp\/v2\/media\/13261"},{"embeddable":true,"href":"https:\/\/www.omis.net\/de-de\/wp-json\/wp\/v2\/media\/13254"}],"wp:featuredmedia":[{"embeddable":true,"href":"https:\/\/www.omis.net\/de-de\/wp-json\/wp\/v2\/media\/13310"}],"wp:attachment":[{"href":"https:\/\/www.omis.net\/de-de\/wp-json\/wp\/v2\/media?parent=7350"}],"wp:term":[{"taxonomy":"caratteristica-prodotto","embeddable":true,"href":"https:\/\/www.omis.net\/de-de\/wp-json\/wp\/v2\/caratteristica-prodotto?post=7350"},{"taxonomy":"tipologia-prodotto","embeddable":true,"href":"https:\/\/www.omis.net\/de-de\/wp-json\/wp\/v2\/tipologia-prodotto?post=7350"}],"curies":[{"name":"wp","href":"https:\/\/api.w.org\/{rel}","templated":true}]}}