{"id":7348,"date":"2024-12-18T11:00:08","date_gmt":"2024-12-18T10:00:08","guid":{"rendered":"http:\/\/bedrock.local\/product\/ms\/"},"modified":"2025-02-03T22:22:39","modified_gmt":"2025-02-03T21:22:39","slug":"wandschwenkkran-mit-knickausleger","status":"publish","type":"product","link":"https:\/\/www.omis.net\/de-de\/produkt\/wandschwenkkran-mit-knickausleger\/","title":{"rendered":"Wandschwenkkran mit knickausleger"},"content":{"rendered":"","protected":false},"featured_media":13503,"parent":0,"template":"","caratteristica-prodotto":[1009],"tipologia-prodotto":[706,712,724],"class_list":["post-7348","product","type-product","status-publish","has-post-thumbnail","hentry","caratteristica-prodotto-manuelle-drehung","tipologia-prodotto-arbeitsplatzkraene","tipologia-prodotto-schwenkkrane","tipologia-prodotto-wandschwenkkran"],"acf":{"import_csv_id":"28","prodotto_generale_sku":"MS","prodotto_listing_card_descrizione":"Mit Schwenkkranen mit Knickausleger k\u00f6nnen Sie Punkte im Arbeitsbereich erreichen, die bei vorhandenen Hindernissen mit herk\u00f6mmlichen starren Auslegern nicht zug\u00e4nglich w\u00e4ren.","prodotto_listing_card_caratteristiche":null,"prodotto_page_gradient_hero":false,"prodotto_page_titolo_hero":"\u00dcberlegene Pr\u00e4zision und vielseitige Bewegungen.","prodotto_page_gallery_hero":[13447,13454],"prodotto_page_descrizione_3_colonne_posizione":false,"prodotto_page_descrizione_3_colonne":[{"valore":"1000","unita_di_misura":"kg","etichetta":"Maximale Tragf\u00e4higkeit"},{"valore":"4","unita_di_misura":"+","etichetta":"Maximale Ausladung"},{"valore":"270\u00b0","unita_di_misura":"","etichetta":"Schwenkbereich"}],"prodotto_page_descrizione_titolo":"Wandschwenkkran mit Knickausleger mit Tragf\u00e4higkeit bis 1000 kg","prodotto_page_descrizione_3_colonne_testo":"<strong>Wandschwenkkrane mit Knickausleger bieten dank ihres flexiblen Gelenkarms Zugang zu Stellen im Arbeitsbereich, die sonst aufgrund von Hindernissen nicht erreichbar w\u00e4ren. Letzterer besteht aus zwei drehbar gelagerten Segmenten, die sich unabh\u00e4ngig voneinander drehen k\u00f6nnen. Ohne Abspanntr\u00e4ger \u00fcber dem Ausleger k\u00f6nnen sie die maximal verf\u00fcgbare H\u00f6he nutzen.<\/strong>\r\n\r\nDas Hebezeug wird in der Regel an der Auslegerspitze befestigt, kann aber auf Wunsch auf einer Laufkatze montiert werden. Diese Kranausf\u00fchrung ist die praktischste und kosteng\u00fcnstigste L\u00f6sung f\u00fcr die Betriebsautonomie eines Arbeitsbereichs, der sonst von einem Laufkran oder Gabelstapler bedient werden m\u00fcsste. Dar\u00fcber hinaus l\u00f6st er effizient das Problem der Lasthandhabung unter beengten Platzverh\u00e4ltnissen, wo andere Hebezeuge nicht geeignet w\u00e4ren. Gr\u00f6\u00dfere Schwenkkran sind auf Anfrage erh\u00e4ltlich. Diese praktische und wirtschaftliche L\u00f6sung ist ideal f\u00fcr die manuelle Lasthandhabung an Arbeitspl\u00e4tzen, an denen kein S\u00e4ulenschwenkkran einsetzbar ist, die aber einen vorhandenen Pfeiler zur Befestigung des Auslegers mittels Haltern und Spannschrauben nutzen k\u00f6nnen.","prodotto_page_descrizione_titolo_vantaggi":"Vorteile des Wandschwenkkrans mit freitragendem Ausleger","prodotto_page_descrizione_vantaggi":[{"titolo":"Ausleger mit unabh\u00e4ngig drehenden Segmenten","testo":"","link":"","archivio_prodotti":null},{"titolo":"maximale Raumnutzung","testo":"","link":"","archivio_prodotti":null},{"titolo":"Bedienerfreundlich","testo":"","link":"","archivio_prodotti":null},{"titolo":"Vielseitig einsetzbar","testo":"","link":"","archivio_prodotti":null},{"titolo":"Geringer Platzbedarf","testo":"","link":"","archivio_prodotti":null},{"titolo":"Erh\u00f6hte Produktivit\u00e4t und Sicherheit","testo":"","link":"","archivio_prodotti":null}],"prodotto_page_tabs_dati_tecnici":[{"etichetta":"Tragf\u00e4higkeit","valore":"125 kg - 1000 kg"},{"etichetta":"Ausladung","valore":"Bis zu 4 + 4 m je nach Tragf\u00e4higkeit"},{"etichetta":"Auslegerprofile","valore":"Das erste an der S\u00e4ule besteht aus Rohrprofil, das zweite aus einem Doppel-T-Tr\u00e4ger"},{"etichetta":"Schwenkbereich","valore":"240\u00b0 das erste Segment des Auslegers an der S\u00e4ule - 300\u00b0 der zweite Ausleger"},{"etichetta":"Schwenkbereich","valore":"Manuell"},{"etichetta":"Konsole","valore":"Die St\u00fctzkonsole, die Spannstangen und Gegenhalter werden bezogen auf die Pfeilerabmessungen angefertigt."},{"etichetta":"Hebezeug","valore":"Elektrokettenzug zum Heben der Last, fest an der Auslegerspitze montiert, mit einer oder zwei Hubgeschwindigkeiten Auf Anfrage mit elektrischer Laufkatze oder Schiebefahrwerk."},{"etichetta":"Bremsvorrichtung","valore":"Sie besteht aus einer \u00fcber eine Schraube einstellbare Reibungsbremse, erm\u00f6glicht die Einstellung der Schwenkkraft des Auslegers und gew\u00e4hrleistet die Standsicherheit."}],"prodotto_page_tabs_optionals":[{"titolo":"Kundenspezifische Lackierung","testo":"Die Farbe der Lackierung kann an spezielle Bed\u00fcrfnisse, Design- oder Branding-Anforderungen angepasst werden.","immagine":null}],"prodotto_page_tabs_downloads":null,"prodotto_page_gallery":[null],"prodotto_page_customer_story_titolo":"","prodotto_page_customer_story_list":null,"prodotto_page_applicazioni_list":"- Agricoltura e Alimentare\r\n- Manifatturiero\r\n- Energetico\r\n- Edile e delle costruzioni\r\n- Tecnologie dell'informazione e ICT\r\n- Trasporti e logistica\r\n- Commercio al dettaglio\r\n- Culturale e dell'intrattenimento\r\n- Ambientale e della sostenibilit\u00e0\r\n- Ricerca e sviluppo\r\n- Arti e Artigianato","prodotto_page_faq_list":null,"prodotto_page_testo_prodotti_correlati":"<h2>\u00c4hnliche Produkte<\/h2>\r\nEntdecken Sie auch diese Produkte und finden Sie andere f\u00fcr Sie geeignete L\u00f6sungen.","prodotto_page_lista_prodotti_correlati":"- M\r\n- MT\r\n- M2T","prodotto_page_titolo_componenti_3d":"","prodotto_page_immagine_iniziale_componenti_3d":null,"prodotto_page_lista_componenti_3d":null,"prodotto_page_titolo_slider_configurazioni":"Produkt und Konfigurationen","prodotto_page_lista_immgini_slider_configurazioni":[{"etichetta":"Breiter Anschluss","immagine":13475},{"etichetta":"Ansicht von oben","immagine":13482},{"etichetta":"Perspektive","immagine":13468},{"etichetta":"Doppelausleger","immagine":13496},{"etichetta":"Enger Anschluss","immagine":13461},{"etichetta":"Doppelausleger","immagine":13489}],"prodotto_page_titolo_slider_configurazioni_2":"<h2><\/h2>","prodotto_page_lista_immgini_slider_configurazioni_2":null,"seo_title":"Wandschwenkkran mit Knickausleger Tragf\u00e4higkeit 1000 kg | OMIS","seo_description":"Wandschwenkkrane mit Knickausleger erreichen dank der drehbar gelagerten Segmente schwer zug\u00e4ngliche Stellen. Ohne Abspanntr\u00e4ger \u00fcber dem Ausleger nutzen sie die maximal verf\u00fcgbare H\u00f6he. Das Hebezeug kann an der Auslegerspitze oder auf Anfrage an einer Laufkatze befestigt werden. Diese Krane bieten eine kosteng\u00fcnstige L\u00f6sung f\u00fcr begrenzte Platzverh\u00e4ltnisse und werden auf Kundenwunsch mit gr\u00f6\u00dferen Abmessungen hergestellt. Mehr erfahren."},"yoast_head":"<!-- This site is optimized with the Yoast SEO plugin v23.9 - https:\/\/yoast.com\/wordpress\/plugins\/seo\/ -->\n<title>Wandschwenkkran mit Knickausleger Tragf\u00e4higkeit 1000 kg | OMIS<\/title>\n<meta name=\"description\" content=\"Wandschwenkkrane mit Knickausleger erreichen dank der drehbar gelagerten Segmente schwer zug\u00e4ngliche Stellen. Ohne Abspanntr\u00e4ger \u00fcber dem Ausleger nutzen sie die maximal verf\u00fcgbare H\u00f6he. Das Hebezeug kann an der Auslegerspitze oder auf Anfrage an einer Laufkatze befestigt werden. Diese Krane bieten eine kosteng\u00fcnstige L\u00f6sung f\u00fcr begrenzte Platzverh\u00e4ltnisse und werden auf Kundenwunsch mit gr\u00f6\u00dferen Abmessungen hergestellt. Mehr erfahren.\" \/>\n<meta name=\"robots\" content=\"index, follow, max-snippet:-1, max-image-preview:large, max-video-preview:-1\" \/>\n<meta property=\"og:locale\" content=\"de_DE\" \/>\n<meta property=\"og:type\" content=\"article\" \/>\n<meta property=\"og:title\" content=\"Wandschwenkkran mit Knickausleger Tragf\u00e4higkeit 1000 kg | OMIS\" \/>\n<meta property=\"og:description\" content=\"Wandschwenkkrane mit Knickausleger erreichen dank der drehbar gelagerten Segmente schwer zug\u00e4ngliche Stellen. Ohne Abspanntr\u00e4ger \u00fcber dem Ausleger nutzen sie die maximal verf\u00fcgbare H\u00f6he. Das Hebezeug kann an der Auslegerspitze oder auf Anfrage an einer Laufkatze befestigt werden. Diese Krane bieten eine kosteng\u00fcnstige L\u00f6sung f\u00fcr begrenzte Platzverh\u00e4ltnisse und werden auf Kundenwunsch mit gr\u00f6\u00dferen Abmessungen hergestellt. Mehr erfahren.\" \/>\n<meta property=\"og:url\" content=\"https:\/\/www.omis.net\/de-de\/produkt\/wandschwenkkran-mit-knickausleger\/\" \/>\n<meta property=\"og:site_name\" content=\"Omis Spa\" \/>\n<meta property=\"article:publisher\" content=\"https:\/\/www.facebook.com\/omisgroup\" \/>\n<meta property=\"article:modified_time\" content=\"2025-02-03T21:22:39+00:00\" \/>\n<meta property=\"og:image\" content=\"https:\/\/media.omis.net\/media\/2024\/12\/Profile-ms-jib-crane-ms-500kg-front-3d-omis-scaled.webp\" \/>\n\t<meta property=\"og:image:width\" content=\"2560\" \/>\n\t<meta property=\"og:image:height\" content=\"1440\" \/>\n\t<meta property=\"og:image:type\" content=\"image\/webp\" \/>\n<meta name=\"twitter:card\" content=\"summary_large_image\" \/>\n<meta name=\"twitter:label1\" content=\"Est. reading time\" \/>\n\t<meta name=\"twitter:data1\" content=\"1 minute\" \/>\n<script type=\"application\/ld+json\" class=\"yoast-schema-graph\">{\"@context\":\"https:\/\/schema.org\",\"@graph\":[{\"@type\":\"WebPage\",\"@id\":\"https:\/\/www.omis.net\/de-de\/produkt\/wandschwenkkran-mit-knickausleger\/\",\"url\":\"https:\/\/www.omis.net\/de-de\/produkt\/wandschwenkkran-mit-knickausleger\/\",\"name\":\"Wandschwenkkran mit Knickausleger Tragf\u00e4higkeit 1000 kg | OMIS\",\"isPartOf\":{\"@id\":\"https:\/\/www.omis.net\/it-it\/#website\"},\"primaryImageOfPage\":{\"@id\":\"https:\/\/www.omis.net\/de-de\/produkt\/wandschwenkkran-mit-knickausleger\/#primaryimage\"},\"image\":{\"@id\":\"https:\/\/www.omis.net\/de-de\/produkt\/wandschwenkkran-mit-knickausleger\/#primaryimage\"},\"thumbnailUrl\":\"https:\/\/media.omis.net\/media\/2024\/12\/Profile-ms-jib-crane-ms-500kg-front-3d-omis-scaled.webp\",\"datePublished\":\"2024-12-18T10:00:08+00:00\",\"dateModified\":\"2025-02-03T21:22:39+00:00\",\"description\":\"Wandschwenkkrane mit Knickausleger erreichen dank der drehbar gelagerten Segmente schwer zug\u00e4ngliche Stellen. Ohne Abspanntr\u00e4ger \u00fcber dem Ausleger nutzen sie die maximal verf\u00fcgbare H\u00f6he. Das Hebezeug kann an der Auslegerspitze oder auf Anfrage an einer Laufkatze befestigt werden. Diese Krane bieten eine kosteng\u00fcnstige L\u00f6sung f\u00fcr begrenzte Platzverh\u00e4ltnisse und werden auf Kundenwunsch mit gr\u00f6\u00dferen Abmessungen hergestellt. Mehr erfahren.\",\"breadcrumb\":{\"@id\":\"https:\/\/www.omis.net\/de-de\/produkt\/wandschwenkkran-mit-knickausleger\/#breadcrumb\"},\"inLanguage\":\"de-de\",\"potentialAction\":[{\"@type\":\"ReadAction\",\"target\":[\"https:\/\/www.omis.net\/de-de\/produkt\/wandschwenkkran-mit-knickausleger\/\"]}]},{\"@type\":\"ImageObject\",\"inLanguage\":\"de-de\",\"@id\":\"https:\/\/www.omis.net\/de-de\/produkt\/wandschwenkkran-mit-knickausleger\/#primaryimage\",\"url\":\"https:\/\/media.omis.net\/media\/2024\/12\/Profile-ms-jib-crane-ms-500kg-front-3d-omis-scaled.webp\",\"contentUrl\":\"https:\/\/media.omis.net\/media\/2024\/12\/Profile-ms-jib-crane-ms-500kg-front-3d-omis-scaled.webp\",\"width\":2560,\"height\":1440,\"caption\":\"products and configurations - Profile ms jib crane ms 500kg front 3d Omis\"},{\"@type\":\"BreadcrumbList\",\"@id\":\"https:\/\/www.omis.net\/de-de\/produkt\/wandschwenkkran-mit-knickausleger\/#breadcrumb\",\"itemListElement\":[{\"@type\":\"ListItem\",\"position\":1,\"name\":\"Home\",\"item\":\"https:\/\/www.omis.net\/de-de\/homepage\/\"},{\"@type\":\"ListItem\",\"position\":2,\"name\":\"Wandschwenkkran mit knickausleger\"}]},{\"@type\":\"WebSite\",\"@id\":\"https:\/\/www.omis.net\/it-it\/#website\",\"url\":\"https:\/\/www.omis.net\/it-it\/\",\"name\":\"Omis Spa\",\"description\":\"Movimentazione e sollevamento\",\"publisher\":{\"@id\":\"https:\/\/www.omis.net\/it-it\/#organization\"},\"potentialAction\":[{\"@type\":\"SearchAction\",\"target\":{\"@type\":\"EntryPoint\",\"urlTemplate\":\"https:\/\/www.omis.net\/it-it\/?s={search_term_string}\"},\"query-input\":{\"@type\":\"PropertyValueSpecification\",\"valueRequired\":true,\"valueName\":\"search_term_string\"}}],\"inLanguage\":\"de-de\"},{\"@type\":\"Organization\",\"@id\":\"https:\/\/www.omis.net\/it-it\/#organization\",\"name\":\"Omis Spa\",\"url\":\"https:\/\/www.omis.net\/it-it\/\",\"logo\":{\"@type\":\"ImageObject\",\"inLanguage\":\"de-de\",\"@id\":\"https:\/\/www.omis.net\/it-it\/#\/schema\/logo\/image\/\",\"url\":\"https:\/\/media.omis.net\/media\/2024\/08\/logo.jpg\",\"contentUrl\":\"https:\/\/media.omis.net\/media\/2024\/08\/logo.jpg\",\"width\":300,\"height\":300,\"caption\":\"Omis Spa\"},\"image\":{\"@id\":\"https:\/\/www.omis.net\/it-it\/#\/schema\/logo\/image\/\"},\"sameAs\":[\"https:\/\/www.facebook.com\/omisgroup\",\"https:\/\/www.linkedin.com\/company\/omis-group\",\"https:\/\/www.youtube.com\/channel\/UCS4L59XDk3kKBI9MnjuxWDw\",\"https:\/\/www.instagram.com\/omisgroup\"]}]}<\/script>\n<!-- \/ Yoast SEO plugin. -->","yoast_head_json":{"title":"Wandschwenkkran mit Knickausleger Tragf\u00e4higkeit 1000 kg | OMIS","description":"Wandschwenkkrane mit Knickausleger erreichen dank der drehbar gelagerten Segmente schwer zug\u00e4ngliche Stellen. Ohne Abspanntr\u00e4ger \u00fcber dem Ausleger nutzen sie die maximal verf\u00fcgbare H\u00f6he. Das Hebezeug kann an der Auslegerspitze oder auf Anfrage an einer Laufkatze befestigt werden. Diese Krane bieten eine kosteng\u00fcnstige L\u00f6sung f\u00fcr begrenzte Platzverh\u00e4ltnisse und werden auf Kundenwunsch mit gr\u00f6\u00dferen Abmessungen hergestellt. Mehr erfahren.","robots":{"index":"index","follow":"follow","max-snippet":"max-snippet:-1","max-image-preview":"max-image-preview:large","max-video-preview":"max-video-preview:-1"},"og_locale":"de_DE","og_type":"article","og_title":"Wandschwenkkran mit Knickausleger Tragf\u00e4higkeit 1000 kg | OMIS","og_description":"Wandschwenkkrane mit Knickausleger erreichen dank der drehbar gelagerten Segmente schwer zug\u00e4ngliche Stellen. Ohne Abspanntr\u00e4ger \u00fcber dem Ausleger nutzen sie die maximal verf\u00fcgbare H\u00f6he. Das Hebezeug kann an der Auslegerspitze oder auf Anfrage an einer Laufkatze befestigt werden. Diese Krane bieten eine kosteng\u00fcnstige L\u00f6sung f\u00fcr begrenzte Platzverh\u00e4ltnisse und werden auf Kundenwunsch mit gr\u00f6\u00dferen Abmessungen hergestellt. Mehr erfahren.","og_url":"https:\/\/www.omis.net\/de-de\/produkt\/wandschwenkkran-mit-knickausleger\/","og_site_name":"Omis Spa","article_publisher":"https:\/\/www.facebook.com\/omisgroup","article_modified_time":"2025-02-03T21:22:39+00:00","og_image":[{"width":2560,"height":1440,"url":"https:\/\/media.omis.net\/media\/2024\/12\/Profile-ms-jib-crane-ms-500kg-front-3d-omis-scaled.webp","type":"image\/webp"}],"twitter_card":"summary_large_image","twitter_misc":{"Est. reading time":"1 minute"},"schema":{"@context":"https:\/\/schema.org","@graph":[{"@type":"WebPage","@id":"https:\/\/www.omis.net\/de-de\/produkt\/wandschwenkkran-mit-knickausleger\/","url":"https:\/\/www.omis.net\/de-de\/produkt\/wandschwenkkran-mit-knickausleger\/","name":"Wandschwenkkran mit Knickausleger Tragf\u00e4higkeit 1000 kg | OMIS","isPartOf":{"@id":"https:\/\/www.omis.net\/it-it\/#website"},"primaryImageOfPage":{"@id":"https:\/\/www.omis.net\/de-de\/produkt\/wandschwenkkran-mit-knickausleger\/#primaryimage"},"image":{"@id":"https:\/\/www.omis.net\/de-de\/produkt\/wandschwenkkran-mit-knickausleger\/#primaryimage"},"thumbnailUrl":"https:\/\/media.omis.net\/media\/2024\/12\/Profile-ms-jib-crane-ms-500kg-front-3d-omis-scaled.webp","datePublished":"2024-12-18T10:00:08+00:00","dateModified":"2025-02-03T21:22:39+00:00","description":"Wandschwenkkrane mit Knickausleger erreichen dank der drehbar gelagerten Segmente schwer zug\u00e4ngliche Stellen. Ohne Abspanntr\u00e4ger \u00fcber dem Ausleger nutzen sie die maximal verf\u00fcgbare H\u00f6he. Das Hebezeug kann an der Auslegerspitze oder auf Anfrage an einer Laufkatze befestigt werden. Diese Krane bieten eine kosteng\u00fcnstige L\u00f6sung f\u00fcr begrenzte Platzverh\u00e4ltnisse und werden auf Kundenwunsch mit gr\u00f6\u00dferen Abmessungen hergestellt. Mehr erfahren.","breadcrumb":{"@id":"https:\/\/www.omis.net\/de-de\/produkt\/wandschwenkkran-mit-knickausleger\/#breadcrumb"},"inLanguage":"de-de","potentialAction":[{"@type":"ReadAction","target":["https:\/\/www.omis.net\/de-de\/produkt\/wandschwenkkran-mit-knickausleger\/"]}]},{"@type":"ImageObject","inLanguage":"de-de","@id":"https:\/\/www.omis.net\/de-de\/produkt\/wandschwenkkran-mit-knickausleger\/#primaryimage","url":"https:\/\/media.omis.net\/media\/2024\/12\/Profile-ms-jib-crane-ms-500kg-front-3d-omis-scaled.webp","contentUrl":"https:\/\/media.omis.net\/media\/2024\/12\/Profile-ms-jib-crane-ms-500kg-front-3d-omis-scaled.webp","width":2560,"height":1440,"caption":"products and configurations - Profile ms jib crane ms 500kg front 3d Omis"},{"@type":"BreadcrumbList","@id":"https:\/\/www.omis.net\/de-de\/produkt\/wandschwenkkran-mit-knickausleger\/#breadcrumb","itemListElement":[{"@type":"ListItem","position":1,"name":"Home","item":"https:\/\/www.omis.net\/de-de\/homepage\/"},{"@type":"ListItem","position":2,"name":"Wandschwenkkran mit knickausleger"}]},{"@type":"WebSite","@id":"https:\/\/www.omis.net\/it-it\/#website","url":"https:\/\/www.omis.net\/it-it\/","name":"Omis Spa","description":"Movimentazione e sollevamento","publisher":{"@id":"https:\/\/www.omis.net\/it-it\/#organization"},"potentialAction":[{"@type":"SearchAction","target":{"@type":"EntryPoint","urlTemplate":"https:\/\/www.omis.net\/it-it\/?s={search_term_string}"},"query-input":{"@type":"PropertyValueSpecification","valueRequired":true,"valueName":"search_term_string"}}],"inLanguage":"de-de"},{"@type":"Organization","@id":"https:\/\/www.omis.net\/it-it\/#organization","name":"Omis Spa","url":"https:\/\/www.omis.net\/it-it\/","logo":{"@type":"ImageObject","inLanguage":"de-de","@id":"https:\/\/www.omis.net\/it-it\/#\/schema\/logo\/image\/","url":"https:\/\/media.omis.net\/media\/2024\/08\/logo.jpg","contentUrl":"https:\/\/media.omis.net\/media\/2024\/08\/logo.jpg","width":300,"height":300,"caption":"Omis Spa"},"image":{"@id":"https:\/\/www.omis.net\/it-it\/#\/schema\/logo\/image\/"},"sameAs":["https:\/\/www.facebook.com\/omisgroup","https:\/\/www.linkedin.com\/company\/omis-group","https:\/\/www.youtube.com\/channel\/UCS4L59XDk3kKBI9MnjuxWDw","https:\/\/www.instagram.com\/omisgroup"]}]}},"_links":{"self":[{"href":"https:\/\/www.omis.net\/de-de\/wp-json\/wp\/v2\/product\/7348"}],"collection":[{"href":"https:\/\/www.omis.net\/de-de\/wp-json\/wp\/v2\/product"}],"about":[{"href":"https:\/\/www.omis.net\/de-de\/wp-json\/wp\/v2\/types\/product"}],"acf:attachment":[{"embeddable":true,"href":"https:\/\/www.omis.net\/de-de\/wp-json\/wp\/v2\/media\/"},{"embeddable":true,"href":"https:\/\/www.omis.net\/de-de\/wp-json\/wp\/v2\/media\/13454"},{"embeddable":true,"href":"https:\/\/www.omis.net\/de-de\/wp-json\/wp\/v2\/media\/13447"}],"wp:featuredmedia":[{"embeddable":true,"href":"https:\/\/www.omis.net\/de-de\/wp-json\/wp\/v2\/media\/13503"}],"wp:attachment":[{"href":"https:\/\/www.omis.net\/de-de\/wp-json\/wp\/v2\/media?parent=7348"}],"wp:term":[{"taxonomy":"caratteristica-prodotto","embeddable":true,"href":"https:\/\/www.omis.net\/de-de\/wp-json\/wp\/v2\/caratteristica-prodotto?post=7348"},{"taxonomy":"tipologia-prodotto","embeddable":true,"href":"https:\/\/www.omis.net\/de-de\/wp-json\/wp\/v2\/tipologia-prodotto?post=7348"}],"curies":[{"name":"wp","href":"https:\/\/api.w.org\/{rel}","templated":true}]}}