{"id":7346,"date":"2024-12-18T10:59:37","date_gmt":"2024-12-18T09:59:37","guid":{"rendered":"http:\/\/bedrock.local\/product\/mt\/"},"modified":"2025-02-03T15:24:09","modified_gmt":"2025-02-03T14:24:09","slug":"wandschwenkkran-mit-freitragendem-ausleger","status":"publish","type":"product","link":"https:\/\/www.omis.net\/de-de\/produkt\/wandschwenkkran-mit-freitragendem-ausleger\/","title":{"rendered":"Wandschwenkkran mit freitragendem ausleger"},"content":{"rendered":"","protected":false},"featured_media":13595,"parent":0,"template":"","caratteristica-prodotto":[1009],"tipologia-prodotto":[706,712,724],"class_list":["post-7346","product","type-product","status-publish","has-post-thumbnail","hentry","caratteristica-prodotto-manuelle-drehung","tipologia-prodotto-arbeitsplatzkraene","tipologia-prodotto-schwenkkrane","tipologia-prodotto-wandschwenkkran"],"acf":{"import_csv_id":"26","prodotto_generale_sku":"MT","prodotto_listing_card_descrizione":"Der Wandschwenkkran mit freitragendem Ausleger ist optimal, wenn der verf\u00fcgbare vertikale Raum maximal ausgenutzt werden soll und damit der Hakenweg vergr\u00f6\u00dfert wird.\r\n\r\n\r\n\r\n\r\n\r\n","prodotto_listing_card_caratteristiche":null,"prodotto_page_gradient_hero":false,"prodotto_page_titolo_hero":"F\u00fcr eine bestm\u00f6gliche Raumh\u00f6hennutzung.","prodotto_page_gallery_hero":[13532,13539],"prodotto_page_descrizione_3_colonne_posizione":false,"prodotto_page_descrizione_3_colonne":[{"valore":"2000","unita_di_misura":"kg","etichetta":"Maximale Tragf\u00e4higkeit"},{"valore":"8","unita_di_misura":"m","etichetta":"Maximale Ausladung"},{"valore":"270\u00b0","unita_di_misura":"","etichetta":"Schwenkbereich"}],"prodotto_page_descrizione_titolo":"Wandschwenkkran mit freitragendem Ausleger und Tragf\u00e4higkeit bis zu 2000 kg","prodotto_page_descrizione_3_colonne_testo":"<strong>Der Wandschwenkkran ist eine hocheffiziente L\u00f6sung f\u00fcr eine optimierte Raumh\u00f6hennutzung und erm\u00f6glicht gleichzeitig eine flexiblere Laufkatzenfahrt. Er verf\u00fcgt \u00fcber ein gelagertes Drehwerk und bietet sehr vielseitige Konfigurationen mit mehreren verf\u00fcgbaren Laufkatzenoptionen.<\/strong>\r\n\r\nErg\u00e4nzt wird dieses Modell durch eine integrierte Stromzuf\u00fchrung, um die Betriebseffizienz zu maximieren. Bei Bedarf k\u00f6nnen zwei Krane gegen\u00fcberliegend installiert werden. F\u00fcr Situationen, die eine robustere oder gr\u00f6\u00dfere L\u00f6sung erfordern, bieten wir personalisierte Schwenkkrane mit einer noch gr\u00f6\u00dferen Tragf\u00e4higkeit und Ausladung an. Der Wandschwenkkran ist somit eine pragmatische und wirtschaftliche Option f\u00fcr einen autonomen Arbeitsbereich und l\u00f6st dank seiner Vielseitigkeit, Flexibilit\u00e4t und Anpassungsf\u00e4higkeit an die spezifischen Bed\u00fcrfnisse der Betriebsumgebung das Problem der Lasthandhabung auf begrenztem Raum auf sehr effiziente Weise.","prodotto_page_descrizione_titolo_vantaggi":"Vorteile des Wandschwenkkrans mit freitragendem Ausleger","prodotto_page_descrizione_vantaggi":[{"titolo":"Freie Bodenfl\u00e4che","testo":"","link":"","archivio_prodotti":null},{"titolo":"Vielseitig einsetzbar","testo":"","link":"","archivio_prodotti":null},{"titolo":"Bedienerfreundlich","testo":"","link":"","archivio_prodotti":null},{"titolo":"Geringer Platzbedarf","testo":"","link":"","archivio_prodotti":null},{"titolo":"Gr\u00f6\u00dferer Hakenweg","testo":"","link":"","archivio_prodotti":null},{"titolo":"Erh\u00f6hte Produktivit\u00e4t und Sicherheit","testo":"","link":"","archivio_prodotti":null}],"prodotto_page_tabs_dati_tecnici":[{"etichetta":"Tragf\u00e4higkeit","valore":"125 kg - 2000 kg"},{"etichetta":"Ausladung","valore":"Bis zu 8 m je nach Tragf\u00e4higkeit"},{"etichetta":"Auslegerprofil","valore":"Doppel-T-Profiltr\u00e4ger ohne Abspanntr\u00e4ger"},{"etichetta":"Schwenkbereich","valore":"270\u00b0 mit vor Ort einstellbarem Drehstopp bei bauseitigen Einschr\u00e4nkungen"},{"etichetta":"Schwenkbereich","valore":"Manuell"},{"etichetta":"Konsole","valore":"Die St\u00fctzkonsole, die Spannstangen und Gegenhalter werden bezogen auf die Pfeilerabmessungen angefertigt."},{"etichetta":"Hebezeug","valore":"Elektrokettenzug zum Heben der Last mit einer oder zwei Hubgeschwindigkeiten, mit elektrischer oder mechanischer Laufkatze oder Schiebefahrwerk."},{"etichetta":"Bremsvorrichtung","valore":"Sie besteht aus einer \u00fcber eine Schraube einstellbare Reibungsbremse, erm\u00f6glicht die Einstellung der Schwenkkraft des Auslegers und gew\u00e4hrleistet die Standsicherheit."}],"prodotto_page_tabs_optionals":[{"titolo":"Kundenspezifische Lackierung","testo":"Die Farbe der Lackierung kann an spezielle Bed\u00fcrfnisse, Design- oder Branding-Anforderungen angepasst werden.","immagine":null}],"prodotto_page_tabs_downloads":null,"prodotto_page_gallery":[13518,13525,13511],"prodotto_page_customer_story_titolo":"","prodotto_page_customer_story_list":null,"prodotto_page_applicazioni_list":"- Agricoltura e Alimentare\r\n- Manifatturiero\r\n- Energetico\r\n- Edile e delle costruzioni\r\n- Tecnologie dell'informazione e ICT\r\n- Trasporti e logistica\r\n- Commercio al dettaglio\r\n- Culturale e dell'intrattenimento\r\n- Ambientale e della sostenibilit\u00e0\r\n- Ricerca e sviluppo\r\n- Arti e Artigianato","prodotto_page_faq_list":null,"prodotto_page_testo_prodotti_correlati":"<h2>\u00c4hnliche Produkte<\/h2>\r\nEntdecken Sie auch diese Produkte und finden Sie andere f\u00fcr Sie geeignete L\u00f6sungen.","prodotto_page_lista_prodotti_correlati":"- M\r\n- M2T\r\n- MS","prodotto_page_titolo_componenti_3d":"","prodotto_page_immagine_iniziale_componenti_3d":null,"prodotto_page_lista_componenti_3d":null,"prodotto_page_titolo_slider_configurazioni":"Produkt und Konfigurationen","prodotto_page_lista_immgini_slider_configurazioni":[{"etichetta":"Breiter Anschluss","immagine":13553},{"etichetta":"Ansicht von oben","immagine":13567},{"etichetta":"Perspektive","immagine":13560},{"etichetta":"Doppelausleger","immagine":13588},{"etichetta":"Enger Anschluss","immagine":13546},{"etichetta":"Doppelausleger","immagine":13574},{"etichetta":"Einzelheiten","immagine":13581}],"prodotto_page_titolo_slider_configurazioni_2":"<h2><\/h2>","prodotto_page_lista_immgini_slider_configurazioni_2":null,"seo_title":"Wandschwenkkran Tragf\u00e4higkeit 2000 kg, mit 8 m Ausladung und 270\u00b0-Schwenkbereich | OMIS","seo_description":"Der Wandschwenkkran optimiert den vertikalen Raum und bietet Flexibilit\u00e4t bei der Laufkatzenfahrt. Mit dem gelagerten Drehwerk und mehreren Laufkatzenoptionen beinhaltet er eine integrierte Zuleitung f\u00fcr maximale Effizienz. Bei Bedarf k\u00f6nnen zwei Krane gegen\u00fcberliegend installiert werden. Mehr erfahren."},"yoast_head":"<!-- This site is optimized with the Yoast SEO plugin v23.9 - https:\/\/yoast.com\/wordpress\/plugins\/seo\/ -->\n<title>Wandschwenkkran Tragf\u00e4higkeit 2000 kg, mit 8 m Ausladung und 270\u00b0-Schwenkbereich | OMIS<\/title>\n<meta name=\"description\" content=\"Der Wandschwenkkran optimiert den vertikalen Raum und bietet Flexibilit\u00e4t bei der Laufkatzenfahrt. Mit dem gelagerten Drehwerk und mehreren Laufkatzenoptionen beinhaltet er eine integrierte Zuleitung f\u00fcr maximale Effizienz. Bei Bedarf k\u00f6nnen zwei Krane gegen\u00fcberliegend installiert werden. Mehr erfahren.\" \/>\n<meta name=\"robots\" content=\"index, follow, max-snippet:-1, max-image-preview:large, max-video-preview:-1\" \/>\n<meta property=\"og:locale\" content=\"de_DE\" \/>\n<meta property=\"og:type\" content=\"article\" \/>\n<meta property=\"og:title\" content=\"Wandschwenkkran Tragf\u00e4higkeit 2000 kg, mit 8 m Ausladung und 270\u00b0-Schwenkbereich | OMIS\" \/>\n<meta property=\"og:description\" content=\"Der Wandschwenkkran optimiert den vertikalen Raum und bietet Flexibilit\u00e4t bei der Laufkatzenfahrt. Mit dem gelagerten Drehwerk und mehreren Laufkatzenoptionen beinhaltet er eine integrierte Zuleitung f\u00fcr maximale Effizienz. Bei Bedarf k\u00f6nnen zwei Krane gegen\u00fcberliegend installiert werden. Mehr erfahren.\" \/>\n<meta property=\"og:url\" content=\"https:\/\/www.omis.net\/de-de\/produkt\/wandschwenkkran-mit-freitragendem-ausleger\/\" \/>\n<meta property=\"og:site_name\" content=\"Omis Spa\" \/>\n<meta property=\"article:publisher\" content=\"https:\/\/www.facebook.com\/omisgroup\" \/>\n<meta property=\"article:modified_time\" content=\"2025-02-03T14:24:09+00:00\" \/>\n<meta property=\"og:image\" content=\"https:\/\/media.omis.net\/media\/2024\/12\/Profile-MT-jib-crane-mt-250kg-wide-connection-front-3d-omis-scaled.webp\" \/>\n\t<meta property=\"og:image:width\" content=\"2560\" \/>\n\t<meta property=\"og:image:height\" content=\"1440\" \/>\n\t<meta property=\"og:image:type\" content=\"image\/webp\" \/>\n<meta name=\"twitter:card\" content=\"summary_large_image\" \/>\n<meta name=\"twitter:label1\" content=\"Est. reading time\" \/>\n\t<meta name=\"twitter:data1\" content=\"1 minute\" \/>\n<script type=\"application\/ld+json\" class=\"yoast-schema-graph\">{\"@context\":\"https:\/\/schema.org\",\"@graph\":[{\"@type\":\"WebPage\",\"@id\":\"https:\/\/www.omis.net\/de-de\/produkt\/wandschwenkkran-mit-freitragendem-ausleger\/\",\"url\":\"https:\/\/www.omis.net\/de-de\/produkt\/wandschwenkkran-mit-freitragendem-ausleger\/\",\"name\":\"Wandschwenkkran Tragf\u00e4higkeit 2000 kg, mit 8 m Ausladung und 270\u00b0-Schwenkbereich | OMIS\",\"isPartOf\":{\"@id\":\"https:\/\/www.omis.net\/it-it\/#website\"},\"primaryImageOfPage\":{\"@id\":\"https:\/\/www.omis.net\/de-de\/produkt\/wandschwenkkran-mit-freitragendem-ausleger\/#primaryimage\"},\"image\":{\"@id\":\"https:\/\/www.omis.net\/de-de\/produkt\/wandschwenkkran-mit-freitragendem-ausleger\/#primaryimage\"},\"thumbnailUrl\":\"https:\/\/media.omis.net\/media\/2024\/12\/Profile-MT-jib-crane-mt-250kg-wide-connection-front-3d-omis-scaled.webp\",\"datePublished\":\"2024-12-18T09:59:37+00:00\",\"dateModified\":\"2025-02-03T14:24:09+00:00\",\"description\":\"Der Wandschwenkkran optimiert den vertikalen Raum und bietet Flexibilit\u00e4t bei der Laufkatzenfahrt. Mit dem gelagerten Drehwerk und mehreren Laufkatzenoptionen beinhaltet er eine integrierte Zuleitung f\u00fcr maximale Effizienz. Bei Bedarf k\u00f6nnen zwei Krane gegen\u00fcberliegend installiert werden. Mehr erfahren.\",\"breadcrumb\":{\"@id\":\"https:\/\/www.omis.net\/de-de\/produkt\/wandschwenkkran-mit-freitragendem-ausleger\/#breadcrumb\"},\"inLanguage\":\"de-de\",\"potentialAction\":[{\"@type\":\"ReadAction\",\"target\":[\"https:\/\/www.omis.net\/de-de\/produkt\/wandschwenkkran-mit-freitragendem-ausleger\/\"]}]},{\"@type\":\"ImageObject\",\"inLanguage\":\"de-de\",\"@id\":\"https:\/\/www.omis.net\/de-de\/produkt\/wandschwenkkran-mit-freitragendem-ausleger\/#primaryimage\",\"url\":\"https:\/\/media.omis.net\/media\/2024\/12\/Profile-MT-jib-crane-mt-250kg-wide-connection-front-3d-omis-scaled.webp\",\"contentUrl\":\"https:\/\/media.omis.net\/media\/2024\/12\/Profile-MT-jib-crane-mt-250kg-wide-connection-front-3d-omis-scaled.webp\",\"width\":2560,\"height\":1440,\"caption\":\"products and configurations - Profile mt jib crane mt 250kg wide connection front 3d Omis\"},{\"@type\":\"BreadcrumbList\",\"@id\":\"https:\/\/www.omis.net\/de-de\/produkt\/wandschwenkkran-mit-freitragendem-ausleger\/#breadcrumb\",\"itemListElement\":[{\"@type\":\"ListItem\",\"position\":1,\"name\":\"Home\",\"item\":\"https:\/\/www.omis.net\/de-de\/homepage\/\"},{\"@type\":\"ListItem\",\"position\":2,\"name\":\"Wandschwenkkran mit freitragendem ausleger\"}]},{\"@type\":\"WebSite\",\"@id\":\"https:\/\/www.omis.net\/it-it\/#website\",\"url\":\"https:\/\/www.omis.net\/it-it\/\",\"name\":\"Omis Spa\",\"description\":\"Movimentazione e sollevamento\",\"publisher\":{\"@id\":\"https:\/\/www.omis.net\/it-it\/#organization\"},\"potentialAction\":[{\"@type\":\"SearchAction\",\"target\":{\"@type\":\"EntryPoint\",\"urlTemplate\":\"https:\/\/www.omis.net\/it-it\/?s={search_term_string}\"},\"query-input\":{\"@type\":\"PropertyValueSpecification\",\"valueRequired\":true,\"valueName\":\"search_term_string\"}}],\"inLanguage\":\"de-de\"},{\"@type\":\"Organization\",\"@id\":\"https:\/\/www.omis.net\/it-it\/#organization\",\"name\":\"Omis Spa\",\"url\":\"https:\/\/www.omis.net\/it-it\/\",\"logo\":{\"@type\":\"ImageObject\",\"inLanguage\":\"de-de\",\"@id\":\"https:\/\/www.omis.net\/it-it\/#\/schema\/logo\/image\/\",\"url\":\"https:\/\/media.omis.net\/media\/2024\/08\/logo.jpg\",\"contentUrl\":\"https:\/\/media.omis.net\/media\/2024\/08\/logo.jpg\",\"width\":300,\"height\":300,\"caption\":\"Omis Spa\"},\"image\":{\"@id\":\"https:\/\/www.omis.net\/it-it\/#\/schema\/logo\/image\/\"},\"sameAs\":[\"https:\/\/www.facebook.com\/omisgroup\",\"https:\/\/www.linkedin.com\/company\/omis-group\",\"https:\/\/www.youtube.com\/channel\/UCS4L59XDk3kKBI9MnjuxWDw\",\"https:\/\/www.instagram.com\/omisgroup\"]}]}<\/script>\n<!-- \/ Yoast SEO plugin. -->","yoast_head_json":{"title":"Wandschwenkkran Tragf\u00e4higkeit 2000 kg, mit 8 m Ausladung und 270\u00b0-Schwenkbereich | OMIS","description":"Der Wandschwenkkran optimiert den vertikalen Raum und bietet Flexibilit\u00e4t bei der Laufkatzenfahrt. Mit dem gelagerten Drehwerk und mehreren Laufkatzenoptionen beinhaltet er eine integrierte Zuleitung f\u00fcr maximale Effizienz. Bei Bedarf k\u00f6nnen zwei Krane gegen\u00fcberliegend installiert werden. Mehr erfahren.","robots":{"index":"index","follow":"follow","max-snippet":"max-snippet:-1","max-image-preview":"max-image-preview:large","max-video-preview":"max-video-preview:-1"},"og_locale":"de_DE","og_type":"article","og_title":"Wandschwenkkran Tragf\u00e4higkeit 2000 kg, mit 8 m Ausladung und 270\u00b0-Schwenkbereich | OMIS","og_description":"Der Wandschwenkkran optimiert den vertikalen Raum und bietet Flexibilit\u00e4t bei der Laufkatzenfahrt. Mit dem gelagerten Drehwerk und mehreren Laufkatzenoptionen beinhaltet er eine integrierte Zuleitung f\u00fcr maximale Effizienz. Bei Bedarf k\u00f6nnen zwei Krane gegen\u00fcberliegend installiert werden. Mehr erfahren.","og_url":"https:\/\/www.omis.net\/de-de\/produkt\/wandschwenkkran-mit-freitragendem-ausleger\/","og_site_name":"Omis Spa","article_publisher":"https:\/\/www.facebook.com\/omisgroup","article_modified_time":"2025-02-03T14:24:09+00:00","og_image":[{"width":2560,"height":1440,"url":"https:\/\/media.omis.net\/media\/2024\/12\/Profile-MT-jib-crane-mt-250kg-wide-connection-front-3d-omis-scaled.webp","type":"image\/webp"}],"twitter_card":"summary_large_image","twitter_misc":{"Est. reading time":"1 minute"},"schema":{"@context":"https:\/\/schema.org","@graph":[{"@type":"WebPage","@id":"https:\/\/www.omis.net\/de-de\/produkt\/wandschwenkkran-mit-freitragendem-ausleger\/","url":"https:\/\/www.omis.net\/de-de\/produkt\/wandschwenkkran-mit-freitragendem-ausleger\/","name":"Wandschwenkkran Tragf\u00e4higkeit 2000 kg, mit 8 m Ausladung und 270\u00b0-Schwenkbereich | OMIS","isPartOf":{"@id":"https:\/\/www.omis.net\/it-it\/#website"},"primaryImageOfPage":{"@id":"https:\/\/www.omis.net\/de-de\/produkt\/wandschwenkkran-mit-freitragendem-ausleger\/#primaryimage"},"image":{"@id":"https:\/\/www.omis.net\/de-de\/produkt\/wandschwenkkran-mit-freitragendem-ausleger\/#primaryimage"},"thumbnailUrl":"https:\/\/media.omis.net\/media\/2024\/12\/Profile-MT-jib-crane-mt-250kg-wide-connection-front-3d-omis-scaled.webp","datePublished":"2024-12-18T09:59:37+00:00","dateModified":"2025-02-03T14:24:09+00:00","description":"Der Wandschwenkkran optimiert den vertikalen Raum und bietet Flexibilit\u00e4t bei der Laufkatzenfahrt. Mit dem gelagerten Drehwerk und mehreren Laufkatzenoptionen beinhaltet er eine integrierte Zuleitung f\u00fcr maximale Effizienz. Bei Bedarf k\u00f6nnen zwei Krane gegen\u00fcberliegend installiert werden. Mehr erfahren.","breadcrumb":{"@id":"https:\/\/www.omis.net\/de-de\/produkt\/wandschwenkkran-mit-freitragendem-ausleger\/#breadcrumb"},"inLanguage":"de-de","potentialAction":[{"@type":"ReadAction","target":["https:\/\/www.omis.net\/de-de\/produkt\/wandschwenkkran-mit-freitragendem-ausleger\/"]}]},{"@type":"ImageObject","inLanguage":"de-de","@id":"https:\/\/www.omis.net\/de-de\/produkt\/wandschwenkkran-mit-freitragendem-ausleger\/#primaryimage","url":"https:\/\/media.omis.net\/media\/2024\/12\/Profile-MT-jib-crane-mt-250kg-wide-connection-front-3d-omis-scaled.webp","contentUrl":"https:\/\/media.omis.net\/media\/2024\/12\/Profile-MT-jib-crane-mt-250kg-wide-connection-front-3d-omis-scaled.webp","width":2560,"height":1440,"caption":"products and configurations - Profile mt jib crane mt 250kg wide connection front 3d Omis"},{"@type":"BreadcrumbList","@id":"https:\/\/www.omis.net\/de-de\/produkt\/wandschwenkkran-mit-freitragendem-ausleger\/#breadcrumb","itemListElement":[{"@type":"ListItem","position":1,"name":"Home","item":"https:\/\/www.omis.net\/de-de\/homepage\/"},{"@type":"ListItem","position":2,"name":"Wandschwenkkran mit freitragendem ausleger"}]},{"@type":"WebSite","@id":"https:\/\/www.omis.net\/it-it\/#website","url":"https:\/\/www.omis.net\/it-it\/","name":"Omis Spa","description":"Movimentazione e sollevamento","publisher":{"@id":"https:\/\/www.omis.net\/it-it\/#organization"},"potentialAction":[{"@type":"SearchAction","target":{"@type":"EntryPoint","urlTemplate":"https:\/\/www.omis.net\/it-it\/?s={search_term_string}"},"query-input":{"@type":"PropertyValueSpecification","valueRequired":true,"valueName":"search_term_string"}}],"inLanguage":"de-de"},{"@type":"Organization","@id":"https:\/\/www.omis.net\/it-it\/#organization","name":"Omis Spa","url":"https:\/\/www.omis.net\/it-it\/","logo":{"@type":"ImageObject","inLanguage":"de-de","@id":"https:\/\/www.omis.net\/it-it\/#\/schema\/logo\/image\/","url":"https:\/\/media.omis.net\/media\/2024\/08\/logo.jpg","contentUrl":"https:\/\/media.omis.net\/media\/2024\/08\/logo.jpg","width":300,"height":300,"caption":"Omis Spa"},"image":{"@id":"https:\/\/www.omis.net\/it-it\/#\/schema\/logo\/image\/"},"sameAs":["https:\/\/www.facebook.com\/omisgroup","https:\/\/www.linkedin.com\/company\/omis-group","https:\/\/www.youtube.com\/channel\/UCS4L59XDk3kKBI9MnjuxWDw","https:\/\/www.instagram.com\/omisgroup"]}]}},"_links":{"self":[{"href":"https:\/\/www.omis.net\/de-de\/wp-json\/wp\/v2\/product\/7346"}],"collection":[{"href":"https:\/\/www.omis.net\/de-de\/wp-json\/wp\/v2\/product"}],"about":[{"href":"https:\/\/www.omis.net\/de-de\/wp-json\/wp\/v2\/types\/product"}],"acf:attachment":[{"embeddable":true,"href":"https:\/\/www.omis.net\/de-de\/wp-json\/wp\/v2\/media\/13511"},{"embeddable":true,"href":"https:\/\/www.omis.net\/de-de\/wp-json\/wp\/v2\/media\/13525"},{"embeddable":true,"href":"https:\/\/www.omis.net\/de-de\/wp-json\/wp\/v2\/media\/13518"},{"embeddable":true,"href":"https:\/\/www.omis.net\/de-de\/wp-json\/wp\/v2\/media\/13539"},{"embeddable":true,"href":"https:\/\/www.omis.net\/de-de\/wp-json\/wp\/v2\/media\/13532"}],"wp:featuredmedia":[{"embeddable":true,"href":"https:\/\/www.omis.net\/de-de\/wp-json\/wp\/v2\/media\/13595"}],"wp:attachment":[{"href":"https:\/\/www.omis.net\/de-de\/wp-json\/wp\/v2\/media?parent=7346"}],"wp:term":[{"taxonomy":"caratteristica-prodotto","embeddable":true,"href":"https:\/\/www.omis.net\/de-de\/wp-json\/wp\/v2\/caratteristica-prodotto?post=7346"},{"taxonomy":"tipologia-prodotto","embeddable":true,"href":"https:\/\/www.omis.net\/de-de\/wp-json\/wp\/v2\/tipologia-prodotto?post=7346"}],"curies":[{"name":"wp","href":"https:\/\/api.w.org\/{rel}","templated":true}]}}