{"id":7345,"date":"2024-12-18T10:59:07","date_gmt":"2024-12-18T09:59:07","guid":{"rendered":"http:\/\/bedrock.local\/product\/m\/"},"modified":"2025-02-03T14:50:41","modified_gmt":"2025-02-03T13:50:41","slug":"wandschwenkkran-mit-hohlprofilausleger","status":"publish","type":"product","link":"https:\/\/www.omis.net\/de-de\/produkt\/wandschwenkkran-mit-hohlprofilausleger\/","title":{"rendered":"Wandschwenkkran mit hohlprofilausleger"},"content":{"rendered":"","protected":false},"featured_media":13374,"parent":0,"template":"","caratteristica-prodotto":[1009],"tipologia-prodotto":[706,712,724],"class_list":["post-7345","product","type-product","status-publish","has-post-thumbnail","hentry","caratteristica-prodotto-manuelle-drehung","tipologia-prodotto-arbeitsplatzkraene","tipologia-prodotto-schwenkkrane","tipologia-prodotto-wandschwenkkran"],"acf":{"import_csv_id":"25","prodotto_generale_sku":"M","prodotto_listing_card_descrizione":"Wandschwenkkran mit Hohlprofilausleger.","prodotto_listing_card_caratteristiche":null,"prodotto_page_gradient_hero":false,"prodotto_page_titolo_hero":"Robust und leicht, f\u00fcr alle Betriebsbereiche geeignet.","prodotto_page_gallery_hero":[13318,13325],"prodotto_page_descrizione_3_colonne_posizione":false,"prodotto_page_descrizione_3_colonne":[{"valore":"1000","unita_di_misura":"kg","etichetta":"Maximale Tragf\u00e4higkeit"},{"valore":"8","unita_di_misura":"m","etichetta":"Maximale Ausladung"},{"valore":"270\u00b0","unita_di_misura":"","etichetta":"Schwenkbereich"}],"prodotto_page_descrizione_titolo":"Wandschwenkkran mit Hohlprofilausleger mit einer Tragf\u00e4higkeit bis 1000 kg","prodotto_page_descrizione_3_colonne_testo":"<strong>Unser Wandschwenkkran mit Hohlprofilausleger ist die ideale L\u00f6sung f\u00fcr alle, die ein effizientes, vielseitiges und sicheres Hebesystem suchen. Dieser Kran kombiniert eine robuste und leichte Bauweise und garantiert in einer Vielzahl von Industrieanwendungen hervorragende Leistung in jeder Arbeitsumgebung.<\/strong>\r\n\r\nMit einer Ausladung bis zu 8 Metern und einem 270\u00b0-Schwenkbereich kann er einen gro\u00dfen Arbeitsbereich abdecken. Er l\u00e4sst den Boden frei und dank der Reichweite des Krans und der Befestigung an einer vorhandenen Struktur oder St\u00fctze werden einige Zentimeter Raum gewonnen. Auf diese Weise kann anstelle der platzben\u00f6tigenden Grundplatte die S\u00e4ulentiefe als Aktionsradius genutzt und der bereits vorhandene Raum in der St\u00fctze verwendet werden.\r\nAusgestattet mit einem stabilen und leichten Ausleger mit gebogenem Hohlprofil ist er f\u00fcr ein besonders leichtes Schwenken und eine leichtl\u00e4ufige Laufkatze optimiert. Das Auslegerdesign gew\u00e4hrleistet fl\u00fcssige und pr\u00e4zise Bewegungen und eine geringe Erm\u00fcdung des Bedieners.\r\nDer Wandschwenkkran eignet sich ideal f\u00fcr mechanische Werkst\u00e4tten, Lagerhallen, Produktionslinien und viele andere Industrieanwendungen. Er ist f\u00fcr eine schnelle und einfache Montage konzipiert und bietet die M\u00f6glichkeit spezieller Konfigurationen f\u00fcr komplexe betriebliche Anforderungen. Der Kran wird komplett mit Stromzuf\u00fchrung geliefert und ist mit manueller Laufkatze erh\u00e4ltlich.","prodotto_page_descrizione_titolo_vantaggi":"Vorteile des Wandschwenkkrans mit Hohlprofilausleger ","prodotto_page_descrizione_vantaggi":[{"titolo":"Freie Bodenfl\u00e4che","testo":"","link":"","archivio_prodotti":null},{"titolo":"Vielseitig einsetzbar","testo":"","link":"","archivio_prodotti":null},{"titolo":"Bedienerfreundlich","testo":"","link":"","archivio_prodotti":null},{"titolo":"Geringer Platzbedarf","testo":"","link":"","archivio_prodotti":null},{"titolo":"Gr\u00f6\u00dferer Hakenweg","testo":"","link":"","archivio_prodotti":null},{"titolo":"Erh\u00f6hte Produktivit\u00e4t und Sicherheit","testo":"","link":"","archivio_prodotti":null}],"prodotto_page_tabs_dati_tecnici":[{"etichetta":"Tragf\u00e4higkeit","valore":"125 kg - 1000 kg"},{"etichetta":"Ausladung","valore":"Bis zu 8 m je nach Tragf\u00e4higkeit"},{"etichetta":"Auslegerprofil","valore":"Gebogenes Omega-Profil"},{"etichetta":"Schwenkbereich","valore":"180\u00b0 - 270\u00b0 je nach Auflagefl\u00e4che des Pfeilers"},{"etichetta":"Schwenkbereich","valore":"Manuell"},{"etichetta":"Konsole","valore":"Die St\u00fctzkonsole, die Spannstangen und Gegenhalter werden bezogen auf die Pfeilerabmessungen angefertigt."},{"etichetta":"Hebezeug","valore":"Elektrokettenzug zum Heben der Last mit einer oder zwei Hubgeschwindigkeiten, mit Schiebefahrwerk"},{"etichetta":"Bremsvorrichtung","valore":"Sie besteht aus einer \u00fcber eine Schraube einstellbare Reibungsbremse, erm\u00f6glicht die Einstellung der Schwenkkraft des Auslegers und gew\u00e4hrleistet die Standsicherheit."}],"prodotto_page_tabs_optionals":[{"titolo":"Kundenspezifische Lackierung","testo":"Die Farbe der Lackierung kann an spezielle Bed\u00fcrfnisse, Design- oder Branding-Anforderungen angepasst werden.","immagine":null}],"prodotto_page_tabs_downloads":null,"prodotto_page_gallery":[null],"prodotto_page_customer_story_titolo":"","prodotto_page_customer_story_list":null,"prodotto_page_applicazioni_list":"- Agricoltura e Alimentare\r\n- Manifatturiero\r\n- Energetico\r\n- Edile e delle costruzioni\r\n- Tecnologie dell'informazione e ICT\r\n- Trasporti e logistica\r\n- Commercio al dettaglio\r\n- Culturale e dell'intrattenimento\r\n- Ambientale e della sostenibilit\u00e0\r\n- Ricerca e sviluppo\r\n- Arti e Artigianato","prodotto_page_faq_list":null,"prodotto_page_testo_prodotti_correlati":"<h2>\u00c4hnliche Produkte<\/h2>\r\nEntdecken Sie auch diese Produkte und finden Sie andere f\u00fcr Sie geeignete L\u00f6sungen.","prodotto_page_lista_prodotti_correlati":"- MT\r\n- M2T\r\n- MS","prodotto_page_titolo_componenti_3d":"","prodotto_page_immagine_iniziale_componenti_3d":null,"prodotto_page_lista_componenti_3d":null,"prodotto_page_titolo_slider_configurazioni":"Produkt und Konfigurationen","prodotto_page_lista_immgini_slider_configurazioni":[{"etichetta":"Breiter Anschluss","immagine":13339},{"etichetta":"Ansicht von oben","immagine":13332},{"etichetta":"Perspektive","immagine":13346},{"etichetta":"Doppelausleger","immagine":13360},{"etichetta":"Enger Anschluss","immagine":13353},{"etichetta":"Doppelausleger","immagine":13367}],"prodotto_page_titolo_slider_configurazioni_2":"<h2><\/h2>","prodotto_page_lista_immgini_slider_configurazioni_2":null,"seo_title":"Wandschwenkkran Tragf\u00e4higkeit 1000kg, mit 8 m Ausladung und 270\u00b0-Schwenkbereich | OMIS","seo_description":"Der Wandschwenkkran mit Hohlprofilausleger ist ideal f\u00fcr effizientes und sicheres Heben in industriellen Umgebungen, einfach zu montieren und mit manueller Laufkatze erh\u00e4ltlich. Mit einer Ausladung bis zu 8 Metern und 270\u00b0-Schwenkbereich deckt er gro\u00dfe Arbeitsbereiche ab, ohne Platz am Boden zu beanspruchen. Er wird an bestehenden Konstruktionen befestigt und nutzt den Pfeilerraum. Mehr erfahren\r\n\r\n\r\n\r\n\r\n\r\n\r\n"},"yoast_head":"<!-- This site is optimized with the Yoast SEO plugin v23.9 - https:\/\/yoast.com\/wordpress\/plugins\/seo\/ -->\n<title>Wandschwenkkran Tragf\u00e4higkeit 1000kg, mit 8 m Ausladung und 270\u00b0-Schwenkbereich | OMIS<\/title>\n<meta name=\"description\" content=\"Der Wandschwenkkran mit Hohlprofilausleger ist ideal f\u00fcr effizientes und sicheres Heben in industriellen Umgebungen, einfach zu montieren und mit manueller Laufkatze erh\u00e4ltlich. Mit einer Ausladung bis zu 8 Metern und 270\u00b0-Schwenkbereich deckt er gro\u00dfe Arbeitsbereiche ab, ohne Platz am Boden zu beanspruchen. Er wird an bestehenden Konstruktionen befestigt und nutzt den Pfeilerraum. Mehr erfahren\" \/>\n<meta name=\"robots\" content=\"index, follow, max-snippet:-1, max-image-preview:large, max-video-preview:-1\" \/>\n<meta property=\"og:locale\" content=\"de_DE\" \/>\n<meta property=\"og:type\" content=\"article\" \/>\n<meta property=\"og:title\" content=\"Wandschwenkkran Tragf\u00e4higkeit 1000kg, mit 8 m Ausladung und 270\u00b0-Schwenkbereich | OMIS\" \/>\n<meta property=\"og:description\" content=\"Der Wandschwenkkran mit Hohlprofilausleger ist ideal f\u00fcr effizientes und sicheres Heben in industriellen Umgebungen, einfach zu montieren und mit manueller Laufkatze erh\u00e4ltlich. Mit einer Ausladung bis zu 8 Metern und 270\u00b0-Schwenkbereich deckt er gro\u00dfe Arbeitsbereiche ab, ohne Platz am Boden zu beanspruchen. Er wird an bestehenden Konstruktionen befestigt und nutzt den Pfeilerraum. Mehr erfahren\" \/>\n<meta property=\"og:url\" content=\"https:\/\/www.omis.net\/de-de\/produkt\/wandschwenkkran-mit-hohlprofilausleger\/\" \/>\n<meta property=\"og:site_name\" content=\"Omis Spa\" \/>\n<meta property=\"article:publisher\" content=\"https:\/\/www.facebook.com\/omisgroup\" \/>\n<meta property=\"article:modified_time\" content=\"2025-02-03T13:50:41+00:00\" \/>\n<meta property=\"og:image\" content=\"https:\/\/media.omis.net\/media\/2024\/12\/profilejib-crane-m-125kg-front-3d-omis-scaled.webp\" \/>\n\t<meta property=\"og:image:width\" content=\"2560\" \/>\n\t<meta property=\"og:image:height\" content=\"1440\" \/>\n\t<meta property=\"og:image:type\" content=\"image\/webp\" \/>\n<meta name=\"twitter:card\" content=\"summary_large_image\" \/>\n<meta name=\"twitter:label1\" content=\"Est. reading time\" \/>\n\t<meta name=\"twitter:data1\" content=\"1 minute\" \/>\n<script type=\"application\/ld+json\" class=\"yoast-schema-graph\">{\"@context\":\"https:\/\/schema.org\",\"@graph\":[{\"@type\":\"WebPage\",\"@id\":\"https:\/\/www.omis.net\/de-de\/produkt\/wandschwenkkran-mit-hohlprofilausleger\/\",\"url\":\"https:\/\/www.omis.net\/de-de\/produkt\/wandschwenkkran-mit-hohlprofilausleger\/\",\"name\":\"Wandschwenkkran Tragf\u00e4higkeit 1000kg, mit 8 m Ausladung und 270\u00b0-Schwenkbereich | OMIS\",\"isPartOf\":{\"@id\":\"https:\/\/www.omis.net\/it-it\/#website\"},\"primaryImageOfPage\":{\"@id\":\"https:\/\/www.omis.net\/de-de\/produkt\/wandschwenkkran-mit-hohlprofilausleger\/#primaryimage\"},\"image\":{\"@id\":\"https:\/\/www.omis.net\/de-de\/produkt\/wandschwenkkran-mit-hohlprofilausleger\/#primaryimage\"},\"thumbnailUrl\":\"https:\/\/media.omis.net\/media\/2024\/12\/profilejib-crane-m-125kg-front-3d-omis-scaled.webp\",\"datePublished\":\"2024-12-18T09:59:07+00:00\",\"dateModified\":\"2025-02-03T13:50:41+00:00\",\"description\":\"Der Wandschwenkkran mit Hohlprofilausleger ist ideal f\u00fcr effizientes und sicheres Heben in industriellen Umgebungen, einfach zu montieren und mit manueller Laufkatze erh\u00e4ltlich. Mit einer Ausladung bis zu 8 Metern und 270\u00b0-Schwenkbereich deckt er gro\u00dfe Arbeitsbereiche ab, ohne Platz am Boden zu beanspruchen. Er wird an bestehenden Konstruktionen befestigt und nutzt den Pfeilerraum. Mehr erfahren\",\"breadcrumb\":{\"@id\":\"https:\/\/www.omis.net\/de-de\/produkt\/wandschwenkkran-mit-hohlprofilausleger\/#breadcrumb\"},\"inLanguage\":\"de-de\",\"potentialAction\":[{\"@type\":\"ReadAction\",\"target\":[\"https:\/\/www.omis.net\/de-de\/produkt\/wandschwenkkran-mit-hohlprofilausleger\/\"]}]},{\"@type\":\"ImageObject\",\"inLanguage\":\"de-de\",\"@id\":\"https:\/\/www.omis.net\/de-de\/produkt\/wandschwenkkran-mit-hohlprofilausleger\/#primaryimage\",\"url\":\"https:\/\/media.omis.net\/media\/2024\/12\/profilejib-crane-m-125kg-front-3d-omis-scaled.webp\",\"contentUrl\":\"https:\/\/media.omis.net\/media\/2024\/12\/profilejib-crane-m-125kg-front-3d-omis-scaled.webp\",\"width\":2560,\"height\":1440,\"caption\":\"header - Profilejib crane m 125kg front 3d Omis\"},{\"@type\":\"BreadcrumbList\",\"@id\":\"https:\/\/www.omis.net\/de-de\/produkt\/wandschwenkkran-mit-hohlprofilausleger\/#breadcrumb\",\"itemListElement\":[{\"@type\":\"ListItem\",\"position\":1,\"name\":\"Home\",\"item\":\"https:\/\/www.omis.net\/de-de\/homepage\/\"},{\"@type\":\"ListItem\",\"position\":2,\"name\":\"Wandschwenkkran mit hohlprofilausleger\"}]},{\"@type\":\"WebSite\",\"@id\":\"https:\/\/www.omis.net\/it-it\/#website\",\"url\":\"https:\/\/www.omis.net\/it-it\/\",\"name\":\"Omis Spa\",\"description\":\"Movimentazione e sollevamento\",\"publisher\":{\"@id\":\"https:\/\/www.omis.net\/it-it\/#organization\"},\"potentialAction\":[{\"@type\":\"SearchAction\",\"target\":{\"@type\":\"EntryPoint\",\"urlTemplate\":\"https:\/\/www.omis.net\/it-it\/?s={search_term_string}\"},\"query-input\":{\"@type\":\"PropertyValueSpecification\",\"valueRequired\":true,\"valueName\":\"search_term_string\"}}],\"inLanguage\":\"de-de\"},{\"@type\":\"Organization\",\"@id\":\"https:\/\/www.omis.net\/it-it\/#organization\",\"name\":\"Omis Spa\",\"url\":\"https:\/\/www.omis.net\/it-it\/\",\"logo\":{\"@type\":\"ImageObject\",\"inLanguage\":\"de-de\",\"@id\":\"https:\/\/www.omis.net\/it-it\/#\/schema\/logo\/image\/\",\"url\":\"https:\/\/media.omis.net\/media\/2024\/08\/logo.jpg\",\"contentUrl\":\"https:\/\/media.omis.net\/media\/2024\/08\/logo.jpg\",\"width\":300,\"height\":300,\"caption\":\"Omis Spa\"},\"image\":{\"@id\":\"https:\/\/www.omis.net\/it-it\/#\/schema\/logo\/image\/\"},\"sameAs\":[\"https:\/\/www.facebook.com\/omisgroup\",\"https:\/\/www.linkedin.com\/company\/omis-group\",\"https:\/\/www.youtube.com\/channel\/UCS4L59XDk3kKBI9MnjuxWDw\",\"https:\/\/www.instagram.com\/omisgroup\"]}]}<\/script>\n<!-- \/ Yoast SEO plugin. -->","yoast_head_json":{"title":"Wandschwenkkran Tragf\u00e4higkeit 1000kg, mit 8 m Ausladung und 270\u00b0-Schwenkbereich | OMIS","description":"Der Wandschwenkkran mit Hohlprofilausleger ist ideal f\u00fcr effizientes und sicheres Heben in industriellen Umgebungen, einfach zu montieren und mit manueller Laufkatze erh\u00e4ltlich. Mit einer Ausladung bis zu 8 Metern und 270\u00b0-Schwenkbereich deckt er gro\u00dfe Arbeitsbereiche ab, ohne Platz am Boden zu beanspruchen. Er wird an bestehenden Konstruktionen befestigt und nutzt den Pfeilerraum. Mehr erfahren","robots":{"index":"index","follow":"follow","max-snippet":"max-snippet:-1","max-image-preview":"max-image-preview:large","max-video-preview":"max-video-preview:-1"},"og_locale":"de_DE","og_type":"article","og_title":"Wandschwenkkran Tragf\u00e4higkeit 1000kg, mit 8 m Ausladung und 270\u00b0-Schwenkbereich | OMIS","og_description":"Der Wandschwenkkran mit Hohlprofilausleger ist ideal f\u00fcr effizientes und sicheres Heben in industriellen Umgebungen, einfach zu montieren und mit manueller Laufkatze erh\u00e4ltlich. Mit einer Ausladung bis zu 8 Metern und 270\u00b0-Schwenkbereich deckt er gro\u00dfe Arbeitsbereiche ab, ohne Platz am Boden zu beanspruchen. Er wird an bestehenden Konstruktionen befestigt und nutzt den Pfeilerraum. Mehr erfahren","og_url":"https:\/\/www.omis.net\/de-de\/produkt\/wandschwenkkran-mit-hohlprofilausleger\/","og_site_name":"Omis Spa","article_publisher":"https:\/\/www.facebook.com\/omisgroup","article_modified_time":"2025-02-03T13:50:41+00:00","og_image":[{"width":2560,"height":1440,"url":"https:\/\/media.omis.net\/media\/2024\/12\/profilejib-crane-m-125kg-front-3d-omis-scaled.webp","type":"image\/webp"}],"twitter_card":"summary_large_image","twitter_misc":{"Est. reading time":"1 minute"},"schema":{"@context":"https:\/\/schema.org","@graph":[{"@type":"WebPage","@id":"https:\/\/www.omis.net\/de-de\/produkt\/wandschwenkkran-mit-hohlprofilausleger\/","url":"https:\/\/www.omis.net\/de-de\/produkt\/wandschwenkkran-mit-hohlprofilausleger\/","name":"Wandschwenkkran Tragf\u00e4higkeit 1000kg, mit 8 m Ausladung und 270\u00b0-Schwenkbereich | OMIS","isPartOf":{"@id":"https:\/\/www.omis.net\/it-it\/#website"},"primaryImageOfPage":{"@id":"https:\/\/www.omis.net\/de-de\/produkt\/wandschwenkkran-mit-hohlprofilausleger\/#primaryimage"},"image":{"@id":"https:\/\/www.omis.net\/de-de\/produkt\/wandschwenkkran-mit-hohlprofilausleger\/#primaryimage"},"thumbnailUrl":"https:\/\/media.omis.net\/media\/2024\/12\/profilejib-crane-m-125kg-front-3d-omis-scaled.webp","datePublished":"2024-12-18T09:59:07+00:00","dateModified":"2025-02-03T13:50:41+00:00","description":"Der Wandschwenkkran mit Hohlprofilausleger ist ideal f\u00fcr effizientes und sicheres Heben in industriellen Umgebungen, einfach zu montieren und mit manueller Laufkatze erh\u00e4ltlich. Mit einer Ausladung bis zu 8 Metern und 270\u00b0-Schwenkbereich deckt er gro\u00dfe Arbeitsbereiche ab, ohne Platz am Boden zu beanspruchen. Er wird an bestehenden Konstruktionen befestigt und nutzt den Pfeilerraum. Mehr erfahren","breadcrumb":{"@id":"https:\/\/www.omis.net\/de-de\/produkt\/wandschwenkkran-mit-hohlprofilausleger\/#breadcrumb"},"inLanguage":"de-de","potentialAction":[{"@type":"ReadAction","target":["https:\/\/www.omis.net\/de-de\/produkt\/wandschwenkkran-mit-hohlprofilausleger\/"]}]},{"@type":"ImageObject","inLanguage":"de-de","@id":"https:\/\/www.omis.net\/de-de\/produkt\/wandschwenkkran-mit-hohlprofilausleger\/#primaryimage","url":"https:\/\/media.omis.net\/media\/2024\/12\/profilejib-crane-m-125kg-front-3d-omis-scaled.webp","contentUrl":"https:\/\/media.omis.net\/media\/2024\/12\/profilejib-crane-m-125kg-front-3d-omis-scaled.webp","width":2560,"height":1440,"caption":"header - Profilejib crane m 125kg front 3d Omis"},{"@type":"BreadcrumbList","@id":"https:\/\/www.omis.net\/de-de\/produkt\/wandschwenkkran-mit-hohlprofilausleger\/#breadcrumb","itemListElement":[{"@type":"ListItem","position":1,"name":"Home","item":"https:\/\/www.omis.net\/de-de\/homepage\/"},{"@type":"ListItem","position":2,"name":"Wandschwenkkran mit hohlprofilausleger"}]},{"@type":"WebSite","@id":"https:\/\/www.omis.net\/it-it\/#website","url":"https:\/\/www.omis.net\/it-it\/","name":"Omis Spa","description":"Movimentazione e sollevamento","publisher":{"@id":"https:\/\/www.omis.net\/it-it\/#organization"},"potentialAction":[{"@type":"SearchAction","target":{"@type":"EntryPoint","urlTemplate":"https:\/\/www.omis.net\/it-it\/?s={search_term_string}"},"query-input":{"@type":"PropertyValueSpecification","valueRequired":true,"valueName":"search_term_string"}}],"inLanguage":"de-de"},{"@type":"Organization","@id":"https:\/\/www.omis.net\/it-it\/#organization","name":"Omis Spa","url":"https:\/\/www.omis.net\/it-it\/","logo":{"@type":"ImageObject","inLanguage":"de-de","@id":"https:\/\/www.omis.net\/it-it\/#\/schema\/logo\/image\/","url":"https:\/\/media.omis.net\/media\/2024\/08\/logo.jpg","contentUrl":"https:\/\/media.omis.net\/media\/2024\/08\/logo.jpg","width":300,"height":300,"caption":"Omis Spa"},"image":{"@id":"https:\/\/www.omis.net\/it-it\/#\/schema\/logo\/image\/"},"sameAs":["https:\/\/www.facebook.com\/omisgroup","https:\/\/www.linkedin.com\/company\/omis-group","https:\/\/www.youtube.com\/channel\/UCS4L59XDk3kKBI9MnjuxWDw","https:\/\/www.instagram.com\/omisgroup"]}]}},"_links":{"self":[{"href":"https:\/\/www.omis.net\/de-de\/wp-json\/wp\/v2\/product\/7345"}],"collection":[{"href":"https:\/\/www.omis.net\/de-de\/wp-json\/wp\/v2\/product"}],"about":[{"href":"https:\/\/www.omis.net\/de-de\/wp-json\/wp\/v2\/types\/product"}],"acf:attachment":[{"embeddable":true,"href":"https:\/\/www.omis.net\/de-de\/wp-json\/wp\/v2\/media\/"},{"embeddable":true,"href":"https:\/\/www.omis.net\/de-de\/wp-json\/wp\/v2\/media\/13325"},{"embeddable":true,"href":"https:\/\/www.omis.net\/de-de\/wp-json\/wp\/v2\/media\/13318"}],"wp:featuredmedia":[{"embeddable":true,"href":"https:\/\/www.omis.net\/de-de\/wp-json\/wp\/v2\/media\/13374"}],"wp:attachment":[{"href":"https:\/\/www.omis.net\/de-de\/wp-json\/wp\/v2\/media?parent=7345"}],"wp:term":[{"taxonomy":"caratteristica-prodotto","embeddable":true,"href":"https:\/\/www.omis.net\/de-de\/wp-json\/wp\/v2\/caratteristica-prodotto?post=7345"},{"taxonomy":"tipologia-prodotto","embeddable":true,"href":"https:\/\/www.omis.net\/de-de\/wp-json\/wp\/v2\/tipologia-prodotto?post=7345"}],"curies":[{"name":"wp","href":"https:\/\/api.w.org\/{rel}","templated":true}]}}