{"id":7344,"date":"2024-12-18T10:58:40","date_gmt":"2024-12-18T09:58:40","guid":{"rendered":"http:\/\/bedrock.local\/product\/be-2\/"},"modified":"2025-02-03T13:06:41","modified_gmt":"2025-02-03T12:06:41","slug":"saulenschwenkkran-mit-freitragendem-ausleger-und-elektrischer-360-drehung-auf-drehkranz","status":"publish","type":"product","link":"https:\/\/www.omis.net\/de-de\/produkt\/saulenschwenkkran-mit-freitragendem-ausleger-und-elektrischer-360-drehung-auf-drehkranz\/","title":{"rendered":"S\u00e4ulenschwenkkran mit freitragendem ausleger und elektrischer 360\u00b0-drehung auf drehkranz"},"content":{"rendered":"","protected":false},"featured_media":16185,"parent":0,"template":"","caratteristica-prodotto":[1010],"tipologia-prodotto":[706,712,718],"class_list":["post-7344","product","type-product","status-publish","has-post-thumbnail","hentry","caratteristica-prodotto-elektrische-drehung","tipologia-prodotto-arbeitsplatzkraene","tipologia-prodotto-schwenkkrane","tipologia-prodotto-saeulenausfuehrung"],"acf":{"import_csv_id":"23","prodotto_generale_sku":"BE","prodotto_listing_card_descrizione":"Der Schwenkkran mit elektrischer 360\u00b0-Drehung hebt und bewegt schwere Lasten und gew\u00e4hrleistet dank des freitragenden Auslegers und des Drehverteilers eine kontinuierliche Bewegung und Torsionsstabilit\u00e4t. ","prodotto_listing_card_caratteristiche":null,"prodotto_page_gradient_hero":false,"prodotto_page_titolo_hero":"Elektrische Endlosdrehung, maximale Torsionsstabilit\u00e4t.","prodotto_page_gallery_hero":[12435],"prodotto_page_descrizione_3_colonne_posizione":false,"prodotto_page_descrizione_3_colonne":[{"valore":"10","unita_di_misura":"t","etichetta":"Maximale Tragf\u00e4higkeit"},{"valore":"10","unita_di_misura":"m","etichetta":"Maximale Ausladung"},{"valore":"360\u00b0","unita_di_misura":"","etichetta":"Schwenkbereich"}],"prodotto_page_descrizione_titolo":"S\u00e4ulenschwenkkran mit freitragendem Ausleger und elektrischer 360\u00b0-Drehung","prodotto_page_descrizione_3_colonne_testo":"<strong>Der Schwenkkran mit elektrischer 360\u00b0-Endlosdrehung, freitragend oder mit Kastentr\u00e4ger, stellt eine technisch anspruchsvolle und hocheffiziente L\u00f6sung f\u00fcr den Umschlag schwerer Lasten dar und verbessert erheblich die Einsatzflexibilit\u00e4t im Vergleich zu herk\u00f6mmlichen Kranen mit einem begrenzten 270\u00b0-Schwenkbereich.<\/strong>\r\n\r\nAusgestattet mit einem robusten Doppel-T-Profilausleger f\u00fchrt dieser Kran Hebe-, Verfahr- und Transportbewegungen von Objekten und Materialien in einer Vielzahl von Industriebereichen pr\u00e4zise aus.\r\nDas innovative Design umfasst ein elektrisches Drehsystem f\u00fcr eine unbegrenzte und unterbrechungsfreie Auslegerdrehung, ein wesentliches Merkmal f\u00fcr komplexe Vorg\u00e4nge und optimierte Handhabungszeiten. Der Drehmechanismus verf\u00fcgt \u00fcber einen Versorgungs-Drehverteiler, der die ununterbrochene Bewegung unterst\u00fctzt und zudem einen zuverl\u00e4ssigen und sicheren Arbeitsablauf gew\u00e4hrleistet, da Probleme durch verhedderte Stromkabel vermieden werden.\r\nDank der 360\u00b0-Endlosdrehung eignet sich dieser Kran besonders f\u00fcr Arbeitsumgebungen mit begrenztem Platzangebot, in denen die schnelle und sichere Bewegung von Lasten von entscheidender Bedeutung ist. Dar\u00fcber hinaus verringert die Betriebsautonomie dieses Kran die Abh\u00e4ngigkeit von anderen Hebesystemen wie Br\u00fcckenkranen oder Gabelstaplern, die nicht nur teurer in der Wartung, sondern auch innerhalb der Arbeitsbereiche weniger vielseitig einsetzbar sind.\r\nDie Entscheidung f\u00fcr einen Schwenkkran mit elektrischer 360\u00b0-Drehung kann zu einer erheblichen Senkung der Betriebskosten f\u00fchren, insbesondere durch die Zeitersparnis und Reduzierung des Personalbedarfs f\u00fcr Hebevorg\u00e4nge. Diese Reduzierung der Arbeitskr\u00e4fte beeintr\u00e4chtigt nicht die Produktivit\u00e4t, sondern steigert sie im Gegenteil dank der Effizienz und Arbeitsgeschwindigkeit des Krans. Der Bediener kann sich auf einen intuitiven Steuerungsmechanismus verlassen, der den sicheren Kranbetrieb erleichtert, das Unfallrisiko mindert und die Gesamteffizienz verbessert.\r\nDie Installation dieses Krans verbessert nicht nur die Hebevorg\u00e4nge, sondern tr\u00e4gt auch zur Organisation des Arbeitsbereichs und besseren Planung und Nutzung der Produktionsbereiche bei. Mit dieser L\u00f6sung k\u00f6nnen Unternehmen ihre Logistik- und Produktionsprozesse optimieren und gleichzeitig die Sicherheit und Zufriedenheit ihrer Bediener gew\u00e4hrleisten.","prodotto_page_descrizione_titolo_vantaggi":"Vorteile des S\u00e4ulenschwenkkrans mit freitragendem Ausleger und elektrischer 360\u00b0-Drehung auf Drehkranz","prodotto_page_descrizione_vantaggi":[{"titolo":"360\u00b0","testo":"","link":"","archivio_prodotti":null},{"titolo":"Schwenkbereich","testo":"","link":"","archivio_prodotti":null},{"titolo":"Verwindungssteife Konstruktion","testo":"","link":"","archivio_prodotti":null},{"titolo":"Endlosdrehung des Auslegers","testo":"","link":"","archivio_prodotti":null},{"titolo":"Vielseitig einsetzbar","testo":"","link":"","archivio_prodotti":null},{"titolo":"Bedienerfreundlich","testo":"","link":"","archivio_prodotti":null}],"prodotto_page_tabs_dati_tecnici":[{"etichetta":"Tragf\u00e4higkeit","valore":"125 kg - 10000 kg"},{"etichetta":"Ausladung","valore":"Bis zu 10 m je nach Tragf\u00e4higkeit"},{"etichetta":"Auslegerprofil","valore":"Doppel-T-Profiltr\u00e4ger oder Kastentr\u00e4ger"},{"etichetta":"Schwenkbereich","valore":"360\u00b0 Endlosdrehung"},{"etichetta":"Schwenkbereich","valore":"Elektrisch"},{"etichetta":"Umfangsgeschwindigkeit","valore":"~18 m\/min"},{"etichetta":"S\u00e4ule","valore":"Rundstahlrohr. Es hat an einem Ende eine gelochte Grundplatte zur Befestigung an der Basis mittels chemischen D\u00fcbeln oder Ankerbolzen und am anderen Ende zwei Platten, eine obere und eine mittlere zum St\u00fctzen des Auslegers."},{"etichetta":"Hebezeug","valore":"Elektroketten- oder Seilzug zum Heben der Last mit einer oder zwei Hubgeschwindigkeiten, mit elektrischer Laufkatze oder Schiebefahrwerk."},{"etichetta":"Bremsvorrichtung","valore":"Sie besteht aus einer \u00fcber eine Schraube einstellbare Reibungsbremse, erm\u00f6glicht die Einstellung der Schwenkkraft des Auslegers und gew\u00e4hrleistet die Standsicherheit."}],"prodotto_page_tabs_optionals":[{"titolo":"Kundenspezifische Lackierung","testo":"Die Farbe der Lackierung kann an spezielle Bed\u00fcrfnisse, Design- oder Branding-Anforderungen angepasst werden.","immagine":null}],"prodotto_page_tabs_downloads":null,"prodotto_page_gallery":[12457,12443,12450],"prodotto_page_customer_story_titolo":"","prodotto_page_customer_story_list":null,"prodotto_page_applicazioni_list":"- Agricoltura e Alimentare\r\n- Manifatturiero\r\n- Energetico\r\n- Edile e delle costruzioni\r\n- Tecnologie dell'informazione e ICT\r\n- Trasporti e logistica\r\n- Commercio al dettaglio\r\n- Culturale e dell'intrattenimento\r\n- Ambientale e della sostenibilit\u00e0\r\n- Ricerca e sviluppo\r\n- Arti e Artigianato","prodotto_page_faq_list":null,"prodotto_page_testo_prodotti_correlati":"<h2>\u00c4hnliche Produkte<\/h2>\r\nEntdecken Sie auch diese Produkte und finden Sie andere f\u00fcr Sie geeignete L\u00f6sungen.","prodotto_page_lista_prodotti_correlati":"- BE\r\n- BILIF\r\n- BILIS","prodotto_page_titolo_componenti_3d":"","prodotto_page_immagine_iniziale_componenti_3d":null,"prodotto_page_lista_componenti_3d":null,"prodotto_page_titolo_slider_configurazioni":"Produkt und Konfigurationen","prodotto_page_lista_immgini_slider_configurazioni":[{"etichetta":"Vorderansicht","immagine":12464},{"etichetta":"Ansicht von oben","immagine":12485},{"etichetta":"Perspektive","immagine":12478},{"etichetta":"Einzelheiten","immagine":12471}],"prodotto_page_titolo_slider_configurazioni_2":"<h2><\/h2>","prodotto_page_lista_immgini_slider_configurazioni_2":null,"seo_title":"S\u00e4ulenschwenkkran mit elektrischer 360\u00b0-Endlosdrehung | OMIS","seo_description":"Der Schwenkkran mit elektrischer 360\u00b0-Endlosdrehung und Drehverteiler ist eine fortschrittliche L\u00f6sung f\u00fcr den Umschlag schwerer Lasten und im Vergleich zu Kranen mit 270\u00b0-Drehbegrenzung flexibler einsetzbar. Mit einem robusten Doppel-T-Ausleger erm\u00f6glicht er pr\u00e4zise Bewegungen in industriellen Umgebungen. Mehr erfahren."},"yoast_head":"<!-- This site is optimized with the Yoast SEO plugin v23.9 - https:\/\/yoast.com\/wordpress\/plugins\/seo\/ -->\n<title>S\u00e4ulenschwenkkran mit elektrischer 360\u00b0-Endlosdrehung | OMIS<\/title>\n<meta name=\"description\" content=\"Der Schwenkkran mit elektrischer 360\u00b0-Endlosdrehung und Drehverteiler ist eine fortschrittliche L\u00f6sung f\u00fcr den Umschlag schwerer Lasten und im Vergleich zu Kranen mit 270\u00b0-Drehbegrenzung flexibler einsetzbar. Mit einem robusten Doppel-T-Ausleger erm\u00f6glicht er pr\u00e4zise Bewegungen in industriellen Umgebungen. Mehr erfahren.\" \/>\n<meta name=\"robots\" content=\"index, follow, max-snippet:-1, max-image-preview:large, max-video-preview:-1\" \/>\n<meta property=\"og:locale\" content=\"de_DE\" \/>\n<meta property=\"og:type\" content=\"article\" \/>\n<meta property=\"og:title\" content=\"S\u00e4ulenschwenkkran mit elektrischer 360\u00b0-Endlosdrehung | OMIS\" \/>\n<meta property=\"og:description\" content=\"Der Schwenkkran mit elektrischer 360\u00b0-Endlosdrehung und Drehverteiler ist eine fortschrittliche L\u00f6sung f\u00fcr den Umschlag schwerer Lasten und im Vergleich zu Kranen mit 270\u00b0-Drehbegrenzung flexibler einsetzbar. Mit einem robusten Doppel-T-Ausleger erm\u00f6glicht er pr\u00e4zise Bewegungen in industriellen Umgebungen. Mehr erfahren.\" \/>\n<meta property=\"og:url\" content=\"https:\/\/www.omis.net\/de-de\/produkt\/saulenschwenkkran-mit-freitragendem-ausleger-und-elektrischer-360-drehung-auf-drehkranz\/\" \/>\n<meta property=\"og:site_name\" content=\"Omis Spa\" \/>\n<meta property=\"article:publisher\" content=\"https:\/\/www.facebook.com\/omisgroup\" \/>\n<meta property=\"article:modified_time\" content=\"2025-02-03T12:06:41+00:00\" \/>\n<meta property=\"og:image\" content=\"https:\/\/media.omis.net\/media\/2024\/12\/jib-crane-be-box-type-5000kg-front-3d-omis-scaled.webp\" \/>\n\t<meta property=\"og:image:width\" content=\"2560\" \/>\n\t<meta property=\"og:image:height\" content=\"1440\" \/>\n\t<meta property=\"og:image:type\" content=\"image\/webp\" \/>\n<meta name=\"twitter:card\" content=\"summary_large_image\" \/>\n<meta name=\"twitter:label1\" content=\"Est. reading time\" \/>\n\t<meta name=\"twitter:data1\" content=\"1 minute\" \/>\n<script type=\"application\/ld+json\" class=\"yoast-schema-graph\">{\"@context\":\"https:\/\/schema.org\",\"@graph\":[{\"@type\":\"WebPage\",\"@id\":\"https:\/\/www.omis.net\/de-de\/produkt\/saulenschwenkkran-mit-freitragendem-ausleger-und-elektrischer-360-drehung-auf-drehkranz\/\",\"url\":\"https:\/\/www.omis.net\/de-de\/produkt\/saulenschwenkkran-mit-freitragendem-ausleger-und-elektrischer-360-drehung-auf-drehkranz\/\",\"name\":\"S\u00e4ulenschwenkkran mit elektrischer 360\u00b0-Endlosdrehung | OMIS\",\"isPartOf\":{\"@id\":\"https:\/\/www.omis.net\/it-it\/#website\"},\"primaryImageOfPage\":{\"@id\":\"https:\/\/www.omis.net\/de-de\/produkt\/saulenschwenkkran-mit-freitragendem-ausleger-und-elektrischer-360-drehung-auf-drehkranz\/#primaryimage\"},\"image\":{\"@id\":\"https:\/\/www.omis.net\/de-de\/produkt\/saulenschwenkkran-mit-freitragendem-ausleger-und-elektrischer-360-drehung-auf-drehkranz\/#primaryimage\"},\"thumbnailUrl\":\"https:\/\/media.omis.net\/media\/2024\/12\/jib-crane-be-box-type-5000kg-front-3d-omis-scaled.webp\",\"datePublished\":\"2024-12-18T09:58:40+00:00\",\"dateModified\":\"2025-02-03T12:06:41+00:00\",\"description\":\"Der Schwenkkran mit elektrischer 360\u00b0-Endlosdrehung und Drehverteiler ist eine fortschrittliche L\u00f6sung f\u00fcr den Umschlag schwerer Lasten und im Vergleich zu Kranen mit 270\u00b0-Drehbegrenzung flexibler einsetzbar. Mit einem robusten Doppel-T-Ausleger erm\u00f6glicht er pr\u00e4zise Bewegungen in industriellen Umgebungen. Mehr erfahren.\",\"breadcrumb\":{\"@id\":\"https:\/\/www.omis.net\/de-de\/produkt\/saulenschwenkkran-mit-freitragendem-ausleger-und-elektrischer-360-drehung-auf-drehkranz\/#breadcrumb\"},\"inLanguage\":\"de-de\",\"potentialAction\":[{\"@type\":\"ReadAction\",\"target\":[\"https:\/\/www.omis.net\/de-de\/produkt\/saulenschwenkkran-mit-freitragendem-ausleger-und-elektrischer-360-drehung-auf-drehkranz\/\"]}]},{\"@type\":\"ImageObject\",\"inLanguage\":\"de-de\",\"@id\":\"https:\/\/www.omis.net\/de-de\/produkt\/saulenschwenkkran-mit-freitragendem-ausleger-und-elektrischer-360-drehung-auf-drehkranz\/#primaryimage\",\"url\":\"https:\/\/media.omis.net\/media\/2024\/12\/jib-crane-be-box-type-5000kg-front-3d-omis-scaled.webp\",\"contentUrl\":\"https:\/\/media.omis.net\/media\/2024\/12\/jib-crane-be-box-type-5000kg-front-3d-omis-scaled.webp\",\"width\":2560,\"height\":1440,\"caption\":\"products and configurations - Jib crane be box type 5000kg front 3d Omis\"},{\"@type\":\"BreadcrumbList\",\"@id\":\"https:\/\/www.omis.net\/de-de\/produkt\/saulenschwenkkran-mit-freitragendem-ausleger-und-elektrischer-360-drehung-auf-drehkranz\/#breadcrumb\",\"itemListElement\":[{\"@type\":\"ListItem\",\"position\":1,\"name\":\"Home\",\"item\":\"https:\/\/www.omis.net\/de-de\/homepage\/\"},{\"@type\":\"ListItem\",\"position\":2,\"name\":\"S\u00e4ulenschwenkkran mit freitragendem ausleger und elektrischer 360\u00b0-drehung auf drehkranz\"}]},{\"@type\":\"WebSite\",\"@id\":\"https:\/\/www.omis.net\/it-it\/#website\",\"url\":\"https:\/\/www.omis.net\/it-it\/\",\"name\":\"Omis Spa\",\"description\":\"Movimentazione e sollevamento\",\"publisher\":{\"@id\":\"https:\/\/www.omis.net\/it-it\/#organization\"},\"potentialAction\":[{\"@type\":\"SearchAction\",\"target\":{\"@type\":\"EntryPoint\",\"urlTemplate\":\"https:\/\/www.omis.net\/it-it\/?s={search_term_string}\"},\"query-input\":{\"@type\":\"PropertyValueSpecification\",\"valueRequired\":true,\"valueName\":\"search_term_string\"}}],\"inLanguage\":\"de-de\"},{\"@type\":\"Organization\",\"@id\":\"https:\/\/www.omis.net\/it-it\/#organization\",\"name\":\"Omis Spa\",\"url\":\"https:\/\/www.omis.net\/it-it\/\",\"logo\":{\"@type\":\"ImageObject\",\"inLanguage\":\"de-de\",\"@id\":\"https:\/\/www.omis.net\/it-it\/#\/schema\/logo\/image\/\",\"url\":\"https:\/\/media.omis.net\/media\/2024\/08\/logo.jpg\",\"contentUrl\":\"https:\/\/media.omis.net\/media\/2024\/08\/logo.jpg\",\"width\":300,\"height\":300,\"caption\":\"Omis Spa\"},\"image\":{\"@id\":\"https:\/\/www.omis.net\/it-it\/#\/schema\/logo\/image\/\"},\"sameAs\":[\"https:\/\/www.facebook.com\/omisgroup\",\"https:\/\/www.linkedin.com\/company\/omis-group\",\"https:\/\/www.youtube.com\/channel\/UCS4L59XDk3kKBI9MnjuxWDw\",\"https:\/\/www.instagram.com\/omisgroup\"]}]}<\/script>\n<!-- \/ Yoast SEO plugin. -->","yoast_head_json":{"title":"S\u00e4ulenschwenkkran mit elektrischer 360\u00b0-Endlosdrehung | OMIS","description":"Der Schwenkkran mit elektrischer 360\u00b0-Endlosdrehung und Drehverteiler ist eine fortschrittliche L\u00f6sung f\u00fcr den Umschlag schwerer Lasten und im Vergleich zu Kranen mit 270\u00b0-Drehbegrenzung flexibler einsetzbar. Mit einem robusten Doppel-T-Ausleger erm\u00f6glicht er pr\u00e4zise Bewegungen in industriellen Umgebungen. Mehr erfahren.","robots":{"index":"index","follow":"follow","max-snippet":"max-snippet:-1","max-image-preview":"max-image-preview:large","max-video-preview":"max-video-preview:-1"},"og_locale":"de_DE","og_type":"article","og_title":"S\u00e4ulenschwenkkran mit elektrischer 360\u00b0-Endlosdrehung | OMIS","og_description":"Der Schwenkkran mit elektrischer 360\u00b0-Endlosdrehung und Drehverteiler ist eine fortschrittliche L\u00f6sung f\u00fcr den Umschlag schwerer Lasten und im Vergleich zu Kranen mit 270\u00b0-Drehbegrenzung flexibler einsetzbar. Mit einem robusten Doppel-T-Ausleger erm\u00f6glicht er pr\u00e4zise Bewegungen in industriellen Umgebungen. Mehr erfahren.","og_url":"https:\/\/www.omis.net\/de-de\/produkt\/saulenschwenkkran-mit-freitragendem-ausleger-und-elektrischer-360-drehung-auf-drehkranz\/","og_site_name":"Omis Spa","article_publisher":"https:\/\/www.facebook.com\/omisgroup","article_modified_time":"2025-02-03T12:06:41+00:00","og_image":[{"width":2560,"height":1440,"url":"https:\/\/media.omis.net\/media\/2024\/12\/jib-crane-be-box-type-5000kg-front-3d-omis-scaled.webp","type":"image\/webp"}],"twitter_card":"summary_large_image","twitter_misc":{"Est. reading time":"1 minute"},"schema":{"@context":"https:\/\/schema.org","@graph":[{"@type":"WebPage","@id":"https:\/\/www.omis.net\/de-de\/produkt\/saulenschwenkkran-mit-freitragendem-ausleger-und-elektrischer-360-drehung-auf-drehkranz\/","url":"https:\/\/www.omis.net\/de-de\/produkt\/saulenschwenkkran-mit-freitragendem-ausleger-und-elektrischer-360-drehung-auf-drehkranz\/","name":"S\u00e4ulenschwenkkran mit elektrischer 360\u00b0-Endlosdrehung | OMIS","isPartOf":{"@id":"https:\/\/www.omis.net\/it-it\/#website"},"primaryImageOfPage":{"@id":"https:\/\/www.omis.net\/de-de\/produkt\/saulenschwenkkran-mit-freitragendem-ausleger-und-elektrischer-360-drehung-auf-drehkranz\/#primaryimage"},"image":{"@id":"https:\/\/www.omis.net\/de-de\/produkt\/saulenschwenkkran-mit-freitragendem-ausleger-und-elektrischer-360-drehung-auf-drehkranz\/#primaryimage"},"thumbnailUrl":"https:\/\/media.omis.net\/media\/2024\/12\/jib-crane-be-box-type-5000kg-front-3d-omis-scaled.webp","datePublished":"2024-12-18T09:58:40+00:00","dateModified":"2025-02-03T12:06:41+00:00","description":"Der Schwenkkran mit elektrischer 360\u00b0-Endlosdrehung und Drehverteiler ist eine fortschrittliche L\u00f6sung f\u00fcr den Umschlag schwerer Lasten und im Vergleich zu Kranen mit 270\u00b0-Drehbegrenzung flexibler einsetzbar. Mit einem robusten Doppel-T-Ausleger erm\u00f6glicht er pr\u00e4zise Bewegungen in industriellen Umgebungen. Mehr erfahren.","breadcrumb":{"@id":"https:\/\/www.omis.net\/de-de\/produkt\/saulenschwenkkran-mit-freitragendem-ausleger-und-elektrischer-360-drehung-auf-drehkranz\/#breadcrumb"},"inLanguage":"de-de","potentialAction":[{"@type":"ReadAction","target":["https:\/\/www.omis.net\/de-de\/produkt\/saulenschwenkkran-mit-freitragendem-ausleger-und-elektrischer-360-drehung-auf-drehkranz\/"]}]},{"@type":"ImageObject","inLanguage":"de-de","@id":"https:\/\/www.omis.net\/de-de\/produkt\/saulenschwenkkran-mit-freitragendem-ausleger-und-elektrischer-360-drehung-auf-drehkranz\/#primaryimage","url":"https:\/\/media.omis.net\/media\/2024\/12\/jib-crane-be-box-type-5000kg-front-3d-omis-scaled.webp","contentUrl":"https:\/\/media.omis.net\/media\/2024\/12\/jib-crane-be-box-type-5000kg-front-3d-omis-scaled.webp","width":2560,"height":1440,"caption":"products and configurations - Jib crane be box type 5000kg front 3d Omis"},{"@type":"BreadcrumbList","@id":"https:\/\/www.omis.net\/de-de\/produkt\/saulenschwenkkran-mit-freitragendem-ausleger-und-elektrischer-360-drehung-auf-drehkranz\/#breadcrumb","itemListElement":[{"@type":"ListItem","position":1,"name":"Home","item":"https:\/\/www.omis.net\/de-de\/homepage\/"},{"@type":"ListItem","position":2,"name":"S\u00e4ulenschwenkkran mit freitragendem ausleger und elektrischer 360\u00b0-drehung auf drehkranz"}]},{"@type":"WebSite","@id":"https:\/\/www.omis.net\/it-it\/#website","url":"https:\/\/www.omis.net\/it-it\/","name":"Omis Spa","description":"Movimentazione e sollevamento","publisher":{"@id":"https:\/\/www.omis.net\/it-it\/#organization"},"potentialAction":[{"@type":"SearchAction","target":{"@type":"EntryPoint","urlTemplate":"https:\/\/www.omis.net\/it-it\/?s={search_term_string}"},"query-input":{"@type":"PropertyValueSpecification","valueRequired":true,"valueName":"search_term_string"}}],"inLanguage":"de-de"},{"@type":"Organization","@id":"https:\/\/www.omis.net\/it-it\/#organization","name":"Omis Spa","url":"https:\/\/www.omis.net\/it-it\/","logo":{"@type":"ImageObject","inLanguage":"de-de","@id":"https:\/\/www.omis.net\/it-it\/#\/schema\/logo\/image\/","url":"https:\/\/media.omis.net\/media\/2024\/08\/logo.jpg","contentUrl":"https:\/\/media.omis.net\/media\/2024\/08\/logo.jpg","width":300,"height":300,"caption":"Omis Spa"},"image":{"@id":"https:\/\/www.omis.net\/it-it\/#\/schema\/logo\/image\/"},"sameAs":["https:\/\/www.facebook.com\/omisgroup","https:\/\/www.linkedin.com\/company\/omis-group","https:\/\/www.youtube.com\/channel\/UCS4L59XDk3kKBI9MnjuxWDw","https:\/\/www.instagram.com\/omisgroup"]}]}},"_links":{"self":[{"href":"https:\/\/www.omis.net\/de-de\/wp-json\/wp\/v2\/product\/7344"}],"collection":[{"href":"https:\/\/www.omis.net\/de-de\/wp-json\/wp\/v2\/product"}],"about":[{"href":"https:\/\/www.omis.net\/de-de\/wp-json\/wp\/v2\/types\/product"}],"acf:attachment":[{"embeddable":true,"href":"https:\/\/www.omis.net\/de-de\/wp-json\/wp\/v2\/media\/12450"},{"embeddable":true,"href":"https:\/\/www.omis.net\/de-de\/wp-json\/wp\/v2\/media\/12443"},{"embeddable":true,"href":"https:\/\/www.omis.net\/de-de\/wp-json\/wp\/v2\/media\/12457"},{"embeddable":true,"href":"https:\/\/www.omis.net\/de-de\/wp-json\/wp\/v2\/media\/12435"}],"wp:featuredmedia":[{"embeddable":true,"href":"https:\/\/www.omis.net\/de-de\/wp-json\/wp\/v2\/media\/16185"}],"wp:attachment":[{"href":"https:\/\/www.omis.net\/de-de\/wp-json\/wp\/v2\/media?parent=7344"}],"wp:term":[{"taxonomy":"caratteristica-prodotto","embeddable":true,"href":"https:\/\/www.omis.net\/de-de\/wp-json\/wp\/v2\/caratteristica-prodotto?post=7344"},{"taxonomy":"tipologia-prodotto","embeddable":true,"href":"https:\/\/www.omis.net\/de-de\/wp-json\/wp\/v2\/tipologia-prodotto?post=7344"}],"curies":[{"name":"wp","href":"https:\/\/api.w.org\/{rel}","templated":true}]}}