{"id":7343,"date":"2024-12-18T10:58:05","date_gmt":"2024-12-18T09:58:05","guid":{"rendered":"http:\/\/bedrock.local\/product\/c2te-2\/"},"modified":"2025-02-03T13:05:41","modified_gmt":"2025-02-03T12:05:41","slug":"saulenschwenkkran-mit-abgestutztem-ausleger-und-elektrischer-270-drehung","status":"publish","type":"product","link":"https:\/\/www.omis.net\/de-de\/produkt\/saulenschwenkkran-mit-abgestutztem-ausleger-und-elektrischer-270-drehung\/","title":{"rendered":"S\u00e4ulenschwenkkran mit abgest\u00fctztem ausleger und elektrischer 270\u00b0-drehung"},"content":{"rendered":"","protected":false},"featured_media":12492,"parent":0,"template":"","caratteristica-prodotto":[1010],"tipologia-prodotto":[706,712,718],"class_list":["post-7343","product","type-product","status-publish","has-post-thumbnail","hentry","caratteristica-prodotto-elektrische-drehung","tipologia-prodotto-arbeitsplatzkraene","tipologia-prodotto-schwenkkrane","tipologia-prodotto-saeulenausfuehrung"],"acf":{"import_csv_id":"22","prodotto_generale_sku":"C2TE","prodotto_listing_card_descrizione":"Der S\u00e4ulenschwenkkran erm\u00f6glicht dank Abspanntr\u00e4gern und elektrischer Drehung selbst bei beachtlichen Ausladungen das Heben und Bewegen von Lasten bis zu 2.000 kg.","prodotto_listing_card_caratteristiche":null,"prodotto_page_gradient_hero":false,"prodotto_page_titolo_hero":"Leistung und Vielseitigkeit f\u00fcr gro\u00dfe Lasten und Ausladungen.","prodotto_page_gallery_hero":[12499],"prodotto_page_descrizione_3_colonne_posizione":false,"prodotto_page_descrizione_3_colonne":[{"valore":"2000","unita_di_misura":"kg","etichetta":"Maximale Tragf\u00e4higkeit"},{"valore":"8","unita_di_misura":"m","etichetta":"Maximale Ausladung"},{"valore":"270\u00b0","unita_di_misura":"","etichetta":"Schwenkbereich"}],"prodotto_page_descrizione_titolo":"S\u00e4ulenschwenkkran mit abgest\u00fctztem Ausleger und elektrischer 270\u00b0-Drehung","prodotto_page_descrizione_3_colonne_testo":"<strong>Der S\u00e4ulenschwenkkran mit abgest\u00fctztem Ausleger und elektrischer 270\u00b0-Drehung ist eine ausgezeichnete L\u00f6sung f\u00fcr die Handhabung von Lasten, wenn die Schubkr\u00e4fte oder das Lastgewicht f\u00fcr einen Kran mit manueller Drehung zu hoch sind. Dieser Krantyp ist so konzipiert, dass er Hindernisse entlang der Lauffl\u00e4che \u00fcberwindet und auch an schwer zug\u00e4nglichen Arbeitspl\u00e4tzen sicher und effizient einsetzbar ist.<\/strong>\r\n\r\nDie Auslegerdrehung erfolgt \u00fcber einen direkt mit dem Drehzapfen verbundenen Getriebemotor und wird mittels Inverter gesteuert. Das Planetengetriebe wird von einem selbstbremsenden Elektromotor mit Sanftanlauf angetrieben, der eine fl\u00fcssige und kontrollierte Auslegerbewegung garantiert. Die Stromzuleitung der Laufkatze besteht aus flexiblen Kabeln, die an unter dem Ausleger fahrenden Laufwagen aufgeh\u00e4ngt sind und so ein H\u00f6chstma\u00df an Betriebssicherheit gew\u00e4hrleisten. Die Steuerflasche wird am Hebezeug h\u00e4ngend oder unabh\u00e4ngig verfahrbar geliefert und erm\u00f6glicht eine pr\u00e4zise und komfortable Steuerung der Hebe- und Transportvorg\u00e4nge. Zur Begrenzung des Schwenkbereichs des Auslegers k\u00f6nnen Schwenkbegrenzungen installiert werden, um die Sicherheit des Systems zus\u00e4tzlich zu erh\u00f6hen. Unter den OMIS-Schwenkkranen mit elektrischer Drehung macht die Verwendung von Abspanntr\u00e4gern diese Version besonders robust und zuverl\u00e4ssig, ideal f\u00fcr Anwendungen mit gr\u00f6\u00dferen Traglasten und Ausladungen als bei den Versionen mit freitragenden Auslegern.","prodotto_page_descrizione_titolo_vantaggi":"Vorteile des S\u00e4ulenschwenkkrans mit abgest\u00fctztem Ausleger und elektrischer 270\u00b0-Drehung","prodotto_page_descrizione_vantaggi":[{"titolo":"F\u00fcr hohe Traglasten und Ausladungen","testo":"","link":"","archivio_prodotti":null},{"titolo":"Vielseitig einsetzbar","testo":"","link":"","archivio_prodotti":null},{"titolo":"Bedienerfreundlich","testo":"","link":"","archivio_prodotti":null},{"titolo":"Erh\u00f6hte Produktivit\u00e4t und Sicherheit","testo":"","link":"","archivio_prodotti":null}],"prodotto_page_tabs_dati_tecnici":[{"etichetta":"Tragf\u00e4higkeit","valore":"125 kg - 2000 kg"},{"etichetta":"Ausladung","valore":"Bis zu 8 m je nach Tragf\u00e4higkeit"},{"etichetta":"Auslegerprofil","valore":"Doppel-T-Profiltr\u00e4ger mit Abspanntr\u00e4gern"},{"etichetta":"Schwenkbereich","valore":"270\u00b0 mit vor Ort einstellbarem Drehstopp bei bauseitigen Einschr\u00e4nkungen"},{"etichetta":"Schwenkbereich","valore":"Elektrisch"},{"etichetta":"Umfangsgeschwindigkeit","valore":"~18 m\/min"},{"etichetta":"S\u00e4ule","valore":"Rundstahlrohr. Es hat an einem Ende eine gelochte Grundplatte zur Befestigung an der Basis mittels chemischen D\u00fcbeln oder Ankerbolzen und am anderen Ende zwei Platten, eine obere und eine mittlere zum St\u00fctzen des Auslegers."},{"etichetta":"Hebezeug","valore":"Elektrokettenzug zum Heben der Last mit einer oder zwei Hubgeschwindigkeiten, mit elektrischer oder mechanischer Laufkatze oder Schiebefahrwerk."},{"etichetta":"Bremsvorrichtung","valore":"Sie besteht aus einer \u00fcber eine Schraube einstellbare Reibungsbremse, erm\u00f6glicht die Einstellung der Schwenkkraft des Auslegers und gew\u00e4hrleistet die Standsicherheit."}],"prodotto_page_tabs_optionals":[{"titolo":"Kundenspezifische Lackierung","testo":"Die Farbe der Lackierung kann an spezielle Bed\u00fcrfnisse, Design- oder Branding-Anforderungen angepasst werden.","immagine":null}],"prodotto_page_tabs_downloads":null,"prodotto_page_gallery":[12507,12521,12528,12514],"prodotto_page_customer_story_titolo":"","prodotto_page_customer_story_list":null,"prodotto_page_applicazioni_list":"- Agricoltura e Alimentare\r\n- Manifatturiero\r\n- Energetico\r\n- Edile e delle costruzioni\r\n- Tecnologie dell'informazione e ICT\r\n- Trasporti e logistica\r\n- Commercio al dettaglio\r\n- Culturale e dell'intrattenimento\r\n- Ambientale e della sostenibilit\u00e0\r\n- Ricerca e sviluppo\r\n- Arti e Artigianato","prodotto_page_faq_list":null,"prodotto_page_testo_prodotti_correlati":"<h2>\u00c4hnliche Produkte<\/h2>\r\nEntdecken Sie auch diese Produkte und finden Sie andere f\u00fcr Sie geeignete L\u00f6sungen.","prodotto_page_lista_prodotti_correlati":"- CTE\r\n- BE\r\n- BILIF","prodotto_page_titolo_componenti_3d":"","prodotto_page_immagine_iniziale_componenti_3d":null,"prodotto_page_lista_componenti_3d":null,"prodotto_page_titolo_slider_configurazioni":"Produkt und Konfigurationen","prodotto_page_lista_immgini_slider_configurazioni":[{"etichetta":"Vorderansicht","immagine":12542},{"etichetta":"Ansicht von oben","immagine":12549},{"etichetta":"Perspektive","immagine":12535}],"prodotto_page_titolo_slider_configurazioni_2":"<h2><\/h2>","prodotto_page_lista_immgini_slider_configurazioni_2":null,"seo_title":"S\u00e4ulenschwenkkran mit elektrischer Drehung bis zu 270\u00b0 mit abgest\u00fctztem Ausleger | OMIS","seo_description":"Der S\u00e4ulenschwenkkran mit abgest\u00fctztem Ausleger und elektrischer 270\u00b0-Drehung eignet sich ideal f\u00fcr schwere Lasten und schwierige Umgebungen. Der Getriebemotor mit Inverter sorgt f\u00fcr fl\u00fcssige Bewegungen. Die flexiblen Kabel unter dem Ausleger gew\u00e4hrleisten die Stromversorgung des Hebezeugs. Die Steuerflasche erm\u00f6glicht eine pr\u00e4zise Steuerung. Schwenkbegrenzungen erh\u00f6hen die Sicherheit. Mehr erfahren."},"yoast_head":"<!-- This site is optimized with the Yoast SEO plugin v23.9 - https:\/\/yoast.com\/wordpress\/plugins\/seo\/ -->\n<title>S\u00e4ulenschwenkkran mit elektrischer Drehung bis zu 270\u00b0 mit abgest\u00fctztem Ausleger | OMIS<\/title>\n<meta name=\"description\" content=\"Der S\u00e4ulenschwenkkran mit abgest\u00fctztem Ausleger und elektrischer 270\u00b0-Drehung eignet sich ideal f\u00fcr schwere Lasten und schwierige Umgebungen. Der Getriebemotor mit Inverter sorgt f\u00fcr fl\u00fcssige Bewegungen. Die flexiblen Kabel unter dem Ausleger gew\u00e4hrleisten die Stromversorgung des Hebezeugs. Die Steuerflasche erm\u00f6glicht eine pr\u00e4zise Steuerung. Schwenkbegrenzungen erh\u00f6hen die Sicherheit. Mehr erfahren.\" \/>\n<meta name=\"robots\" content=\"index, follow, max-snippet:-1, max-image-preview:large, max-video-preview:-1\" \/>\n<meta property=\"og:locale\" content=\"de_DE\" \/>\n<meta property=\"og:type\" content=\"article\" \/>\n<meta property=\"og:title\" content=\"S\u00e4ulenschwenkkran mit elektrischer Drehung bis zu 270\u00b0 mit abgest\u00fctztem Ausleger | OMIS\" \/>\n<meta property=\"og:description\" content=\"Der S\u00e4ulenschwenkkran mit abgest\u00fctztem Ausleger und elektrischer 270\u00b0-Drehung eignet sich ideal f\u00fcr schwere Lasten und schwierige Umgebungen. Der Getriebemotor mit Inverter sorgt f\u00fcr fl\u00fcssige Bewegungen. Die flexiblen Kabel unter dem Ausleger gew\u00e4hrleisten die Stromversorgung des Hebezeugs. Die Steuerflasche erm\u00f6glicht eine pr\u00e4zise Steuerung. Schwenkbegrenzungen erh\u00f6hen die Sicherheit. Mehr erfahren.\" \/>\n<meta property=\"og:url\" content=\"https:\/\/www.omis.net\/de-de\/produkt\/saulenschwenkkran-mit-abgestutztem-ausleger-und-elektrischer-270-drehung\/\" \/>\n<meta property=\"og:site_name\" content=\"Omis Spa\" \/>\n<meta property=\"article:publisher\" content=\"https:\/\/www.facebook.com\/omisgroup\" \/>\n<meta property=\"article:modified_time\" content=\"2025-02-03T12:05:41+00:00\" \/>\n<meta property=\"og:image\" content=\"https:\/\/media.omis.net\/media\/2024\/12\/profile-c2tejib-crane-c2te-500kg-front-3d-omis-scaled.webp\" \/>\n\t<meta property=\"og:image:width\" content=\"2560\" \/>\n\t<meta property=\"og:image:height\" content=\"1440\" \/>\n\t<meta property=\"og:image:type\" content=\"image\/webp\" \/>\n<meta name=\"twitter:card\" content=\"summary_large_image\" \/>\n<meta name=\"twitter:label1\" content=\"Est. reading time\" \/>\n\t<meta name=\"twitter:data1\" content=\"1 minute\" \/>\n<script type=\"application\/ld+json\" class=\"yoast-schema-graph\">{\"@context\":\"https:\/\/schema.org\",\"@graph\":[{\"@type\":\"WebPage\",\"@id\":\"https:\/\/www.omis.net\/de-de\/produkt\/saulenschwenkkran-mit-abgestutztem-ausleger-und-elektrischer-270-drehung\/\",\"url\":\"https:\/\/www.omis.net\/de-de\/produkt\/saulenschwenkkran-mit-abgestutztem-ausleger-und-elektrischer-270-drehung\/\",\"name\":\"S\u00e4ulenschwenkkran mit elektrischer Drehung bis zu 270\u00b0 mit abgest\u00fctztem Ausleger | OMIS\",\"isPartOf\":{\"@id\":\"https:\/\/www.omis.net\/it-it\/#website\"},\"primaryImageOfPage\":{\"@id\":\"https:\/\/www.omis.net\/de-de\/produkt\/saulenschwenkkran-mit-abgestutztem-ausleger-und-elektrischer-270-drehung\/#primaryimage\"},\"image\":{\"@id\":\"https:\/\/www.omis.net\/de-de\/produkt\/saulenschwenkkran-mit-abgestutztem-ausleger-und-elektrischer-270-drehung\/#primaryimage\"},\"thumbnailUrl\":\"https:\/\/media.omis.net\/media\/2024\/12\/profile-c2tejib-crane-c2te-500kg-front-3d-omis-scaled.webp\",\"datePublished\":\"2024-12-18T09:58:05+00:00\",\"dateModified\":\"2025-02-03T12:05:41+00:00\",\"description\":\"Der S\u00e4ulenschwenkkran mit abgest\u00fctztem Ausleger und elektrischer 270\u00b0-Drehung eignet sich ideal f\u00fcr schwere Lasten und schwierige Umgebungen. Der Getriebemotor mit Inverter sorgt f\u00fcr fl\u00fcssige Bewegungen. Die flexiblen Kabel unter dem Ausleger gew\u00e4hrleisten die Stromversorgung des Hebezeugs. Die Steuerflasche erm\u00f6glicht eine pr\u00e4zise Steuerung. Schwenkbegrenzungen erh\u00f6hen die Sicherheit. Mehr erfahren.\",\"breadcrumb\":{\"@id\":\"https:\/\/www.omis.net\/de-de\/produkt\/saulenschwenkkran-mit-abgestutztem-ausleger-und-elektrischer-270-drehung\/#breadcrumb\"},\"inLanguage\":\"de-de\",\"potentialAction\":[{\"@type\":\"ReadAction\",\"target\":[\"https:\/\/www.omis.net\/de-de\/produkt\/saulenschwenkkran-mit-abgestutztem-ausleger-und-elektrischer-270-drehung\/\"]}]},{\"@type\":\"ImageObject\",\"inLanguage\":\"de-de\",\"@id\":\"https:\/\/www.omis.net\/de-de\/produkt\/saulenschwenkkran-mit-abgestutztem-ausleger-und-elektrischer-270-drehung\/#primaryimage\",\"url\":\"https:\/\/media.omis.net\/media\/2024\/12\/profile-c2tejib-crane-c2te-500kg-front-3d-omis-scaled.webp\",\"contentUrl\":\"https:\/\/media.omis.net\/media\/2024\/12\/profile-c2tejib-crane-c2te-500kg-front-3d-omis-scaled.webp\",\"width\":2560,\"height\":1440,\"caption\":\"header - Profile c2tejib crane c2te 500kg front 3d Omis\"},{\"@type\":\"BreadcrumbList\",\"@id\":\"https:\/\/www.omis.net\/de-de\/produkt\/saulenschwenkkran-mit-abgestutztem-ausleger-und-elektrischer-270-drehung\/#breadcrumb\",\"itemListElement\":[{\"@type\":\"ListItem\",\"position\":1,\"name\":\"Home\",\"item\":\"https:\/\/www.omis.net\/de-de\/homepage\/\"},{\"@type\":\"ListItem\",\"position\":2,\"name\":\"S\u00e4ulenschwenkkran mit abgest\u00fctztem ausleger und elektrischer 270\u00b0-drehung\"}]},{\"@type\":\"WebSite\",\"@id\":\"https:\/\/www.omis.net\/it-it\/#website\",\"url\":\"https:\/\/www.omis.net\/it-it\/\",\"name\":\"Omis Spa\",\"description\":\"Movimentazione e sollevamento\",\"publisher\":{\"@id\":\"https:\/\/www.omis.net\/it-it\/#organization\"},\"potentialAction\":[{\"@type\":\"SearchAction\",\"target\":{\"@type\":\"EntryPoint\",\"urlTemplate\":\"https:\/\/www.omis.net\/it-it\/?s={search_term_string}\"},\"query-input\":{\"@type\":\"PropertyValueSpecification\",\"valueRequired\":true,\"valueName\":\"search_term_string\"}}],\"inLanguage\":\"de-de\"},{\"@type\":\"Organization\",\"@id\":\"https:\/\/www.omis.net\/it-it\/#organization\",\"name\":\"Omis Spa\",\"url\":\"https:\/\/www.omis.net\/it-it\/\",\"logo\":{\"@type\":\"ImageObject\",\"inLanguage\":\"de-de\",\"@id\":\"https:\/\/www.omis.net\/it-it\/#\/schema\/logo\/image\/\",\"url\":\"https:\/\/media.omis.net\/media\/2024\/08\/logo.jpg\",\"contentUrl\":\"https:\/\/media.omis.net\/media\/2024\/08\/logo.jpg\",\"width\":300,\"height\":300,\"caption\":\"Omis Spa\"},\"image\":{\"@id\":\"https:\/\/www.omis.net\/it-it\/#\/schema\/logo\/image\/\"},\"sameAs\":[\"https:\/\/www.facebook.com\/omisgroup\",\"https:\/\/www.linkedin.com\/company\/omis-group\",\"https:\/\/www.youtube.com\/channel\/UCS4L59XDk3kKBI9MnjuxWDw\",\"https:\/\/www.instagram.com\/omisgroup\"]}]}<\/script>\n<!-- \/ Yoast SEO plugin. -->","yoast_head_json":{"title":"S\u00e4ulenschwenkkran mit elektrischer Drehung bis zu 270\u00b0 mit abgest\u00fctztem Ausleger | OMIS","description":"Der S\u00e4ulenschwenkkran mit abgest\u00fctztem Ausleger und elektrischer 270\u00b0-Drehung eignet sich ideal f\u00fcr schwere Lasten und schwierige Umgebungen. Der Getriebemotor mit Inverter sorgt f\u00fcr fl\u00fcssige Bewegungen. Die flexiblen Kabel unter dem Ausleger gew\u00e4hrleisten die Stromversorgung des Hebezeugs. Die Steuerflasche erm\u00f6glicht eine pr\u00e4zise Steuerung. Schwenkbegrenzungen erh\u00f6hen die Sicherheit. Mehr erfahren.","robots":{"index":"index","follow":"follow","max-snippet":"max-snippet:-1","max-image-preview":"max-image-preview:large","max-video-preview":"max-video-preview:-1"},"og_locale":"de_DE","og_type":"article","og_title":"S\u00e4ulenschwenkkran mit elektrischer Drehung bis zu 270\u00b0 mit abgest\u00fctztem Ausleger | OMIS","og_description":"Der S\u00e4ulenschwenkkran mit abgest\u00fctztem Ausleger und elektrischer 270\u00b0-Drehung eignet sich ideal f\u00fcr schwere Lasten und schwierige Umgebungen. Der Getriebemotor mit Inverter sorgt f\u00fcr fl\u00fcssige Bewegungen. Die flexiblen Kabel unter dem Ausleger gew\u00e4hrleisten die Stromversorgung des Hebezeugs. Die Steuerflasche erm\u00f6glicht eine pr\u00e4zise Steuerung. Schwenkbegrenzungen erh\u00f6hen die Sicherheit. Mehr erfahren.","og_url":"https:\/\/www.omis.net\/de-de\/produkt\/saulenschwenkkran-mit-abgestutztem-ausleger-und-elektrischer-270-drehung\/","og_site_name":"Omis Spa","article_publisher":"https:\/\/www.facebook.com\/omisgroup","article_modified_time":"2025-02-03T12:05:41+00:00","og_image":[{"width":2560,"height":1440,"url":"https:\/\/media.omis.net\/media\/2024\/12\/profile-c2tejib-crane-c2te-500kg-front-3d-omis-scaled.webp","type":"image\/webp"}],"twitter_card":"summary_large_image","twitter_misc":{"Est. reading time":"1 minute"},"schema":{"@context":"https:\/\/schema.org","@graph":[{"@type":"WebPage","@id":"https:\/\/www.omis.net\/de-de\/produkt\/saulenschwenkkran-mit-abgestutztem-ausleger-und-elektrischer-270-drehung\/","url":"https:\/\/www.omis.net\/de-de\/produkt\/saulenschwenkkran-mit-abgestutztem-ausleger-und-elektrischer-270-drehung\/","name":"S\u00e4ulenschwenkkran mit elektrischer Drehung bis zu 270\u00b0 mit abgest\u00fctztem Ausleger | OMIS","isPartOf":{"@id":"https:\/\/www.omis.net\/it-it\/#website"},"primaryImageOfPage":{"@id":"https:\/\/www.omis.net\/de-de\/produkt\/saulenschwenkkran-mit-abgestutztem-ausleger-und-elektrischer-270-drehung\/#primaryimage"},"image":{"@id":"https:\/\/www.omis.net\/de-de\/produkt\/saulenschwenkkran-mit-abgestutztem-ausleger-und-elektrischer-270-drehung\/#primaryimage"},"thumbnailUrl":"https:\/\/media.omis.net\/media\/2024\/12\/profile-c2tejib-crane-c2te-500kg-front-3d-omis-scaled.webp","datePublished":"2024-12-18T09:58:05+00:00","dateModified":"2025-02-03T12:05:41+00:00","description":"Der S\u00e4ulenschwenkkran mit abgest\u00fctztem Ausleger und elektrischer 270\u00b0-Drehung eignet sich ideal f\u00fcr schwere Lasten und schwierige Umgebungen. Der Getriebemotor mit Inverter sorgt f\u00fcr fl\u00fcssige Bewegungen. Die flexiblen Kabel unter dem Ausleger gew\u00e4hrleisten die Stromversorgung des Hebezeugs. Die Steuerflasche erm\u00f6glicht eine pr\u00e4zise Steuerung. Schwenkbegrenzungen erh\u00f6hen die Sicherheit. Mehr erfahren.","breadcrumb":{"@id":"https:\/\/www.omis.net\/de-de\/produkt\/saulenschwenkkran-mit-abgestutztem-ausleger-und-elektrischer-270-drehung\/#breadcrumb"},"inLanguage":"de-de","potentialAction":[{"@type":"ReadAction","target":["https:\/\/www.omis.net\/de-de\/produkt\/saulenschwenkkran-mit-abgestutztem-ausleger-und-elektrischer-270-drehung\/"]}]},{"@type":"ImageObject","inLanguage":"de-de","@id":"https:\/\/www.omis.net\/de-de\/produkt\/saulenschwenkkran-mit-abgestutztem-ausleger-und-elektrischer-270-drehung\/#primaryimage","url":"https:\/\/media.omis.net\/media\/2024\/12\/profile-c2tejib-crane-c2te-500kg-front-3d-omis-scaled.webp","contentUrl":"https:\/\/media.omis.net\/media\/2024\/12\/profile-c2tejib-crane-c2te-500kg-front-3d-omis-scaled.webp","width":2560,"height":1440,"caption":"header - Profile c2tejib crane c2te 500kg front 3d Omis"},{"@type":"BreadcrumbList","@id":"https:\/\/www.omis.net\/de-de\/produkt\/saulenschwenkkran-mit-abgestutztem-ausleger-und-elektrischer-270-drehung\/#breadcrumb","itemListElement":[{"@type":"ListItem","position":1,"name":"Home","item":"https:\/\/www.omis.net\/de-de\/homepage\/"},{"@type":"ListItem","position":2,"name":"S\u00e4ulenschwenkkran mit abgest\u00fctztem ausleger und elektrischer 270\u00b0-drehung"}]},{"@type":"WebSite","@id":"https:\/\/www.omis.net\/it-it\/#website","url":"https:\/\/www.omis.net\/it-it\/","name":"Omis Spa","description":"Movimentazione e sollevamento","publisher":{"@id":"https:\/\/www.omis.net\/it-it\/#organization"},"potentialAction":[{"@type":"SearchAction","target":{"@type":"EntryPoint","urlTemplate":"https:\/\/www.omis.net\/it-it\/?s={search_term_string}"},"query-input":{"@type":"PropertyValueSpecification","valueRequired":true,"valueName":"search_term_string"}}],"inLanguage":"de-de"},{"@type":"Organization","@id":"https:\/\/www.omis.net\/it-it\/#organization","name":"Omis Spa","url":"https:\/\/www.omis.net\/it-it\/","logo":{"@type":"ImageObject","inLanguage":"de-de","@id":"https:\/\/www.omis.net\/it-it\/#\/schema\/logo\/image\/","url":"https:\/\/media.omis.net\/media\/2024\/08\/logo.jpg","contentUrl":"https:\/\/media.omis.net\/media\/2024\/08\/logo.jpg","width":300,"height":300,"caption":"Omis Spa"},"image":{"@id":"https:\/\/www.omis.net\/it-it\/#\/schema\/logo\/image\/"},"sameAs":["https:\/\/www.facebook.com\/omisgroup","https:\/\/www.linkedin.com\/company\/omis-group","https:\/\/www.youtube.com\/channel\/UCS4L59XDk3kKBI9MnjuxWDw","https:\/\/www.instagram.com\/omisgroup"]}]}},"_links":{"self":[{"href":"https:\/\/www.omis.net\/de-de\/wp-json\/wp\/v2\/product\/7343"}],"collection":[{"href":"https:\/\/www.omis.net\/de-de\/wp-json\/wp\/v2\/product"}],"about":[{"href":"https:\/\/www.omis.net\/de-de\/wp-json\/wp\/v2\/types\/product"}],"acf:attachment":[{"embeddable":true,"href":"https:\/\/www.omis.net\/de-de\/wp-json\/wp\/v2\/media\/12514"},{"embeddable":true,"href":"https:\/\/www.omis.net\/de-de\/wp-json\/wp\/v2\/media\/12528"},{"embeddable":true,"href":"https:\/\/www.omis.net\/de-de\/wp-json\/wp\/v2\/media\/12521"},{"embeddable":true,"href":"https:\/\/www.omis.net\/de-de\/wp-json\/wp\/v2\/media\/12507"},{"embeddable":true,"href":"https:\/\/www.omis.net\/de-de\/wp-json\/wp\/v2\/media\/12499"}],"wp:featuredmedia":[{"embeddable":true,"href":"https:\/\/www.omis.net\/de-de\/wp-json\/wp\/v2\/media\/12492"}],"wp:attachment":[{"href":"https:\/\/www.omis.net\/de-de\/wp-json\/wp\/v2\/media?parent=7343"}],"wp:term":[{"taxonomy":"caratteristica-prodotto","embeddable":true,"href":"https:\/\/www.omis.net\/de-de\/wp-json\/wp\/v2\/caratteristica-prodotto?post=7343"},{"taxonomy":"tipologia-prodotto","embeddable":true,"href":"https:\/\/www.omis.net\/de-de\/wp-json\/wp\/v2\/tipologia-prodotto?post=7343"}],"curies":[{"name":"wp","href":"https:\/\/api.w.org\/{rel}","templated":true}]}}