{"id":7341,"date":"2024-12-18T10:57:07","date_gmt":"2024-12-18T09:57:07","guid":{"rendered":"http:\/\/bedrock.local\/product\/c2t2b-2\/"},"modified":"2025-02-03T13:04:30","modified_gmt":"2025-02-03T12:04:30","slug":"saulenschwenkkran-mit-doppelausleger-an-abspanntragern","status":"publish","type":"product","link":"https:\/\/www.omis.net\/de-de\/produkt\/saulenschwenkkran-mit-doppelausleger-an-abspanntragern\/","title":{"rendered":"S\u00e4ulenschwenkkran mit doppelausleger an abspanntr\u00e4gern"},"content":{"rendered":"","protected":false},"featured_media":12976,"parent":0,"template":"","caratteristica-prodotto":[1009],"tipologia-prodotto":[706,712,718],"class_list":["post-7341","product","type-product","status-publish","has-post-thumbnail","hentry","caratteristica-prodotto-manuelle-drehung","tipologia-prodotto-arbeitsplatzkraene","tipologia-prodotto-schwenkkrane","tipologia-prodotto-saeulenausfuehrung"],"acf":{"import_csv_id":"20","prodotto_generale_sku":"C2T2B","prodotto_listing_card_descrizione":"Der S\u00e4ulenschwenkkran mit Doppelausleger in der abgest\u00fctzten Version ist besonders bei gr\u00f6\u00dferen Traglasten und Ausladungen besser als die Version mit freitragendem Ausleger geeignet.","prodotto_listing_card_caratteristiche":null,"prodotto_page_gradient_hero":false,"prodotto_page_titolo_hero":"Maximale Autonomie bei hohen Lasten und Ausladungen.","prodotto_page_gallery_hero":[12941],"prodotto_page_descrizione_3_colonne_posizione":false,"prodotto_page_descrizione_3_colonne":[{"valore":"1000","unita_di_misura":"kg","etichetta":"Maximale Tragf\u00e4higkeit"},{"valore":"8","unita_di_misura":"m","etichetta":"Maximale Ausladung"},{"valore":"270\u00b0","unita_di_misura":"","etichetta":"Schwenkbereich"}],"prodotto_page_descrizione_titolo":"S\u00e4ulenschwenkkran mit Doppelausleger an Abspanntr\u00e4gern, Tragf\u00e4higkeit bis 1000 kg + 1000 kg","prodotto_page_descrizione_3_colonne_testo":"<strong>Der Schwenkkran mit Doppelausleger ist eine kosteng\u00fcnstige und praktische Option, um einen Arbeitsbereich autonom zu gestalten, der sonst den Einsatz von zwei herk\u00f6mmlichen Schwenkkranen erfordern w\u00fcrde. Diese L\u00f6sung beseitigt effektiv die Schwierigkeiten bei der Handhabung von Lasten in beengten Bereichen, in denen andere Hebesysteme nicht einsetzbar w\u00e4ren.<\/strong>\r\n\r\nS\u00e4ulenschwenkkrane mit Auslegern an einem oder zwei Abspanntr\u00e4gern bieten eine hervorragende Man\u00f6vrierf\u00e4higkeit, gro\u00dfe Reichweiten und eine hohe Stabilit\u00e4t der Laufkatze selbst bei schweren Lasten. Die kosteng\u00fcnstige Anschaffung und Installation und die Benutzerfreundlichkeit machen diese Krane zu einer idealen L\u00f6sung f\u00fcr Lastbewegungen in der Industrie und auf Baustellen und erm\u00f6glichen die Autonomie von Arbeitspl\u00e4tzen, die sonst auf Laufkrane oder Gabelstapler angewiesen w\u00e4ren. Die im Schwenkmechanismus verbauten Lager garantieren sanfte und ruckfreie Bewegungen. Der Schwenkkran ist mit manueller, mechanischer oder elektrischer Laufkatze erh\u00e4ltlich und alle Varianten werden komplett mit Stromzuf\u00fchrung geliefert. Der freitragende Ausleger bei S\u00e4ulenschwenkkranen bietet einen klaren Vorteil gegen\u00fcber Hohlprofilmodellen, da die Laufkatze motorisiert werden kann, schwerere Lasten und l\u00e4ngere Ausleger m\u00f6glich sind.","prodotto_page_descrizione_titolo_vantaggi":"Vorteile des S\u00e4ulenschwenkkrans mit Doppelausleger an Abspanntr\u00e4gern","prodotto_page_descrizione_vantaggi":[{"titolo":"Vielseitig einsetzbar","testo":"","link":"","archivio_prodotti":null},{"titolo":"Hervorragende Man\u00f6vrierf\u00e4higkeit","testo":"","link":"","archivio_prodotti":null},{"titolo":"Einfache Installation","testo":"","link":"","archivio_prodotti":null},{"titolo":"F\u00fcr hohe Traglasten und Ausladungen","testo":"","link":"","archivio_prodotti":null},{"titolo":"Erh\u00f6hte Produktivit\u00e4t und Sicherheit","testo":"","link":"","archivio_prodotti":null}],"prodotto_page_tabs_dati_tecnici":[{"etichetta":"Tragf\u00e4higkeit","valore":"125 kg - 1000 kg"},{"etichetta":"Ausladung","valore":"Bis zu 8 m je nach Tragf\u00e4higkeit"},{"etichetta":"Auslegerprofil","valore":"Gebogenes Omega-Profil"},{"etichetta":"Schwenkbereich","valore":"270\u00b0 mit vor Ort einstellbarem Drehstopp bei bauseitigen Einschr\u00e4nkungen"},{"etichetta":"Schwenkbereich","valore":"Manuell"},{"etichetta":"S\u00e4ule","valore":"Rundstahlrohr. Es hat an einem Ende eine gelochte Grundplatte zur Befestigung an der Basis mittels chemischen D\u00fcbeln oder Ankerbolzen und am anderen Ende zwei Platten, eine obere und eine mittlere zum St\u00fctzen des Auslegers."},{"etichetta":"Hebezeug","valore":"Elektrokettenzug zum Heben der Last mit einer oder zwei Hubgeschwindigkeiten, mit elektrischer oder mechanischer Laufkatze oder Schiebefahrwerk."},{"etichetta":"Bremsvorrichtung","valore":"Sie besteht aus einer \u00fcber eine Schraube einstellbare Reibungsbremse, erm\u00f6glicht die Einstellung der Schwenkkraft des Auslegers und gew\u00e4hrleistet die Standsicherheit."}],"prodotto_page_tabs_optionals":[{"titolo":"Kundenspezifische Lackierung","testo":"Die Farbe der Lackierung kann an spezielle Bed\u00fcrfnisse, Design- oder Branding-Anforderungen angepasst werden.","immagine":null}],"prodotto_page_tabs_downloads":null,"prodotto_page_gallery":[null],"prodotto_page_customer_story_titolo":"","prodotto_page_customer_story_list":null,"prodotto_page_applicazioni_list":"- Agricoltura e Alimentare\r\n- Manifatturiero\r\n- Energetico\r\n- Edile e delle costruzioni\r\n- Tecnologie dell'informazione e ICT\r\n- Trasporti e logistica\r\n- Commercio al dettaglio\r\n- Culturale e dell'intrattenimento\r\n- Ambientale e della sostenibilit\u00e0\r\n- Ricerca e sviluppo\r\n- Arti e Artigianato","prodotto_page_faq_list":null,"prodotto_page_testo_prodotti_correlati":"<h2>\u00c4hnliche Produkte<\/h2>\r\nEntdecken Sie auch diese Produkte und finden Sie andere f\u00fcr Sie geeignete L\u00f6sungen.","prodotto_page_lista_prodotti_correlati":"- C2B\r\n- CT2B\r\n- BM","prodotto_page_titolo_componenti_3d":"","prodotto_page_immagine_iniziale_componenti_3d":null,"prodotto_page_lista_componenti_3d":null,"prodotto_page_titolo_slider_configurazioni":"Produkt und Konfigurationen","prodotto_page_lista_immgini_slider_configurazioni":[{"etichetta":"Vorderansicht","immagine":12955},{"etichetta":"Ansicht von oben","immagine":12969},{"etichetta":"Perspektive","immagine":12948},{"etichetta":"Einzelheiten","immagine":12962}],"prodotto_page_titolo_slider_configurazioni_2":"<h2><\/h2>","prodotto_page_lista_immgini_slider_configurazioni_2":null,"seo_title":"Schwenkkran mit manueller Drehung Tragf\u00e4higkeit bis 1000+1000 kg | OMIS","seo_description":"Schwenkkrane mit Doppelausleger mit einem oder zwei Abspanntr\u00e4gern bieten eine hervorragende Man\u00f6vrierf\u00e4higkeit, gro\u00dfe Reichweiten und eine hohe Stabilit\u00e4t der Laufkatze selbst bei schweren Lasten. Sie sind mit manueller, mechanischer oder elektrischer Laufkatze erh\u00e4ltlich und alle Varianten werden komplett mit Stromzuf\u00fchrung geliefert. Mehr erfahren"},"yoast_head":"<!-- This site is optimized with the Yoast SEO plugin v23.9 - https:\/\/yoast.com\/wordpress\/plugins\/seo\/ -->\n<title>Schwenkkran mit manueller Drehung Tragf\u00e4higkeit bis 1000+1000 kg | OMIS<\/title>\n<meta name=\"description\" content=\"Schwenkkrane mit Doppelausleger mit einem oder zwei Abspanntr\u00e4gern bieten eine hervorragende Man\u00f6vrierf\u00e4higkeit, gro\u00dfe Reichweiten und eine hohe Stabilit\u00e4t der Laufkatze selbst bei schweren Lasten. Sie sind mit manueller, mechanischer oder elektrischer Laufkatze erh\u00e4ltlich und alle Varianten werden komplett mit Stromzuf\u00fchrung geliefert. Mehr erfahren\" \/>\n<meta name=\"robots\" content=\"index, follow, max-snippet:-1, max-image-preview:large, max-video-preview:-1\" \/>\n<meta property=\"og:locale\" content=\"de_DE\" \/>\n<meta property=\"og:type\" content=\"article\" \/>\n<meta property=\"og:title\" content=\"Schwenkkran mit manueller Drehung Tragf\u00e4higkeit bis 1000+1000 kg | OMIS\" \/>\n<meta property=\"og:description\" content=\"Schwenkkrane mit Doppelausleger mit einem oder zwei Abspanntr\u00e4gern bieten eine hervorragende Man\u00f6vrierf\u00e4higkeit, gro\u00dfe Reichweiten und eine hohe Stabilit\u00e4t der Laufkatze selbst bei schweren Lasten. Sie sind mit manueller, mechanischer oder elektrischer Laufkatze erh\u00e4ltlich und alle Varianten werden komplett mit Stromzuf\u00fchrung geliefert. Mehr erfahren\" \/>\n<meta property=\"og:url\" content=\"https:\/\/www.omis.net\/de-de\/produkt\/saulenschwenkkran-mit-doppelausleger-an-abspanntragern\/\" \/>\n<meta property=\"og:site_name\" content=\"Omis Spa\" \/>\n<meta property=\"article:publisher\" content=\"https:\/\/www.facebook.com\/omisgroup\" \/>\n<meta property=\"article:modified_time\" content=\"2025-02-03T12:04:30+00:00\" \/>\n<meta property=\"og:image\" content=\"https:\/\/media.omis.net\/media\/2024\/12\/profile-c2t2bjib-crane-c2t2b-front-3d-omis-scaled.webp\" \/>\n\t<meta property=\"og:image:width\" content=\"2560\" \/>\n\t<meta property=\"og:image:height\" content=\"1440\" \/>\n\t<meta property=\"og:image:type\" content=\"image\/webp\" \/>\n<meta name=\"twitter:card\" content=\"summary_large_image\" \/>\n<meta name=\"twitter:label1\" content=\"Est. reading time\" \/>\n\t<meta name=\"twitter:data1\" content=\"1 minute\" \/>\n<script type=\"application\/ld+json\" class=\"yoast-schema-graph\">{\"@context\":\"https:\/\/schema.org\",\"@graph\":[{\"@type\":\"WebPage\",\"@id\":\"https:\/\/www.omis.net\/de-de\/produkt\/saulenschwenkkran-mit-doppelausleger-an-abspanntragern\/\",\"url\":\"https:\/\/www.omis.net\/de-de\/produkt\/saulenschwenkkran-mit-doppelausleger-an-abspanntragern\/\",\"name\":\"Schwenkkran mit manueller Drehung Tragf\u00e4higkeit bis 1000+1000 kg | OMIS\",\"isPartOf\":{\"@id\":\"https:\/\/www.omis.net\/it-it\/#website\"},\"primaryImageOfPage\":{\"@id\":\"https:\/\/www.omis.net\/de-de\/produkt\/saulenschwenkkran-mit-doppelausleger-an-abspanntragern\/#primaryimage\"},\"image\":{\"@id\":\"https:\/\/www.omis.net\/de-de\/produkt\/saulenschwenkkran-mit-doppelausleger-an-abspanntragern\/#primaryimage\"},\"thumbnailUrl\":\"https:\/\/media.omis.net\/media\/2024\/12\/profile-c2t2bjib-crane-c2t2b-front-3d-omis-scaled.webp\",\"datePublished\":\"2024-12-18T09:57:07+00:00\",\"dateModified\":\"2025-02-03T12:04:30+00:00\",\"description\":\"Schwenkkrane mit Doppelausleger mit einem oder zwei Abspanntr\u00e4gern bieten eine hervorragende Man\u00f6vrierf\u00e4higkeit, gro\u00dfe Reichweiten und eine hohe Stabilit\u00e4t der Laufkatze selbst bei schweren Lasten. Sie sind mit manueller, mechanischer oder elektrischer Laufkatze erh\u00e4ltlich und alle Varianten werden komplett mit Stromzuf\u00fchrung geliefert. Mehr erfahren\",\"breadcrumb\":{\"@id\":\"https:\/\/www.omis.net\/de-de\/produkt\/saulenschwenkkran-mit-doppelausleger-an-abspanntragern\/#breadcrumb\"},\"inLanguage\":\"de-de\",\"potentialAction\":[{\"@type\":\"ReadAction\",\"target\":[\"https:\/\/www.omis.net\/de-de\/produkt\/saulenschwenkkran-mit-doppelausleger-an-abspanntragern\/\"]}]},{\"@type\":\"ImageObject\",\"inLanguage\":\"de-de\",\"@id\":\"https:\/\/www.omis.net\/de-de\/produkt\/saulenschwenkkran-mit-doppelausleger-an-abspanntragern\/#primaryimage\",\"url\":\"https:\/\/media.omis.net\/media\/2024\/12\/profile-c2t2bjib-crane-c2t2b-front-3d-omis-scaled.webp\",\"contentUrl\":\"https:\/\/media.omis.net\/media\/2024\/12\/profile-c2t2bjib-crane-c2t2b-front-3d-omis-scaled.webp\",\"width\":2560,\"height\":1440,\"caption\":\"header - Profile c2t2bjib crane c2t2b front 3d Omis\"},{\"@type\":\"BreadcrumbList\",\"@id\":\"https:\/\/www.omis.net\/de-de\/produkt\/saulenschwenkkran-mit-doppelausleger-an-abspanntragern\/#breadcrumb\",\"itemListElement\":[{\"@type\":\"ListItem\",\"position\":1,\"name\":\"Home\",\"item\":\"https:\/\/www.omis.net\/de-de\/homepage\/\"},{\"@type\":\"ListItem\",\"position\":2,\"name\":\"S\u00e4ulenschwenkkran mit doppelausleger an abspanntr\u00e4gern\"}]},{\"@type\":\"WebSite\",\"@id\":\"https:\/\/www.omis.net\/it-it\/#website\",\"url\":\"https:\/\/www.omis.net\/it-it\/\",\"name\":\"Omis Spa\",\"description\":\"Movimentazione e sollevamento\",\"publisher\":{\"@id\":\"https:\/\/www.omis.net\/it-it\/#organization\"},\"potentialAction\":[{\"@type\":\"SearchAction\",\"target\":{\"@type\":\"EntryPoint\",\"urlTemplate\":\"https:\/\/www.omis.net\/it-it\/?s={search_term_string}\"},\"query-input\":{\"@type\":\"PropertyValueSpecification\",\"valueRequired\":true,\"valueName\":\"search_term_string\"}}],\"inLanguage\":\"de-de\"},{\"@type\":\"Organization\",\"@id\":\"https:\/\/www.omis.net\/it-it\/#organization\",\"name\":\"Omis Spa\",\"url\":\"https:\/\/www.omis.net\/it-it\/\",\"logo\":{\"@type\":\"ImageObject\",\"inLanguage\":\"de-de\",\"@id\":\"https:\/\/www.omis.net\/it-it\/#\/schema\/logo\/image\/\",\"url\":\"https:\/\/media.omis.net\/media\/2024\/08\/logo.jpg\",\"contentUrl\":\"https:\/\/media.omis.net\/media\/2024\/08\/logo.jpg\",\"width\":300,\"height\":300,\"caption\":\"Omis Spa\"},\"image\":{\"@id\":\"https:\/\/www.omis.net\/it-it\/#\/schema\/logo\/image\/\"},\"sameAs\":[\"https:\/\/www.facebook.com\/omisgroup\",\"https:\/\/www.linkedin.com\/company\/omis-group\",\"https:\/\/www.youtube.com\/channel\/UCS4L59XDk3kKBI9MnjuxWDw\",\"https:\/\/www.instagram.com\/omisgroup\"]}]}<\/script>\n<!-- \/ Yoast SEO plugin. -->","yoast_head_json":{"title":"Schwenkkran mit manueller Drehung Tragf\u00e4higkeit bis 1000+1000 kg | OMIS","description":"Schwenkkrane mit Doppelausleger mit einem oder zwei Abspanntr\u00e4gern bieten eine hervorragende Man\u00f6vrierf\u00e4higkeit, gro\u00dfe Reichweiten und eine hohe Stabilit\u00e4t der Laufkatze selbst bei schweren Lasten. Sie sind mit manueller, mechanischer oder elektrischer Laufkatze erh\u00e4ltlich und alle Varianten werden komplett mit Stromzuf\u00fchrung geliefert. Mehr erfahren","robots":{"index":"index","follow":"follow","max-snippet":"max-snippet:-1","max-image-preview":"max-image-preview:large","max-video-preview":"max-video-preview:-1"},"og_locale":"de_DE","og_type":"article","og_title":"Schwenkkran mit manueller Drehung Tragf\u00e4higkeit bis 1000+1000 kg | OMIS","og_description":"Schwenkkrane mit Doppelausleger mit einem oder zwei Abspanntr\u00e4gern bieten eine hervorragende Man\u00f6vrierf\u00e4higkeit, gro\u00dfe Reichweiten und eine hohe Stabilit\u00e4t der Laufkatze selbst bei schweren Lasten. Sie sind mit manueller, mechanischer oder elektrischer Laufkatze erh\u00e4ltlich und alle Varianten werden komplett mit Stromzuf\u00fchrung geliefert. Mehr erfahren","og_url":"https:\/\/www.omis.net\/de-de\/produkt\/saulenschwenkkran-mit-doppelausleger-an-abspanntragern\/","og_site_name":"Omis Spa","article_publisher":"https:\/\/www.facebook.com\/omisgroup","article_modified_time":"2025-02-03T12:04:30+00:00","og_image":[{"width":2560,"height":1440,"url":"https:\/\/media.omis.net\/media\/2024\/12\/profile-c2t2bjib-crane-c2t2b-front-3d-omis-scaled.webp","type":"image\/webp"}],"twitter_card":"summary_large_image","twitter_misc":{"Est. reading time":"1 minute"},"schema":{"@context":"https:\/\/schema.org","@graph":[{"@type":"WebPage","@id":"https:\/\/www.omis.net\/de-de\/produkt\/saulenschwenkkran-mit-doppelausleger-an-abspanntragern\/","url":"https:\/\/www.omis.net\/de-de\/produkt\/saulenschwenkkran-mit-doppelausleger-an-abspanntragern\/","name":"Schwenkkran mit manueller Drehung Tragf\u00e4higkeit bis 1000+1000 kg | OMIS","isPartOf":{"@id":"https:\/\/www.omis.net\/it-it\/#website"},"primaryImageOfPage":{"@id":"https:\/\/www.omis.net\/de-de\/produkt\/saulenschwenkkran-mit-doppelausleger-an-abspanntragern\/#primaryimage"},"image":{"@id":"https:\/\/www.omis.net\/de-de\/produkt\/saulenschwenkkran-mit-doppelausleger-an-abspanntragern\/#primaryimage"},"thumbnailUrl":"https:\/\/media.omis.net\/media\/2024\/12\/profile-c2t2bjib-crane-c2t2b-front-3d-omis-scaled.webp","datePublished":"2024-12-18T09:57:07+00:00","dateModified":"2025-02-03T12:04:30+00:00","description":"Schwenkkrane mit Doppelausleger mit einem oder zwei Abspanntr\u00e4gern bieten eine hervorragende Man\u00f6vrierf\u00e4higkeit, gro\u00dfe Reichweiten und eine hohe Stabilit\u00e4t der Laufkatze selbst bei schweren Lasten. Sie sind mit manueller, mechanischer oder elektrischer Laufkatze erh\u00e4ltlich und alle Varianten werden komplett mit Stromzuf\u00fchrung geliefert. Mehr erfahren","breadcrumb":{"@id":"https:\/\/www.omis.net\/de-de\/produkt\/saulenschwenkkran-mit-doppelausleger-an-abspanntragern\/#breadcrumb"},"inLanguage":"de-de","potentialAction":[{"@type":"ReadAction","target":["https:\/\/www.omis.net\/de-de\/produkt\/saulenschwenkkran-mit-doppelausleger-an-abspanntragern\/"]}]},{"@type":"ImageObject","inLanguage":"de-de","@id":"https:\/\/www.omis.net\/de-de\/produkt\/saulenschwenkkran-mit-doppelausleger-an-abspanntragern\/#primaryimage","url":"https:\/\/media.omis.net\/media\/2024\/12\/profile-c2t2bjib-crane-c2t2b-front-3d-omis-scaled.webp","contentUrl":"https:\/\/media.omis.net\/media\/2024\/12\/profile-c2t2bjib-crane-c2t2b-front-3d-omis-scaled.webp","width":2560,"height":1440,"caption":"header - Profile c2t2bjib crane c2t2b front 3d Omis"},{"@type":"BreadcrumbList","@id":"https:\/\/www.omis.net\/de-de\/produkt\/saulenschwenkkran-mit-doppelausleger-an-abspanntragern\/#breadcrumb","itemListElement":[{"@type":"ListItem","position":1,"name":"Home","item":"https:\/\/www.omis.net\/de-de\/homepage\/"},{"@type":"ListItem","position":2,"name":"S\u00e4ulenschwenkkran mit doppelausleger an abspanntr\u00e4gern"}]},{"@type":"WebSite","@id":"https:\/\/www.omis.net\/it-it\/#website","url":"https:\/\/www.omis.net\/it-it\/","name":"Omis Spa","description":"Movimentazione e sollevamento","publisher":{"@id":"https:\/\/www.omis.net\/it-it\/#organization"},"potentialAction":[{"@type":"SearchAction","target":{"@type":"EntryPoint","urlTemplate":"https:\/\/www.omis.net\/it-it\/?s={search_term_string}"},"query-input":{"@type":"PropertyValueSpecification","valueRequired":true,"valueName":"search_term_string"}}],"inLanguage":"de-de"},{"@type":"Organization","@id":"https:\/\/www.omis.net\/it-it\/#organization","name":"Omis Spa","url":"https:\/\/www.omis.net\/it-it\/","logo":{"@type":"ImageObject","inLanguage":"de-de","@id":"https:\/\/www.omis.net\/it-it\/#\/schema\/logo\/image\/","url":"https:\/\/media.omis.net\/media\/2024\/08\/logo.jpg","contentUrl":"https:\/\/media.omis.net\/media\/2024\/08\/logo.jpg","width":300,"height":300,"caption":"Omis Spa"},"image":{"@id":"https:\/\/www.omis.net\/it-it\/#\/schema\/logo\/image\/"},"sameAs":["https:\/\/www.facebook.com\/omisgroup","https:\/\/www.linkedin.com\/company\/omis-group","https:\/\/www.youtube.com\/channel\/UCS4L59XDk3kKBI9MnjuxWDw","https:\/\/www.instagram.com\/omisgroup"]}]}},"_links":{"self":[{"href":"https:\/\/www.omis.net\/de-de\/wp-json\/wp\/v2\/product\/7341"}],"collection":[{"href":"https:\/\/www.omis.net\/de-de\/wp-json\/wp\/v2\/product"}],"about":[{"href":"https:\/\/www.omis.net\/de-de\/wp-json\/wp\/v2\/types\/product"}],"acf:attachment":[{"embeddable":true,"href":"https:\/\/www.omis.net\/de-de\/wp-json\/wp\/v2\/media\/"},{"embeddable":true,"href":"https:\/\/www.omis.net\/de-de\/wp-json\/wp\/v2\/media\/12941"}],"wp:featuredmedia":[{"embeddable":true,"href":"https:\/\/www.omis.net\/de-de\/wp-json\/wp\/v2\/media\/12976"}],"wp:attachment":[{"href":"https:\/\/www.omis.net\/de-de\/wp-json\/wp\/v2\/media?parent=7341"}],"wp:term":[{"taxonomy":"caratteristica-prodotto","embeddable":true,"href":"https:\/\/www.omis.net\/de-de\/wp-json\/wp\/v2\/caratteristica-prodotto?post=7341"},{"taxonomy":"tipologia-prodotto","embeddable":true,"href":"https:\/\/www.omis.net\/de-de\/wp-json\/wp\/v2\/tipologia-prodotto?post=7341"}],"curies":[{"name":"wp","href":"https:\/\/api.w.org\/{rel}","templated":true}]}}