{"id":7336,"date":"2024-12-18T10:55:28","date_gmt":"2024-12-18T09:55:28","guid":{"rendered":"http:\/\/bedrock.local\/product\/c2t-2\/"},"modified":"2025-02-03T13:05:11","modified_gmt":"2025-02-03T12:05:11","slug":"saulenschwenkkran-mit-abgestutztem-ausleger","status":"publish","type":"product","link":"https:\/\/www.omis.net\/de-de\/produkt\/saulenschwenkkran-mit-abgestutztem-ausleger\/","title":{"rendered":"S\u00e4ulenschwenkkran mit abgest\u00fctztem ausleger"},"content":{"rendered":"","protected":false},"featured_media":12877,"parent":0,"template":"","caratteristica-prodotto":[1009],"tipologia-prodotto":[706,712,718],"class_list":["post-7336","product","type-product","status-publish","has-post-thumbnail","hentry","caratteristica-prodotto-manuelle-drehung","tipologia-prodotto-arbeitsplatzkraene","tipologia-prodotto-schwenkkrane","tipologia-prodotto-saeulenausfuehrung"],"acf":{"import_csv_id":"15","prodotto_generale_sku":"C2T","prodotto_listing_card_descrizione":"Der stabile Schwenkkran ist auch bei beachtlichen Traglasten und Ausladungen einfach zu bedienen.","prodotto_listing_card_caratteristiche":null,"prodotto_page_gradient_hero":false,"prodotto_page_titolo_hero":"Standsicherheit und geballte Kraft auf kleinem Raum.","prodotto_page_gallery_hero":[12885],"prodotto_page_descrizione_3_colonne_posizione":false,"prodotto_page_descrizione_3_colonne":[{"valore":"2000","unita_di_misura":"kg","etichetta":"Maximale Tragf\u00e4higkeit"},{"valore":"8","unita_di_misura":"m","etichetta":"Maximale Ausladung"},{"valore":"270\u00b0","unita_di_misura":"","etichetta":"Schwenkbereich"}],"prodotto_page_descrizione_titolo":"S\u00e4ulenschwenkkran mit abgest\u00fctztem Ausleger, Tragf\u00e4higkeit bis zu 2000 kg","prodotto_page_descrizione_3_colonne_testo":"<strong>S\u00e4ulenschwenkkrane mit Ausleger an einem oder zwei Abspanntr\u00e4gern gew\u00e4hrleisten auch bei erheblichen Traglasten und Ausladungen ein leichtes Schwenken und die Stabilit\u00e4t der Laufkatze.\r\nGeringe Beschaffungs- und Installationskosten und maximaler Bedienkomfort machen sie zu einer optimalen L\u00f6sung f\u00fcr Lastbewegungen in Produktionsanlagen und auf Baustellen, wo sie anstelle von Laufkranen oder Gabelstaplern einsetzbar sind und f\u00fcr autonome Arbeitspl\u00e4tze sorgen.<\/strong>\r\n\r\nDie am Drehwerk montierten Lager erm\u00f6glichen eine ruckfreie Drehbewegung. Der Schwenkkran ist mit manueller, mechanischer oder elektrischer Laufkatze erh\u00e4ltlich und alle Versionen werden komplett mit Zuleitung geliefert. Der freitragende Ausleger verleiht dem S\u00e4ulenschwenkkran einen spezifischen Vorteil: Anders als bei Hohlprofilauslegern kann die Laufkatze motorisiert werden, was gr\u00f6\u00dfere Tragf\u00e4higkeiten\/Ausladungen erm\u00f6glicht.","prodotto_page_descrizione_titolo_vantaggi":"Vorteile des Schwenkkrans mit abgest\u00fctztem Ausleger","prodotto_page_descrizione_vantaggi":[{"titolo":"Schwenkempfindlichkeit","testo":"","link":"","archivio_prodotti":null},{"titolo":"Ruckfreie Drehung","testo":"","link":"","archivio_prodotti":null},{"titolo":"Hervorragende Man\u00f6vrierf\u00e4higkeit","testo":"","link":"","archivio_prodotti":null},{"titolo":"Wartungsarm","testo":"","link":"","archivio_prodotti":null},{"titolo":"Erh\u00f6hte Produktivit\u00e4t und Sicherheit","testo":"","link":"","archivio_prodotti":null}],"prodotto_page_tabs_dati_tecnici":[{"etichetta":"Tragf\u00e4higkeit","valore":"125 kg - 2000 kg"},{"etichetta":"Ausladung","valore":"Bis zu 8 m je nach Tragf\u00e4higkeit"},{"etichetta":"Auslegerprofil","valore":"Doppel-T-Profiltr\u00e4ger mit Abspanntr\u00e4gern"},{"etichetta":"Schwenkbereich","valore":"270\u00b0 mit vor Ort einstellbarem Drehstopp bei bauseitigen Einschr\u00e4nkungen"},{"etichetta":"Schwenkbereich","valore":"Manuell"},{"etichetta":"S\u00e4ule","valore":"Rundstahlrohr. Es hat an einem Ende eine gelochte Grundplatte zur Befestigung an der Basis mittels chemischen D\u00fcbeln oder Ankerbolzen und am anderen Ende zwei Platten, eine obere und eine mittlere zum St\u00fctzen des Auslegers."},{"etichetta":"Hebezeug","valore":"Elektrokettenzug zum Heben der Last mit einer oder zwei Hubgeschwindigkeiten, mit elektrischer oder mechanischer Laufkatze oder Schiebefahrwerk."},{"etichetta":"Bremsvorrichtung","valore":"Sie besteht aus einer \u00fcber eine Schraube einstellbare Reibungsbremse, erm\u00f6glicht die Einstellung der Schwenkkraft des Auslegers und gew\u00e4hrleistet die Standsicherheit."}],"prodotto_page_tabs_optionals":[{"titolo":"Kundenspezifische Lackierung","testo":"Die Farbe der Lackierung kann an spezielle Bed\u00fcrfnisse, Design- oder Branding-Anforderungen angepasst werden.","immagine":null}],"prodotto_page_tabs_downloads":null,"prodotto_page_gallery":[12913,12906,12892,12899],"prodotto_page_customer_story_titolo":"","prodotto_page_customer_story_list":null,"prodotto_page_applicazioni_list":"- Agricoltura e Alimentare\r\n- Manifatturiero\r\n- Energetico\r\n- Edile e delle costruzioni\r\n- Tecnologie dell'informazione e ICT\r\n- Trasporti e logistica\r\n- Commercio al dettaglio\r\n- Culturale e dell'intrattenimento\r\n- Ambientale e della sostenibilit\u00e0\r\n- Ricerca e sviluppo\r\n- Arti e Artigianato","prodotto_page_faq_list":null,"prodotto_page_testo_prodotti_correlati":"<h2>\u00c4hnliche Produkte<\/h2>\r\nEntdecken Sie auch diese Produkte und finden Sie andere f\u00fcr Sie geeignete L\u00f6sungen.","prodotto_page_lista_prodotti_correlati":"- C\r\n- CS\r\n- BM","prodotto_page_titolo_componenti_3d":"","prodotto_page_immagine_iniziale_componenti_3d":null,"prodotto_page_lista_componenti_3d":null,"prodotto_page_titolo_slider_configurazioni":"Produkt und Konfigurationen","prodotto_page_lista_immgini_slider_configurazioni":[{"etichetta":"Vorderansicht","immagine":12920},{"etichetta":"Ansicht von oben","immagine":12934},{"etichetta":"Perspektive","immagine":12927}],"prodotto_page_titolo_slider_configurazioni_2":"<h2><\/h2>","prodotto_page_lista_immgini_slider_configurazioni_2":null,"seo_title":"S\u00e4ulenschwenkkran mit abgest\u00fctztem Ausleger Tragf\u00e4higkeit bis 2000 kg | OMIS","seo_description":"S\u00e4ulenschwenkkrane mit Ausleger an einem oder zwei Abspanntr\u00e4gern gew\u00e4hrleisten auch bei erheblichen Traglasten und Ausladungen ein leichtes Schwenken und die Stabilit\u00e4t der Laufkatze. Sie eignen sich f\u00fcr Lastbewegungen in Produktionsanlagen und auf Baustellen, wo sie f\u00fcr autonome Arbeitspl\u00e4tze sorgen. Mehr erfahren"},"yoast_head":"<!-- This site is optimized with the Yoast SEO plugin v23.9 - https:\/\/yoast.com\/wordpress\/plugins\/seo\/ -->\n<title>S\u00e4ulenschwenkkran mit abgest\u00fctztem Ausleger Tragf\u00e4higkeit bis 2000 kg | OMIS<\/title>\n<meta name=\"description\" content=\"S\u00e4ulenschwenkkrane mit Ausleger an einem oder zwei Abspanntr\u00e4gern gew\u00e4hrleisten auch bei erheblichen Traglasten und Ausladungen ein leichtes Schwenken und die Stabilit\u00e4t der Laufkatze. Sie eignen sich f\u00fcr Lastbewegungen in Produktionsanlagen und auf Baustellen, wo sie f\u00fcr autonome Arbeitspl\u00e4tze sorgen. Mehr erfahren\" \/>\n<meta name=\"robots\" content=\"index, follow, max-snippet:-1, max-image-preview:large, max-video-preview:-1\" \/>\n<meta property=\"og:locale\" content=\"de_DE\" \/>\n<meta property=\"og:type\" content=\"article\" \/>\n<meta property=\"og:title\" content=\"S\u00e4ulenschwenkkran mit abgest\u00fctztem Ausleger Tragf\u00e4higkeit bis 2000 kg | OMIS\" \/>\n<meta property=\"og:description\" content=\"S\u00e4ulenschwenkkrane mit Ausleger an einem oder zwei Abspanntr\u00e4gern gew\u00e4hrleisten auch bei erheblichen Traglasten und Ausladungen ein leichtes Schwenken und die Stabilit\u00e4t der Laufkatze. Sie eignen sich f\u00fcr Lastbewegungen in Produktionsanlagen und auf Baustellen, wo sie f\u00fcr autonome Arbeitspl\u00e4tze sorgen. Mehr erfahren\" \/>\n<meta property=\"og:url\" content=\"https:\/\/www.omis.net\/de-de\/produkt\/saulenschwenkkran-mit-abgestutztem-ausleger\/\" \/>\n<meta property=\"og:site_name\" content=\"Omis Spa\" \/>\n<meta property=\"article:publisher\" content=\"https:\/\/www.facebook.com\/omisgroup\" \/>\n<meta property=\"article:modified_time\" content=\"2025-02-03T12:05:11+00:00\" \/>\n<meta property=\"og:image\" content=\"https:\/\/media.omis.net\/media\/2024\/12\/profile-c2tjib-crane-c2t-500kg-front-3d-omis-scaled.webp\" \/>\n\t<meta property=\"og:image:width\" content=\"2560\" \/>\n\t<meta property=\"og:image:height\" content=\"1440\" \/>\n\t<meta property=\"og:image:type\" content=\"image\/webp\" \/>\n<meta name=\"twitter:card\" content=\"summary_large_image\" \/>\n<meta name=\"twitter:label1\" content=\"Est. reading time\" \/>\n\t<meta name=\"twitter:data1\" content=\"1 minute\" \/>\n<script type=\"application\/ld+json\" class=\"yoast-schema-graph\">{\"@context\":\"https:\/\/schema.org\",\"@graph\":[{\"@type\":\"WebPage\",\"@id\":\"https:\/\/www.omis.net\/de-de\/produkt\/saulenschwenkkran-mit-abgestutztem-ausleger\/\",\"url\":\"https:\/\/www.omis.net\/de-de\/produkt\/saulenschwenkkran-mit-abgestutztem-ausleger\/\",\"name\":\"S\u00e4ulenschwenkkran mit abgest\u00fctztem Ausleger Tragf\u00e4higkeit bis 2000 kg | OMIS\",\"isPartOf\":{\"@id\":\"https:\/\/www.omis.net\/it-it\/#website\"},\"primaryImageOfPage\":{\"@id\":\"https:\/\/www.omis.net\/de-de\/produkt\/saulenschwenkkran-mit-abgestutztem-ausleger\/#primaryimage\"},\"image\":{\"@id\":\"https:\/\/www.omis.net\/de-de\/produkt\/saulenschwenkkran-mit-abgestutztem-ausleger\/#primaryimage\"},\"thumbnailUrl\":\"https:\/\/media.omis.net\/media\/2024\/12\/profile-c2tjib-crane-c2t-500kg-front-3d-omis-scaled.webp\",\"datePublished\":\"2024-12-18T09:55:28+00:00\",\"dateModified\":\"2025-02-03T12:05:11+00:00\",\"description\":\"S\u00e4ulenschwenkkrane mit Ausleger an einem oder zwei Abspanntr\u00e4gern gew\u00e4hrleisten auch bei erheblichen Traglasten und Ausladungen ein leichtes Schwenken und die Stabilit\u00e4t der Laufkatze. Sie eignen sich f\u00fcr Lastbewegungen in Produktionsanlagen und auf Baustellen, wo sie f\u00fcr autonome Arbeitspl\u00e4tze sorgen. Mehr erfahren\",\"breadcrumb\":{\"@id\":\"https:\/\/www.omis.net\/de-de\/produkt\/saulenschwenkkran-mit-abgestutztem-ausleger\/#breadcrumb\"},\"inLanguage\":\"de-de\",\"potentialAction\":[{\"@type\":\"ReadAction\",\"target\":[\"https:\/\/www.omis.net\/de-de\/produkt\/saulenschwenkkran-mit-abgestutztem-ausleger\/\"]}]},{\"@type\":\"ImageObject\",\"inLanguage\":\"de-de\",\"@id\":\"https:\/\/www.omis.net\/de-de\/produkt\/saulenschwenkkran-mit-abgestutztem-ausleger\/#primaryimage\",\"url\":\"https:\/\/media.omis.net\/media\/2024\/12\/profile-c2tjib-crane-c2t-500kg-front-3d-omis-scaled.webp\",\"contentUrl\":\"https:\/\/media.omis.net\/media\/2024\/12\/profile-c2tjib-crane-c2t-500kg-front-3d-omis-scaled.webp\",\"width\":2560,\"height\":1440,\"caption\":\"header - Profile c2tjib crane c2t 500kg front 3d Omis\"},{\"@type\":\"BreadcrumbList\",\"@id\":\"https:\/\/www.omis.net\/de-de\/produkt\/saulenschwenkkran-mit-abgestutztem-ausleger\/#breadcrumb\",\"itemListElement\":[{\"@type\":\"ListItem\",\"position\":1,\"name\":\"Home\",\"item\":\"https:\/\/www.omis.net\/de-de\/homepage\/\"},{\"@type\":\"ListItem\",\"position\":2,\"name\":\"S\u00e4ulenschwenkkran mit abgest\u00fctztem ausleger\"}]},{\"@type\":\"WebSite\",\"@id\":\"https:\/\/www.omis.net\/it-it\/#website\",\"url\":\"https:\/\/www.omis.net\/it-it\/\",\"name\":\"Omis Spa\",\"description\":\"Movimentazione e sollevamento\",\"publisher\":{\"@id\":\"https:\/\/www.omis.net\/it-it\/#organization\"},\"potentialAction\":[{\"@type\":\"SearchAction\",\"target\":{\"@type\":\"EntryPoint\",\"urlTemplate\":\"https:\/\/www.omis.net\/it-it\/?s={search_term_string}\"},\"query-input\":{\"@type\":\"PropertyValueSpecification\",\"valueRequired\":true,\"valueName\":\"search_term_string\"}}],\"inLanguage\":\"de-de\"},{\"@type\":\"Organization\",\"@id\":\"https:\/\/www.omis.net\/it-it\/#organization\",\"name\":\"Omis Spa\",\"url\":\"https:\/\/www.omis.net\/it-it\/\",\"logo\":{\"@type\":\"ImageObject\",\"inLanguage\":\"de-de\",\"@id\":\"https:\/\/www.omis.net\/it-it\/#\/schema\/logo\/image\/\",\"url\":\"https:\/\/media.omis.net\/media\/2024\/08\/logo.jpg\",\"contentUrl\":\"https:\/\/media.omis.net\/media\/2024\/08\/logo.jpg\",\"width\":300,\"height\":300,\"caption\":\"Omis Spa\"},\"image\":{\"@id\":\"https:\/\/www.omis.net\/it-it\/#\/schema\/logo\/image\/\"},\"sameAs\":[\"https:\/\/www.facebook.com\/omisgroup\",\"https:\/\/www.linkedin.com\/company\/omis-group\",\"https:\/\/www.youtube.com\/channel\/UCS4L59XDk3kKBI9MnjuxWDw\",\"https:\/\/www.instagram.com\/omisgroup\"]}]}<\/script>\n<!-- \/ Yoast SEO plugin. -->","yoast_head_json":{"title":"S\u00e4ulenschwenkkran mit abgest\u00fctztem Ausleger Tragf\u00e4higkeit bis 2000 kg | OMIS","description":"S\u00e4ulenschwenkkrane mit Ausleger an einem oder zwei Abspanntr\u00e4gern gew\u00e4hrleisten auch bei erheblichen Traglasten und Ausladungen ein leichtes Schwenken und die Stabilit\u00e4t der Laufkatze. Sie eignen sich f\u00fcr Lastbewegungen in Produktionsanlagen und auf Baustellen, wo sie f\u00fcr autonome Arbeitspl\u00e4tze sorgen. Mehr erfahren","robots":{"index":"index","follow":"follow","max-snippet":"max-snippet:-1","max-image-preview":"max-image-preview:large","max-video-preview":"max-video-preview:-1"},"og_locale":"de_DE","og_type":"article","og_title":"S\u00e4ulenschwenkkran mit abgest\u00fctztem Ausleger Tragf\u00e4higkeit bis 2000 kg | OMIS","og_description":"S\u00e4ulenschwenkkrane mit Ausleger an einem oder zwei Abspanntr\u00e4gern gew\u00e4hrleisten auch bei erheblichen Traglasten und Ausladungen ein leichtes Schwenken und die Stabilit\u00e4t der Laufkatze. Sie eignen sich f\u00fcr Lastbewegungen in Produktionsanlagen und auf Baustellen, wo sie f\u00fcr autonome Arbeitspl\u00e4tze sorgen. Mehr erfahren","og_url":"https:\/\/www.omis.net\/de-de\/produkt\/saulenschwenkkran-mit-abgestutztem-ausleger\/","og_site_name":"Omis Spa","article_publisher":"https:\/\/www.facebook.com\/omisgroup","article_modified_time":"2025-02-03T12:05:11+00:00","og_image":[{"width":2560,"height":1440,"url":"https:\/\/media.omis.net\/media\/2024\/12\/profile-c2tjib-crane-c2t-500kg-front-3d-omis-scaled.webp","type":"image\/webp"}],"twitter_card":"summary_large_image","twitter_misc":{"Est. reading time":"1 minute"},"schema":{"@context":"https:\/\/schema.org","@graph":[{"@type":"WebPage","@id":"https:\/\/www.omis.net\/de-de\/produkt\/saulenschwenkkran-mit-abgestutztem-ausleger\/","url":"https:\/\/www.omis.net\/de-de\/produkt\/saulenschwenkkran-mit-abgestutztem-ausleger\/","name":"S\u00e4ulenschwenkkran mit abgest\u00fctztem Ausleger Tragf\u00e4higkeit bis 2000 kg | OMIS","isPartOf":{"@id":"https:\/\/www.omis.net\/it-it\/#website"},"primaryImageOfPage":{"@id":"https:\/\/www.omis.net\/de-de\/produkt\/saulenschwenkkran-mit-abgestutztem-ausleger\/#primaryimage"},"image":{"@id":"https:\/\/www.omis.net\/de-de\/produkt\/saulenschwenkkran-mit-abgestutztem-ausleger\/#primaryimage"},"thumbnailUrl":"https:\/\/media.omis.net\/media\/2024\/12\/profile-c2tjib-crane-c2t-500kg-front-3d-omis-scaled.webp","datePublished":"2024-12-18T09:55:28+00:00","dateModified":"2025-02-03T12:05:11+00:00","description":"S\u00e4ulenschwenkkrane mit Ausleger an einem oder zwei Abspanntr\u00e4gern gew\u00e4hrleisten auch bei erheblichen Traglasten und Ausladungen ein leichtes Schwenken und die Stabilit\u00e4t der Laufkatze. Sie eignen sich f\u00fcr Lastbewegungen in Produktionsanlagen und auf Baustellen, wo sie f\u00fcr autonome Arbeitspl\u00e4tze sorgen. Mehr erfahren","breadcrumb":{"@id":"https:\/\/www.omis.net\/de-de\/produkt\/saulenschwenkkran-mit-abgestutztem-ausleger\/#breadcrumb"},"inLanguage":"de-de","potentialAction":[{"@type":"ReadAction","target":["https:\/\/www.omis.net\/de-de\/produkt\/saulenschwenkkran-mit-abgestutztem-ausleger\/"]}]},{"@type":"ImageObject","inLanguage":"de-de","@id":"https:\/\/www.omis.net\/de-de\/produkt\/saulenschwenkkran-mit-abgestutztem-ausleger\/#primaryimage","url":"https:\/\/media.omis.net\/media\/2024\/12\/profile-c2tjib-crane-c2t-500kg-front-3d-omis-scaled.webp","contentUrl":"https:\/\/media.omis.net\/media\/2024\/12\/profile-c2tjib-crane-c2t-500kg-front-3d-omis-scaled.webp","width":2560,"height":1440,"caption":"header - Profile c2tjib crane c2t 500kg front 3d Omis"},{"@type":"BreadcrumbList","@id":"https:\/\/www.omis.net\/de-de\/produkt\/saulenschwenkkran-mit-abgestutztem-ausleger\/#breadcrumb","itemListElement":[{"@type":"ListItem","position":1,"name":"Home","item":"https:\/\/www.omis.net\/de-de\/homepage\/"},{"@type":"ListItem","position":2,"name":"S\u00e4ulenschwenkkran mit abgest\u00fctztem ausleger"}]},{"@type":"WebSite","@id":"https:\/\/www.omis.net\/it-it\/#website","url":"https:\/\/www.omis.net\/it-it\/","name":"Omis Spa","description":"Movimentazione e sollevamento","publisher":{"@id":"https:\/\/www.omis.net\/it-it\/#organization"},"potentialAction":[{"@type":"SearchAction","target":{"@type":"EntryPoint","urlTemplate":"https:\/\/www.omis.net\/it-it\/?s={search_term_string}"},"query-input":{"@type":"PropertyValueSpecification","valueRequired":true,"valueName":"search_term_string"}}],"inLanguage":"de-de"},{"@type":"Organization","@id":"https:\/\/www.omis.net\/it-it\/#organization","name":"Omis Spa","url":"https:\/\/www.omis.net\/it-it\/","logo":{"@type":"ImageObject","inLanguage":"de-de","@id":"https:\/\/www.omis.net\/it-it\/#\/schema\/logo\/image\/","url":"https:\/\/media.omis.net\/media\/2024\/08\/logo.jpg","contentUrl":"https:\/\/media.omis.net\/media\/2024\/08\/logo.jpg","width":300,"height":300,"caption":"Omis Spa"},"image":{"@id":"https:\/\/www.omis.net\/it-it\/#\/schema\/logo\/image\/"},"sameAs":["https:\/\/www.facebook.com\/omisgroup","https:\/\/www.linkedin.com\/company\/omis-group","https:\/\/www.youtube.com\/channel\/UCS4L59XDk3kKBI9MnjuxWDw","https:\/\/www.instagram.com\/omisgroup"]}]}},"_links":{"self":[{"href":"https:\/\/www.omis.net\/de-de\/wp-json\/wp\/v2\/product\/7336"}],"collection":[{"href":"https:\/\/www.omis.net\/de-de\/wp-json\/wp\/v2\/product"}],"about":[{"href":"https:\/\/www.omis.net\/de-de\/wp-json\/wp\/v2\/types\/product"}],"acf:attachment":[{"embeddable":true,"href":"https:\/\/www.omis.net\/de-de\/wp-json\/wp\/v2\/media\/12899"},{"embeddable":true,"href":"https:\/\/www.omis.net\/de-de\/wp-json\/wp\/v2\/media\/12892"},{"embeddable":true,"href":"https:\/\/www.omis.net\/de-de\/wp-json\/wp\/v2\/media\/12906"},{"embeddable":true,"href":"https:\/\/www.omis.net\/de-de\/wp-json\/wp\/v2\/media\/12913"},{"embeddable":true,"href":"https:\/\/www.omis.net\/de-de\/wp-json\/wp\/v2\/media\/12885"}],"wp:featuredmedia":[{"embeddable":true,"href":"https:\/\/www.omis.net\/de-de\/wp-json\/wp\/v2\/media\/12877"}],"wp:attachment":[{"href":"https:\/\/www.omis.net\/de-de\/wp-json\/wp\/v2\/media?parent=7336"}],"wp:term":[{"taxonomy":"caratteristica-prodotto","embeddable":true,"href":"https:\/\/www.omis.net\/de-de\/wp-json\/wp\/v2\/caratteristica-prodotto?post=7336"},{"taxonomy":"tipologia-prodotto","embeddable":true,"href":"https:\/\/www.omis.net\/de-de\/wp-json\/wp\/v2\/tipologia-prodotto?post=7336"}],"curies":[{"name":"wp","href":"https:\/\/api.w.org\/{rel}","templated":true}]}}