{"id":7334,"date":"2024-12-18T10:54:44","date_gmt":"2024-12-18T09:54:44","guid":{"rendered":"http:\/\/bedrock.local\/product\/c\/"},"modified":"2025-02-03T13:05:27","modified_gmt":"2025-02-03T12:05:27","slug":"saulenschwenkkran-mit-hohlprofilausleger","status":"publish","type":"product","link":"https:\/\/www.omis.net\/de-de\/produkt\/saulenschwenkkran-mit-hohlprofilausleger\/","title":{"rendered":"S\u00e4ulenschwenkkran mit hohlprofilausleger"},"content":{"rendered":"","protected":false},"featured_media":12700,"parent":0,"template":"","caratteristica-prodotto":[1009],"tipologia-prodotto":[706,712,718],"class_list":["post-7334","product","type-product","status-publish","has-post-thumbnail","hentry","caratteristica-prodotto-manuelle-drehung","tipologia-prodotto-arbeitsplatzkraene","tipologia-prodotto-schwenkkrane","tipologia-prodotto-saeulenausfuehrung"],"acf":{"import_csv_id":"13","prodotto_generale_sku":"C","prodotto_listing_card_descrizione":"Ein einfacher, kosteng\u00fcnstiger, wartungsarmer, benutzerfreundlicher und sofort einsatzbereiter S\u00e4ulenschwenkkran.","prodotto_listing_card_caratteristiche":null,"prodotto_page_gradient_hero":false,"prodotto_page_titolo_hero":"Einfacher, kosteng\u00fcnstiger und schneller Lastumschlag.","prodotto_page_gallery_hero":[12707],"prodotto_page_descrizione_3_colonne_posizione":false,"prodotto_page_descrizione_3_colonne":[{"valore":"1000","unita_di_misura":"kg","etichetta":"Maximale Tragf\u00e4higkeit"},{"valore":"8","unita_di_misura":"m","etichetta":"Maximale Ausladung"},{"valore":"270\u00b0","unita_di_misura":"","etichetta":"Schwenkbereich"}],"prodotto_page_descrizione_titolo":"S\u00e4ulenschwenkkran mit Profilausleger mit einer Tragf\u00e4higkeit bis zu 1000 kg","prodotto_page_descrizione_3_colonne_testo":"<strong>Der Schwenkkran ist die praktischste und wirtschaftlichste L\u00f6sungen f\u00fcr den Lastumschlag. Er erm\u00f6glicht einen autonomen Arbeitsplatz, ohne dass Hallenkrane oder Gabelstapler erforderlich sind. Dar\u00fcber hinaus l\u00f6st der Schwenkkran das Problem des Lasttransports unter beengten Platzverh\u00e4ltnissen, wo andere Hebezeuge nicht einsetzbar sind.<\/strong>\r\n\r\nDie Drehung des Auslegers erfolgt durch manuellen Lastvorschub entlang des Schwenkradius des Auslegers. Er wird vor allem zum Bewegen von Produkten in mechanischen Werkst\u00e4tten, zum Be- und Entladen von CNC-Maschinen oder in Montageabteilungen eingesetzt.\r\nGr\u00f6\u00dfere Schwenkkrane sind auf Anfrage erh\u00e4ltlich.\r\nDas System zeichnet sich aufgrund der geringen Tr\u00e4gheit durch extrem leichtg\u00e4ngige Bewegungen aus. Die im Drehwerk montierten Lager erm\u00f6glichen eine nat\u00fcrliche, ruckfreie Drehung. Der mit einer manuellen Laufkatze erh\u00e4ltliche Kran wird komplett mit einer Stromversorgungsleitung geliefert und ist in den meisten F\u00e4llen mit einem Elektroseilzug ausgestattet. Der Schwenkkran zeichnet sich durch geringen Wartungsaufwand, einfache Bedienung, sofortige Lastbewegung und geringe Kosten aus.","prodotto_page_descrizione_titolo_vantaggi":"Vorteile des S\u00e4ulenschwenkkrans mit Hohlprofilausleger","prodotto_page_descrizione_vantaggi":[{"titolo":"Hervorragende Man\u00f6vrierf\u00e4higkeit","testo":"","link":"","archivio_prodotti":null},{"titolo":"Sofortige Lastbewegung","testo":"","link":"","archivio_prodotti":null},{"titolo":"Wartungsarm","testo":"","link":"","archivio_prodotti":null},{"titolo":"Erh\u00f6hte Produktivit\u00e4t und Sicherheit","testo":"","link":"","archivio_prodotti":null}],"prodotto_page_tabs_dati_tecnici":[{"etichetta":"Tragf\u00e4higkeit","valore":"125 kg - 1000 kg"},{"etichetta":"Ausladung","valore":"Bis zu 8 m je nach Tragf\u00e4higkeit"},{"etichetta":"Auslegerprofil","valore":"Gebogenes Omega-Profil"},{"etichetta":"Schwenkbereich","valore":"270\u00b0 mit vor Ort einstellbarem Drehstopp bei bauseitigen Einschr\u00e4nkungen"},{"etichetta":"Schwenkbereich","valore":"Manuell"},{"etichetta":"S\u00e4ule","valore":"Rundstahlrohr. Es hat an einem Ende eine gelochte Grundplatte zur Befestigung an der Basis mittels chemischen D\u00fcbeln oder Ankerbolzen und am anderen Ende zwei Platten, eine obere und eine mittlere zum St\u00fctzen des Auslegers."},{"etichetta":"Hebezeug","valore":"Elektrokettenzug zum Heben der Last mit einer oder zwei Hubgeschwindigkeiten, mit Schiebefahrwerk"},{"etichetta":"Bremsvorrichtung","valore":"Sie besteht aus einer \u00fcber eine Schraube einstellbare Reibungsbremse, erm\u00f6glicht die Einstellung der Schwenkkraft des Auslegers und gew\u00e4hrleistet die Standsicherheit."}],"prodotto_page_tabs_optionals":[{"titolo":"Kundenspezifische Lackierung","testo":"Die Farbe der Lackierung kann an spezielle Bed\u00fcrfnisse, Design- oder Branding-Anforderungen angepasst werden.","immagine":null}],"prodotto_page_tabs_downloads":null,"prodotto_page_gallery":[12715,12722,12729,12736,12771,12757,12750,12764,12743,12778],"prodotto_page_customer_story_titolo":"","prodotto_page_customer_story_list":null,"prodotto_page_applicazioni_list":"- Agricoltura e Alimentare\r\n- Manifatturiero\r\n- Energetico\r\n- Edile e delle costruzioni\r\n- Tecnologie dell'informazione e ICT\r\n- Trasporti e logistica\r\n- Commercio al dettaglio\r\n- Culturale e dell'intrattenimento\r\n- Ambientale e della sostenibilit\u00e0\r\n- Ricerca e sviluppo\r\n- Arti e Artigianato","prodotto_page_faq_list":null,"prodotto_page_testo_prodotti_correlati":"<h2>\u00c4hnliche Produkte<\/h2>\r\nEntdecken Sie auch diese Produkte und finden Sie andere f\u00fcr Sie geeignete L\u00f6sungen.","prodotto_page_lista_prodotti_correlati":"- CT\r\n- CS\r\n- BM","prodotto_page_titolo_componenti_3d":"","prodotto_page_immagine_iniziale_componenti_3d":null,"prodotto_page_lista_componenti_3d":null,"prodotto_page_titolo_slider_configurazioni":"Produkt und Konfigurationen","prodotto_page_lista_immgini_slider_configurazioni":[{"etichetta":"Vorderansicht","immagine":12785},{"etichetta":"Ansicht von oben","immagine":12806},{"etichetta":"Perspektive","immagine":12792},{"etichetta":"Einzelheiten","immagine":12799}],"prodotto_page_titolo_slider_configurazioni_2":"<h2><\/h2>","prodotto_page_lista_immgini_slider_configurazioni_2":null,"seo_title":"S\u00e4ulenschwenkkran mit manueller Drehung Tragf\u00e4higkeit bis 1000 kg | OMIS","seo_description":"Bei diesem Schwenkkran erfolgt die manuelle Drehung des Auslegers durch Lastvorschub entlang des Schwenkradius des Auslegers. Er wird vor allem zum Bewegen von Produkten in mechanischen Werkst\u00e4tten, zum Be- und Entladen von CNC-Maschinen oder in Montageabteilungen eingesetzt. Mehr erfahren"},"yoast_head":"<!-- This site is optimized with the Yoast SEO plugin v23.9 - https:\/\/yoast.com\/wordpress\/plugins\/seo\/ -->\n<title>S\u00e4ulenschwenkkran mit manueller Drehung Tragf\u00e4higkeit bis 1000 kg | OMIS<\/title>\n<meta name=\"description\" content=\"Bei diesem Schwenkkran erfolgt die manuelle Drehung des Auslegers durch Lastvorschub entlang des Schwenkradius des Auslegers. Er wird vor allem zum Bewegen von Produkten in mechanischen Werkst\u00e4tten, zum Be- und Entladen von CNC-Maschinen oder in Montageabteilungen eingesetzt. Mehr erfahren\" \/>\n<meta name=\"robots\" content=\"index, follow, max-snippet:-1, max-image-preview:large, max-video-preview:-1\" \/>\n<meta property=\"og:locale\" content=\"de_DE\" \/>\n<meta property=\"og:type\" content=\"article\" \/>\n<meta property=\"og:title\" content=\"S\u00e4ulenschwenkkran mit manueller Drehung Tragf\u00e4higkeit bis 1000 kg | OMIS\" \/>\n<meta property=\"og:description\" content=\"Bei diesem Schwenkkran erfolgt die manuelle Drehung des Auslegers durch Lastvorschub entlang des Schwenkradius des Auslegers. Er wird vor allem zum Bewegen von Produkten in mechanischen Werkst\u00e4tten, zum Be- und Entladen von CNC-Maschinen oder in Montageabteilungen eingesetzt. Mehr erfahren\" \/>\n<meta property=\"og:url\" content=\"https:\/\/www.omis.net\/de-de\/produkt\/saulenschwenkkran-mit-hohlprofilausleger\/\" \/>\n<meta property=\"og:site_name\" content=\"Omis Spa\" \/>\n<meta property=\"article:publisher\" content=\"https:\/\/www.facebook.com\/omisgroup\" \/>\n<meta property=\"article:modified_time\" content=\"2025-02-03T12:05:27+00:00\" \/>\n<meta property=\"og:image\" content=\"https:\/\/media.omis.net\/media\/2024\/12\/profile-Cjib-crane-c-500kg-front-3d-omis-scaled.webp\" \/>\n\t<meta property=\"og:image:width\" content=\"2560\" \/>\n\t<meta property=\"og:image:height\" content=\"1440\" \/>\n\t<meta property=\"og:image:type\" content=\"image\/webp\" \/>\n<meta name=\"twitter:card\" content=\"summary_large_image\" \/>\n<meta name=\"twitter:label1\" content=\"Est. reading time\" \/>\n\t<meta name=\"twitter:data1\" content=\"1 minute\" \/>\n<script type=\"application\/ld+json\" class=\"yoast-schema-graph\">{\"@context\":\"https:\/\/schema.org\",\"@graph\":[{\"@type\":\"WebPage\",\"@id\":\"https:\/\/www.omis.net\/de-de\/produkt\/saulenschwenkkran-mit-hohlprofilausleger\/\",\"url\":\"https:\/\/www.omis.net\/de-de\/produkt\/saulenschwenkkran-mit-hohlprofilausleger\/\",\"name\":\"S\u00e4ulenschwenkkran mit manueller Drehung Tragf\u00e4higkeit bis 1000 kg | OMIS\",\"isPartOf\":{\"@id\":\"https:\/\/www.omis.net\/it-it\/#website\"},\"primaryImageOfPage\":{\"@id\":\"https:\/\/www.omis.net\/de-de\/produkt\/saulenschwenkkran-mit-hohlprofilausleger\/#primaryimage\"},\"image\":{\"@id\":\"https:\/\/www.omis.net\/de-de\/produkt\/saulenschwenkkran-mit-hohlprofilausleger\/#primaryimage\"},\"thumbnailUrl\":\"https:\/\/media.omis.net\/media\/2024\/12\/profile-Cjib-crane-c-500kg-front-3d-omis-scaled.webp\",\"datePublished\":\"2024-12-18T09:54:44+00:00\",\"dateModified\":\"2025-02-03T12:05:27+00:00\",\"description\":\"Bei diesem Schwenkkran erfolgt die manuelle Drehung des Auslegers durch Lastvorschub entlang des Schwenkradius des Auslegers. Er wird vor allem zum Bewegen von Produkten in mechanischen Werkst\u00e4tten, zum Be- und Entladen von CNC-Maschinen oder in Montageabteilungen eingesetzt. Mehr erfahren\",\"breadcrumb\":{\"@id\":\"https:\/\/www.omis.net\/de-de\/produkt\/saulenschwenkkran-mit-hohlprofilausleger\/#breadcrumb\"},\"inLanguage\":\"de-de\",\"potentialAction\":[{\"@type\":\"ReadAction\",\"target\":[\"https:\/\/www.omis.net\/de-de\/produkt\/saulenschwenkkran-mit-hohlprofilausleger\/\"]}]},{\"@type\":\"ImageObject\",\"inLanguage\":\"de-de\",\"@id\":\"https:\/\/www.omis.net\/de-de\/produkt\/saulenschwenkkran-mit-hohlprofilausleger\/#primaryimage\",\"url\":\"https:\/\/media.omis.net\/media\/2024\/12\/profile-Cjib-crane-c-500kg-front-3d-omis-scaled.webp\",\"contentUrl\":\"https:\/\/media.omis.net\/media\/2024\/12\/profile-Cjib-crane-c-500kg-front-3d-omis-scaled.webp\",\"width\":2560,\"height\":1440,\"caption\":\"header - Profile cjib crane c 500kg front 3d Omis\"},{\"@type\":\"BreadcrumbList\",\"@id\":\"https:\/\/www.omis.net\/de-de\/produkt\/saulenschwenkkran-mit-hohlprofilausleger\/#breadcrumb\",\"itemListElement\":[{\"@type\":\"ListItem\",\"position\":1,\"name\":\"Home\",\"item\":\"https:\/\/www.omis.net\/de-de\/homepage\/\"},{\"@type\":\"ListItem\",\"position\":2,\"name\":\"S\u00e4ulenschwenkkran mit hohlprofilausleger\"}]},{\"@type\":\"WebSite\",\"@id\":\"https:\/\/www.omis.net\/it-it\/#website\",\"url\":\"https:\/\/www.omis.net\/it-it\/\",\"name\":\"Omis Spa\",\"description\":\"Movimentazione e sollevamento\",\"publisher\":{\"@id\":\"https:\/\/www.omis.net\/it-it\/#organization\"},\"potentialAction\":[{\"@type\":\"SearchAction\",\"target\":{\"@type\":\"EntryPoint\",\"urlTemplate\":\"https:\/\/www.omis.net\/it-it\/?s={search_term_string}\"},\"query-input\":{\"@type\":\"PropertyValueSpecification\",\"valueRequired\":true,\"valueName\":\"search_term_string\"}}],\"inLanguage\":\"de-de\"},{\"@type\":\"Organization\",\"@id\":\"https:\/\/www.omis.net\/it-it\/#organization\",\"name\":\"Omis Spa\",\"url\":\"https:\/\/www.omis.net\/it-it\/\",\"logo\":{\"@type\":\"ImageObject\",\"inLanguage\":\"de-de\",\"@id\":\"https:\/\/www.omis.net\/it-it\/#\/schema\/logo\/image\/\",\"url\":\"https:\/\/media.omis.net\/media\/2024\/08\/logo.jpg\",\"contentUrl\":\"https:\/\/media.omis.net\/media\/2024\/08\/logo.jpg\",\"width\":300,\"height\":300,\"caption\":\"Omis Spa\"},\"image\":{\"@id\":\"https:\/\/www.omis.net\/it-it\/#\/schema\/logo\/image\/\"},\"sameAs\":[\"https:\/\/www.facebook.com\/omisgroup\",\"https:\/\/www.linkedin.com\/company\/omis-group\",\"https:\/\/www.youtube.com\/channel\/UCS4L59XDk3kKBI9MnjuxWDw\",\"https:\/\/www.instagram.com\/omisgroup\"]}]}<\/script>\n<!-- \/ Yoast SEO plugin. -->","yoast_head_json":{"title":"S\u00e4ulenschwenkkran mit manueller Drehung Tragf\u00e4higkeit bis 1000 kg | OMIS","description":"Bei diesem Schwenkkran erfolgt die manuelle Drehung des Auslegers durch Lastvorschub entlang des Schwenkradius des Auslegers. Er wird vor allem zum Bewegen von Produkten in mechanischen Werkst\u00e4tten, zum Be- und Entladen von CNC-Maschinen oder in Montageabteilungen eingesetzt. Mehr erfahren","robots":{"index":"index","follow":"follow","max-snippet":"max-snippet:-1","max-image-preview":"max-image-preview:large","max-video-preview":"max-video-preview:-1"},"og_locale":"de_DE","og_type":"article","og_title":"S\u00e4ulenschwenkkran mit manueller Drehung Tragf\u00e4higkeit bis 1000 kg | OMIS","og_description":"Bei diesem Schwenkkran erfolgt die manuelle Drehung des Auslegers durch Lastvorschub entlang des Schwenkradius des Auslegers. Er wird vor allem zum Bewegen von Produkten in mechanischen Werkst\u00e4tten, zum Be- und Entladen von CNC-Maschinen oder in Montageabteilungen eingesetzt. Mehr erfahren","og_url":"https:\/\/www.omis.net\/de-de\/produkt\/saulenschwenkkran-mit-hohlprofilausleger\/","og_site_name":"Omis Spa","article_publisher":"https:\/\/www.facebook.com\/omisgroup","article_modified_time":"2025-02-03T12:05:27+00:00","og_image":[{"width":2560,"height":1440,"url":"https:\/\/media.omis.net\/media\/2024\/12\/profile-Cjib-crane-c-500kg-front-3d-omis-scaled.webp","type":"image\/webp"}],"twitter_card":"summary_large_image","twitter_misc":{"Est. reading time":"1 minute"},"schema":{"@context":"https:\/\/schema.org","@graph":[{"@type":"WebPage","@id":"https:\/\/www.omis.net\/de-de\/produkt\/saulenschwenkkran-mit-hohlprofilausleger\/","url":"https:\/\/www.omis.net\/de-de\/produkt\/saulenschwenkkran-mit-hohlprofilausleger\/","name":"S\u00e4ulenschwenkkran mit manueller Drehung Tragf\u00e4higkeit bis 1000 kg | OMIS","isPartOf":{"@id":"https:\/\/www.omis.net\/it-it\/#website"},"primaryImageOfPage":{"@id":"https:\/\/www.omis.net\/de-de\/produkt\/saulenschwenkkran-mit-hohlprofilausleger\/#primaryimage"},"image":{"@id":"https:\/\/www.omis.net\/de-de\/produkt\/saulenschwenkkran-mit-hohlprofilausleger\/#primaryimage"},"thumbnailUrl":"https:\/\/media.omis.net\/media\/2024\/12\/profile-Cjib-crane-c-500kg-front-3d-omis-scaled.webp","datePublished":"2024-12-18T09:54:44+00:00","dateModified":"2025-02-03T12:05:27+00:00","description":"Bei diesem Schwenkkran erfolgt die manuelle Drehung des Auslegers durch Lastvorschub entlang des Schwenkradius des Auslegers. Er wird vor allem zum Bewegen von Produkten in mechanischen Werkst\u00e4tten, zum Be- und Entladen von CNC-Maschinen oder in Montageabteilungen eingesetzt. Mehr erfahren","breadcrumb":{"@id":"https:\/\/www.omis.net\/de-de\/produkt\/saulenschwenkkran-mit-hohlprofilausleger\/#breadcrumb"},"inLanguage":"de-de","potentialAction":[{"@type":"ReadAction","target":["https:\/\/www.omis.net\/de-de\/produkt\/saulenschwenkkran-mit-hohlprofilausleger\/"]}]},{"@type":"ImageObject","inLanguage":"de-de","@id":"https:\/\/www.omis.net\/de-de\/produkt\/saulenschwenkkran-mit-hohlprofilausleger\/#primaryimage","url":"https:\/\/media.omis.net\/media\/2024\/12\/profile-Cjib-crane-c-500kg-front-3d-omis-scaled.webp","contentUrl":"https:\/\/media.omis.net\/media\/2024\/12\/profile-Cjib-crane-c-500kg-front-3d-omis-scaled.webp","width":2560,"height":1440,"caption":"header - Profile cjib crane c 500kg front 3d Omis"},{"@type":"BreadcrumbList","@id":"https:\/\/www.omis.net\/de-de\/produkt\/saulenschwenkkran-mit-hohlprofilausleger\/#breadcrumb","itemListElement":[{"@type":"ListItem","position":1,"name":"Home","item":"https:\/\/www.omis.net\/de-de\/homepage\/"},{"@type":"ListItem","position":2,"name":"S\u00e4ulenschwenkkran mit hohlprofilausleger"}]},{"@type":"WebSite","@id":"https:\/\/www.omis.net\/it-it\/#website","url":"https:\/\/www.omis.net\/it-it\/","name":"Omis Spa","description":"Movimentazione e sollevamento","publisher":{"@id":"https:\/\/www.omis.net\/it-it\/#organization"},"potentialAction":[{"@type":"SearchAction","target":{"@type":"EntryPoint","urlTemplate":"https:\/\/www.omis.net\/it-it\/?s={search_term_string}"},"query-input":{"@type":"PropertyValueSpecification","valueRequired":true,"valueName":"search_term_string"}}],"inLanguage":"de-de"},{"@type":"Organization","@id":"https:\/\/www.omis.net\/it-it\/#organization","name":"Omis Spa","url":"https:\/\/www.omis.net\/it-it\/","logo":{"@type":"ImageObject","inLanguage":"de-de","@id":"https:\/\/www.omis.net\/it-it\/#\/schema\/logo\/image\/","url":"https:\/\/media.omis.net\/media\/2024\/08\/logo.jpg","contentUrl":"https:\/\/media.omis.net\/media\/2024\/08\/logo.jpg","width":300,"height":300,"caption":"Omis Spa"},"image":{"@id":"https:\/\/www.omis.net\/it-it\/#\/schema\/logo\/image\/"},"sameAs":["https:\/\/www.facebook.com\/omisgroup","https:\/\/www.linkedin.com\/company\/omis-group","https:\/\/www.youtube.com\/channel\/UCS4L59XDk3kKBI9MnjuxWDw","https:\/\/www.instagram.com\/omisgroup"]}]}},"_links":{"self":[{"href":"https:\/\/www.omis.net\/de-de\/wp-json\/wp\/v2\/product\/7334"}],"collection":[{"href":"https:\/\/www.omis.net\/de-de\/wp-json\/wp\/v2\/product"}],"about":[{"href":"https:\/\/www.omis.net\/de-de\/wp-json\/wp\/v2\/types\/product"}],"acf:attachment":[{"embeddable":true,"href":"https:\/\/www.omis.net\/de-de\/wp-json\/wp\/v2\/media\/12778"},{"embeddable":true,"href":"https:\/\/www.omis.net\/de-de\/wp-json\/wp\/v2\/media\/12743"},{"embeddable":true,"href":"https:\/\/www.omis.net\/de-de\/wp-json\/wp\/v2\/media\/12764"},{"embeddable":true,"href":"https:\/\/www.omis.net\/de-de\/wp-json\/wp\/v2\/media\/12750"},{"embeddable":true,"href":"https:\/\/www.omis.net\/de-de\/wp-json\/wp\/v2\/media\/12757"},{"embeddable":true,"href":"https:\/\/www.omis.net\/de-de\/wp-json\/wp\/v2\/media\/12771"},{"embeddable":true,"href":"https:\/\/www.omis.net\/de-de\/wp-json\/wp\/v2\/media\/12736"},{"embeddable":true,"href":"https:\/\/www.omis.net\/de-de\/wp-json\/wp\/v2\/media\/12729"},{"embeddable":true,"href":"https:\/\/www.omis.net\/de-de\/wp-json\/wp\/v2\/media\/12722"},{"embeddable":true,"href":"https:\/\/www.omis.net\/de-de\/wp-json\/wp\/v2\/media\/12715"},{"embeddable":true,"href":"https:\/\/www.omis.net\/de-de\/wp-json\/wp\/v2\/media\/12707"}],"wp:featuredmedia":[{"embeddable":true,"href":"https:\/\/www.omis.net\/de-de\/wp-json\/wp\/v2\/media\/12700"}],"wp:attachment":[{"href":"https:\/\/www.omis.net\/de-de\/wp-json\/wp\/v2\/media?parent=7334"}],"wp:term":[{"taxonomy":"caratteristica-prodotto","embeddable":true,"href":"https:\/\/www.omis.net\/de-de\/wp-json\/wp\/v2\/caratteristica-prodotto?post=7334"},{"taxonomy":"tipologia-prodotto","embeddable":true,"href":"https:\/\/www.omis.net\/de-de\/wp-json\/wp\/v2\/tipologia-prodotto?post=7334"}],"curies":[{"name":"wp","href":"https:\/\/api.w.org\/{rel}","templated":true}]}}