{"id":6314,"date":"2024-03-22T14:14:20","date_gmt":"2024-03-22T13:14:20","guid":{"rendered":"http:\/\/bedrock.local\/service\/"},"modified":"2025-04-03T10:59:12","modified_gmt":"2025-04-03T08:59:12","slug":"service","status":"publish","type":"page","link":"https:\/\/www.omis.net\/de-de\/service\/","title":{"rendered":"Service"},"content":{"rendered":"","protected":false},"excerpt":{"rendered":"","protected":false},"author":2,"featured_media":0,"parent":0,"menu_order":0,"comment_status":"closed","ping_status":"closed","template":"templates\/template-servizi.php","meta":{"_acf_changed":false,"footnotes":""},"class_list":["post-6314","page","type-page","status-publish","hentry"],"acf":{"seo_title":"OMIS Service, wir sind immer f\u00fcr Sie da. Jeden Tag. | OMIS  ","seo_description":"Wir bieten ein Rundum-Servicepaket f\u00fcr Hebesysteme der Marke OMIS und anderer Marken einschlie\u00dflich Planung, Schulung, Wartung und Ersatzteilen. Von der Ersatzteillieferung bis hin zur kontinuierlichen Kundenbetreuung wollen wir die Erfahrung und Produktivit\u00e4t unserer Kunden optimieren und sie von der Anfangsphase bis zum Aftersales-Service begleiten. "},"yoast_head":"<!-- This site is optimized with the Yoast SEO plugin v23.9 - https:\/\/yoast.com\/wordpress\/plugins\/seo\/ -->\n<title>OMIS Service, wir sind immer f\u00fcr Sie da. Jeden Tag. | OMIS<\/title>\n<meta name=\"description\" content=\"Wir bieten ein Rundum-Servicepaket f\u00fcr Hebesysteme der Marke OMIS und anderer Marken einschlie\u00dflich Planung, Schulung, Wartung und Ersatzteilen. Von der Ersatzteillieferung bis hin zur kontinuierlichen Kundenbetreuung wollen wir die Erfahrung und Produktivit\u00e4t unserer Kunden optimieren und sie von der Anfangsphase bis zum Aftersales-Service begleiten.\" \/>\n<meta name=\"robots\" content=\"index, follow, max-snippet:-1, max-image-preview:large, max-video-preview:-1\" \/>\n<meta property=\"og:locale\" content=\"de_DE\" \/>\n<meta property=\"og:type\" content=\"article\" \/>\n<meta property=\"og:title\" content=\"OMIS Service, wir sind immer f\u00fcr Sie da. Jeden Tag. | OMIS\" \/>\n<meta property=\"og:description\" content=\"Wir bieten ein Rundum-Servicepaket f\u00fcr Hebesysteme der Marke OMIS und anderer Marken einschlie\u00dflich Planung, Schulung, Wartung und Ersatzteilen. Von der Ersatzteillieferung bis hin zur kontinuierlichen Kundenbetreuung wollen wir die Erfahrung und Produktivit\u00e4t unserer Kunden optimieren und sie von der Anfangsphase bis zum Aftersales-Service begleiten.\" \/>\n<meta property=\"og:url\" content=\"https:\/\/www.omis.net\/de-de\/service\/\" \/>\n<meta property=\"og:site_name\" content=\"Omis Spa\" \/>\n<meta property=\"article:publisher\" content=\"https:\/\/www.facebook.com\/omisgroup\" \/>\n<meta property=\"article:modified_time\" content=\"2025-04-03T08:59:12+00:00\" \/>\n<meta name=\"twitter:card\" content=\"summary_large_image\" \/>\n<script type=\"application\/ld+json\" class=\"yoast-schema-graph\">{\"@context\":\"https:\/\/schema.org\",\"@graph\":[{\"@type\":\"WebPage\",\"@id\":\"https:\/\/www.omis.net\/de-de\/service\/\",\"url\":\"https:\/\/www.omis.net\/de-de\/service\/\",\"name\":\"OMIS Service, wir sind immer f\u00fcr Sie da. Jeden Tag. | OMIS\",\"isPartOf\":{\"@id\":\"https:\/\/www.omis.net\/it-it\/#website\"},\"datePublished\":\"2024-03-22T13:14:20+00:00\",\"dateModified\":\"2025-04-03T08:59:12+00:00\",\"description\":\"Wir bieten ein Rundum-Servicepaket f\u00fcr Hebesysteme der Marke OMIS und anderer Marken einschlie\u00dflich Planung, Schulung, Wartung und Ersatzteilen. Von der Ersatzteillieferung bis hin zur kontinuierlichen Kundenbetreuung wollen wir die Erfahrung und Produktivit\u00e4t unserer Kunden optimieren und sie von der Anfangsphase bis zum Aftersales-Service begleiten.\",\"breadcrumb\":{\"@id\":\"https:\/\/www.omis.net\/de-de\/service\/#breadcrumb\"},\"inLanguage\":\"de-de\",\"potentialAction\":[{\"@type\":\"ReadAction\",\"target\":[\"https:\/\/www.omis.net\/de-de\/service\/\"]}]},{\"@type\":\"BreadcrumbList\",\"@id\":\"https:\/\/www.omis.net\/de-de\/service\/#breadcrumb\",\"itemListElement\":[{\"@type\":\"ListItem\",\"position\":1,\"name\":\"Home\",\"item\":\"https:\/\/www.omis.net\/de-de\/homepage\/\"},{\"@type\":\"ListItem\",\"position\":2,\"name\":\"Service\"}]},{\"@type\":\"WebSite\",\"@id\":\"https:\/\/www.omis.net\/it-it\/#website\",\"url\":\"https:\/\/www.omis.net\/it-it\/\",\"name\":\"Omis Spa\",\"description\":\"Movimentazione e sollevamento\",\"publisher\":{\"@id\":\"https:\/\/www.omis.net\/it-it\/#organization\"},\"potentialAction\":[{\"@type\":\"SearchAction\",\"target\":{\"@type\":\"EntryPoint\",\"urlTemplate\":\"https:\/\/www.omis.net\/it-it\/?s={search_term_string}\"},\"query-input\":{\"@type\":\"PropertyValueSpecification\",\"valueRequired\":true,\"valueName\":\"search_term_string\"}}],\"inLanguage\":\"de-de\"},{\"@type\":\"Organization\",\"@id\":\"https:\/\/www.omis.net\/it-it\/#organization\",\"name\":\"Omis Spa\",\"url\":\"https:\/\/www.omis.net\/it-it\/\",\"logo\":{\"@type\":\"ImageObject\",\"inLanguage\":\"de-de\",\"@id\":\"https:\/\/www.omis.net\/it-it\/#\/schema\/logo\/image\/\",\"url\":\"https:\/\/media.omis.net\/media\/2024\/08\/logo.jpg\",\"contentUrl\":\"https:\/\/media.omis.net\/media\/2024\/08\/logo.jpg\",\"width\":300,\"height\":300,\"caption\":\"Omis Spa\"},\"image\":{\"@id\":\"https:\/\/www.omis.net\/it-it\/#\/schema\/logo\/image\/\"},\"sameAs\":[\"https:\/\/www.facebook.com\/omisgroup\",\"https:\/\/www.linkedin.com\/company\/omis-group\",\"https:\/\/www.youtube.com\/channel\/UCS4L59XDk3kKBI9MnjuxWDw\",\"https:\/\/www.instagram.com\/omisgroup\"]}]}<\/script>\n<!-- \/ Yoast SEO plugin. -->","yoast_head_json":{"title":"OMIS Service, wir sind immer f\u00fcr Sie da. Jeden Tag. | OMIS","description":"Wir bieten ein Rundum-Servicepaket f\u00fcr Hebesysteme der Marke OMIS und anderer Marken einschlie\u00dflich Planung, Schulung, Wartung und Ersatzteilen. Von der Ersatzteillieferung bis hin zur kontinuierlichen Kundenbetreuung wollen wir die Erfahrung und Produktivit\u00e4t unserer Kunden optimieren und sie von der Anfangsphase bis zum Aftersales-Service begleiten.","robots":{"index":"index","follow":"follow","max-snippet":"max-snippet:-1","max-image-preview":"max-image-preview:large","max-video-preview":"max-video-preview:-1"},"og_locale":"de_DE","og_type":"article","og_title":"OMIS Service, wir sind immer f\u00fcr Sie da. Jeden Tag. | OMIS","og_description":"Wir bieten ein Rundum-Servicepaket f\u00fcr Hebesysteme der Marke OMIS und anderer Marken einschlie\u00dflich Planung, Schulung, Wartung und Ersatzteilen. Von der Ersatzteillieferung bis hin zur kontinuierlichen Kundenbetreuung wollen wir die Erfahrung und Produktivit\u00e4t unserer Kunden optimieren und sie von der Anfangsphase bis zum Aftersales-Service begleiten.","og_url":"https:\/\/www.omis.net\/de-de\/service\/","og_site_name":"Omis Spa","article_publisher":"https:\/\/www.facebook.com\/omisgroup","article_modified_time":"2025-04-03T08:59:12+00:00","twitter_card":"summary_large_image","schema":{"@context":"https:\/\/schema.org","@graph":[{"@type":"WebPage","@id":"https:\/\/www.omis.net\/de-de\/service\/","url":"https:\/\/www.omis.net\/de-de\/service\/","name":"OMIS Service, wir sind immer f\u00fcr Sie da. Jeden Tag. | OMIS","isPartOf":{"@id":"https:\/\/www.omis.net\/it-it\/#website"},"datePublished":"2024-03-22T13:14:20+00:00","dateModified":"2025-04-03T08:59:12+00:00","description":"Wir bieten ein Rundum-Servicepaket f\u00fcr Hebesysteme der Marke OMIS und anderer Marken einschlie\u00dflich Planung, Schulung, Wartung und Ersatzteilen. Von der Ersatzteillieferung bis hin zur kontinuierlichen Kundenbetreuung wollen wir die Erfahrung und Produktivit\u00e4t unserer Kunden optimieren und sie von der Anfangsphase bis zum Aftersales-Service begleiten.","breadcrumb":{"@id":"https:\/\/www.omis.net\/de-de\/service\/#breadcrumb"},"inLanguage":"de-de","potentialAction":[{"@type":"ReadAction","target":["https:\/\/www.omis.net\/de-de\/service\/"]}]},{"@type":"BreadcrumbList","@id":"https:\/\/www.omis.net\/de-de\/service\/#breadcrumb","itemListElement":[{"@type":"ListItem","position":1,"name":"Home","item":"https:\/\/www.omis.net\/de-de\/homepage\/"},{"@type":"ListItem","position":2,"name":"Service"}]},{"@type":"WebSite","@id":"https:\/\/www.omis.net\/it-it\/#website","url":"https:\/\/www.omis.net\/it-it\/","name":"Omis Spa","description":"Movimentazione e sollevamento","publisher":{"@id":"https:\/\/www.omis.net\/it-it\/#organization"},"potentialAction":[{"@type":"SearchAction","target":{"@type":"EntryPoint","urlTemplate":"https:\/\/www.omis.net\/it-it\/?s={search_term_string}"},"query-input":{"@type":"PropertyValueSpecification","valueRequired":true,"valueName":"search_term_string"}}],"inLanguage":"de-de"},{"@type":"Organization","@id":"https:\/\/www.omis.net\/it-it\/#organization","name":"Omis Spa","url":"https:\/\/www.omis.net\/it-it\/","logo":{"@type":"ImageObject","inLanguage":"de-de","@id":"https:\/\/www.omis.net\/it-it\/#\/schema\/logo\/image\/","url":"https:\/\/media.omis.net\/media\/2024\/08\/logo.jpg","contentUrl":"https:\/\/media.omis.net\/media\/2024\/08\/logo.jpg","width":300,"height":300,"caption":"Omis Spa"},"image":{"@id":"https:\/\/www.omis.net\/it-it\/#\/schema\/logo\/image\/"},"sameAs":["https:\/\/www.facebook.com\/omisgroup","https:\/\/www.linkedin.com\/company\/omis-group","https:\/\/www.youtube.com\/channel\/UCS4L59XDk3kKBI9MnjuxWDw","https:\/\/www.instagram.com\/omisgroup"]}]}},"_links":{"self":[{"href":"https:\/\/www.omis.net\/de-de\/wp-json\/wp\/v2\/pages\/6314"}],"collection":[{"href":"https:\/\/www.omis.net\/de-de\/wp-json\/wp\/v2\/pages"}],"about":[{"href":"https:\/\/www.omis.net\/de-de\/wp-json\/wp\/v2\/types\/page"}],"author":[{"embeddable":true,"href":"https:\/\/www.omis.net\/de-de\/wp-json\/wp\/v2\/users\/2"}],"replies":[{"embeddable":true,"href":"https:\/\/www.omis.net\/de-de\/wp-json\/wp\/v2\/comments?post=6314"}],"version-history":[{"count":1,"href":"https:\/\/www.omis.net\/de-de\/wp-json\/wp\/v2\/pages\/6314\/revisions"}],"predecessor-version":[{"id":17716,"href":"https:\/\/www.omis.net\/de-de\/wp-json\/wp\/v2\/pages\/6314\/revisions\/17716"}],"wp:attachment":[{"href":"https:\/\/www.omis.net\/de-de\/wp-json\/wp\/v2\/media?parent=6314"}],"curies":[{"name":"wp","href":"https:\/\/api.w.org\/{rel}","templated":true}]}}