{"id":6302,"date":"2024-04-18T08:49:05","date_gmt":"2024-04-18T06:49:05","guid":{"rendered":"http:\/\/bedrock.local\/born-to-lift\/omis-india\/"},"modified":"2025-05-13T12:24:42","modified_gmt":"2025-05-13T10:24:42","slug":"omis-india","status":"publish","type":"page","link":"https:\/\/www.omis.net\/de-de\/born-to-lift\/omis-india\/","title":{"rendered":"OMIS India"},"content":{"rendered":"","protected":false},"excerpt":{"rendered":"","protected":false},"author":2,"featured_media":0,"parent":5894,"menu_order":0,"comment_status":"closed","ping_status":"closed","template":"templates\/template-sedi-produttive.php","meta":{"_acf_changed":false,"footnotes":""},"class_list":["post-6302","page","type-page","status-publish","hentry"],"acf":{"seo_title":"OMIS INDIA: Protagonisten auf den M\u00e4rkten in Fernost. | OMIS ","seo_description":"Seit 2021 entwickelt, baut und installiert OMIS India Br\u00fcckenkrane, Leichtbaukrane und kundenspezifische Handhabungssysteme. Unsere junge indische Niederlassung bietet lokale L\u00f6sungen mit der Kraft eines globalen Unternehmens und tr\u00e4gt mit seinen Prozessen, Technologien und bew\u00e4hrten Praktiken zur Entwicklung in Fernost bei. "},"yoast_head":"<!-- This site is optimized with the Yoast SEO plugin v23.9 - https:\/\/yoast.com\/wordpress\/plugins\/seo\/ -->\n<title>OMIS INDIA: Protagonisten auf den M\u00e4rkten in Fernost. | OMIS<\/title>\n<meta name=\"description\" content=\"Seit 2021 entwickelt, baut und installiert OMIS India Br\u00fcckenkrane, Leichtbaukrane und kundenspezifische Handhabungssysteme. Unsere junge indische Niederlassung bietet lokale L\u00f6sungen mit der Kraft eines globalen Unternehmens und tr\u00e4gt mit seinen Prozessen, Technologien und bew\u00e4hrten Praktiken zur Entwicklung in Fernost bei.\" \/>\n<meta name=\"robots\" content=\"index, follow, max-snippet:-1, max-image-preview:large, max-video-preview:-1\" \/>\n<meta property=\"og:locale\" content=\"de_DE\" \/>\n<meta property=\"og:type\" content=\"article\" \/>\n<meta property=\"og:title\" content=\"OMIS INDIA: Protagonisten auf den M\u00e4rkten in Fernost. | OMIS\" \/>\n<meta property=\"og:description\" content=\"Seit 2021 entwickelt, baut und installiert OMIS India Br\u00fcckenkrane, Leichtbaukrane und kundenspezifische Handhabungssysteme. Unsere junge indische Niederlassung bietet lokale L\u00f6sungen mit der Kraft eines globalen Unternehmens und tr\u00e4gt mit seinen Prozessen, Technologien und bew\u00e4hrten Praktiken zur Entwicklung in Fernost bei.\" \/>\n<meta property=\"og:url\" content=\"https:\/\/www.omis.net\/de-de\/born-to-lift\/omis-india\/\" \/>\n<meta property=\"og:site_name\" content=\"Omis Spa\" \/>\n<meta property=\"article:publisher\" content=\"https:\/\/www.facebook.com\/omisgroup\" \/>\n<meta property=\"article:modified_time\" content=\"2025-05-13T10:24:42+00:00\" \/>\n<meta name=\"twitter:card\" content=\"summary_large_image\" \/>\n<script type=\"application\/ld+json\" class=\"yoast-schema-graph\">{\"@context\":\"https:\/\/schema.org\",\"@graph\":[{\"@type\":\"WebPage\",\"@id\":\"https:\/\/www.omis.net\/de-de\/born-to-lift\/omis-india\/\",\"url\":\"https:\/\/www.omis.net\/de-de\/born-to-lift\/omis-india\/\",\"name\":\"OMIS INDIA: Protagonisten auf den M\u00e4rkten in Fernost. | OMIS\",\"isPartOf\":{\"@id\":\"https:\/\/www.omis.net\/it-it\/#website\"},\"datePublished\":\"2024-04-18T06:49:05+00:00\",\"dateModified\":\"2025-05-13T10:24:42+00:00\",\"description\":\"Seit 2021 entwickelt, baut und installiert OMIS India Br\u00fcckenkrane, Leichtbaukrane und kundenspezifische Handhabungssysteme. Unsere junge indische Niederlassung bietet lokale L\u00f6sungen mit der Kraft eines globalen Unternehmens und tr\u00e4gt mit seinen Prozessen, Technologien und bew\u00e4hrten Praktiken zur Entwicklung in Fernost bei.\",\"breadcrumb\":{\"@id\":\"https:\/\/www.omis.net\/de-de\/born-to-lift\/omis-india\/#breadcrumb\"},\"inLanguage\":\"de-de\",\"potentialAction\":[{\"@type\":\"ReadAction\",\"target\":[\"https:\/\/www.omis.net\/de-de\/born-to-lift\/omis-india\/\"]}]},{\"@type\":\"BreadcrumbList\",\"@id\":\"https:\/\/www.omis.net\/de-de\/born-to-lift\/omis-india\/#breadcrumb\",\"itemListElement\":[{\"@type\":\"ListItem\",\"position\":1,\"name\":\"Home\",\"item\":\"https:\/\/www.omis.net\/de-de\/homepage\/\"},{\"@type\":\"ListItem\",\"position\":2,\"name\":\"Born to lift\",\"item\":\"https:\/\/www.omis.net\/de-de\/born-to-lift\/\"},{\"@type\":\"ListItem\",\"position\":3,\"name\":\"OMIS India\"}]},{\"@type\":\"WebSite\",\"@id\":\"https:\/\/www.omis.net\/it-it\/#website\",\"url\":\"https:\/\/www.omis.net\/it-it\/\",\"name\":\"Omis Spa\",\"description\":\"Movimentazione e sollevamento\",\"publisher\":{\"@id\":\"https:\/\/www.omis.net\/it-it\/#organization\"},\"potentialAction\":[{\"@type\":\"SearchAction\",\"target\":{\"@type\":\"EntryPoint\",\"urlTemplate\":\"https:\/\/www.omis.net\/it-it\/?s={search_term_string}\"},\"query-input\":{\"@type\":\"PropertyValueSpecification\",\"valueRequired\":true,\"valueName\":\"search_term_string\"}}],\"inLanguage\":\"de-de\"},{\"@type\":\"Organization\",\"@id\":\"https:\/\/www.omis.net\/it-it\/#organization\",\"name\":\"Omis Spa\",\"url\":\"https:\/\/www.omis.net\/it-it\/\",\"logo\":{\"@type\":\"ImageObject\",\"inLanguage\":\"de-de\",\"@id\":\"https:\/\/www.omis.net\/it-it\/#\/schema\/logo\/image\/\",\"url\":\"https:\/\/media.omis.net\/media\/2024\/08\/logo.jpg\",\"contentUrl\":\"https:\/\/media.omis.net\/media\/2024\/08\/logo.jpg\",\"width\":300,\"height\":300,\"caption\":\"Omis Spa\"},\"image\":{\"@id\":\"https:\/\/www.omis.net\/it-it\/#\/schema\/logo\/image\/\"},\"sameAs\":[\"https:\/\/www.facebook.com\/omisgroup\",\"https:\/\/www.linkedin.com\/company\/omis-group\",\"https:\/\/www.youtube.com\/channel\/UCS4L59XDk3kKBI9MnjuxWDw\",\"https:\/\/www.instagram.com\/omisgroup\"]}]}<\/script>\n<!-- \/ Yoast SEO plugin. -->","yoast_head_json":{"title":"OMIS INDIA: Protagonisten auf den M\u00e4rkten in Fernost. | OMIS","description":"Seit 2021 entwickelt, baut und installiert OMIS India Br\u00fcckenkrane, Leichtbaukrane und kundenspezifische Handhabungssysteme. Unsere junge indische Niederlassung bietet lokale L\u00f6sungen mit der Kraft eines globalen Unternehmens und tr\u00e4gt mit seinen Prozessen, Technologien und bew\u00e4hrten Praktiken zur Entwicklung in Fernost bei.","robots":{"index":"index","follow":"follow","max-snippet":"max-snippet:-1","max-image-preview":"max-image-preview:large","max-video-preview":"max-video-preview:-1"},"og_locale":"de_DE","og_type":"article","og_title":"OMIS INDIA: Protagonisten auf den M\u00e4rkten in Fernost. | OMIS","og_description":"Seit 2021 entwickelt, baut und installiert OMIS India Br\u00fcckenkrane, Leichtbaukrane und kundenspezifische Handhabungssysteme. Unsere junge indische Niederlassung bietet lokale L\u00f6sungen mit der Kraft eines globalen Unternehmens und tr\u00e4gt mit seinen Prozessen, Technologien und bew\u00e4hrten Praktiken zur Entwicklung in Fernost bei.","og_url":"https:\/\/www.omis.net\/de-de\/born-to-lift\/omis-india\/","og_site_name":"Omis Spa","article_publisher":"https:\/\/www.facebook.com\/omisgroup","article_modified_time":"2025-05-13T10:24:42+00:00","twitter_card":"summary_large_image","schema":{"@context":"https:\/\/schema.org","@graph":[{"@type":"WebPage","@id":"https:\/\/www.omis.net\/de-de\/born-to-lift\/omis-india\/","url":"https:\/\/www.omis.net\/de-de\/born-to-lift\/omis-india\/","name":"OMIS INDIA: Protagonisten auf den M\u00e4rkten in Fernost. | OMIS","isPartOf":{"@id":"https:\/\/www.omis.net\/it-it\/#website"},"datePublished":"2024-04-18T06:49:05+00:00","dateModified":"2025-05-13T10:24:42+00:00","description":"Seit 2021 entwickelt, baut und installiert OMIS India Br\u00fcckenkrane, Leichtbaukrane und kundenspezifische Handhabungssysteme. Unsere junge indische Niederlassung bietet lokale L\u00f6sungen mit der Kraft eines globalen Unternehmens und tr\u00e4gt mit seinen Prozessen, Technologien und bew\u00e4hrten Praktiken zur Entwicklung in Fernost bei.","breadcrumb":{"@id":"https:\/\/www.omis.net\/de-de\/born-to-lift\/omis-india\/#breadcrumb"},"inLanguage":"de-de","potentialAction":[{"@type":"ReadAction","target":["https:\/\/www.omis.net\/de-de\/born-to-lift\/omis-india\/"]}]},{"@type":"BreadcrumbList","@id":"https:\/\/www.omis.net\/de-de\/born-to-lift\/omis-india\/#breadcrumb","itemListElement":[{"@type":"ListItem","position":1,"name":"Home","item":"https:\/\/www.omis.net\/de-de\/homepage\/"},{"@type":"ListItem","position":2,"name":"Born to lift","item":"https:\/\/www.omis.net\/de-de\/born-to-lift\/"},{"@type":"ListItem","position":3,"name":"OMIS India"}]},{"@type":"WebSite","@id":"https:\/\/www.omis.net\/it-it\/#website","url":"https:\/\/www.omis.net\/it-it\/","name":"Omis Spa","description":"Movimentazione e sollevamento","publisher":{"@id":"https:\/\/www.omis.net\/it-it\/#organization"},"potentialAction":[{"@type":"SearchAction","target":{"@type":"EntryPoint","urlTemplate":"https:\/\/www.omis.net\/it-it\/?s={search_term_string}"},"query-input":{"@type":"PropertyValueSpecification","valueRequired":true,"valueName":"search_term_string"}}],"inLanguage":"de-de"},{"@type":"Organization","@id":"https:\/\/www.omis.net\/it-it\/#organization","name":"Omis Spa","url":"https:\/\/www.omis.net\/it-it\/","logo":{"@type":"ImageObject","inLanguage":"de-de","@id":"https:\/\/www.omis.net\/it-it\/#\/schema\/logo\/image\/","url":"https:\/\/media.omis.net\/media\/2024\/08\/logo.jpg","contentUrl":"https:\/\/media.omis.net\/media\/2024\/08\/logo.jpg","width":300,"height":300,"caption":"Omis Spa"},"image":{"@id":"https:\/\/www.omis.net\/it-it\/#\/schema\/logo\/image\/"},"sameAs":["https:\/\/www.facebook.com\/omisgroup","https:\/\/www.linkedin.com\/company\/omis-group","https:\/\/www.youtube.com\/channel\/UCS4L59XDk3kKBI9MnjuxWDw","https:\/\/www.instagram.com\/omisgroup"]}]}},"_links":{"self":[{"href":"https:\/\/www.omis.net\/de-de\/wp-json\/wp\/v2\/pages\/6302"}],"collection":[{"href":"https:\/\/www.omis.net\/de-de\/wp-json\/wp\/v2\/pages"}],"about":[{"href":"https:\/\/www.omis.net\/de-de\/wp-json\/wp\/v2\/types\/page"}],"author":[{"embeddable":true,"href":"https:\/\/www.omis.net\/de-de\/wp-json\/wp\/v2\/users\/2"}],"replies":[{"embeddable":true,"href":"https:\/\/www.omis.net\/de-de\/wp-json\/wp\/v2\/comments?post=6302"}],"version-history":[{"count":5,"href":"https:\/\/www.omis.net\/de-de\/wp-json\/wp\/v2\/pages\/6302\/revisions"}],"predecessor-version":[{"id":17934,"href":"https:\/\/www.omis.net\/de-de\/wp-json\/wp\/v2\/pages\/6302\/revisions\/17934"}],"up":[{"embeddable":true,"href":"https:\/\/www.omis.net\/de-de\/wp-json\/wp\/v2\/pages\/5894"}],"wp:attachment":[{"href":"https:\/\/www.omis.net\/de-de\/wp-json\/wp\/v2\/media?parent=6302"}],"curies":[{"name":"wp","href":"https:\/\/api.w.org\/{rel}","templated":true}]}}