{"id":6290,"date":"2024-10-10T09:33:02","date_gmt":"2024-10-10T07:33:02","guid":{"rendered":"http:\/\/bedrock.local\/born-to-lift\/omis-italia\/"},"modified":"2025-05-20T09:44:22","modified_gmt":"2025-05-20T07:44:22","slug":"omis-italia","status":"publish","type":"page","link":"https:\/\/www.omis.net\/de-de\/born-to-lift\/omis-italia\/","title":{"rendered":"OMIS Italia"},"content":{"rendered":"","protected":false},"excerpt":{"rendered":"","protected":false},"author":2,"featured_media":0,"parent":5894,"menu_order":0,"comment_status":"closed","ping_status":"closed","template":"templates\/template-sedi-produttive.php","meta":{"_acf_changed":false,"footnotes":""},"class_list":["post-6290","page","type-page","status-publish","hentry"],"acf":{"seo_title":"OMIS Italien: Das Planungs- und Produktionszentrum der Gruppe. | OMIS ","seo_description":"OMIS wurde in Italien gegr\u00fcndet und hat hier sein technisches und planerisches Know-how entwickelt. Der historische Hauptsitz in Sandrigo, Vicenza, ist das schlagende Herz der Gruppe und umfasst f\u00fcnf Produktionseinheiten. In Italien verf\u00fcgt OMIS \u00fcber ein Netzwerk von Unternehmen und Handelszentren, die kompetente und zeitnahe Unterst\u00fctzung bieten.  "},"yoast_head":"<!-- This site is optimized with the Yoast SEO plugin v23.9 - https:\/\/yoast.com\/wordpress\/plugins\/seo\/ -->\n<title>OMIS Italien: Das Planungs- und Produktionszentrum der Gruppe. | OMIS<\/title>\n<meta name=\"description\" content=\"OMIS wurde in Italien gegr\u00fcndet und hat hier sein technisches und planerisches Know-how entwickelt. Der historische Hauptsitz in Sandrigo, Vicenza, ist das schlagende Herz der Gruppe und umfasst f\u00fcnf Produktionseinheiten. In Italien verf\u00fcgt OMIS \u00fcber ein Netzwerk von Unternehmen und Handelszentren, die kompetente und zeitnahe Unterst\u00fctzung bieten.\" \/>\n<meta name=\"robots\" content=\"index, follow, max-snippet:-1, max-image-preview:large, max-video-preview:-1\" \/>\n<meta property=\"og:locale\" content=\"de_DE\" \/>\n<meta property=\"og:type\" content=\"article\" \/>\n<meta property=\"og:title\" content=\"OMIS Italien: Das Planungs- und Produktionszentrum der Gruppe. | OMIS\" \/>\n<meta property=\"og:description\" content=\"OMIS wurde in Italien gegr\u00fcndet und hat hier sein technisches und planerisches Know-how entwickelt. Der historische Hauptsitz in Sandrigo, Vicenza, ist das schlagende Herz der Gruppe und umfasst f\u00fcnf Produktionseinheiten. In Italien verf\u00fcgt OMIS \u00fcber ein Netzwerk von Unternehmen und Handelszentren, die kompetente und zeitnahe Unterst\u00fctzung bieten.\" \/>\n<meta property=\"og:url\" content=\"https:\/\/www.omis.net\/de-de\/born-to-lift\/omis-italia\/\" \/>\n<meta property=\"og:site_name\" content=\"Omis Spa\" \/>\n<meta property=\"article:publisher\" content=\"https:\/\/www.facebook.com\/omisgroup\" \/>\n<meta property=\"article:modified_time\" content=\"2025-05-20T07:44:22+00:00\" \/>\n<meta name=\"twitter:card\" content=\"summary_large_image\" \/>\n<script type=\"application\/ld+json\" class=\"yoast-schema-graph\">{\"@context\":\"https:\/\/schema.org\",\"@graph\":[{\"@type\":\"WebPage\",\"@id\":\"https:\/\/www.omis.net\/de-de\/born-to-lift\/omis-italia\/\",\"url\":\"https:\/\/www.omis.net\/de-de\/born-to-lift\/omis-italia\/\",\"name\":\"OMIS Italien: Das Planungs- und Produktionszentrum der Gruppe. | OMIS\",\"isPartOf\":{\"@id\":\"https:\/\/www.omis.net\/it-it\/#website\"},\"datePublished\":\"2024-10-10T07:33:02+00:00\",\"dateModified\":\"2025-05-20T07:44:22+00:00\",\"description\":\"OMIS wurde in Italien gegr\u00fcndet und hat hier sein technisches und planerisches Know-how entwickelt. Der historische Hauptsitz in Sandrigo, Vicenza, ist das schlagende Herz der Gruppe und umfasst f\u00fcnf Produktionseinheiten. In Italien verf\u00fcgt OMIS \u00fcber ein Netzwerk von Unternehmen und Handelszentren, die kompetente und zeitnahe Unterst\u00fctzung bieten.\",\"breadcrumb\":{\"@id\":\"https:\/\/www.omis.net\/de-de\/born-to-lift\/omis-italia\/#breadcrumb\"},\"inLanguage\":\"de-de\",\"potentialAction\":[{\"@type\":\"ReadAction\",\"target\":[\"https:\/\/www.omis.net\/de-de\/born-to-lift\/omis-italia\/\"]}]},{\"@type\":\"BreadcrumbList\",\"@id\":\"https:\/\/www.omis.net\/de-de\/born-to-lift\/omis-italia\/#breadcrumb\",\"itemListElement\":[{\"@type\":\"ListItem\",\"position\":1,\"name\":\"Home\",\"item\":\"https:\/\/www.omis.net\/de-de\/homepage\/\"},{\"@type\":\"ListItem\",\"position\":2,\"name\":\"Born to lift\",\"item\":\"https:\/\/www.omis.net\/de-de\/born-to-lift\/\"},{\"@type\":\"ListItem\",\"position\":3,\"name\":\"OMIS Italia\"}]},{\"@type\":\"WebSite\",\"@id\":\"https:\/\/www.omis.net\/it-it\/#website\",\"url\":\"https:\/\/www.omis.net\/it-it\/\",\"name\":\"Omis Spa\",\"description\":\"Movimentazione e sollevamento\",\"publisher\":{\"@id\":\"https:\/\/www.omis.net\/it-it\/#organization\"},\"potentialAction\":[{\"@type\":\"SearchAction\",\"target\":{\"@type\":\"EntryPoint\",\"urlTemplate\":\"https:\/\/www.omis.net\/it-it\/?s={search_term_string}\"},\"query-input\":{\"@type\":\"PropertyValueSpecification\",\"valueRequired\":true,\"valueName\":\"search_term_string\"}}],\"inLanguage\":\"de-de\"},{\"@type\":\"Organization\",\"@id\":\"https:\/\/www.omis.net\/it-it\/#organization\",\"name\":\"Omis Spa\",\"url\":\"https:\/\/www.omis.net\/it-it\/\",\"logo\":{\"@type\":\"ImageObject\",\"inLanguage\":\"de-de\",\"@id\":\"https:\/\/www.omis.net\/it-it\/#\/schema\/logo\/image\/\",\"url\":\"https:\/\/media.omis.net\/media\/2024\/08\/logo.jpg\",\"contentUrl\":\"https:\/\/media.omis.net\/media\/2024\/08\/logo.jpg\",\"width\":300,\"height\":300,\"caption\":\"Omis Spa\"},\"image\":{\"@id\":\"https:\/\/www.omis.net\/it-it\/#\/schema\/logo\/image\/\"},\"sameAs\":[\"https:\/\/www.facebook.com\/omisgroup\",\"https:\/\/www.linkedin.com\/company\/omis-group\",\"https:\/\/www.youtube.com\/channel\/UCS4L59XDk3kKBI9MnjuxWDw\",\"https:\/\/www.instagram.com\/omisgroup\"]}]}<\/script>\n<!-- \/ Yoast SEO plugin. -->","yoast_head_json":{"title":"OMIS Italien: Das Planungs- und Produktionszentrum der Gruppe. | OMIS","description":"OMIS wurde in Italien gegr\u00fcndet und hat hier sein technisches und planerisches Know-how entwickelt. Der historische Hauptsitz in Sandrigo, Vicenza, ist das schlagende Herz der Gruppe und umfasst f\u00fcnf Produktionseinheiten. In Italien verf\u00fcgt OMIS \u00fcber ein Netzwerk von Unternehmen und Handelszentren, die kompetente und zeitnahe Unterst\u00fctzung bieten.","robots":{"index":"index","follow":"follow","max-snippet":"max-snippet:-1","max-image-preview":"max-image-preview:large","max-video-preview":"max-video-preview:-1"},"og_locale":"de_DE","og_type":"article","og_title":"OMIS Italien: Das Planungs- und Produktionszentrum der Gruppe. | OMIS","og_description":"OMIS wurde in Italien gegr\u00fcndet und hat hier sein technisches und planerisches Know-how entwickelt. Der historische Hauptsitz in Sandrigo, Vicenza, ist das schlagende Herz der Gruppe und umfasst f\u00fcnf Produktionseinheiten. In Italien verf\u00fcgt OMIS \u00fcber ein Netzwerk von Unternehmen und Handelszentren, die kompetente und zeitnahe Unterst\u00fctzung bieten.","og_url":"https:\/\/www.omis.net\/de-de\/born-to-lift\/omis-italia\/","og_site_name":"Omis Spa","article_publisher":"https:\/\/www.facebook.com\/omisgroup","article_modified_time":"2025-05-20T07:44:22+00:00","twitter_card":"summary_large_image","schema":{"@context":"https:\/\/schema.org","@graph":[{"@type":"WebPage","@id":"https:\/\/www.omis.net\/de-de\/born-to-lift\/omis-italia\/","url":"https:\/\/www.omis.net\/de-de\/born-to-lift\/omis-italia\/","name":"OMIS Italien: Das Planungs- und Produktionszentrum der Gruppe. | OMIS","isPartOf":{"@id":"https:\/\/www.omis.net\/it-it\/#website"},"datePublished":"2024-10-10T07:33:02+00:00","dateModified":"2025-05-20T07:44:22+00:00","description":"OMIS wurde in Italien gegr\u00fcndet und hat hier sein technisches und planerisches Know-how entwickelt. Der historische Hauptsitz in Sandrigo, Vicenza, ist das schlagende Herz der Gruppe und umfasst f\u00fcnf Produktionseinheiten. In Italien verf\u00fcgt OMIS \u00fcber ein Netzwerk von Unternehmen und Handelszentren, die kompetente und zeitnahe Unterst\u00fctzung bieten.","breadcrumb":{"@id":"https:\/\/www.omis.net\/de-de\/born-to-lift\/omis-italia\/#breadcrumb"},"inLanguage":"de-de","potentialAction":[{"@type":"ReadAction","target":["https:\/\/www.omis.net\/de-de\/born-to-lift\/omis-italia\/"]}]},{"@type":"BreadcrumbList","@id":"https:\/\/www.omis.net\/de-de\/born-to-lift\/omis-italia\/#breadcrumb","itemListElement":[{"@type":"ListItem","position":1,"name":"Home","item":"https:\/\/www.omis.net\/de-de\/homepage\/"},{"@type":"ListItem","position":2,"name":"Born to lift","item":"https:\/\/www.omis.net\/de-de\/born-to-lift\/"},{"@type":"ListItem","position":3,"name":"OMIS Italia"}]},{"@type":"WebSite","@id":"https:\/\/www.omis.net\/it-it\/#website","url":"https:\/\/www.omis.net\/it-it\/","name":"Omis Spa","description":"Movimentazione e sollevamento","publisher":{"@id":"https:\/\/www.omis.net\/it-it\/#organization"},"potentialAction":[{"@type":"SearchAction","target":{"@type":"EntryPoint","urlTemplate":"https:\/\/www.omis.net\/it-it\/?s={search_term_string}"},"query-input":{"@type":"PropertyValueSpecification","valueRequired":true,"valueName":"search_term_string"}}],"inLanguage":"de-de"},{"@type":"Organization","@id":"https:\/\/www.omis.net\/it-it\/#organization","name":"Omis Spa","url":"https:\/\/www.omis.net\/it-it\/","logo":{"@type":"ImageObject","inLanguage":"de-de","@id":"https:\/\/www.omis.net\/it-it\/#\/schema\/logo\/image\/","url":"https:\/\/media.omis.net\/media\/2024\/08\/logo.jpg","contentUrl":"https:\/\/media.omis.net\/media\/2024\/08\/logo.jpg","width":300,"height":300,"caption":"Omis Spa"},"image":{"@id":"https:\/\/www.omis.net\/it-it\/#\/schema\/logo\/image\/"},"sameAs":["https:\/\/www.facebook.com\/omisgroup","https:\/\/www.linkedin.com\/company\/omis-group","https:\/\/www.youtube.com\/channel\/UCS4L59XDk3kKBI9MnjuxWDw","https:\/\/www.instagram.com\/omisgroup"]}]}},"_links":{"self":[{"href":"https:\/\/www.omis.net\/de-de\/wp-json\/wp\/v2\/pages\/6290"}],"collection":[{"href":"https:\/\/www.omis.net\/de-de\/wp-json\/wp\/v2\/pages"}],"about":[{"href":"https:\/\/www.omis.net\/de-de\/wp-json\/wp\/v2\/types\/page"}],"author":[{"embeddable":true,"href":"https:\/\/www.omis.net\/de-de\/wp-json\/wp\/v2\/users\/2"}],"replies":[{"embeddable":true,"href":"https:\/\/www.omis.net\/de-de\/wp-json\/wp\/v2\/comments?post=6290"}],"version-history":[{"count":4,"href":"https:\/\/www.omis.net\/de-de\/wp-json\/wp\/v2\/pages\/6290\/revisions"}],"predecessor-version":[{"id":18066,"href":"https:\/\/www.omis.net\/de-de\/wp-json\/wp\/v2\/pages\/6290\/revisions\/18066"}],"up":[{"embeddable":true,"href":"https:\/\/www.omis.net\/de-de\/wp-json\/wp\/v2\/pages\/5894"}],"wp:attachment":[{"href":"https:\/\/www.omis.net\/de-de\/wp-json\/wp\/v2\/media?parent=6290"}],"curies":[{"name":"wp","href":"https:\/\/api.w.org\/{rel}","templated":true}]}}