{"id":6082,"date":"2024-10-15T11:58:01","date_gmt":"2024-10-15T09:58:01","guid":{"rendered":"http:\/\/bedrock.local\/born-to-lift\/produktionszentren\/"},"modified":"2025-04-02T12:07:40","modified_gmt":"2025-04-02T10:07:40","slug":"produktionszentren","status":"publish","type":"page","link":"https:\/\/www.omis.net\/de-de\/born-to-lift\/produktionszentren\/","title":{"rendered":"Produktionszentren"},"content":{"rendered":"","protected":false},"excerpt":{"rendered":"","protected":false},"author":2,"featured_media":0,"parent":5894,"menu_order":0,"comment_status":"closed","ping_status":"closed","template":"templates\/template-sedi-produttive.php","meta":{"_acf_changed":false,"footnotes":""},"class_list":["post-6082","page","type-page","status-publish","hentry"],"acf":{"seo_title":"OMIS Produktionszentren weltweit. Auf jedem Markt pr\u00e4sent. | OMIS  ","seo_description":"Die OMIS-Gruppe ist in Italien, Brasilien und Indien an 10 Standorten einschlie\u00dflich Produktionsst\u00e4tten vertreten. M\u00f6chten Sie mehr \u00fcber das Unternehmen erfahren, schreiben Sie uns oder folgen Sie dem Link auf der Kontaktseite. "},"yoast_head":"<!-- This site is optimized with the Yoast SEO plugin v23.9 - https:\/\/yoast.com\/wordpress\/plugins\/seo\/ -->\n<title>OMIS Produktionszentren weltweit. Auf jedem Markt pr\u00e4sent. | OMIS<\/title>\n<meta name=\"description\" content=\"Die OMIS-Gruppe ist in Italien, Brasilien und Indien an 10 Standorten einschlie\u00dflich Produktionsst\u00e4tten vertreten. M\u00f6chten Sie mehr \u00fcber das Unternehmen erfahren, schreiben Sie uns oder folgen Sie dem Link auf der Kontaktseite.\" \/>\n<meta name=\"robots\" content=\"index, follow, max-snippet:-1, max-image-preview:large, max-video-preview:-1\" \/>\n<meta property=\"og:locale\" content=\"de_DE\" \/>\n<meta property=\"og:type\" content=\"article\" \/>\n<meta property=\"og:title\" content=\"OMIS Produktionszentren weltweit. Auf jedem Markt pr\u00e4sent. | OMIS\" \/>\n<meta property=\"og:description\" content=\"Die OMIS-Gruppe ist in Italien, Brasilien und Indien an 10 Standorten einschlie\u00dflich Produktionsst\u00e4tten vertreten. M\u00f6chten Sie mehr \u00fcber das Unternehmen erfahren, schreiben Sie uns oder folgen Sie dem Link auf der Kontaktseite.\" \/>\n<meta property=\"og:url\" content=\"https:\/\/www.omis.net\/de-de\/born-to-lift\/produktionszentren\/\" \/>\n<meta property=\"og:site_name\" content=\"Omis Spa\" \/>\n<meta property=\"article:publisher\" content=\"https:\/\/www.facebook.com\/omisgroup\" \/>\n<meta property=\"article:modified_time\" content=\"2025-04-02T10:07:40+00:00\" \/>\n<meta name=\"twitter:card\" content=\"summary_large_image\" \/>\n<script type=\"application\/ld+json\" class=\"yoast-schema-graph\">{\"@context\":\"https:\/\/schema.org\",\"@graph\":[{\"@type\":\"WebPage\",\"@id\":\"https:\/\/www.omis.net\/de-de\/born-to-lift\/produktionszentren\/\",\"url\":\"https:\/\/www.omis.net\/de-de\/born-to-lift\/produktionszentren\/\",\"name\":\"OMIS Produktionszentren weltweit. Auf jedem Markt pr\u00e4sent. | OMIS\",\"isPartOf\":{\"@id\":\"https:\/\/www.omis.net\/it-it\/#website\"},\"datePublished\":\"2024-10-15T09:58:01+00:00\",\"dateModified\":\"2025-04-02T10:07:40+00:00\",\"description\":\"Die OMIS-Gruppe ist in Italien, Brasilien und Indien an 10 Standorten einschlie\u00dflich Produktionsst\u00e4tten vertreten. M\u00f6chten Sie mehr \u00fcber das Unternehmen erfahren, schreiben Sie uns oder folgen Sie dem Link auf der Kontaktseite.\",\"breadcrumb\":{\"@id\":\"https:\/\/www.omis.net\/de-de\/born-to-lift\/produktionszentren\/#breadcrumb\"},\"inLanguage\":\"de-de\",\"potentialAction\":[{\"@type\":\"ReadAction\",\"target\":[\"https:\/\/www.omis.net\/de-de\/born-to-lift\/produktionszentren\/\"]}]},{\"@type\":\"BreadcrumbList\",\"@id\":\"https:\/\/www.omis.net\/de-de\/born-to-lift\/produktionszentren\/#breadcrumb\",\"itemListElement\":[{\"@type\":\"ListItem\",\"position\":1,\"name\":\"Home\",\"item\":\"https:\/\/www.omis.net\/de-de\/homepage\/\"},{\"@type\":\"ListItem\",\"position\":2,\"name\":\"Born to lift\",\"item\":\"https:\/\/www.omis.net\/de-de\/born-to-lift\/\"},{\"@type\":\"ListItem\",\"position\":3,\"name\":\"Produktionszentren\"}]},{\"@type\":\"WebSite\",\"@id\":\"https:\/\/www.omis.net\/it-it\/#website\",\"url\":\"https:\/\/www.omis.net\/it-it\/\",\"name\":\"Omis Spa\",\"description\":\"Movimentazione e sollevamento\",\"publisher\":{\"@id\":\"https:\/\/www.omis.net\/it-it\/#organization\"},\"potentialAction\":[{\"@type\":\"SearchAction\",\"target\":{\"@type\":\"EntryPoint\",\"urlTemplate\":\"https:\/\/www.omis.net\/it-it\/?s={search_term_string}\"},\"query-input\":{\"@type\":\"PropertyValueSpecification\",\"valueRequired\":true,\"valueName\":\"search_term_string\"}}],\"inLanguage\":\"de-de\"},{\"@type\":\"Organization\",\"@id\":\"https:\/\/www.omis.net\/it-it\/#organization\",\"name\":\"Omis Spa\",\"url\":\"https:\/\/www.omis.net\/it-it\/\",\"logo\":{\"@type\":\"ImageObject\",\"inLanguage\":\"de-de\",\"@id\":\"https:\/\/www.omis.net\/it-it\/#\/schema\/logo\/image\/\",\"url\":\"https:\/\/media.omis.net\/media\/2024\/08\/logo.jpg\",\"contentUrl\":\"https:\/\/media.omis.net\/media\/2024\/08\/logo.jpg\",\"width\":300,\"height\":300,\"caption\":\"Omis Spa\"},\"image\":{\"@id\":\"https:\/\/www.omis.net\/it-it\/#\/schema\/logo\/image\/\"},\"sameAs\":[\"https:\/\/www.facebook.com\/omisgroup\",\"https:\/\/www.linkedin.com\/company\/omis-group\",\"https:\/\/www.youtube.com\/channel\/UCS4L59XDk3kKBI9MnjuxWDw\",\"https:\/\/www.instagram.com\/omisgroup\"]}]}<\/script>\n<!-- \/ Yoast SEO plugin. -->","yoast_head_json":{"title":"OMIS Produktionszentren weltweit. Auf jedem Markt pr\u00e4sent. | OMIS","description":"Die OMIS-Gruppe ist in Italien, Brasilien und Indien an 10 Standorten einschlie\u00dflich Produktionsst\u00e4tten vertreten. M\u00f6chten Sie mehr \u00fcber das Unternehmen erfahren, schreiben Sie uns oder folgen Sie dem Link auf der Kontaktseite.","robots":{"index":"index","follow":"follow","max-snippet":"max-snippet:-1","max-image-preview":"max-image-preview:large","max-video-preview":"max-video-preview:-1"},"og_locale":"de_DE","og_type":"article","og_title":"OMIS Produktionszentren weltweit. Auf jedem Markt pr\u00e4sent. | OMIS","og_description":"Die OMIS-Gruppe ist in Italien, Brasilien und Indien an 10 Standorten einschlie\u00dflich Produktionsst\u00e4tten vertreten. M\u00f6chten Sie mehr \u00fcber das Unternehmen erfahren, schreiben Sie uns oder folgen Sie dem Link auf der Kontaktseite.","og_url":"https:\/\/www.omis.net\/de-de\/born-to-lift\/produktionszentren\/","og_site_name":"Omis Spa","article_publisher":"https:\/\/www.facebook.com\/omisgroup","article_modified_time":"2025-04-02T10:07:40+00:00","twitter_card":"summary_large_image","schema":{"@context":"https:\/\/schema.org","@graph":[{"@type":"WebPage","@id":"https:\/\/www.omis.net\/de-de\/born-to-lift\/produktionszentren\/","url":"https:\/\/www.omis.net\/de-de\/born-to-lift\/produktionszentren\/","name":"OMIS Produktionszentren weltweit. Auf jedem Markt pr\u00e4sent. | OMIS","isPartOf":{"@id":"https:\/\/www.omis.net\/it-it\/#website"},"datePublished":"2024-10-15T09:58:01+00:00","dateModified":"2025-04-02T10:07:40+00:00","description":"Die OMIS-Gruppe ist in Italien, Brasilien und Indien an 10 Standorten einschlie\u00dflich Produktionsst\u00e4tten vertreten. M\u00f6chten Sie mehr \u00fcber das Unternehmen erfahren, schreiben Sie uns oder folgen Sie dem Link auf der Kontaktseite.","breadcrumb":{"@id":"https:\/\/www.omis.net\/de-de\/born-to-lift\/produktionszentren\/#breadcrumb"},"inLanguage":"de-de","potentialAction":[{"@type":"ReadAction","target":["https:\/\/www.omis.net\/de-de\/born-to-lift\/produktionszentren\/"]}]},{"@type":"BreadcrumbList","@id":"https:\/\/www.omis.net\/de-de\/born-to-lift\/produktionszentren\/#breadcrumb","itemListElement":[{"@type":"ListItem","position":1,"name":"Home","item":"https:\/\/www.omis.net\/de-de\/homepage\/"},{"@type":"ListItem","position":2,"name":"Born to lift","item":"https:\/\/www.omis.net\/de-de\/born-to-lift\/"},{"@type":"ListItem","position":3,"name":"Produktionszentren"}]},{"@type":"WebSite","@id":"https:\/\/www.omis.net\/it-it\/#website","url":"https:\/\/www.omis.net\/it-it\/","name":"Omis Spa","description":"Movimentazione e sollevamento","publisher":{"@id":"https:\/\/www.omis.net\/it-it\/#organization"},"potentialAction":[{"@type":"SearchAction","target":{"@type":"EntryPoint","urlTemplate":"https:\/\/www.omis.net\/it-it\/?s={search_term_string}"},"query-input":{"@type":"PropertyValueSpecification","valueRequired":true,"valueName":"search_term_string"}}],"inLanguage":"de-de"},{"@type":"Organization","@id":"https:\/\/www.omis.net\/it-it\/#organization","name":"Omis Spa","url":"https:\/\/www.omis.net\/it-it\/","logo":{"@type":"ImageObject","inLanguage":"de-de","@id":"https:\/\/www.omis.net\/it-it\/#\/schema\/logo\/image\/","url":"https:\/\/media.omis.net\/media\/2024\/08\/logo.jpg","contentUrl":"https:\/\/media.omis.net\/media\/2024\/08\/logo.jpg","width":300,"height":300,"caption":"Omis Spa"},"image":{"@id":"https:\/\/www.omis.net\/it-it\/#\/schema\/logo\/image\/"},"sameAs":["https:\/\/www.facebook.com\/omisgroup","https:\/\/www.linkedin.com\/company\/omis-group","https:\/\/www.youtube.com\/channel\/UCS4L59XDk3kKBI9MnjuxWDw","https:\/\/www.instagram.com\/omisgroup"]}]}},"_links":{"self":[{"href":"https:\/\/www.omis.net\/de-de\/wp-json\/wp\/v2\/pages\/6082"}],"collection":[{"href":"https:\/\/www.omis.net\/de-de\/wp-json\/wp\/v2\/pages"}],"about":[{"href":"https:\/\/www.omis.net\/de-de\/wp-json\/wp\/v2\/types\/page"}],"author":[{"embeddable":true,"href":"https:\/\/www.omis.net\/de-de\/wp-json\/wp\/v2\/users\/2"}],"replies":[{"embeddable":true,"href":"https:\/\/www.omis.net\/de-de\/wp-json\/wp\/v2\/comments?post=6082"}],"version-history":[{"count":2,"href":"https:\/\/www.omis.net\/de-de\/wp-json\/wp\/v2\/pages\/6082\/revisions"}],"predecessor-version":[{"id":17624,"href":"https:\/\/www.omis.net\/de-de\/wp-json\/wp\/v2\/pages\/6082\/revisions\/17624"}],"up":[{"embeddable":true,"href":"https:\/\/www.omis.net\/de-de\/wp-json\/wp\/v2\/pages\/5894"}],"wp:attachment":[{"href":"https:\/\/www.omis.net\/de-de\/wp-json\/wp\/v2\/media?parent=6082"}],"curies":[{"name":"wp","href":"https:\/\/api.w.org\/{rel}","templated":true}]}}