{"id":5979,"date":"2024-04-03T12:37:54","date_gmt":"2024-04-03T10:37:54","guid":{"rendered":"http:\/\/bedrock.local\/born-to-lift\/mission-philosophy\/"},"modified":"2025-04-02T12:14:57","modified_gmt":"2025-04-02T10:14:57","slug":"mission-philosophy","status":"publish","type":"page","link":"https:\/\/www.omis.net\/de-de\/born-to-lift\/mission-philosophy\/","title":{"rendered":"Mission &amp; Philosophy"},"content":{"rendered":"","protected":false},"excerpt":{"rendered":"","protected":false},"author":2,"featured_media":0,"parent":5894,"menu_order":0,"comment_status":"closed","ping_status":"closed","template":"templates\/template-mission-philosophy.php","meta":{"_acf_changed":false,"footnotes":""},"class_list":["post-5979","page","type-page","status-publish","hentry"],"acf":{"seo_title":"Unsere Mission: Ehrgeiz, Sorgfalt, Integrit\u00e4t und Leidenschaft. Unsere Aufgabe ist Zukunft zu gestalten. | OMIS  ","seo_description":"OMIS ist mit seinem globalen Netzwerk ein Bezugspunkt f\u00fcr das Heben und Bewegen von Lasten. Wir bieten innovative und sichere L\u00f6sungen, die zeiteffizient sind und Verschwendung vermeiden. Mit Mut und Ehrgeiz \u00fcbertreffen wir die Erwartungen und verbessern uns kontinuierlich, um Zufriedenheit und Wohlbefinden f\u00fcr Kunden und Mitarbeiter zu garantieren.  "},"yoast_head":"<!-- This site is optimized with the Yoast SEO plugin v23.9 - https:\/\/yoast.com\/wordpress\/plugins\/seo\/ -->\n<title>Unsere Mission: Ehrgeiz, Sorgfalt, Integrit\u00e4t und Leidenschaft. Unsere Aufgabe ist Zukunft zu gestalten. | OMIS<\/title>\n<meta name=\"description\" content=\"OMIS ist mit seinem globalen Netzwerk ein Bezugspunkt f\u00fcr das Heben und Bewegen von Lasten. Wir bieten innovative und sichere L\u00f6sungen, die zeiteffizient sind und Verschwendung vermeiden. Mit Mut und Ehrgeiz \u00fcbertreffen wir die Erwartungen und verbessern uns kontinuierlich, um Zufriedenheit und Wohlbefinden f\u00fcr Kunden und Mitarbeiter zu garantieren.\" \/>\n<meta name=\"robots\" content=\"index, follow, max-snippet:-1, max-image-preview:large, max-video-preview:-1\" \/>\n<meta property=\"og:locale\" content=\"de_DE\" \/>\n<meta property=\"og:type\" content=\"article\" \/>\n<meta property=\"og:title\" content=\"Unsere Mission: Ehrgeiz, Sorgfalt, Integrit\u00e4t und Leidenschaft. Unsere Aufgabe ist Zukunft zu gestalten. | OMIS\" \/>\n<meta property=\"og:description\" content=\"OMIS ist mit seinem globalen Netzwerk ein Bezugspunkt f\u00fcr das Heben und Bewegen von Lasten. Wir bieten innovative und sichere L\u00f6sungen, die zeiteffizient sind und Verschwendung vermeiden. Mit Mut und Ehrgeiz \u00fcbertreffen wir die Erwartungen und verbessern uns kontinuierlich, um Zufriedenheit und Wohlbefinden f\u00fcr Kunden und Mitarbeiter zu garantieren.\" \/>\n<meta property=\"og:url\" content=\"https:\/\/www.omis.net\/de-de\/born-to-lift\/mission-philosophy\/\" \/>\n<meta property=\"og:site_name\" content=\"Omis Spa\" \/>\n<meta property=\"article:publisher\" content=\"https:\/\/www.facebook.com\/omisgroup\" \/>\n<meta property=\"article:modified_time\" content=\"2025-04-02T10:14:57+00:00\" \/>\n<meta name=\"twitter:card\" content=\"summary_large_image\" \/>\n<script type=\"application\/ld+json\" class=\"yoast-schema-graph\">{\"@context\":\"https:\/\/schema.org\",\"@graph\":[{\"@type\":\"WebPage\",\"@id\":\"https:\/\/www.omis.net\/de-de\/born-to-lift\/mission-philosophy\/\",\"url\":\"https:\/\/www.omis.net\/de-de\/born-to-lift\/mission-philosophy\/\",\"name\":\"Unsere Mission: Ehrgeiz, Sorgfalt, Integrit\u00e4t und Leidenschaft. Unsere Aufgabe ist Zukunft zu gestalten. | OMIS\",\"isPartOf\":{\"@id\":\"https:\/\/www.omis.net\/it-it\/#website\"},\"datePublished\":\"2024-04-03T10:37:54+00:00\",\"dateModified\":\"2025-04-02T10:14:57+00:00\",\"description\":\"OMIS ist mit seinem globalen Netzwerk ein Bezugspunkt f\u00fcr das Heben und Bewegen von Lasten. Wir bieten innovative und sichere L\u00f6sungen, die zeiteffizient sind und Verschwendung vermeiden. Mit Mut und Ehrgeiz \u00fcbertreffen wir die Erwartungen und verbessern uns kontinuierlich, um Zufriedenheit und Wohlbefinden f\u00fcr Kunden und Mitarbeiter zu garantieren.\",\"breadcrumb\":{\"@id\":\"https:\/\/www.omis.net\/de-de\/born-to-lift\/mission-philosophy\/#breadcrumb\"},\"inLanguage\":\"de-de\",\"potentialAction\":[{\"@type\":\"ReadAction\",\"target\":[\"https:\/\/www.omis.net\/de-de\/born-to-lift\/mission-philosophy\/\"]}]},{\"@type\":\"BreadcrumbList\",\"@id\":\"https:\/\/www.omis.net\/de-de\/born-to-lift\/mission-philosophy\/#breadcrumb\",\"itemListElement\":[{\"@type\":\"ListItem\",\"position\":1,\"name\":\"Home\",\"item\":\"https:\/\/www.omis.net\/de-de\/homepage\/\"},{\"@type\":\"ListItem\",\"position\":2,\"name\":\"Born to lift\",\"item\":\"https:\/\/www.omis.net\/de-de\/born-to-lift\/\"},{\"@type\":\"ListItem\",\"position\":3,\"name\":\"Mission &amp; Philosophy\"}]},{\"@type\":\"WebSite\",\"@id\":\"https:\/\/www.omis.net\/it-it\/#website\",\"url\":\"https:\/\/www.omis.net\/it-it\/\",\"name\":\"Omis Spa\",\"description\":\"Movimentazione e sollevamento\",\"publisher\":{\"@id\":\"https:\/\/www.omis.net\/it-it\/#organization\"},\"potentialAction\":[{\"@type\":\"SearchAction\",\"target\":{\"@type\":\"EntryPoint\",\"urlTemplate\":\"https:\/\/www.omis.net\/it-it\/?s={search_term_string}\"},\"query-input\":{\"@type\":\"PropertyValueSpecification\",\"valueRequired\":true,\"valueName\":\"search_term_string\"}}],\"inLanguage\":\"de-de\"},{\"@type\":\"Organization\",\"@id\":\"https:\/\/www.omis.net\/it-it\/#organization\",\"name\":\"Omis Spa\",\"url\":\"https:\/\/www.omis.net\/it-it\/\",\"logo\":{\"@type\":\"ImageObject\",\"inLanguage\":\"de-de\",\"@id\":\"https:\/\/www.omis.net\/it-it\/#\/schema\/logo\/image\/\",\"url\":\"https:\/\/media.omis.net\/media\/2024\/08\/logo.jpg\",\"contentUrl\":\"https:\/\/media.omis.net\/media\/2024\/08\/logo.jpg\",\"width\":300,\"height\":300,\"caption\":\"Omis Spa\"},\"image\":{\"@id\":\"https:\/\/www.omis.net\/it-it\/#\/schema\/logo\/image\/\"},\"sameAs\":[\"https:\/\/www.facebook.com\/omisgroup\",\"https:\/\/www.linkedin.com\/company\/omis-group\",\"https:\/\/www.youtube.com\/channel\/UCS4L59XDk3kKBI9MnjuxWDw\",\"https:\/\/www.instagram.com\/omisgroup\"]}]}<\/script>\n<!-- \/ Yoast SEO plugin. -->","yoast_head_json":{"title":"Unsere Mission: Ehrgeiz, Sorgfalt, Integrit\u00e4t und Leidenschaft. Unsere Aufgabe ist Zukunft zu gestalten. | OMIS","description":"OMIS ist mit seinem globalen Netzwerk ein Bezugspunkt f\u00fcr das Heben und Bewegen von Lasten. Wir bieten innovative und sichere L\u00f6sungen, die zeiteffizient sind und Verschwendung vermeiden. Mit Mut und Ehrgeiz \u00fcbertreffen wir die Erwartungen und verbessern uns kontinuierlich, um Zufriedenheit und Wohlbefinden f\u00fcr Kunden und Mitarbeiter zu garantieren.","robots":{"index":"index","follow":"follow","max-snippet":"max-snippet:-1","max-image-preview":"max-image-preview:large","max-video-preview":"max-video-preview:-1"},"og_locale":"de_DE","og_type":"article","og_title":"Unsere Mission: Ehrgeiz, Sorgfalt, Integrit\u00e4t und Leidenschaft. Unsere Aufgabe ist Zukunft zu gestalten. | OMIS","og_description":"OMIS ist mit seinem globalen Netzwerk ein Bezugspunkt f\u00fcr das Heben und Bewegen von Lasten. Wir bieten innovative und sichere L\u00f6sungen, die zeiteffizient sind und Verschwendung vermeiden. Mit Mut und Ehrgeiz \u00fcbertreffen wir die Erwartungen und verbessern uns kontinuierlich, um Zufriedenheit und Wohlbefinden f\u00fcr Kunden und Mitarbeiter zu garantieren.","og_url":"https:\/\/www.omis.net\/de-de\/born-to-lift\/mission-philosophy\/","og_site_name":"Omis Spa","article_publisher":"https:\/\/www.facebook.com\/omisgroup","article_modified_time":"2025-04-02T10:14:57+00:00","twitter_card":"summary_large_image","schema":{"@context":"https:\/\/schema.org","@graph":[{"@type":"WebPage","@id":"https:\/\/www.omis.net\/de-de\/born-to-lift\/mission-philosophy\/","url":"https:\/\/www.omis.net\/de-de\/born-to-lift\/mission-philosophy\/","name":"Unsere Mission: Ehrgeiz, Sorgfalt, Integrit\u00e4t und Leidenschaft. Unsere Aufgabe ist Zukunft zu gestalten. | OMIS","isPartOf":{"@id":"https:\/\/www.omis.net\/it-it\/#website"},"datePublished":"2024-04-03T10:37:54+00:00","dateModified":"2025-04-02T10:14:57+00:00","description":"OMIS ist mit seinem globalen Netzwerk ein Bezugspunkt f\u00fcr das Heben und Bewegen von Lasten. Wir bieten innovative und sichere L\u00f6sungen, die zeiteffizient sind und Verschwendung vermeiden. Mit Mut und Ehrgeiz \u00fcbertreffen wir die Erwartungen und verbessern uns kontinuierlich, um Zufriedenheit und Wohlbefinden f\u00fcr Kunden und Mitarbeiter zu garantieren.","breadcrumb":{"@id":"https:\/\/www.omis.net\/de-de\/born-to-lift\/mission-philosophy\/#breadcrumb"},"inLanguage":"de-de","potentialAction":[{"@type":"ReadAction","target":["https:\/\/www.omis.net\/de-de\/born-to-lift\/mission-philosophy\/"]}]},{"@type":"BreadcrumbList","@id":"https:\/\/www.omis.net\/de-de\/born-to-lift\/mission-philosophy\/#breadcrumb","itemListElement":[{"@type":"ListItem","position":1,"name":"Home","item":"https:\/\/www.omis.net\/de-de\/homepage\/"},{"@type":"ListItem","position":2,"name":"Born to lift","item":"https:\/\/www.omis.net\/de-de\/born-to-lift\/"},{"@type":"ListItem","position":3,"name":"Mission &amp; Philosophy"}]},{"@type":"WebSite","@id":"https:\/\/www.omis.net\/it-it\/#website","url":"https:\/\/www.omis.net\/it-it\/","name":"Omis Spa","description":"Movimentazione e sollevamento","publisher":{"@id":"https:\/\/www.omis.net\/it-it\/#organization"},"potentialAction":[{"@type":"SearchAction","target":{"@type":"EntryPoint","urlTemplate":"https:\/\/www.omis.net\/it-it\/?s={search_term_string}"},"query-input":{"@type":"PropertyValueSpecification","valueRequired":true,"valueName":"search_term_string"}}],"inLanguage":"de-de"},{"@type":"Organization","@id":"https:\/\/www.omis.net\/it-it\/#organization","name":"Omis Spa","url":"https:\/\/www.omis.net\/it-it\/","logo":{"@type":"ImageObject","inLanguage":"de-de","@id":"https:\/\/www.omis.net\/it-it\/#\/schema\/logo\/image\/","url":"https:\/\/media.omis.net\/media\/2024\/08\/logo.jpg","contentUrl":"https:\/\/media.omis.net\/media\/2024\/08\/logo.jpg","width":300,"height":300,"caption":"Omis Spa"},"image":{"@id":"https:\/\/www.omis.net\/it-it\/#\/schema\/logo\/image\/"},"sameAs":["https:\/\/www.facebook.com\/omisgroup","https:\/\/www.linkedin.com\/company\/omis-group","https:\/\/www.youtube.com\/channel\/UCS4L59XDk3kKBI9MnjuxWDw","https:\/\/www.instagram.com\/omisgroup"]}]}},"_links":{"self":[{"href":"https:\/\/www.omis.net\/de-de\/wp-json\/wp\/v2\/pages\/5979"}],"collection":[{"href":"https:\/\/www.omis.net\/de-de\/wp-json\/wp\/v2\/pages"}],"about":[{"href":"https:\/\/www.omis.net\/de-de\/wp-json\/wp\/v2\/types\/page"}],"author":[{"embeddable":true,"href":"https:\/\/www.omis.net\/de-de\/wp-json\/wp\/v2\/users\/2"}],"replies":[{"embeddable":true,"href":"https:\/\/www.omis.net\/de-de\/wp-json\/wp\/v2\/comments?post=5979"}],"version-history":[{"count":1,"href":"https:\/\/www.omis.net\/de-de\/wp-json\/wp\/v2\/pages\/5979\/revisions"}],"predecessor-version":[{"id":17630,"href":"https:\/\/www.omis.net\/de-de\/wp-json\/wp\/v2\/pages\/5979\/revisions\/17630"}],"up":[{"embeddable":true,"href":"https:\/\/www.omis.net\/de-de\/wp-json\/wp\/v2\/pages\/5894"}],"wp:attachment":[{"href":"https:\/\/www.omis.net\/de-de\/wp-json\/wp\/v2\/media?parent=5979"}],"curies":[{"name":"wp","href":"https:\/\/api.w.org\/{rel}","templated":true}]}}